{"id":284,"date":"2023-01-12T10:05:51","date_gmt":"2023-01-12T10:05:51","guid":{"rendered":"https:\/\/livinghome.vn\/thiet-bi\/?post_type=product&#038;p=284"},"modified":"2024-11-29T14:21:08","modified_gmt":"2024-11-29T07:21:08","slug":"bep-tu-dmestik-tl922-dki-mat-kinh-kanger-chiu-luc-sang-trong","status":"publish","type":"product","link":"https:\/\/livinghome.vn\/thiet-bi\/bep-tu-dmestik-tl922-dki-mat-kinh-kanger-chiu-luc-sang-trong\/","title":{"rendered":"B\u1ebfp t\u1eeb Dmestik TL922 DKI m\u1eb7t k\u00ednh Kanger ch\u1ecbu l\u1ef1c sang tr\u1ecdng"},"content":{"rendered":"<h2><strong>B\u1ebfp t\u1eeb Dmestik TL 922 DKI m\u1eb7t k\u00ednh Kanger c\u00f3 kh\u1ea3 n\u0103ng ch\u1ecbu l\u1ef1c c\u1ef1c cao gi\u00fap cho b\u1ebfp c\u00f3 kh\u1ea3 n\u0103ng ch\u1ecbu \u0111\u01b0\u1ee3c l\u1ef1c v\u00e0 nhi\u1ec7t r\u1ea5t t\u1ed1t.<\/strong><\/h2>\n<h3>Gi\u1eddi thi\u1ec7u s\u1ea3n ph\u1ea9m<\/h3>\n<ul>\n<li>Ph\u00e2n lo\u1ea1i : <a href=\"https:\/\/livinghome.vn\/thiet-bi\/bep-tu\/\">B\u1ebfp t\u1eeb<\/a> 2 v\u00f9ng n\u1ea5u<\/li>\n<li>M\u1eb7t k\u00ednh Kanger ch\u1ecbu l\u1ef1c, ch\u1ecbu nhi\u1ec7t, ch\u1ed1ng tr\u1ea7y x\u01b0\u1edbc cao<\/li>\n<li>B\u1ea3ng \u0111i\u1ec1u ki\u1ec3n c\u1ea3m \u1ee9ng d\u1ea1ng tr\u01b0\u1ee3t slider<\/li>\n<li>T\u1ef1 \u0111\u1ed9ng nh\u1eadn di\u1ec7n n\u1ed3i v\u00e0 k\u00edch c\u1ee1 n\u1ed3i<\/li>\n<li>9 m\u1ee9c \u0111i\u1ec1u ch\u1ec9nh nhi\u1ec7t + Booster<\/li>\n<li>C\u00f4ng ngh\u1ec7 inverter ti\u1ebft ki\u1ec7m \u0111i\u1ec7n<\/li>\n<li>Kh\u00f3a an to\u00e0n cho tr\u1ebb em<\/li>\n<li>Ch\u1ee9c n\u0103ng h\u1eb9n gi\u1edd n\u1ea5u tr\u00ean t\u1eebng b\u1ebfp<\/li>\n<li>C\u1ea3nh b\u00e1o nhi\u1ec7t d\u01b0 tr\u00ean m\u1eb7t b\u1ebfp sau n\u1ea5u<\/li>\n<li>T\u1ef1 \u0111\u1ed9ng t\u1eaft b\u1ebfp khi qu\u00e1 nhi\u1ec7t, qu\u00e1 \u00e1p<\/li>\n<li>Kh\u00f4ng chia s\u1ebb c\u00f4ng su\u1ea5t<\/li>\n<\/ul>\n<figure id=\"attachment_53413\" aria-describedby=\"caption-attachment-53413\" style=\"width: 1061px\" class=\"wp-caption aligncenter\"><img loading=\"lazy\" decoding=\"async\" class=\"wp-image-53413 size-large\" src=\"https:\/\/livinghome.vn\/thiet-bi\/wp-content\/uploads\/nha-bep\/dmestik\/bep-tu\/bep-tu-dmestik-tl-922-dki\/bep-tu-dmestik-tl-922-dki-2-1061x800.jpg\" alt=\"B\u1ebfp t\u1eeb Dmestik TL922 DKI m\u1eb7t k\u00ednh Kanger ch\u1ecbu l\u1ef1c, sang tr\u1ecdng \" width=\"1061\" height=\"800\" title=\"\"><figcaption id=\"caption-attachment-53413\" class=\"wp-caption-text\">B\u1ebfp t\u1eeb Dmestik TL922 DKI m\u1eb7t k\u00ednh Kanger ch\u1ecbu l\u1ef1c, sang tr\u1ecdng<\/figcaption><\/figure>\n<h3>Th\u00f4ng s\u1ed1 k\u1ef9 thu\u1eadt<\/h3>\n<ul>\n<li>K\u00edch th\u01b0\u1edbc b\u1ec1 m\u1eb7t: 730mm x 430mm<\/li>\n<li>K\u00edch th\u01b0\u1edbc kho\u00e9t \u0111\u00e1: 690mm x 390mm<\/li>\n<li>T\u1ed5ng c\u00f4ng xu\u1ea5t t\u1ed1i \u0111a: 4.8kw<\/li>\n<li>B\u1ebfp tr\u00e1i: 2.0kw, booster 2.4kw.\u00a0\u00a0\u00d8220<\/li>\n<li>B\u1ebfp ph\u1ea3i: 2.0kw, booster 2.4kw.\u00a0\u00a0\u00d8220<\/li>\n<li>V\u00f9ng n\u1ea5u: 2 t\u1eeb<\/li>\n<li>Xu\u1ea5t x\u1ee9: Th\u00e1i Lan<\/li>\n<li>B\u1ea3o h\u00e0nh: ch\u00ednh h\u00e3ng 3 n\u0103m<\/li>\n<\/ul>\n<p>&nbsp;<\/p>\n","protected":false},"excerpt":{"rendered":"<p>9 m\u1ee9c \u0111i\u1ec1u ch\u1ec9nh nhi\u1ec7t + Booster<\/p>\n<p>C\u00f4ng ngh\u1ec7 inverter ti\u1ebft ki\u1ec7m \u0111i\u1ec7n<\/p>\n<p>Kh\u00f3a an to\u00e0n cho tr\u1ebb em<\/p>\n<p>K\u00edch th\u01b0\u1edbc b\u1ec1 m\u1eb7t: 730mm x 430mm<\/p>\n<p>T\u1ed5ng c\u00f4ng xu\u1ea5t t\u1ed1i \u0111a: 4.8kw<\/p>\n<p>Xu\u1ea5t x\u1ee9: Th\u00e1i Lan<\/p>\n<p>&nbsp;<\/p>\n","protected":false},"featured_media":327,"comment_status":"open","ping_status":"closed","template":"","meta":[],"product_brand":[],"product_cat":[713,794,745,813,712,796,799,811,816,807,75,795,72],"product_tag":[76,77,168,738,74],"class_list":{"0":"post-284","1":"product","2":"type-product","3":"status-publish","4":"has-post-thumbnail","6":"product_cat-bep-tu-dmestik","7":"product_cat-bep-2-tu","8":"product_cat-bep-dien-tu","9":"product_cat-bep-dien-tu-chung-cu","10":"product_cat-bep-dien-tu-dmestik","11":"product_cat-bep-dien-tu-doi","12":"product_cat-bep-dien-tu-hinh-chu-nhat","13":"product_cat-bep-dien-tu-thai-lan","14":"product_cat-bep-dien-tu-thoi-trang","15":"product_cat-bep-dien-tu-tiet-kiem-dien","16":"product_cat-bep-tu","17":"product_cat-bep-tu-doi","18":"product_cat-thuong-hieu-dmestik","19":"product_tag-bep-tu","20":"product_tag-bep-tu-2-vung-nau","21":"product_tag-bep-tu-am","22":"product_tag-bep-tu-dmestik","23":"product_tag-dmestik","25":"first","26":"instock","27":"sale","28":"shipping-taxable","29":"purchasable","30":"product-type-simple"},"_links":{"self":[{"href":"https:\/\/livinghome.vn\/thiet-bi\/wp-json\/wp\/v2\/product\/284","targetHints":{"allow":["GET"]}}],"collection":[{"href":"https:\/\/livinghome.vn\/thiet-bi\/wp-json\/wp\/v2\/product"}],"about":[{"href":"https:\/\/livinghome.vn\/thiet-bi\/wp-json\/wp\/v2\/types\/product"}],"replies":[{"embeddable":true,"href":"https:\/\/livinghome.vn\/thiet-bi\/wp-json\/wp\/v2\/comments?post=284"}],"wp:featuredmedia":[{"embeddable":true,"href":"https:\/\/livinghome.vn\/thiet-bi\/wp-json\/wp\/v2\/media\/327"}],"wp:attachment":[{"href":"https:\/\/livinghome.vn\/thiet-bi\/wp-json\/wp\/v2\/media?parent=284"}],"wp:term":[{"taxonomy":"product_brand","embeddable":true,"href":"https:\/\/livinghome.vn\/thiet-bi\/wp-json\/wp\/v2\/product_brand?post=284"},{"taxonomy":"product_cat","embeddable":true,"href":"https:\/\/livinghome.vn\/thiet-bi\/wp-json\/wp\/v2\/product_cat?post=284"},{"taxonomy":"product_tag","embeddable":true,"href":"https:\/\/livinghome.vn\/thiet-bi\/wp-json\/wp\/v2\/product_tag?post=284"}],"curies":[{"name":"wp","href":"https:\/\/api.w.org\/{rel}","templated":true}]}}