{"id":2826,"date":"2023-01-12T17:03:18","date_gmt":"2023-01-12T17:03:18","guid":{"rendered":"https:\/\/livinghome.vn\/thiet-bi\/?post_type=product&#038;p=2826"},"modified":"2025-07-24T00:26:24","modified_gmt":"2025-07-23T17:26:24","slug":"may-hut-mui-tomate-tom-1151-60cm-am-tu-keo-500m3-h","status":"publish","type":"product","link":"https:\/\/livinghome.vn\/thiet-bi\/may-hut-mui-tomate-tom-1151-60cm-am-tu-keo-500m3-h\/","title":{"rendered":"M\u00e1y H\u00fat M\u00f9i Tomate TOM 1151, 60cm, \u00c2m T\u1ee7 K\u00e9o, 500m3\/h"},"content":{"rendered":"<h2>M\u00e1y H\u00fat M\u00f9i TOM 1151, Thi\u1ebft K\u1ebf \u00c2m T\u1ee7 K\u00e9o, T\u1ed1i \u01afu Kh\u00f4ng Gian<\/h2>\n<ul>\n<li><a href=\"https:\/\/livinghome.vn\/thiet-bi\/may-hut-mui\/\">M\u00e1y h\u00fat m\u00f9i<\/a> TOM 1151-60cm, l\u00e0 d\u00f2ng h\u00fat m\u00f9i \u00e2m t\u1ee7 v\u1edbi l\u01b0\u1edbi l\u1ecdc nh\u00f4m k\u00e9o \u0111\u1ea9y \u0111\u1ec3 m\u1edf r\u1ed9ng v\u00e0 thu h\u1eb9p, c\u00f3 k\u00edch th\u01b0\u1edbc nh\u1ecf g\u1ecdn, \u0111\u1eb9p l\u00e0 l\u1ef1a ch\u1ecdn c\u1ee7a nh\u1eefng gia \u0111\u00ecnh mu\u1ed1n ti\u1ebft ki\u1ec7m di\u1ec7n t\u00edch cho kh\u00f4ng gian b\u1ebfp<\/li>\n<\/ul>\n<figure id=\"attachment_16692\" aria-describedby=\"caption-attachment-16692\" style=\"width: 900px\" class=\"wp-caption alignnone\"><img loading=\"lazy\" decoding=\"async\" class=\"size-full wp-image-16692\" src=\"https:\/\/livinghome.vn\/thiet-bi\/wp-content\/uploads\/san-pham\/may-hut-mui\/may-hut-mui-tomate\/tomate-tom-1151-60.jpg\" alt=\"M\u00e1y H\u00fat M\u00f9i Tomate TOM 1151, 60cm, \u00c2m T\u1ee7 K\u00e9o, 500m3\/h\" width=\"900\" height=\"900\" title=\"\" srcset=\"https:\/\/livinghome.vn\/thiet-bi\/wp-content\/uploads\/san-pham\/may-hut-mui\/may-hut-mui-tomate\/tomate-tom-1151-60.jpg 900w, https:\/\/livinghome.vn\/thiet-bi\/wp-content\/uploads\/san-pham\/may-hut-mui\/may-hut-mui-tomate\/tomate-tom-1151-60-300x300.jpg 300w, https:\/\/livinghome.vn\/thiet-bi\/wp-content\/uploads\/san-pham\/may-hut-mui\/may-hut-mui-tomate\/tomate-tom-1151-60-100x100.jpg 100w, https:\/\/livinghome.vn\/thiet-bi\/wp-content\/uploads\/san-pham\/may-hut-mui\/may-hut-mui-tomate\/tomate-tom-1151-60-600x600.jpg 600w, https:\/\/livinghome.vn\/thiet-bi\/wp-content\/uploads\/san-pham\/may-hut-mui\/may-hut-mui-tomate\/tomate-tom-1151-60-400x400.jpg 400w, https:\/\/livinghome.vn\/thiet-bi\/wp-content\/uploads\/san-pham\/may-hut-mui\/may-hut-mui-tomate\/tomate-tom-1151-60-800x800.jpg 800w, https:\/\/livinghome.vn\/thiet-bi\/wp-content\/uploads\/san-pham\/may-hut-mui\/may-hut-mui-tomate\/tomate-tom-1151-60-280x280.jpg 280w, https:\/\/livinghome.vn\/thiet-bi\/wp-content\/uploads\/san-pham\/may-hut-mui\/may-hut-mui-tomate\/tomate-tom-1151-60-768x768.jpg 768w\" sizes=\"auto, (max-width: 900px) 100vw, 900px\" \/><figcaption id=\"caption-attachment-16692\" class=\"wp-caption-text\">M\u00e1y H\u00fat M\u00f9i Tomate TOM 1151 60 cm thi\u1ebft k\u1ebf d\u1ea1ng k\u00e9o r\u00fat \u00e2m v\u00e0o b\u00ean trong ti\u1ebft ki\u1ec7m di\u1ec7n t\u00edch v\u00e0 th\u1ea9m m\u1ef9 tuy\u1ec7t v\u1eddi<\/figcaption><\/figure>\n<h2>Th\u00f4ng tin s\u1ea3n ph\u1ea9m<\/h2>\n<ul>\n<li>M\u1ee9c c\u00f4ng su\u1ea5t: 2<\/li>\n<li>C\u00f4ng su\u1ea5t: 500m3\/h<\/li>\n<li>\u1ed0ng tho\u00e1t: 120mm<\/li>\n<li>\u0110\u00e8n:\u00a02 \u0111\u00e8n Hallogen<\/li>\n<li>L\u01b0\u1edbi l\u1ecdc nh\u00f4m 5 l\u1edbp: An to\u00e0n v\u1edbi m\u00e1y r\u1eeda ch\u00e9n<\/li>\n<li>H\u1ec7 th\u1ed1ng b\u1ea3o v\u1ec7: N-RV system<\/li>\n<li>Ch\u1ee9c n\u0103ng l\u1ef1a ch\u1ecdn h\u00fat \u0111\u1ea9y: Tr\u1ef1c ti\u1ebfp qua \u1ed1ng tho\u00e1t ho\u1eb7c tu\u1ea7n ho\u00e0n b\u1eb1ng than ho\u1ea1t t\u00ednh<\/li>\n<li>S\u1ea3n xu\u1ea5t theo thi\u1ebft k\u1ebf v\u00e0 \u1ee7y quy\u1ec1n TOMATE Electrodom\u00e9sticos T\u00e2y Ban Nha.<\/li>\n<\/ul>\n<h3>\u0110\u1eb7c \u0111i\u1ec3m<\/h3>\n<ul>\n<li>Ki\u1ec3u d\u00e1ng : \u00c2m t\u1ee7<\/li>\n<li>Th\u00e2n m\u00e1y : Inox-K\u00ednh \u0111en<\/li>\n<li>K\u00edch th\u01b0\u1edbc : 600 mm<\/li>\n<li>\u0110i\u1ec1u khi\u1ec3n : N\u00fat nh\u1ea5n<\/li>\n<\/ul>\n<h2>Th\u00f4ng Tin Ch\u00ednh H\u00e3ng M\u00e1y H\u00fat M\u00f9i Tomate TOM 1151<\/h2>\n<figure id=\"attachment_16479\" aria-describedby=\"caption-attachment-16479\" style=\"width: 1067px\" class=\"wp-caption alignnone\"><img loading=\"lazy\" decoding=\"async\" class=\"wp-image-16479 size-full\" src=\"https:\/\/livinghome.vn\/thiet-bi\/wp-content\/uploads\/catalog-hang\/tomate\/catalog-tomate-07-2023-53.jpg\" alt=\"M\u00e1y H\u00fat M\u00f9i Tomate TOM 1151, 70cm, \u00c2m T\u1ee7 K\u00e9o, 500m3\/h\" width=\"1067\" height=\"1702\" title=\"\" srcset=\"https:\/\/livinghome.vn\/thiet-bi\/wp-content\/uploads\/catalog-hang\/tomate\/catalog-tomate-07-2023-53.jpg 1067w, https:\/\/livinghome.vn\/thiet-bi\/wp-content\/uploads\/catalog-hang\/tomate\/catalog-tomate-07-2023-53-600x957.jpg 600w, https:\/\/livinghome.vn\/thiet-bi\/wp-content\/uploads\/catalog-hang\/tomate\/catalog-tomate-07-2023-53-251x400.jpg 251w, https:\/\/livinghome.vn\/thiet-bi\/wp-content\/uploads\/catalog-hang\/tomate\/catalog-tomate-07-2023-53-502x800.jpg 502w, https:\/\/livinghome.vn\/thiet-bi\/wp-content\/uploads\/catalog-hang\/tomate\/catalog-tomate-07-2023-53-768x1225.jpg 768w, https:\/\/livinghome.vn\/thiet-bi\/wp-content\/uploads\/catalog-hang\/tomate\/catalog-tomate-07-2023-53-963x1536.jpg 963w\" sizes=\"auto, (max-width: 1067px) 100vw, 1067px\" \/><figcaption id=\"caption-attachment-16479\" class=\"wp-caption-text\">Catalog Tomate 2023 &#8211; TOM 1151, 60cm<\/figcaption><\/figure>\n<h2>M\u00e1y H\u00fat Kh\u00f3i Kh\u1eed M\u00f9i Tomate Ch\u00ednh H\u00e3ng<\/h2>\n<figure id=\"attachment_16498\" aria-describedby=\"caption-attachment-16498\" style=\"width: 1067px\" class=\"wp-caption alignnone\"><img loading=\"lazy\" decoding=\"async\" class=\"wp-image-16498 size-full\" src=\"https:\/\/livinghome.vn\/thiet-bi\/wp-content\/uploads\/catalog-hang\/tomate\/catalog-tomate-07-2023-36.jpg\" alt=\"M\u00e1y H\u00fat Kh\u00f3i Kh\u1eed M\u00f9i Tomate Ch\u00ednh H\u00e3ng\" width=\"1067\" height=\"1702\" title=\"\" srcset=\"https:\/\/livinghome.vn\/thiet-bi\/wp-content\/uploads\/catalog-hang\/tomate\/catalog-tomate-07-2023-36.jpg 1067w, https:\/\/livinghome.vn\/thiet-bi\/wp-content\/uploads\/catalog-hang\/tomate\/catalog-tomate-07-2023-36-600x957.jpg 600w, https:\/\/livinghome.vn\/thiet-bi\/wp-content\/uploads\/catalog-hang\/tomate\/catalog-tomate-07-2023-36-251x400.jpg 251w, https:\/\/livinghome.vn\/thiet-bi\/wp-content\/uploads\/catalog-hang\/tomate\/catalog-tomate-07-2023-36-502x800.jpg 502w, https:\/\/livinghome.vn\/thiet-bi\/wp-content\/uploads\/catalog-hang\/tomate\/catalog-tomate-07-2023-36-768x1225.jpg 768w, https:\/\/livinghome.vn\/thiet-bi\/wp-content\/uploads\/catalog-hang\/tomate\/catalog-tomate-07-2023-36-963x1536.jpg 963w\" sizes=\"auto, (max-width: 1067px) 100vw, 1067px\" \/><figcaption id=\"caption-attachment-16498\" class=\"wp-caption-text\">Kh\u00f4ng gian b\u1ebfp c\u00e0ng tr\u1edf n\u00ean sang tr\u1ecdng hi\u1ec7n \u0111\u1ea1i h\u01a1n v\u1edbi M\u00e1y h\u00fat m\u00f9i Tomate<\/figcaption><\/figure>\n<h2>C\u00f4ng Ngh\u1ec7 M\u00e1y H\u00fat M\u00f9i Tomate Green Air<\/h2>\n<figure id=\"attachment_16497\" aria-describedby=\"caption-attachment-16497\" style=\"width: 1067px\" class=\"wp-caption alignnone\"><img loading=\"lazy\" decoding=\"async\" class=\"wp-image-16497 size-full\" src=\"https:\/\/livinghome.vn\/thiet-bi\/wp-content\/uploads\/catalog-hang\/tomate\/catalog-tomate-07-2023-37.jpg\" alt=\"C\u00f4ng Ngh\u1ec7 M\u00e1y H\u00fat M\u00f9i Tomate Green Air\" width=\"1067\" height=\"1702\" title=\"\" srcset=\"https:\/\/livinghome.vn\/thiet-bi\/wp-content\/uploads\/catalog-hang\/tomate\/catalog-tomate-07-2023-37.jpg 1067w, https:\/\/livinghome.vn\/thiet-bi\/wp-content\/uploads\/catalog-hang\/tomate\/catalog-tomate-07-2023-37-600x957.jpg 600w, https:\/\/livinghome.vn\/thiet-bi\/wp-content\/uploads\/catalog-hang\/tomate\/catalog-tomate-07-2023-37-251x400.jpg 251w, https:\/\/livinghome.vn\/thiet-bi\/wp-content\/uploads\/catalog-hang\/tomate\/catalog-tomate-07-2023-37-502x800.jpg 502w, https:\/\/livinghome.vn\/thiet-bi\/wp-content\/uploads\/catalog-hang\/tomate\/catalog-tomate-07-2023-37-768x1225.jpg 768w, https:\/\/livinghome.vn\/thiet-bi\/wp-content\/uploads\/catalog-hang\/tomate\/catalog-tomate-07-2023-37-963x1536.jpg 963w\" sizes=\"auto, (max-width: 1067px) 100vw, 1067px\" \/><figcaption id=\"caption-attachment-16497\" class=\"wp-caption-text\">B\u1ea7u kh\u00f4ng kh\u00ed tho\u00e1ng m\u00e1t trong qu\u00e1 tr\u00ecnh n\u1ea5u \u0103n lu\u00f4n l\u00e0 GI\u00e1 tr\u1ecb m\u00e0 c\u00e1c d\u00f2ng m\u00e1y h\u00fat m\u00f9i tomate mang \u0111\u1ebfn<\/figcaption><\/figure>\n","protected":false},"excerpt":{"rendered":"<h3>M\u00e1y H\u00fat M\u00f9i Nh\u1eadp Kh\u1ea9u Tomate TOM-1151 60CM<\/h3>\n<ul>\n<li>M\u1ee9c c\u00f4ng su\u1ea5t: 2<\/li>\n<li>C\u00f4ng su\u1ea5t: 500m3\/h<\/li>\n<li>\u1ed0ng tho\u00e1t: 120mm<\/li>\n<li>K\u00edch th\u01b0\u1edbc : 600 mm<\/li>\n<li>Ch\u1ee9c n\u0103ng l\u1ef1a ch\u1ecdn h\u00fat \u0111\u1ea9y: Tr\u1ef1c ti\u1ebfp qua \u1ed1ng tho\u00e1t ho\u1eb7c tu\u1ea7n ho\u00e0n b\u1eb1ng than ho\u1ea1t t\u00ednh<\/li>\n<\/ul>\n<p>&nbsp;<\/p>\n","protected":false},"featured_media":16692,"comment_status":"open","ping_status":"closed","template":"","meta":[],"product_brand":[],"product_cat":[602,130,364],"product_tag":[86,87,370,372],"class_list":{"0":"post-2826","1":"product","2":"type-product","3":"status-publish","4":"has-post-thumbnail","6":"product_cat-may-hut-mui-tomate","7":"product_cat-may-hut-mui-am-tu-keo","8":"product_cat-thuong-hieu-tomate","9":"product_tag-may-hut-mui","10":"product_tag-may-hut-mui-am-tu","11":"product_tag-may-hut-mui-tomate","12":"product_tag-tomate","14":"first","15":"instock","16":"sale","17":"shipping-taxable","18":"purchasable","19":"product-type-simple"},"_links":{"self":[{"href":"https:\/\/livinghome.vn\/thiet-bi\/wp-json\/wp\/v2\/product\/2826","targetHints":{"allow":["GET"]}}],"collection":[{"href":"https:\/\/livinghome.vn\/thiet-bi\/wp-json\/wp\/v2\/product"}],"about":[{"href":"https:\/\/livinghome.vn\/thiet-bi\/wp-json\/wp\/v2\/types\/product"}],"replies":[{"embeddable":true,"href":"https:\/\/livinghome.vn\/thiet-bi\/wp-json\/wp\/v2\/comments?post=2826"}],"wp:featuredmedia":[{"embeddable":true,"href":"https:\/\/livinghome.vn\/thiet-bi\/wp-json\/wp\/v2\/media\/16692"}],"wp:attachment":[{"href":"https:\/\/livinghome.vn\/thiet-bi\/wp-json\/wp\/v2\/media?parent=2826"}],"wp:term":[{"taxonomy":"product_brand","embeddable":true,"href":"https:\/\/livinghome.vn\/thiet-bi\/wp-json\/wp\/v2\/product_brand?post=2826"},{"taxonomy":"product_cat","embeddable":true,"href":"https:\/\/livinghome.vn\/thiet-bi\/wp-json\/wp\/v2\/product_cat?post=2826"},{"taxonomy":"product_tag","embeddable":true,"href":"https:\/\/livinghome.vn\/thiet-bi\/wp-json\/wp\/v2\/product_tag?post=2826"}],"curies":[{"name":"wp","href":"https:\/\/api.w.org\/{rel}","templated":true}]}}