{"id":281,"date":"2023-01-12T10:05:51","date_gmt":"2023-01-12T10:05:51","guid":{"rendered":"https:\/\/livinghome.vn\/thiet-bi\/?post_type=product&#038;p=281"},"modified":"2024-11-29T14:21:08","modified_gmt":"2024-11-29T07:21:08","slug":"bep-tu-dmestik-es-828-dki-77cm-2-tu-mat-kinh-schott-ceran","status":"publish","type":"product","link":"https:\/\/livinghome.vn\/thiet-bi\/bep-tu-dmestik-es-828-dki-77cm-2-tu-mat-kinh-schott-ceran\/","title":{"rendered":"B\u1ebfp t\u1eeb Dmestik ES 828 DKI, 77cm, 2 T\u1eeb, M\u1eb7t K\u00ednh Schott Ceran"},"content":{"rendered":"<h2>B\u1ebfp t\u1eeb Dmestik ES 828 DKI &#8211; Made in Spain<\/h2>\n<p>M\u1eb7t k\u00ednh Schott Ceran cao c\u1ea5p c\u00f3 nh\u1eefng g\u00ec n\u1ed5i b\u1eadt<\/p>\n<h3>Th\u00f4ng tin s\u1ea3n ph\u1ea9m<\/h3>\n<ul>\n<li>Ph\u00e2n lo\u1ea1i : <a href=\"https:\/\/livinghome.vn\/thiet-bi\/bep-tu\/\">B\u1ebfp t\u1eeb<\/a> Dmestik ES828 DKI<\/li>\n<li>M\u1eb7t k\u00ednh Schott Ceran &#8211; Made in Germany<\/li>\n<li>M\u00e2m t\u1eeb c\u1ee7a T\u1eadp \u0111o\u00e0n E.G.O &#8211; Made in Germany<\/li>\n<li>B\u1ea3ng \u0111i\u1ec1u khi\u1ec3n c\u1ea3n \u1ee9ng d\u1ea1ng thanh tr\u01b0\u1ee3t Slider<\/li>\n<li>Ch\u1ee9c n\u0103ng t\u1ef1 \u0111\u1ed9ng nh\u1eadn di\u1ec7n v\u00f9ng \u0111\u00e1y n\u1ed3i ph\u00f9 h\u1ee3p<\/li>\n<li>C\u00f3 9 m\u1ee9c \u0111i\u1ec1u ch\u1ec9nh nhi\u1ec7t v\u00e0 boster 2 v\u00f9ng n\u1ea5u<\/li>\n<li>C\u00f4ng ngh\u1ec7 Inverter ti\u1ebft ki\u1ec7m \u0111i\u1ec7n<\/li>\n<li>Ch\u1ee9c n\u0103ng c\u1ea3nh b\u00e1o ch\u1ed1ng tr\u00e0n, kh\u00f3a an to\u00e0n v\u00e0 \u1ee7 \u1ea5m<\/li>\n<li>ch\u1ee9c n\u0103ng chi\u00ean x\u00e0o<\/li>\n<li>Ch\u1ee9c n\u0103ng h\u1eb9n gi\u1edd n\u1ea5u tr\u00ean t\u1eebng v\u00f9ng b\u1ebfp<\/li>\n<li>ch\u1ee9c n\u0103ng c\u1ea3nh b\u00e1o nhi\u1ec7t d\u01b0 tr\u00ean b\u1ec1 m\u1eb7t b\u1ebfp sau khi n\u1ea5u<\/li>\n<li>Ch\u1ee9c n\u0103ng t\u1ef1 \u0111\u1ed9ng t\u1eaft b\u1ebfp khi kh\u00f4ng s\u1eed d\u1ee5ng<\/li>\n<li>T\u1ef1 \u0111\u1ed9ng t\u1eaft b\u1ebfp khi qu\u00e1 nhi\u1ec7t, qu\u00e1 \u00e1p<\/li>\n<li>Kh\u00f4ng chia s\u1ebb c\u00f4ng su\u1ea5t<\/li>\n<\/ul>\n<p>M\u1ed9t chi\u1ebfc b\u1ebfp t\u1eeb ES828 DKI cao c\u1ea5p s\u1ebd cho b\u1ea1n hi\u1ec7u su\u1ea5t \u0111un n\u1ea5u cao h\u01a1n, ti\u1ebft ki\u1ec7m h\u01a1n v\u00e0 \u0111\u1eb7c bi\u1ec7t l\u00e0 r\u1ea5t an to\u00e0n. G\u1ea7n \u0111\u00e2y, tr\u00ean th\u1ecb tr\u01b0\u1eddng c\u00f3 d\u00f2ng b\u1ebfp t\u1eeb Dmestik c\u1ee7a T\u00e2y Ban Nha \u0111\u01b0\u1ee3c kh\u00e1 nhi\u1ec1u kh\u00e1ch h\u00e0ng t\u00ecm hi\u1ec3u v\u00e0 ch\u1ecdn l\u1ef1a, v\u1edbi m\u1eabu b\u1ebfp t\u1eeb ti\u00eau bi\u1ec3u Dmestik ES828 DKI<\/p>\n<figure id=\"attachment_53381\" aria-describedby=\"caption-attachment-53381\" style=\"width: 533px\" class=\"wp-caption aligncenter\"><img loading=\"lazy\" decoding=\"async\" class=\"size-medium wp-image-53381\" src=\"https:\/\/livinghome.vn\/thiet-bi\/wp-content\/uploads\/nha-bep\/dmestik\/bep-tu\/bep-tu-dmestik-es828-dki\/bep-tu-dmestik-es828-dki-2-533x400.jpg\" alt=\"B\u1ebfp t\u1eeb Dmestik ES 828DKI m\u1eb7t k\u00ednh Schott Ceran cao c\u1ea5p\" width=\"533\" height=\"400\" title=\"\"><figcaption id=\"caption-attachment-53381\" class=\"wp-caption-text\">B\u1ebfp t\u1eeb Dmestik ES828 DKI m\u1eb7t k\u00ednh Schott Ceran cao c\u1ea5p<\/figcaption><\/figure>\n<p>&nbsp;<\/p>\n<h3>Th\u00f4ng s\u1ed1 k\u1ef9 thu\u1eadt<\/h3>\n<ul>\n<li>K\u00edch th\u01b0\u1edbc m\u1eb7t k\u00ednh: 770 x 450mm<\/li>\n<li>K\u00edch th\u01b0\u1edbc kho\u00e9t \u0111\u00e1: 710 x 410 mm<\/li>\n<li>T\u1ed5ng c\u00f4ng su\u1ea5t t\u1ed1i \u0111a: 6.0Kw<\/li>\n<li>B\u1ebfp Tr\u00e1i: 2.3kw, booster 3.0 kw. \u00d8270<\/li>\n<li>B\u1ebfp ph\u1ea3i: 2.3kw, booster 3.0 kw. \u00d8220<\/li>\n<li>B\u1ea3o h\u00e0nh ch\u00ednh h\u00e3ng: 3 n\u0103m<\/li>\n<li>Xu\u1ea5t x\u1ee9: T\u00e2y Ban Nha<\/li>\n<\/ul>\n<figure id=\"attachment_53379\" aria-describedby=\"caption-attachment-53379\" style=\"width: 769px\" class=\"wp-caption aligncenter\"><img loading=\"lazy\" decoding=\"async\" class=\"size-medium wp-image-53379\" src=\"https:\/\/livinghome.vn\/thiet-bi\/wp-content\/uploads\/nha-bep\/dmestik\/bep-tu\/bep-tu-dmestik-es828-dki\/bep-tu-dmestik-es828-dki-4-769x400.jpg\" alt=\"B\u1ebfp t\u1eeb Dmestik ES 828DKI m\u1eb7t k\u00ednh Schott Ceran cao c\u1ea5p\" width=\"769\" height=\"400\" title=\"\"><figcaption id=\"caption-attachment-53379\" class=\"wp-caption-text\">B\u1ebfp t\u1eeb Dmestik ES 828DKI m\u1eb7t k\u00ednh Schott Ceran cao c\u1ea5p<\/figcaption><\/figure>\n","protected":false},"excerpt":{"rendered":"<ul>\n<li>C\u00f3 9 m\u1ee9c \u0111i\u1ec1u ch\u1ec9nh nhi\u1ec7t v\u00e0 boster 2 v\u00f9ng n\u1ea5u<\/li>\n<li>C\u00f4ng ngh\u1ec7 Inverter ti\u1ebft ki\u1ec7m \u0111i\u1ec7n<\/li>\n<li>Ch\u1ee9c n\u0103ng c\u1ea3nh b\u00e1o ch\u1ed1ng tr\u00e0n, kh\u00f3a an to\u00e0n v\u00e0 \u1ee7 \u1ea5m<\/li>\n<li>K\u00edch th\u01b0\u1edbc m\u1eb7t k\u00ednh: 770 x 450mm<\/li>\n<li>T\u1ed5ng c\u00f4ng su\u1ea5t t\u1ed1i \u0111a: 6.0Kw<\/li>\n<li>Xu\u1ea5t x\u1ee9<strong>: <\/strong>T\u00e2y Ban Nha<\/li>\n<\/ul>\n","protected":false},"featured_media":318,"comment_status":"open","ping_status":"closed","template":"","meta":[],"product_brand":[],"product_cat":[745,794,813,796,799,802,832,807,75,713,795,79,72],"product_tag":[76,77,168,738,74],"class_list":{"0":"post-281","1":"product","2":"type-product","3":"status-publish","4":"has-post-thumbnail","6":"product_cat-bep-dien-tu","7":"product_cat-bep-2-tu","8":"product_cat-bep-dien-tu-chung-cu","9":"product_cat-bep-dien-tu-doi","10":"product_cat-bep-dien-tu-hinh-chu-nhat","11":"product_cat-bep-dien-tu-mat-kinh-schott-ceran","12":"product_cat-bep-dien-tu-tay-ban-nha","13":"product_cat-bep-dien-tu-tiet-kiem-dien","14":"product_cat-bep-tu","15":"product_cat-bep-tu-dmestik","16":"product_cat-bep-tu-doi","17":"product_cat-chau-rua-chen-bat","18":"product_cat-thuong-hieu-dmestik","19":"product_tag-bep-tu","20":"product_tag-bep-tu-2-vung-nau","21":"product_tag-bep-tu-am","22":"product_tag-bep-tu-dmestik","23":"product_tag-dmestik","25":"first","26":"instock","27":"sale","28":"shipping-taxable","29":"purchasable","30":"product-type-simple"},"_links":{"self":[{"href":"https:\/\/livinghome.vn\/thiet-bi\/wp-json\/wp\/v2\/product\/281","targetHints":{"allow":["GET"]}}],"collection":[{"href":"https:\/\/livinghome.vn\/thiet-bi\/wp-json\/wp\/v2\/product"}],"about":[{"href":"https:\/\/livinghome.vn\/thiet-bi\/wp-json\/wp\/v2\/types\/product"}],"replies":[{"embeddable":true,"href":"https:\/\/livinghome.vn\/thiet-bi\/wp-json\/wp\/v2\/comments?post=281"}],"wp:featuredmedia":[{"embeddable":true,"href":"https:\/\/livinghome.vn\/thiet-bi\/wp-json\/wp\/v2\/media\/318"}],"wp:attachment":[{"href":"https:\/\/livinghome.vn\/thiet-bi\/wp-json\/wp\/v2\/media?parent=281"}],"wp:term":[{"taxonomy":"product_brand","embeddable":true,"href":"https:\/\/livinghome.vn\/thiet-bi\/wp-json\/wp\/v2\/product_brand?post=281"},{"taxonomy":"product_cat","embeddable":true,"href":"https:\/\/livinghome.vn\/thiet-bi\/wp-json\/wp\/v2\/product_cat?post=281"},{"taxonomy":"product_tag","embeddable":true,"href":"https:\/\/livinghome.vn\/thiet-bi\/wp-json\/wp\/v2\/product_tag?post=281"}],"curies":[{"name":"wp","href":"https:\/\/api.w.org\/{rel}","templated":true}]}}