{"id":2807,"date":"2023-01-12T17:02:49","date_gmt":"2023-01-12T17:02:49","guid":{"rendered":"https:\/\/livinghome.vn\/thiet-bi\/?post_type=product&#038;p=2807"},"modified":"2025-07-24T00:21:48","modified_gmt":"2025-07-23T17:21:48","slug":"may-hut-mui-tomate-tom-3159b-t9-90cm-gan-tuong-850m3-h","status":"publish","type":"product","link":"https:\/\/livinghome.vn\/thiet-bi\/may-hut-mui-tomate-tom-3159b-t9-90cm-gan-tuong-850m3-h\/","title":{"rendered":"M\u00e1y H\u00fat M\u00f9i Tomate TOM 3159B-T9, 90cm, G\u1eafn T\u01b0\u1eddng, 850m3\/h"},"content":{"rendered":"<h2>M\u00e1y H\u00fat M\u00f9i Tomate TOM 3159B-T9, L\u1ef1c H\u00fat 850m3\/h, C\u1ea3m \u1ee8ng Ch\u1ea1m<\/h2>\n<ul>\n<li><a href=\"https:\/\/livinghome.vn\/thiet-bi\/may-hut-mui\/\">M\u00e1y h\u00fat m\u00f9i<\/a> TOM 3159B-T9 l\u00e0 d\u00f2ng ma\u0301y hu\u0301t mu\u0300i ki\u0301nh cong v\u01a1\u0301i thi\u00ea\u0301t k\u00ea\u0301 sang tro\u0323ng, m\u00e0u \u0111en, ki\u00ea\u0309u da\u0301ng hi\u00ea\u0323n \u0111a\u0323i, \u0111i\u1ec1u khi\u1ec3n c\u1ea3m \u1ee9ng<\/li>\n<li>M\u00e1y s\u1eed d\u1ee5ng l\u01b0\u1edbi l\u1ecdc nh\u00f4m 5 l\u1edbp, \u0111\u1ed3ng th\u1eddi \u0111\u01b0\u1ee3c m\u1ea1 m\u00e0u \u0111en gi\u00fap \u00edt b\u1ecb b\u1ea9n, b\u1ec1n v\u00e0 l\u1ecdc kh\u00ed hi\u1ec7u qu\u1ea3. C\u00f4ng su\u1ea5t 850m3\/h<\/li>\n<\/ul>\n<figure id=\"attachment_16420\" aria-describedby=\"caption-attachment-16420\" style=\"width: 800px\" class=\"wp-caption alignnone\"><img loading=\"lazy\" decoding=\"async\" class=\"size-full wp-image-16420\" src=\"https:\/\/livinghome.vn\/thiet-bi\/wp-content\/uploads\/san-pham\/may-hut-mui\/may-hut-mui-tomate\/tomate-tom-3159b-t9.jpg\" alt=\"M\u00e1y H\u00fat M\u00f9i Tomate TOM 3159-T9, 90cm, G\u1eafn T\u01b0\u1eddng, 850m3\/h\" width=\"800\" height=\"800\" title=\"\" srcset=\"https:\/\/livinghome.vn\/thiet-bi\/wp-content\/uploads\/san-pham\/may-hut-mui\/may-hut-mui-tomate\/tomate-tom-3159b-t9.jpg 800w, https:\/\/livinghome.vn\/thiet-bi\/wp-content\/uploads\/san-pham\/may-hut-mui\/may-hut-mui-tomate\/tomate-tom-3159b-t9-300x300.jpg 300w, https:\/\/livinghome.vn\/thiet-bi\/wp-content\/uploads\/san-pham\/may-hut-mui\/may-hut-mui-tomate\/tomate-tom-3159b-t9-100x100.jpg 100w, https:\/\/livinghome.vn\/thiet-bi\/wp-content\/uploads\/san-pham\/may-hut-mui\/may-hut-mui-tomate\/tomate-tom-3159b-t9-600x600.jpg 600w, https:\/\/livinghome.vn\/thiet-bi\/wp-content\/uploads\/san-pham\/may-hut-mui\/may-hut-mui-tomate\/tomate-tom-3159b-t9-400x400.jpg 400w, https:\/\/livinghome.vn\/thiet-bi\/wp-content\/uploads\/san-pham\/may-hut-mui\/may-hut-mui-tomate\/tomate-tom-3159b-t9-280x280.jpg 280w, https:\/\/livinghome.vn\/thiet-bi\/wp-content\/uploads\/san-pham\/may-hut-mui\/may-hut-mui-tomate\/tomate-tom-3159b-t9-768x768.jpg 768w\" sizes=\"auto, (max-width: 800px) 100vw, 800px\" \/><figcaption id=\"caption-attachment-16420\" class=\"wp-caption-text\">Thi\u1ebft k\u1ebf M\u00e1y H\u00fat M\u00f9i Tomate TOM 3159-T9 d\u1ea1ng v\u00f2m k\u00ednh cong truy\u1ec1n th\u1ed1ng, th\u00e2n inox s\u01a1n \u0111en l\u1ef1c h\u00fat m\u1ea1nh m\u1ebd l\u00ean \u0111\u1ebfn 850m3\/h<\/figcaption><\/figure>\n<h3><strong>Th\u00f4ng tin s\u1ea3n ph\u1ea9m <\/strong><\/h3>\n<ul>\n<li>\u0110i\u1ec1u khi\u1ec3n: C\u1ea3m \u1ee9ng<\/li>\n<li>M\u1ee9c c\u00f4ng su\u1ea5t: 3<\/li>\n<li>C\u00f4ng su\u1ea5t: 850m3\/h<\/li>\n<li>\u1ed0ng tho\u00e1t: 150mm<\/li>\n<li>\u0110\u00e8n: 2x2W LED<\/li>\n<li>L\u01b0\u1edbi l\u1ecdc nh\u00f4m: An to\u00e0n v\u1edbi m\u00e1y r\u1eeda ch\u00e9n<\/li>\n<li>H\u1ec7 th\u1ed1ng b\u1ea3o v\u1ec7: N-RV system<\/li>\n<li>Ch\u1ee9c n\u0103ng l\u1ef1a ch\u1ecdn h\u00fat \u0111\u1ea9y: Tr\u1ef1c ti\u1ebfp qua \u1ed1ng tho\u00e1t ho\u1eb7c tu\u1ea7n ho\u00e0n b\u1eb1ng than ho\u1ea1t t\u00ednh<\/li>\n<li>\u0110i\u1ec7n ngu\u1ed3n: 220V \u2013 50Hz<\/li>\n<\/ul>\n<p>&nbsp;<\/p>\n<h3>\u0110\u1eb7c \u0111i\u1ec3m<\/h3>\n<ul>\n<li>Ki\u1ec3u d\u00e1ng : Treo t\u01b0\u1eddng, k\u00ednh cong<\/li>\n<li>Th\u00e2n m\u00e1y : Inox+K\u00ednh c\u01b0\u1eddng l\u1ef1c<\/li>\n<li>K\u00edch th\u01b0\u1edbc : 900 mm<\/li>\n<li>\u0110i\u1ec1u khi\u1ec3n : C\u1ea3m \u1ee9ng<\/li>\n<\/ul>\n<h2>Th\u00f4ng Tin Ch\u00ednh H\u00e3ng M\u00e1y H\u00fat M\u00f9i Tomate TOM 3159B-T9<\/h2>\n<figure id=\"attachment_16486\" aria-describedby=\"caption-attachment-16486\" style=\"width: 1067px\" class=\"wp-caption alignnone\"><img loading=\"lazy\" decoding=\"async\" class=\"wp-image-16486 size-full\" src=\"https:\/\/livinghome.vn\/thiet-bi\/wp-content\/uploads\/catalog-hang\/tomate\/catalog-tomate-07-2023-47.jpg\" alt=\"M\u00e1y H\u00fat M\u00f9i Tomate TOM 3159B-T7, 70cm, G\u1eafn T\u01b0\u1eddng, 850m3\/h\" width=\"1067\" height=\"1702\" title=\"\" srcset=\"https:\/\/livinghome.vn\/thiet-bi\/wp-content\/uploads\/catalog-hang\/tomate\/catalog-tomate-07-2023-47.jpg 1067w, https:\/\/livinghome.vn\/thiet-bi\/wp-content\/uploads\/catalog-hang\/tomate\/catalog-tomate-07-2023-47-600x957.jpg 600w, https:\/\/livinghome.vn\/thiet-bi\/wp-content\/uploads\/catalog-hang\/tomate\/catalog-tomate-07-2023-47-251x400.jpg 251w, https:\/\/livinghome.vn\/thiet-bi\/wp-content\/uploads\/catalog-hang\/tomate\/catalog-tomate-07-2023-47-502x800.jpg 502w, https:\/\/livinghome.vn\/thiet-bi\/wp-content\/uploads\/catalog-hang\/tomate\/catalog-tomate-07-2023-47-768x1225.jpg 768w, https:\/\/livinghome.vn\/thiet-bi\/wp-content\/uploads\/catalog-hang\/tomate\/catalog-tomate-07-2023-47-963x1536.jpg 963w\" sizes=\"auto, (max-width: 1067px) 100vw, 1067px\" \/><figcaption id=\"caption-attachment-16486\" class=\"wp-caption-text\">Catalog Tomate 2023 &#8211; TOM 3159B-T9, 90cm<\/figcaption><\/figure>\n<h2>M\u00e1y H\u00fat Kh\u00f3i Kh\u1eed M\u00f9i Tomate Ch\u00ednh H\u00e3ng<\/h2>\n<figure id=\"attachment_16498\" aria-describedby=\"caption-attachment-16498\" style=\"width: 1067px\" class=\"wp-caption alignnone\"><img loading=\"lazy\" decoding=\"async\" class=\"wp-image-16498 size-full\" src=\"https:\/\/livinghome.vn\/thiet-bi\/wp-content\/uploads\/catalog-hang\/tomate\/catalog-tomate-07-2023-36.jpg\" alt=\"M\u00e1y H\u00fat Kh\u00f3i Kh\u1eed M\u00f9i Tomate Ch\u00ednh H\u00e3ng\" width=\"1067\" height=\"1702\" title=\"\" srcset=\"https:\/\/livinghome.vn\/thiet-bi\/wp-content\/uploads\/catalog-hang\/tomate\/catalog-tomate-07-2023-36.jpg 1067w, https:\/\/livinghome.vn\/thiet-bi\/wp-content\/uploads\/catalog-hang\/tomate\/catalog-tomate-07-2023-36-600x957.jpg 600w, https:\/\/livinghome.vn\/thiet-bi\/wp-content\/uploads\/catalog-hang\/tomate\/catalog-tomate-07-2023-36-251x400.jpg 251w, https:\/\/livinghome.vn\/thiet-bi\/wp-content\/uploads\/catalog-hang\/tomate\/catalog-tomate-07-2023-36-502x800.jpg 502w, https:\/\/livinghome.vn\/thiet-bi\/wp-content\/uploads\/catalog-hang\/tomate\/catalog-tomate-07-2023-36-768x1225.jpg 768w, https:\/\/livinghome.vn\/thiet-bi\/wp-content\/uploads\/catalog-hang\/tomate\/catalog-tomate-07-2023-36-963x1536.jpg 963w\" sizes=\"auto, (max-width: 1067px) 100vw, 1067px\" \/><figcaption id=\"caption-attachment-16498\" class=\"wp-caption-text\">Kh\u00f4ng gian b\u1ebfp c\u00e0ng tr\u1edf n\u00ean sang tr\u1ecdng hi\u1ec7n \u0111\u1ea1i h\u01a1n v\u1edbi M\u00e1y h\u00fat m\u00f9i Tomate<\/figcaption><\/figure>\n<h2>C\u00f4ng Ngh\u1ec7 M\u00e1y H\u00fat M\u00f9i Tomate Green Air<\/h2>\n<figure id=\"attachment_16497\" aria-describedby=\"caption-attachment-16497\" style=\"width: 1067px\" class=\"wp-caption alignnone\"><img loading=\"lazy\" decoding=\"async\" class=\"wp-image-16497 size-full\" src=\"https:\/\/livinghome.vn\/thiet-bi\/wp-content\/uploads\/catalog-hang\/tomate\/catalog-tomate-07-2023-37.jpg\" alt=\"C\u00f4ng Ngh\u1ec7 M\u00e1y H\u00fat M\u00f9i Tomate Green Air\" width=\"1067\" height=\"1702\" title=\"\" srcset=\"https:\/\/livinghome.vn\/thiet-bi\/wp-content\/uploads\/catalog-hang\/tomate\/catalog-tomate-07-2023-37.jpg 1067w, https:\/\/livinghome.vn\/thiet-bi\/wp-content\/uploads\/catalog-hang\/tomate\/catalog-tomate-07-2023-37-600x957.jpg 600w, https:\/\/livinghome.vn\/thiet-bi\/wp-content\/uploads\/catalog-hang\/tomate\/catalog-tomate-07-2023-37-251x400.jpg 251w, https:\/\/livinghome.vn\/thiet-bi\/wp-content\/uploads\/catalog-hang\/tomate\/catalog-tomate-07-2023-37-502x800.jpg 502w, https:\/\/livinghome.vn\/thiet-bi\/wp-content\/uploads\/catalog-hang\/tomate\/catalog-tomate-07-2023-37-768x1225.jpg 768w, https:\/\/livinghome.vn\/thiet-bi\/wp-content\/uploads\/catalog-hang\/tomate\/catalog-tomate-07-2023-37-963x1536.jpg 963w\" sizes=\"auto, (max-width: 1067px) 100vw, 1067px\" \/><figcaption id=\"caption-attachment-16497\" class=\"wp-caption-text\">B\u1ea7u kh\u00f4ng kh\u00ed tho\u00e1ng m\u00e1t trong qu\u00e1 tr\u00ecnh n\u1ea5u \u0103n lu\u00f4n l\u00e0 GI\u00e1 tr\u1ecb m\u00e0 c\u00e1c d\u00f2ng m\u00e1y h\u00fat m\u00f9i tomate mang \u0111\u1ebfn<\/figcaption><\/figure>\n","protected":false},"excerpt":{"rendered":"<h3>M\u00e1y H\u00fat M\u00f9i Tomate TOM 3159B-T9 Nh\u1eadp Kh\u1ea9u<\/h3>\n<ul>\n<li>\u0110i\u1ec1u khi\u1ec3n: C\u1ea3m \u1ee9ng<\/li>\n<li>M\u1ee9c c\u00f4ng su\u1ea5t: 3<\/li>\n<li>C\u00f4ng su\u1ea5t: 850m3\/h<\/li>\n<li>\u1ed0ng tho\u00e1t: 150mm<\/li>\n<li>K\u00edch th\u01b0\u1edbc : 900 mm<\/li>\n<li>\u0110i\u1ec7n ngu\u1ed3n: 220V \u2013 50Hz<\/li>\n<\/ul>\n","protected":false},"featured_media":16420,"comment_status":"open","ping_status":"closed","template":"","meta":[],"product_brand":[],"product_cat":[602,89,364],"product_tag":[86,374,370,372],"class_list":{"0":"post-2807","1":"product","2":"type-product","3":"status-publish","4":"has-post-thumbnail","6":"product_cat-may-hut-mui-tomate","7":"product_cat-may-hut-mui-gan-tuong","8":"product_cat-thuong-hieu-tomate","9":"product_tag-may-hut-mui","10":"product_tag-may-hut-mui-ong-khoi","11":"product_tag-may-hut-mui-tomate","12":"product_tag-tomate","14":"first","15":"instock","16":"sale","17":"shipping-taxable","18":"purchasable","19":"product-type-simple"},"_links":{"self":[{"href":"https:\/\/livinghome.vn\/thiet-bi\/wp-json\/wp\/v2\/product\/2807","targetHints":{"allow":["GET"]}}],"collection":[{"href":"https:\/\/livinghome.vn\/thiet-bi\/wp-json\/wp\/v2\/product"}],"about":[{"href":"https:\/\/livinghome.vn\/thiet-bi\/wp-json\/wp\/v2\/types\/product"}],"replies":[{"embeddable":true,"href":"https:\/\/livinghome.vn\/thiet-bi\/wp-json\/wp\/v2\/comments?post=2807"}],"wp:featuredmedia":[{"embeddable":true,"href":"https:\/\/livinghome.vn\/thiet-bi\/wp-json\/wp\/v2\/media\/16420"}],"wp:attachment":[{"href":"https:\/\/livinghome.vn\/thiet-bi\/wp-json\/wp\/v2\/media?parent=2807"}],"wp:term":[{"taxonomy":"product_brand","embeddable":true,"href":"https:\/\/livinghome.vn\/thiet-bi\/wp-json\/wp\/v2\/product_brand?post=2807"},{"taxonomy":"product_cat","embeddable":true,"href":"https:\/\/livinghome.vn\/thiet-bi\/wp-json\/wp\/v2\/product_cat?post=2807"},{"taxonomy":"product_tag","embeddable":true,"href":"https:\/\/livinghome.vn\/thiet-bi\/wp-json\/wp\/v2\/product_tag?post=2807"}],"curies":[{"name":"wp","href":"https:\/\/api.w.org\/{rel}","templated":true}]}}