{"id":2727,"date":"2023-01-12T17:00:42","date_gmt":"2023-01-12T17:00:42","guid":{"rendered":"https:\/\/livinghome.vn\/thiet-bi\/?post_type=product&#038;p=2727"},"modified":"2024-11-29T14:20:26","modified_gmt":"2024-11-29T07:20:26","slug":"may-hut-mui-tomate-tom-3375-90cm-gan-tuong-850m3-h","status":"publish","type":"product","link":"https:\/\/livinghome.vn\/thiet-bi\/may-hut-mui-tomate-tom-3375-90cm-gan-tuong-850m3-h\/","title":{"rendered":"M\u00e1y H\u00fat M\u00f9i Tomate TOM 3375, 90cm, G\u1eafn T\u01b0\u1eddng, 850m3\/h"},"content":{"rendered":"<h2>M\u00e1y h\u00fat m\u00f9i Tomate Tom 3375 ki\u1ec3u d\u00e1ng \u0111en, sang tr\u1ecdng c\u00f3 nh\u1eefng g\u00ec<\/h2>\n<ul>\n<li><a href=\"https:\/\/livinghome.vn\/thiet-bi\/may-hut-mui\/\">M\u00e1y h\u00fat m\u00f9i<\/a> TOM 3375, l\u00e0 d\u00f2ng m\u00e1y h\u00fat treo t\u01b0\u1eddng trang tr\u00ed l\u00e0 s\u1ea3n ph\u1ea9m n\u1eb1m trong b\u1ed9 s\u01b0u t\u1eadp cao c\u1ea5p c\u1ee7a Tomate. Thi\u1ebft k\u1ebf \u0111\u01a1n gi\u1ea3n nh\u01b0ng tinh t\u1ebf v\u1edbi b\u1ec1 m\u1eb7t k\u00ednh \u0111en ph\u1ed1i inox, s\u1eed d\u1ee5ng ph\u00edm \u0111i\u1ec1u khi\u1ec3n c\u1ea3m \u1ee9ng.<\/li>\n<\/ul>\n<h3><strong>Th\u00f4ng tin s\u1ea3n ph\u1ea9m<\/strong><\/h3>\n<ul>\n<li>M\u1ee9c c\u00f4ng su\u1ea5t: 5<\/li>\n<li>M\u00e0n h\u00ecnh hi\u1ec3n th\u1ecb, Ch\u1ee9c n\u0103ng h\u1eb9n gi\u1edd<\/li>\n<li>\u0110\u00e8n: 2\u00d71.5 Multi\u2010bulb\u00a0LED<\/li>\n<li>C\u00f4ng su\u1ea5t: 850 m3\/h<\/li>\n<li>H\u1ec7 th\u1ed1ng b\u1ea3o v\u1ec7: N-RV system<\/li>\n<li>L\u01b0\u1edbi l\u1ecdc nh\u00f4m 5 l\u1edbp: An to\u00e0n v\u1edbi m\u00e1y r\u1eeda ch\u00e9n<\/li>\n<li>Ch\u1ee9c n\u0103ng b\u00e1o v\u1ec7 sinh l\u01b0\u1edbi l\u1ecdc<\/li>\n<li>Ch\u1ee9c n\u0103ng l\u1ef1a ch\u1ecdn h\u00fat \u0111\u1ea9y: Tr\u1ef1c ti\u1ebfp qua \u1ed1ng tho\u00e1t ho\u1eb7c tu\u1ea7n ho\u00e0n b\u1eb1ng than ho\u1ea1t t\u00ednh<\/li>\n<li>S\u1ea3n xu\u1ea5t theo thi\u1ebft k\u1ebf v\u00e0 \u1ee7y quy\u1ec1n TOMATE Electrodom\u00e9sticos T\u00e2y Ban Nha.<\/li>\n<li>\u0110i\u1ec7n ngu\u1ed3n: 220-240 VAC<\/li>\n<li>T\u1ea7n s\u1ed1 : 50\/60 Hz<\/li>\n<\/ul>\n<h3><strong>\u0110\u1eb7c t\u00ednh <\/strong><\/h3>\n<ul>\n<li>Ki\u1ec3u d\u00e1ng : Treo t\u01b0\u1eddng, trang tr\u00ed<\/li>\n<li>Th\u00e2n m\u00e1y : Inox + K\u00ednh c\u01b0\u1eddng l\u1ef1c<\/li>\n<li>K\u00edch th\u01b0\u1edbc : 900 mm<\/li>\n<li>\u0110i\u1ec1u khi\u1ec3n : C\u1ea3m \u1ee9ng,\u00a0 LED<\/li>\n<\/ul>\n","protected":false},"excerpt":{"rendered":"<p>M\u1ee9c c\u00f4ng su\u1ea5t: 5<\/p>\n<p>\u0110\u00e8n: 2\u00d71.5 Multi\u2010bulb\u00a0LED<\/p>\n<p>C\u00f4ng su\u1ea5t: 850 m3\/h<\/p>\n<p>\u0110i\u1ec7n ngu\u1ed3n: 220-240 VAC<\/p>\n<p>T\u1ea7n s\u1ed1 : 50\/60 Hz<\/p>\n<p>K\u00edch th\u01b0\u1edbc : 900 mm<\/p>\n<p>Ch\u1ee9c n\u0103ng l\u1ef1a ch\u1ecdn h\u00fat \u0111\u1ea9y: Tr\u1ef1c ti\u1ebfp qua \u1ed1ng tho\u00e1t ho\u1eb7c tu\u1ea7n ho\u00e0n b\u1eb1ng than ho\u1ea1t t\u00ednh<\/p>\n<p>&nbsp;<\/p>\n<p>&nbsp;<\/p>\n","protected":false},"featured_media":16417,"comment_status":"open","ping_status":"closed","template":"","meta":[],"product_brand":[],"product_cat":[602,89,364],"product_tag":[86,370,372],"class_list":{"0":"post-2727","1":"product","2":"type-product","3":"status-publish","4":"has-post-thumbnail","6":"product_cat-may-hut-mui-tomate","7":"product_cat-may-hut-mui-gan-tuong","8":"product_cat-thuong-hieu-tomate","9":"product_tag-may-hut-mui","10":"product_tag-may-hut-mui-tomate","11":"product_tag-tomate","13":"first","14":"instock","15":"sale","16":"shipping-taxable","17":"purchasable","18":"product-type-simple"},"_links":{"self":[{"href":"https:\/\/livinghome.vn\/thiet-bi\/wp-json\/wp\/v2\/product\/2727","targetHints":{"allow":["GET"]}}],"collection":[{"href":"https:\/\/livinghome.vn\/thiet-bi\/wp-json\/wp\/v2\/product"}],"about":[{"href":"https:\/\/livinghome.vn\/thiet-bi\/wp-json\/wp\/v2\/types\/product"}],"replies":[{"embeddable":true,"href":"https:\/\/livinghome.vn\/thiet-bi\/wp-json\/wp\/v2\/comments?post=2727"}],"wp:featuredmedia":[{"embeddable":true,"href":"https:\/\/livinghome.vn\/thiet-bi\/wp-json\/wp\/v2\/media\/16417"}],"wp:attachment":[{"href":"https:\/\/livinghome.vn\/thiet-bi\/wp-json\/wp\/v2\/media?parent=2727"}],"wp:term":[{"taxonomy":"product_brand","embeddable":true,"href":"https:\/\/livinghome.vn\/thiet-bi\/wp-json\/wp\/v2\/product_brand?post=2727"},{"taxonomy":"product_cat","embeddable":true,"href":"https:\/\/livinghome.vn\/thiet-bi\/wp-json\/wp\/v2\/product_cat?post=2727"},{"taxonomy":"product_tag","embeddable":true,"href":"https:\/\/livinghome.vn\/thiet-bi\/wp-json\/wp\/v2\/product_tag?post=2727"}],"curies":[{"name":"wp","href":"https:\/\/api.w.org\/{rel}","templated":true}]}}