{"id":2724,"date":"2023-01-12T17:00:41","date_gmt":"2023-01-12T17:00:41","guid":{"rendered":"https:\/\/livinghome.vn\/thiet-bi\/?post_type=product&#038;p=2724"},"modified":"2025-07-24T00:13:00","modified_gmt":"2025-07-23T17:13:00","slug":"may-hut-mui-tomate-tom-4200-41cm-long-den-850m3-h","status":"publish","type":"product","link":"https:\/\/livinghome.vn\/thiet-bi\/may-hut-mui-tomate-tom-4200-41cm-long-den-850m3-h\/","title":{"rendered":"M\u00e1y H\u00fat M\u00f9i Tomate TOM 4200, 41CM, L\u1ed3ng \u0110\u00e8n, 850m3\/h"},"content":{"rendered":"<h2>M\u00e1y H\u00fat M\u00f9i Tomate Tom 4200, Treo \u0110\u1ed9c L\u1eadp Nh\u01b0 L\u1ed3ng \u0110\u00e8n<\/h2>\n<p>M\u00e1y h\u00fat m\u00f9i TOM 4200 l\u00e0 d\u00f2ng m\u00e1y h\u00fat m\u00f9i \u0111\u1ed9c l\u1eadp c\u00f3 c\u00f4ng su\u1ea5t h\u00fat l\u1edbn 850m3\/h, \u0111\u1ed9 b\u1ec1n cao,\u00a0 \u0111\u01b0\u1ee3c l\u1eafp \u0111\u1eb7t t\u1ea1i v\u1ecb tr\u00ed ngay gi\u1eefa c\u0103n b\u1ebfp \u0111\u1ec3 c\u00f3 th\u1ec3 h\u00fat m\u00f9i, kh\u00f3i, h\u01a1i n\u01b0\u1edbc trong qu\u00e1 tr\u00ecnh n\u1ea5u \u0103n g\u00e2y ra m\u1ed9t c\u00e1ch hi\u1ec7u qu\u1ea3 nh\u1ea5t. \u0110\u1ed3ng th\u1eddi v\u1edbi thi\u1ebft k\u1ebf nh\u1ecf g\u1ecdn d\u1ea1ng trang tr\u00ed, m\u00e0u xanh t\u00e1o, m\u00e1y h\u00fat m\u00f9i TOM 4200 l\u00e0m cho kh\u00f4ng gian b\u1ebfp tr\u1edf n\u00ean \u0111\u1eb9p v\u00e0 sang tr\u1ecdng h\u01a1n.<\/p>\n<figure id=\"attachment_16415\" aria-describedby=\"caption-attachment-16415\" style=\"width: 800px\" class=\"wp-caption alignnone\"><img loading=\"lazy\" decoding=\"async\" class=\"size-full wp-image-16415\" src=\"https:\/\/livinghome.vn\/thiet-bi\/wp-content\/uploads\/san-pham\/may-hut-mui\/may-hut-mui-tomate\/tomate-tom-4200.jpg\" alt=\"M\u00e1y H\u00fat M\u00f9i Tomate TOM 4200, 41CM, L\u1ed3ng \u0110\u00e8n, 850m3\/h\" width=\"800\" height=\"800\" title=\"\" srcset=\"https:\/\/livinghome.vn\/thiet-bi\/wp-content\/uploads\/san-pham\/may-hut-mui\/may-hut-mui-tomate\/tomate-tom-4200.jpg 800w, https:\/\/livinghome.vn\/thiet-bi\/wp-content\/uploads\/san-pham\/may-hut-mui\/may-hut-mui-tomate\/tomate-tom-4200-300x300.jpg 300w, https:\/\/livinghome.vn\/thiet-bi\/wp-content\/uploads\/san-pham\/may-hut-mui\/may-hut-mui-tomate\/tomate-tom-4200-100x100.jpg 100w, https:\/\/livinghome.vn\/thiet-bi\/wp-content\/uploads\/san-pham\/may-hut-mui\/may-hut-mui-tomate\/tomate-tom-4200-600x600.jpg 600w, https:\/\/livinghome.vn\/thiet-bi\/wp-content\/uploads\/san-pham\/may-hut-mui\/may-hut-mui-tomate\/tomate-tom-4200-400x400.jpg 400w, https:\/\/livinghome.vn\/thiet-bi\/wp-content\/uploads\/san-pham\/may-hut-mui\/may-hut-mui-tomate\/tomate-tom-4200-280x280.jpg 280w, https:\/\/livinghome.vn\/thiet-bi\/wp-content\/uploads\/san-pham\/may-hut-mui\/may-hut-mui-tomate\/tomate-tom-4200-768x768.jpg 768w\" sizes=\"auto, (max-width: 800px) 100vw, 800px\" \/><figcaption id=\"caption-attachment-16415\" class=\"wp-caption-text\">M\u00e1y H\u00fat M\u00f9i Tomate TOM 4200 treo \u0111\u1ed9c l\u1eadp \u1ed1c \u0111\u1ea3o gi\u1eefa gian b\u1ebfp nh\u00e0 b\u1ea1n th\u1eadt phong c\u00e1ch<\/figcaption><\/figure>\n<h3>Th\u00f4ng tin s\u1ea3n ph\u1ea9m<strong><br \/>\n<\/strong><\/h3>\n<ul>\n<li>Ph\u00e2n lo\u1ea1i: <a href=\"https:\/\/livinghome.vn\/thiet-bi\/may-hut-mui\/\">m\u00e1y h\u00fat m\u00f9i<\/a> \u0111\u1ed9c l\u1eadp<\/li>\n<li>M\u1ee9c c\u00f4ng su\u1ea5t: 3<\/li>\n<li>Kh\u1eed m\u00f9i b\u1eb1ng than ho\u1ea1t tinh<\/li>\n<li>\u0110\u00e8n: 1x8W LED b\u1ea3ng<\/li>\n<li>C\u00f4ng su\u1ea5t: 850m3\/h<\/li>\n<li>L\u01b0\u1edbi l\u1ecdc nh\u00f4m: An to\u00e0n v\u1edbi m\u00e1y r\u1eeda ch\u00e9n<\/li>\n<li>Ch\u1ee9c n\u0103ng h\u00fat \u0111\u1ea9y: Tr\u1ef1c ti\u1ebfp tu\u1ea7n ho\u00e0n bang than ho\u1ea1t tinh<\/li>\n<li>\u0110i\u1ec7n ngu\u1ed3n: 220-240 VAC<\/li>\n<li>T\u1ea7n s\u1ed1 : 50\/60 Hz<\/li>\n<li>S\u1ea3n xu\u1ea5t theo thi\u1ebft k\u1ebf v\u00e0 \u1ee7y quy\u1ec1n TOMATE Electrodom\u00e9sticos T\u00e2y Ban Nha<\/li>\n<\/ul>\n<figure id=\"attachment_16416\" aria-describedby=\"caption-attachment-16416\" style=\"width: 800px\" class=\"wp-caption alignnone\"><img loading=\"lazy\" decoding=\"async\" class=\"size-full wp-image-16416\" src=\"https:\/\/livinghome.vn\/thiet-bi\/wp-content\/uploads\/san-pham\/may-hut-mui\/may-hut-mui-tomate\/tomate-tom-4200-1.jpg\" alt=\"M\u00e1y H\u00fat M\u00f9i Tomate TOM 4200, 41CM, L\u1ed3ng \u0110\u00e8n, 850m3\/h\" width=\"800\" height=\"800\" title=\"\" srcset=\"https:\/\/livinghome.vn\/thiet-bi\/wp-content\/uploads\/san-pham\/may-hut-mui\/may-hut-mui-tomate\/tomate-tom-4200-1.jpg 800w, https:\/\/livinghome.vn\/thiet-bi\/wp-content\/uploads\/san-pham\/may-hut-mui\/may-hut-mui-tomate\/tomate-tom-4200-1-300x300.jpg 300w, https:\/\/livinghome.vn\/thiet-bi\/wp-content\/uploads\/san-pham\/may-hut-mui\/may-hut-mui-tomate\/tomate-tom-4200-1-100x100.jpg 100w, https:\/\/livinghome.vn\/thiet-bi\/wp-content\/uploads\/san-pham\/may-hut-mui\/may-hut-mui-tomate\/tomate-tom-4200-1-600x600.jpg 600w, https:\/\/livinghome.vn\/thiet-bi\/wp-content\/uploads\/san-pham\/may-hut-mui\/may-hut-mui-tomate\/tomate-tom-4200-1-400x400.jpg 400w, https:\/\/livinghome.vn\/thiet-bi\/wp-content\/uploads\/san-pham\/may-hut-mui\/may-hut-mui-tomate\/tomate-tom-4200-1-280x280.jpg 280w, https:\/\/livinghome.vn\/thiet-bi\/wp-content\/uploads\/san-pham\/may-hut-mui\/may-hut-mui-tomate\/tomate-tom-4200-1-768x768.jpg 768w\" sizes=\"auto, (max-width: 800px) 100vw, 800px\" \/><figcaption id=\"caption-attachment-16416\" class=\"wp-caption-text\">C\u1eadn c\u1ea3nh s\u1ea3n ph\u1ea9m v\u1edbi m\u1eb7t tr\u01b0\u1edbc m\u1ea1nh m\u1ebd vu\u00f4ng v\u1ee9c \u0111\u1ea7y \u1ea5n t\u01b0\u1ee3ng, l\u1ef1c h\u00fat l\u00ean \u0111\u1ebfn 850m3\/h v\u1edbi \u0111\u00e8n LED 8W<\/figcaption><\/figure>\n<h3>\u0110\u1eb7c \u0111i\u1ec3m n\u1ed5i b\u1eadt<\/h3>\n<ul>\n<li>Ki\u1ec3u d\u00e1ng: M\u00e1y h\u00fat m\u00f9i Decor treo \u0111\u1ed9c l\u1eadp nh\u01b0 1 chi\u1ebfc l\u1ed3ng \u0111\u00e8n<\/li>\n<li>Th\u00e2n m\u00e1y: Xanh t\u00e1o (Apple)<\/li>\n<li>K\u00edch th\u01b0\u1edbc: 405 x 405 mm<\/li>\n<li>C\u1ea3m \u1ee9ng:\u00a0 N\u00fat nh\u1ea5n \u0111i\u1ec7n t\u1eed<\/li>\n<\/ul>\n<h2>Th\u00f4ng Tin Ch\u00ednh H\u00e3ng M\u00e1y H\u00fat M\u00f9i Tomate TOM 4200<\/h2>\n<figure id=\"attachment_16495\" aria-describedby=\"caption-attachment-16495\" style=\"width: 1067px\" class=\"wp-caption alignnone\"><img loading=\"lazy\" decoding=\"async\" class=\"size-full wp-image-16495\" src=\"https:\/\/livinghome.vn\/thiet-bi\/wp-content\/uploads\/catalog-hang\/tomate\/catalog-tomate-07-2023-39.jpg\" alt=\"M\u00e1y H\u00fat M\u00f9i Tomate TOM 4200, 41CM, L\u1ed3ng \u0110\u00e8n, 850m3\/h\" width=\"1067\" height=\"1702\" title=\"\" srcset=\"https:\/\/livinghome.vn\/thiet-bi\/wp-content\/uploads\/catalog-hang\/tomate\/catalog-tomate-07-2023-39.jpg 1067w, https:\/\/livinghome.vn\/thiet-bi\/wp-content\/uploads\/catalog-hang\/tomate\/catalog-tomate-07-2023-39-600x957.jpg 600w, https:\/\/livinghome.vn\/thiet-bi\/wp-content\/uploads\/catalog-hang\/tomate\/catalog-tomate-07-2023-39-251x400.jpg 251w, https:\/\/livinghome.vn\/thiet-bi\/wp-content\/uploads\/catalog-hang\/tomate\/catalog-tomate-07-2023-39-502x800.jpg 502w, https:\/\/livinghome.vn\/thiet-bi\/wp-content\/uploads\/catalog-hang\/tomate\/catalog-tomate-07-2023-39-768x1225.jpg 768w, https:\/\/livinghome.vn\/thiet-bi\/wp-content\/uploads\/catalog-hang\/tomate\/catalog-tomate-07-2023-39-963x1536.jpg 963w\" sizes=\"auto, (max-width: 1067px) 100vw, 1067px\" \/><figcaption id=\"caption-attachment-16495\" class=\"wp-caption-text\">Catalog Tomate 2023 &#8211; TOM 4200<\/figcaption><\/figure>\n<h2>M\u00e1y H\u00fat Kh\u00f3i Kh\u1eed M\u00f9i Tomate Ch\u00ednh H\u00e3ng<\/h2>\n<figure id=\"attachment_16498\" aria-describedby=\"caption-attachment-16498\" style=\"width: 1067px\" class=\"wp-caption alignnone\"><img loading=\"lazy\" decoding=\"async\" class=\"wp-image-16498 size-full\" src=\"https:\/\/livinghome.vn\/thiet-bi\/wp-content\/uploads\/catalog-hang\/tomate\/catalog-tomate-07-2023-36.jpg\" alt=\"M\u00e1y H\u00fat Kh\u00f3i Kh\u1eed M\u00f9i Tomate Ch\u00ednh H\u00e3ng\" width=\"1067\" height=\"1702\" title=\"\" srcset=\"https:\/\/livinghome.vn\/thiet-bi\/wp-content\/uploads\/catalog-hang\/tomate\/catalog-tomate-07-2023-36.jpg 1067w, https:\/\/livinghome.vn\/thiet-bi\/wp-content\/uploads\/catalog-hang\/tomate\/catalog-tomate-07-2023-36-600x957.jpg 600w, https:\/\/livinghome.vn\/thiet-bi\/wp-content\/uploads\/catalog-hang\/tomate\/catalog-tomate-07-2023-36-251x400.jpg 251w, https:\/\/livinghome.vn\/thiet-bi\/wp-content\/uploads\/catalog-hang\/tomate\/catalog-tomate-07-2023-36-502x800.jpg 502w, https:\/\/livinghome.vn\/thiet-bi\/wp-content\/uploads\/catalog-hang\/tomate\/catalog-tomate-07-2023-36-768x1225.jpg 768w, https:\/\/livinghome.vn\/thiet-bi\/wp-content\/uploads\/catalog-hang\/tomate\/catalog-tomate-07-2023-36-963x1536.jpg 963w\" sizes=\"auto, (max-width: 1067px) 100vw, 1067px\" \/><figcaption id=\"caption-attachment-16498\" class=\"wp-caption-text\">Kh\u00f4ng gian b\u1ebfp c\u00e0ng tr\u1edf n\u00ean sang tr\u1ecdng hi\u1ec7n \u0111\u1ea1i h\u01a1n v\u1edbi M\u00e1y h\u00fat m\u00f9i Tomate<\/figcaption><\/figure>\n<h2>C\u00f4ng Ngh\u1ec7 M\u00e1y H\u00fat M\u00f9i Tomate Green Air<\/h2>\n<figure id=\"attachment_16497\" aria-describedby=\"caption-attachment-16497\" style=\"width: 1067px\" class=\"wp-caption alignnone\"><img loading=\"lazy\" decoding=\"async\" class=\"wp-image-16497 size-full\" src=\"https:\/\/livinghome.vn\/thiet-bi\/wp-content\/uploads\/catalog-hang\/tomate\/catalog-tomate-07-2023-37.jpg\" alt=\"C\u00f4ng Ngh\u1ec7 M\u00e1y H\u00fat M\u00f9i Tomate Green Air\" width=\"1067\" height=\"1702\" title=\"\" srcset=\"https:\/\/livinghome.vn\/thiet-bi\/wp-content\/uploads\/catalog-hang\/tomate\/catalog-tomate-07-2023-37.jpg 1067w, https:\/\/livinghome.vn\/thiet-bi\/wp-content\/uploads\/catalog-hang\/tomate\/catalog-tomate-07-2023-37-600x957.jpg 600w, https:\/\/livinghome.vn\/thiet-bi\/wp-content\/uploads\/catalog-hang\/tomate\/catalog-tomate-07-2023-37-251x400.jpg 251w, https:\/\/livinghome.vn\/thiet-bi\/wp-content\/uploads\/catalog-hang\/tomate\/catalog-tomate-07-2023-37-502x800.jpg 502w, https:\/\/livinghome.vn\/thiet-bi\/wp-content\/uploads\/catalog-hang\/tomate\/catalog-tomate-07-2023-37-768x1225.jpg 768w, https:\/\/livinghome.vn\/thiet-bi\/wp-content\/uploads\/catalog-hang\/tomate\/catalog-tomate-07-2023-37-963x1536.jpg 963w\" sizes=\"auto, (max-width: 1067px) 100vw, 1067px\" \/><figcaption id=\"caption-attachment-16497\" class=\"wp-caption-text\">B\u1ea7u kh\u00f4ng kh\u00ed tho\u00e1ng m\u00e1t trong qu\u00e1 tr\u00ecnh n\u1ea5u \u0103n lu\u00f4n l\u00e0 GI\u00e1 tr\u1ecb m\u00e0 c\u00e1c d\u00f2ng m\u00e1y h\u00fat m\u00f9i tomate mang \u0111\u1ebfn<\/figcaption><\/figure>\n","protected":false},"excerpt":{"rendered":"<h3>M\u00e1y H\u00fat M\u00f9i Tomate TOM 4200 Nh\u1eadp Kh\u1ea9u<\/h3>\n<ul>\n<li>M\u1ee9c c\u00f4ng su\u1ea5t:\u00a03<\/li>\n<li>Kh\u1eed m\u00f9i b\u1eb1ng than ho\u1ea1t tinh<\/li>\n<li>Ch\u1ee9c n\u0103ng h\u00fat \u0111\u1ea9y: Tr\u1ef1c ti\u1ebfp tu\u1ea7n ho\u00e0n bang than ho\u1ea1t tinh.<\/li>\n<li>\u0110i\u1ec7n ngu\u1ed3n: 220-240 VAC<\/li>\n<li>T\u1ea7n s\u1ed1 : 50\/60 Hz<\/li>\n<li>K\u00edch th\u01b0\u1edbc : 405x405mm<\/li>\n<\/ul>\n<p>&nbsp;<\/p>\n","protected":false},"featured_media":16415,"comment_status":"open","ping_status":"closed","template":"","meta":[],"product_brand":[],"product_cat":[602,134,364],"product_tag":[86,189,370,372],"class_list":{"0":"post-2724","1":"product","2":"type-product","3":"status-publish","4":"has-post-thumbnail","6":"product_cat-may-hut-mui-tomate","7":"product_cat-may-hut-mui-oc-dao","8":"product_cat-thuong-hieu-tomate","9":"product_tag-may-hut-mui","10":"product_tag-may-hut-mui-doc-lap","11":"product_tag-may-hut-mui-tomate","12":"product_tag-tomate","14":"first","15":"instock","16":"sale","17":"shipping-taxable","18":"purchasable","19":"product-type-simple"},"_links":{"self":[{"href":"https:\/\/livinghome.vn\/thiet-bi\/wp-json\/wp\/v2\/product\/2724","targetHints":{"allow":["GET"]}}],"collection":[{"href":"https:\/\/livinghome.vn\/thiet-bi\/wp-json\/wp\/v2\/product"}],"about":[{"href":"https:\/\/livinghome.vn\/thiet-bi\/wp-json\/wp\/v2\/types\/product"}],"replies":[{"embeddable":true,"href":"https:\/\/livinghome.vn\/thiet-bi\/wp-json\/wp\/v2\/comments?post=2724"}],"wp:featuredmedia":[{"embeddable":true,"href":"https:\/\/livinghome.vn\/thiet-bi\/wp-json\/wp\/v2\/media\/16415"}],"wp:attachment":[{"href":"https:\/\/livinghome.vn\/thiet-bi\/wp-json\/wp\/v2\/media?parent=2724"}],"wp:term":[{"taxonomy":"product_brand","embeddable":true,"href":"https:\/\/livinghome.vn\/thiet-bi\/wp-json\/wp\/v2\/product_brand?post=2724"},{"taxonomy":"product_cat","embeddable":true,"href":"https:\/\/livinghome.vn\/thiet-bi\/wp-json\/wp\/v2\/product_cat?post=2724"},{"taxonomy":"product_tag","embeddable":true,"href":"https:\/\/livinghome.vn\/thiet-bi\/wp-json\/wp\/v2\/product_tag?post=2724"}],"curies":[{"name":"wp","href":"https:\/\/api.w.org\/{rel}","templated":true}]}}