{"id":2564,"date":"2023-01-12T16:54:57","date_gmt":"2023-01-12T16:54:57","guid":{"rendered":"https:\/\/livinghome.vn\/thiet-bi\/?post_type=product&#038;p=2564"},"modified":"2024-11-29T14:20:28","modified_gmt":"2024-11-29T07:20:28","slug":"may-rua-chen-teka-dsi-46750-ss-am-den-sang-trong-13-bo-chen-dia","status":"publish","type":"product","link":"https:\/\/livinghome.vn\/thiet-bi\/may-rua-chen-teka-dsi-46750-ss-am-den-sang-trong-13-bo-chen-dia\/","title":{"rendered":"M\u00e1y r\u1eeda ch\u00e9n Teka DSI 46750 SS \u00e2m \u0111en sang tr\u1ecdng 13 b\u1ed9 ch\u00e9n d\u0129a"},"content":{"rendered":"<h3>M\u00e1y r\u1eeda ch\u00e9n Teka DSI 46750 SS \u00e2m \u0111en sang tr\u1ecdng 13 b\u1ed9 ch\u00e9n d\u0129a<\/h3>\n<figure id=\"attachment_67598\" aria-describedby=\"caption-attachment-67598\" style=\"width: 900px\" class=\"wp-caption alignnone\"><img loading=\"lazy\" decoding=\"async\" class=\"wp-image-67598\" src=\"https:\/\/livinghome.vn\/thiet-bi\/wp-content\/uploads\/nha-bep\/teka\/may-rua-chen\/may-rua-chen-teka-dsi-46750-ss\/may-rua-chen-teka-dsi-46750-ss-9-1.jpg\" alt=\"M\u00e1y r\u1eeda ch\u00e9n Teka DSI 46750 SS \u00e2m \u0111en sang tr\u1ecdng 13 b\u1ed9 ch\u00e9n d\u0129a\" width=\"900\" height=\"506\" title=\"\"><figcaption id=\"caption-attachment-67598\" class=\"wp-caption-text\">M\u00e1y r\u1eeda ch\u00e9n Teka DSI 46750 SS \u00e2m \u0111en sang tr\u1ecdng 13 b\u1ed9 ch\u00e9n d\u0129a<\/figcaption><\/figure>\n<p>M\u00e1y r\u1eeda ch\u00e9n DSI 46750 SS\u200b c\u00f3 c\u00f4ng su\u1ea5t l\u00ean \u0111\u1ebfn 0.937kWh\/chu k\u1ef3, \u0111\u00e1p \u1ee9ng t\u1ed1t nhu c\u1ea7u c\u1ee7a m\u1ecdi gia \u0111\u00ecnh. V\u1edbi m\u1ee9c c\u00f4ng su\u1ea5t n\u00e0y, m\u00e1y c\u00f3 th\u1ec3 l\u00e0m s\u1ea1ch s\u1ed1 l\u01b0\u1ee3ng ch\u00e9n, d\u0129a t\u1eeb 100 \u0111\u1ebfn 110 c\u00e1i trong m\u1ed9t l\u1ea7n r\u1eeda. Ngo\u00e0i ra, \u0111i\u1ec3m c\u1ed9ng m\u00e1y r\u1eeda ch\u00e9n DSI 46750 SS 114270011\u200b l\u00e0 v\u1edbi m\u1ee9c c\u00f4ng su\u1ea5t l\u1edbn nh\u01b0ng thi\u1ebft b\u1ecb v\u1eabn ho\u1ea1t \u0111\u1ed9ng v\u00f4 c\u00f9ng \u00eam d\u1ecbu. M\u1ee9c \u0111\u1ed9 ti\u1ebfng \u1ed3n c\u1ee7a m\u00e1y v\u00f4 c\u00f9ng th\u1ea5p, ch\u1ec9 kho\u1ea3ng 47dB.<\/p>\n<figure id=\"attachment_67600\" aria-describedby=\"caption-attachment-67600\" style=\"width: 900px\" class=\"wp-caption alignnone\"><img loading=\"lazy\" decoding=\"async\" class=\"wp-image-67600\" src=\"https:\/\/livinghome.vn\/thiet-bi\/wp-content\/uploads\/nha-bep\/teka\/may-rua-chen\/may-rua-chen-teka-dsi-46750-ss\/may-rua-chen-teka-dsi-46750-ss-7-1.jpg\" alt=\"M\u00e1y r\u1eeda ch\u00e9n Teka DSI 46750 SS \u00e2m \u0111en sang tr\u1ecdng 13 b\u1ed9 ch\u00e9n d\u0129a\" width=\"900\" height=\"506\" title=\"\"><figcaption id=\"caption-attachment-67600\" class=\"wp-caption-text\">M\u00e1y r\u1eeda ch\u00e9n Teka DSI 46750 SS \u00e2m \u0111en sang tr\u1ecdng 13 b\u1ed9 ch\u00e9n d\u0129a<\/figcaption><\/figure>\n<p>.H\u1ec7 th\u1ed1ng c\u1ea3m bi\u1ebfn \u0111o \u0111\u1ed9 b\u1ea9n tr\u00ean b\u1ed9 \u0111\u1ed3 \u0103n c\u1ee7a b\u1ea1n, \u0111i\u1ec1u ch\u1ec9nh c\u00e1c th\u00f4ng s\u1ed1 r\u1eeda theo h\u1ea1t th\u1ee9c \u0103n v\u00e0 \u0111\u1ed9 b\u1ea9n trong m\u1ed7i l\u1ea7n s\u1eed d\u1ee5ng.\u00a0M\u1ed9t k\u1ebft qu\u1ea3 t\u1ed1i \u01b0u trong m\u1ed7i chu k\u1ef3.<\/p>\n<h3>T\u00ednh n\u0103ng c\u01a1 b\u1ea3n<\/h3>\n<ul>\n<li><a href=\"https:\/\/livinghome.vn\/thiet-bi\/may-rua-chen-bat\/\">M\u00e1y r\u1eeda ch\u00e9n<\/a> &#8211; M\u00e1y r\u1eeda ch\u00e9n l\u1eafp \u00e2m b\u00e1n ph\u1ea7n<\/li>\n<li>\u0110i\u1ec1u khi\u1ec3n \u0111i\u1ec7n t\u1eed v\u1edbi m\u00e0n h\u00ecnh hi\u1ec3n th\u1ecb<\/li>\n<li>R\u1eeda 13 b\u1ed9 ch\u00e9n d\u0129a<\/li>\n<li>7 ch\u01b0\u01a1ng tr\u00ecnh r\u1eeda v\u1edbi m\u1ee9c nhi\u1ec7t \u0111\u1ed9 45\u00b0, 50\u00b0, 55\u00b0, 65\u00b0, 70\u00b0C<\/li>\n<li>02 d\u00e0n \u0111\u1ec3 ch\u00e9n d\u0129a + 01 gi\u1ecf \u0111\u1ec3 mu\u1ed7ng \u0111\u0169a<\/li>\n<li>C\u1ea3m bi\u1ebfn th\u00f4ng minh \u0111o \u0111\u1ed9 b\u1ea9n ch\u00e9n d\u0129a SmartSensor<\/li>\n<li>Ch\u01b0\u01a1ng tr\u00ecnh r\u1eeda \u0111\u1eb7c bi\u1ec7t: r\u1eeda t\u1ef1 \u0111\u1ed9ng, v\u1ec7 sinh m\u00e1y t\u1ef1 \u0111\u1ed9ng, r\u1eeda t\u0103ng c\u01b0\u1eddng, r\u1eeda ti\u1ebft ki\u1ec7m ECO, r\u1eeda 1h, r\u1eeda s\u01a1, ch\u01b0\u01a1ng tr\u00ecnh r\u1eeda im l\u1eb7ng<\/li>\n<li>Ch\u1ee9c n\u0103ng r\u1eeda n\u1eeda t\u1ea3i<\/li>\n<li>Ch\u1ee9c n\u0103ng s\u1ea5y t\u0103ng c\u01b0\u1eddng<\/li>\n<li>\u0110\u00e8n LED b\u00e1o ch\u01b0\u01a1ng tr\u00ecnh r\u1eeda xu\u1ed1ng s\u00e0n<\/li>\n<li>H\u1ec7 th\u1ed1ng an to\u00e0n c\u1ea3m bi\u1ebfn \u0111\u1ed9 r\u00f2 r\u1ec9 n\u01b0\u1edbc Aquastop v\u00e0 Aquasafe<\/li>\n<li>\u0110\u00e8n b\u00e1o mu\u1ed1i v\u00e0 ch\u1ea5t tr\u1ee3 x\u1ea3<\/li>\n<li>Ch\u01b0\u01a1ng tr\u00ecnh tr\u00ec ho\u00e3n ho\u1ea1t \u0111\u1ed9ng 1-24h<\/li>\n<li>\u0110\u1ed9 \u1ed3n 47dB<\/li>\n<\/ul>\n<h3>Th\u00f4ng s\u1ed1 k\u1ef9 thu\u1eadt<\/h3>\n<ul>\n<li>Chi\u1ec1u cao(mm):\u00a0815<\/li>\n<li>Chi\u1ec1u r\u1ed9ng (mm):\u00a0598<\/li>\n<li>\u0110\u1ed9 s\u00e2u (mm):\u00a0570<\/li>\n<li>Tr\u1ecdng l\u01b0\u1ee3ng (Kgs):\u00a029,3<\/li>\n<li>K\u00edch th\u01b0\u1edbc v\u1ecb tr\u00ed l\u1eafp \u0111\u1eb7t :\u00a013<\/li>\n<li>N\u0103ng l\u01b0\u1ee3ng ti\u00eau th\u1ee5 (kWh \/ n\u0103m):\u00a0262<\/li>\n<li>\u0110i\u1ec7n n\u0103ng ti\u00eau th\u1ee5 (Kwh):\u00a00,923<\/li>\n<li>L\u01b0\u1ee3ng n\u01b0\u1edbc ti\u00eau th\u1ee5 (l\u00edt \/ n\u0103m):\u00a03080<\/li>\n<li>Ch\u01b0\u01a1ng tr\u00ecnh chu\u1ea9n:\u00a0ECO<\/li>\n<li>Th\u1eddi l\u01b0\u1ee3ng chu k\u1ef3 (ph\u00fat):\u00a0230<\/li>\n<li>Ti\u1ebfng \u1ed3n (dB):\u00a047<\/li>\n<li>Gi\u1ea5y ch\u1ee9ng nh\u1eadn:\u00a0GS;CE;EMC;LVD;CB<\/li>\n<\/ul>\n<h3 class=\"et_pb_toggle_title\">Cung c\u1ea5p \u0111i\u1ec7n n\u0103ng<\/h3>\n<ul>\n<li>T\u1ea7n s\u1ed1 (Hz):\u00a050<\/li>\n<li>C\u00f4ng su\u1ea5t (V):\u00a0220<\/li>\n<li>Ph\u00edch c\u1eafm:\u00a0EU<\/li>\n<li>Chi\u1ec1u d\u00e0i d\u00e2y c\u00e1p (cm):\u00a0150<\/li>\n<li>C\u00f4ng su\u1ea5t ti\u00eau chu\u1ea9n t\u1ed1i \u0111a (W):\u00a02100<\/li>\n<li>Y\u1ebfu t\u1ed1 l\u00e0m n\u00f3ng c\u00f4ng su\u1ea5t ti\u00eau chu\u1ea9n (W):\u00a01800<\/li>\n<\/ul>\n<figure id=\"attachment_67603\" aria-describedby=\"caption-attachment-67603\" style=\"width: 800px\" class=\"wp-caption alignnone\"><img loading=\"lazy\" decoding=\"async\" class=\"wp-image-67603 size-large\" src=\"https:\/\/livinghome.vn\/thiet-bi\/wp-content\/uploads\/nha-bep\/teka\/may-rua-chen\/may-rua-chen-teka-dsi-46750-ss\/may-rua-chen-teka-dsi-46750-ss-10-800x800.jpg\" alt=\"M\u00e1y r\u1eeda ch\u00e9n Teka DSI 46750 SS \u00e2m \u0111en sang tr\u1ecdng 13 b\u1ed9 ch\u00e9n d\u0129a\" width=\"800\" height=\"800\" title=\"\"><figcaption id=\"caption-attachment-67603\" class=\"wp-caption-text\">K\u00edch th\u01b0\u1edbc m\u00e1y r\u1eeda ch\u00e9n Teka DSI 46750 SS \u00e2m \u0111en sang tr\u1ecdng 13 b\u1ed9 ch\u00e9n d\u0129a<\/figcaption><\/figure>\n<p>M\u00e1y r\u1eeda ch\u00e9n Teka DSI 46750 SS\u200b \u0111\u01b0\u1ee3c d\u00e1n nh\u00e3n n\u0103ng l\u01b0\u1ee3ng A++ theo ti\u00eau chu\u1ea9n ch\u00e2u \u00c2u. Ch\u1ec9 nh\u1eefng thi\u1ebft b\u1ecb s\u1eed d\u1ee5ng n\u0103ng l\u01b0\u1ee3ng m\u1ed9t c\u00e1ch t\u1ed1i \u01b0u nh\u1ea5t, kh\u00f4ng c\u00f3 n\u0103ng l\u01b0\u1ee3ng hao ph\u00ed th\u00ec m\u1edbi \u0111\u01b0\u1ee3c d\u00e1n nh\u00e3n n\u00e0y. M\u1ee9c A++ l\u00e0 m\u1ed9t trong nh\u1eefng m\u1ee9c ti\u1ebft ki\u1ec7m n\u0103ng l\u01b0\u1ee3ng cao. B\u00ean c\u1ea1nh \u0111\u00f3, m\u00e1y r\u1eeda ch\u00e9n DSI 46750 SS 114270011\u200b c\u00f2n c\u00f3 ch\u01b0\u01a1ng tr\u00ecnh r\u1eeda Eco gi\u00fap r\u1eeda ch\u00e9n, d\u0129a s\u1ea1ch s\u1ebd v\u00e0 nhanh ch\u00f3ng, \u0111\u1ed3ng th\u1eddi ti\u1ebft ki\u1ec7m t\u1ed1i \u0111a l\u01b0\u1ee3ng n\u01b0\u1edbc s\u1eed d\u1ee5ng.<\/p>\n<h3>Xu\u1ea5t x\u1ee9: Th\u1ed5 Nh\u0129 K\u1ef3<\/h3>\n<div><\/div>\n","protected":false},"excerpt":{"rendered":"<div id=\"product-title\" class=\"et_pb_module et_pb_text et_pb_bg_layout_light et_pb_text_align_left\">\n<div class=\"et_pb_text_inner\">\n<h1>M\u00e1y r\u1eeda ch\u00e9n l\u1eafp \u00e2m b\u00e1n ph\u1ea7n<\/h1>\n<\/div>\n<\/div>\n<div class=\"et_pb_module et_pb_text et_pb_text_1 et_pb_bg_layout_light et_pb_text_align_left\">\n<div class=\"et_pb_text_inner\">\n<div id=\"product-content\">\n<ul>\n<li>B\u1ea3ng \u0111i\u1ec1u khi\u1ec3n \u0111i\u1ec7n t\u1eed v\u1edbi m\u00e0n h\u00ecnh hi\u1ec3n th\u1ecb<\/li>\n<li>R\u1eeda 13 b\u1ed9 ch\u00e9 d\u0129a<\/li>\n<li>7 ch\u01b0\u01a1ng tr\u00ecnh r\u1eeda v\u1edbi 5 m\u1ee9c nhi\u1ec7t \u0111\u1ed9 r\u1eeda<\/li>\n<li>02 d\u00e0n \u0111\u1ec3 ch\u00e9n d\u0129a + 01 gi\u1ecf \u0111\u1ec3 mu\u1ed7ng \u0111\u0169a<\/li>\n<li>C\u1ea3m bi\u1ebfn th\u00f4ng minh \u0111o \u0111\u1ed9 b\u1ea9n c\u1ee7a ch\u00e9n d\u0129a SmartSensor<\/li>\n<li>R\u1eeda n\u1eeda t\u1ea3i<\/li>\n<li>S\u1ea5y t\u0103ng c\u01b0\u1eddng<\/li>\n<li>\u0110\u00e8n b\u00e1o ch\u01b0\u01a1ng tr\u00ecnh r\u1eeda xu\u1ed1ng s\u00e0n<\/li>\n<li>\u0110\u1ed9 \u1ed3n 47dB<\/li>\n<\/ul>\n<\/div>\n<\/div>\n<\/div>\n","protected":false},"featured_media":2674,"comment_status":"open","ping_status":"closed","template":"","meta":[],"product_brand":[],"product_cat":[92,822,828,827,867,356,311],"product_tag":[93,357,358,359,298,313],"class_list":{"0":"post-2564","1":"product","2":"type-product","3":"status-publish","4":"has-post-thumbnail","6":"product_cat-may-rua-chen-bat","7":"product_cat-may-rua-chen-bat-13-bo","8":"product_cat-may-rua-chen-bat-am-tu","9":"product_cat-may-rua-chen-bat-ban-am","10":"product_cat-may-rua-chen-bat-chau-au","11":"product_cat-may-rua-chen-bat-teka","12":"product_cat-thuong-hieu-teka","13":"product_tag-may-rua-chen","14":"product_tag-may-rua-chen-am","15":"product_tag-may-rua-chen-am-toan-phan","16":"product_tag-may-rua-chen-teka","17":"product_tag-may-rua-chen-tich-hop","18":"product_tag-teka","20":"first","21":"instock","22":"sale","23":"shipping-taxable","24":"purchasable","25":"product-type-simple"},"_links":{"self":[{"href":"https:\/\/livinghome.vn\/thiet-bi\/wp-json\/wp\/v2\/product\/2564","targetHints":{"allow":["GET"]}}],"collection":[{"href":"https:\/\/livinghome.vn\/thiet-bi\/wp-json\/wp\/v2\/product"}],"about":[{"href":"https:\/\/livinghome.vn\/thiet-bi\/wp-json\/wp\/v2\/types\/product"}],"replies":[{"embeddable":true,"href":"https:\/\/livinghome.vn\/thiet-bi\/wp-json\/wp\/v2\/comments?post=2564"}],"wp:featuredmedia":[{"embeddable":true,"href":"https:\/\/livinghome.vn\/thiet-bi\/wp-json\/wp\/v2\/media\/2674"}],"wp:attachment":[{"href":"https:\/\/livinghome.vn\/thiet-bi\/wp-json\/wp\/v2\/media?parent=2564"}],"wp:term":[{"taxonomy":"product_brand","embeddable":true,"href":"https:\/\/livinghome.vn\/thiet-bi\/wp-json\/wp\/v2\/product_brand?post=2564"},{"taxonomy":"product_cat","embeddable":true,"href":"https:\/\/livinghome.vn\/thiet-bi\/wp-json\/wp\/v2\/product_cat?post=2564"},{"taxonomy":"product_tag","embeddable":true,"href":"https:\/\/livinghome.vn\/thiet-bi\/wp-json\/wp\/v2\/product_tag?post=2564"}],"curies":[{"name":"wp","href":"https:\/\/api.w.org\/{rel}","templated":true}]}}