{"id":2563,"date":"2023-01-12T16:54:57","date_gmt":"2023-01-12T16:54:57","guid":{"rendered":"https:\/\/livinghome.vn\/thiet-bi\/?post_type=product&#038;p=2563"},"modified":"2024-11-29T14:20:28","modified_gmt":"2024-11-29T07:20:28","slug":"tu-lanh-teka-rlf-74925-ss-eu-dung-doc-lap-dung-tich-490lit","status":"publish","type":"product","link":"https:\/\/livinghome.vn\/thiet-bi\/tu-lanh-teka-rlf-74925-ss-eu-dung-doc-lap-dung-tich-490lit\/","title":{"rendered":"T\u1ee7 l\u1ea1nh Teka RLF 74925 SS EU \u0111\u1ee9ng \u0111\u1ed9c l\u1eadp dung t\u00edch 490l\u00edt"},"content":{"rendered":"<h2>T\u1ee7 l\u1ea1nh Teka RLF 74925 SS EU \u0111\u1ee9ng \u0111\u1ed9c l\u1eadp t\u00edch h\u1ee3p qu\u1ea7y bar tr\u00ean c\u1eeda<\/h2>\n<p>L\u1ea5y \u0111\u1ed3 u\u1ed1ng m\u00e0 kh\u00f4ng c\u1ea7n m\u1edf c\u1eeda ch\u1ec9 v\u1edbi m\u1ed9t l\u1ea7n ch\u1ea1m. D\u1ec5 d\u00e0ng truy c\u1eadp v\u00e0o ng\u0103n \u0111\u1eb7c bi\u1ec7t d\u00e0nh cho \u0111\u1ed3 u\u1ed1ng, tr\u00e1nh vi\u1ec7c ph\u1ea3i m\u1edf c\u1eeda t\u1ee7 l\u1ea1nh. H\u1ec7 th\u1ed1ng BarOnDoor kh\u00f4ng ch\u1ec9 c\u00f3 thi\u1ebft k\u1ebf th\u00f4ng minh m\u00e0 c\u00f2n gi\u00fap ti\u00eau th\u1ee5 \u00edt n\u0103ng l\u01b0\u1ee3ng h\u01a1n.<\/p>\n<figure id=\"attachment_67575\" aria-describedby=\"caption-attachment-67575\" style=\"width: 1200px\" class=\"wp-caption alignnone\"><img loading=\"lazy\" decoding=\"async\" class=\"size-full wp-image-67575\" src=\"https:\/\/livinghome.vn\/thiet-bi\/wp-content\/uploads\/nha-bep\/teka\/tu-lanh\/tu-lanh-teka-rlf-74925-ss-eu\/tu-lanh-teka-rlf-74925-ss-eu-4-1.jpg\" alt=\"T\u1ee7 l\u1ea1nh Teka RLF 74925 SS EU \u0111\u1ee9ng \u0111\u1ed9c l\u1eadp dung t\u00edch 490l\u00edt\" width=\"1200\" height=\"675\" title=\"\"><figcaption id=\"caption-attachment-67575\" class=\"wp-caption-text\">Qu\u1ea7y bar tr\u00ean c\u1eeda c\u1ee7a t\u1ee7 l\u1ea1nh Teka RLF 74925 SS EU<\/figcaption><\/figure>\n<h3><strong>Th\u00f4ng s\u1ed1 k\u1ef9 thu\u1eadt<\/strong><\/h3>\n<ul>\n<li><a href=\"https:\/\/livinghome.vn\/thiet-bi\/tu-lanh\/\">T\u1ee7 l\u1ea1nh<\/a> side by side \u0111\u1ee9ng \u0111\u1ed9c l\u1eadp<\/li>\n<li>Dung t\u00edch (t\u1ed5ng\/th\u1ef1c): 574 \/ 490 l\u00edt<\/li>\n<li>Dung t\u00edch ng\u0103n l\u1ea1nh: 334 l\u00edt<\/li>\n<li>Dung t\u00edch ng\u0103n \u0111\u00f4ng: 156 l\u00edt<\/li>\n<li>Kh\u00f4ng \u0111\u00f3ng tuy\u1ebft<\/li>\n<li>M\u00e0n h\u00ecnh \u0111i\u1ec1u khi\u1ec3n c\u1ea3m \u1ee9ng b\u00ean ngo\u00e0i tr\u00ean c\u1eeda<\/li>\n<li>\u0110i\u1ec1u ch\u1ec9nh nhi\u1ec7t \u0111\u1ed9 v\u00e0 \u0111\u1ed9 \u1ea9m trong ng\u0103n FreshBox<\/li>\n<li>Ng\u0103n k\u00e9o b\u1eb1ng k\u00ednh c\u01b0\u1eddng l\u1ef1c<\/li>\n<li>L\u00e0m \u0111\u00e1 v\u00e0 l\u1ea5y n\u01b0\u1edbc t\u1ef1 \u0111\u1ed9ng<\/li>\n<li>Ng\u0103n minibar b\u00ean ngo\u00e0i<\/li>\n<li>Ch\u1ee9c n\u0103ng ngh\u1ec9 l\u1ec5<\/li>\n<li>Ch\u1ebf \u0111\u1ed9 l\u00e0m \u0111\u00e1 v\u00e0 l\u00e0m l\u1ea1nh nhanh<\/li>\n<li>Ch\u00e2n \u0111i\u1ec1u khi\u1ec3n ph\u00eda tr\u01b0\u1edbc<\/li>\n<li>\u0110\u00e8n LED chi\u1ebfu s\u00e1ng b\u00ean trong t\u1ee7<\/li>\n<li>2 khay l\u00e0m \u0111\u00e1<\/li>\n<li>\u0110\u1ed9 \u1ed3n: 41dB<\/li>\n<\/ul>\n<figure id=\"attachment_67574\" aria-describedby=\"caption-attachment-67574\" style=\"width: 800px\" class=\"wp-caption alignnone\"><img loading=\"lazy\" decoding=\"async\" class=\"size-large wp-image-67574\" src=\"https:\/\/livinghome.vn\/thiet-bi\/wp-content\/uploads\/nha-bep\/teka\/tu-lanh\/tu-lanh-teka-rlf-74925-ss-eu\/tu-lanh-teka-rlf-74925-ss-eu-1-1-800x800.jpg\" alt=\"T\u1ee7 l\u1ea1nh Teka RLF 74925 SS EU \u0111\u1ee9ng \u0111\u1ed9c l\u1eadp dung t\u00edch 490l\u00edt\" width=\"800\" height=\"800\" title=\"\"><figcaption id=\"caption-attachment-67574\" class=\"wp-caption-text\">T\u1ee7 l\u1ea1nh Teka RLF 74925 SS EU \u0111\u1ee9ng \u0111\u1ed9c l\u1eadp dung t\u00edch 490l\u00edt<\/figcaption><\/figure>\n<h4>K\u00edch th\u01b0\u1edbc chung<\/h4>\n<ul>\n<li><strong>Chi\u1ec1u cao(mm):\u00a0<\/strong>1788<\/li>\n<li><strong>Chi\u1ec1u r\u1ed9ng (mm):\u00a0<\/strong>895<\/li>\n<li><strong>\u0110\u1ed9 s\u00e2u (mm):\u00a0<\/strong>774<\/li>\n<li><strong>Tr\u1ecdng l\u01b0\u1ee3ng (Kgs):\u00a0<\/strong>112<\/li>\n<\/ul>\n<figure id=\"attachment_67571\" aria-describedby=\"caption-attachment-67571\" style=\"width: 800px\" class=\"wp-caption alignnone\"><img loading=\"lazy\" decoding=\"async\" class=\"size-large wp-image-67571\" src=\"https:\/\/livinghome.vn\/thiet-bi\/wp-content\/uploads\/nha-bep\/teka\/tu-lanh\/tu-lanh-teka-rlf-74925-ss-eu\/tu-lanh-teka-rlf-74925-ss-eu-7-1-800x800.jpg\" alt=\"T\u1ee7 l\u1ea1nh Teka RLF 74925 SS EU \u0111\u1ee9ng \u0111\u1ed9c l\u1eadp dung t\u00edch 490l\u00edt\" width=\"800\" height=\"800\" title=\"\"><figcaption id=\"caption-attachment-67571\" class=\"wp-caption-text\">Th\u00f4ng s\u1ed1 k\u1ef9 thu\u1eadt t\u1ee7 l\u1ea1nh Teka RLF 74925 SS EU<\/figcaption><\/figure>\n<h4>B\u1ea3ng s\u1ea3n ph\u1ea9m<\/h4>\n<ul>\n<li><strong>Kh\u00f4ng t\u1ea1o tuy\u1ebft trong ng\u0103n t\u1ee7 l\u1ea1nh:\u00a0<\/strong>\u0110\u00fang<\/li>\n<li><strong>Kh\u00f4ng t\u1ea1o tuy\u1ebft trong ng\u0103n m\u00e1t:\u00a0<\/strong>\u0110\u00fang<\/li>\n<li><strong>Kh\u00f4ng t\u1ea1o tuy\u1ebft trong ng\u0103n \u0111\u00f4ng:\u00a0<\/strong>\u0110\u00fang<\/li>\n<li><strong>T\u1ed5ng dung t\u00edch (l\u00edt):\u00a0<\/strong>574<\/li>\n<li><strong>Dung t\u00edch ng\u0103n t\u1ee7 l\u1ea1nh (l\u00edt):\u00a0<\/strong>334<\/li>\n<li><strong>Dung t\u00edch ng\u0103n \u0111\u00f4ng (l\u00edt):\u00a0<\/strong>156<\/li>\n<li><strong>Ph\u00e2n lo\u1ea1i t\u1ee7 \u0111\u00f4ng:\u00a0<\/strong>4<\/li>\n<li><strong>Kh\u1ea3 n\u0103ng l\u00e0m \u0111\u00f4ng :\u00a0<\/strong>14<\/li>\n<li><strong>M\u1ee9c \u0111i\u1ec7n n\u0103ng ti\u00eau th\u1ee5 h\u00e0ng n\u0103m (kWa \/ n\u0103m):\u00a0<\/strong>318<\/li>\n<li><strong>Th\u1eddi gian t\u0103ng nhi\u1ec7t \u0111\u1ed9 (h):\u00a0<\/strong>7 (6 AT 1\/3\/2021)<\/li>\n<li><strong>M\u1ee9c th\u00edch nghi m\u00f4i tr\u01b0\u1eddng :\u00a0<\/strong>SN\/T<\/li>\n<li><strong>Ti\u1ebfng \u1ed3n (dB):\u00a0<\/strong>41<\/li>\n<li><strong>Gi\u1ea5y ch\u1ee9ng nh\u1eadn:\u00a0<\/strong>CE, TUV, GS<\/li>\n<\/ul>\n<h4>Cung c\u1ea5p \u0111i\u1ec7n n\u0103ng<\/h4>\n<ul>\n<li><strong>T\u1ea7n s\u1ed1 (Hz):\u00a0<\/strong>50<\/li>\n<li><strong>C\u00f4ng su\u1ea5t (V):\u00a0<\/strong>220-240<\/li>\n<li><strong>C\u00f4ng su\u1ea5t (W):\u00a0<\/strong>188<\/li>\n<li><strong>C\u00f4ng su\u1ea5t ch\u1ee9c n\u0103ng r\u00e3 \u0111\u00f4ng (W):\u00a0<\/strong>240<\/li>\n<li><strong>N\u0103ng l\u01b0\u1ee3ng ti\u00eau th\u1ee5(kw \/ ng\u00e0y):\u00a0<\/strong>0,882<\/li>\n<li><strong>Chi\u1ec1u d\u00e0i d\u00e2y c\u00e1p (cm):\u00a0<\/strong>1750<\/li>\n<\/ul>\n<h4>\u0110\u1eb7c t\u00ednh<\/h4>\n<ul>\n<li><strong>C\u1eeda ch\u1ed1ng v\u00e2n tay:\u00a0<\/strong>\u0110\u00fang<\/li>\n<li><strong>H\u1ec7 th\u1ed1ng kh\u00e1ng khu\u1ea9n:\u00a0<\/strong>NO<\/li>\n<li><strong>Ch\u1ee9c n\u0103ng \u0111\u00f4ng nhanh :\u00a0<\/strong>\u0110\u00fang<\/li>\n<li><strong>Ch\u1ee9c n\u0103ng l\u00e0m l\u1ea1nh nhanh:\u00a0<\/strong>\u0110\u00fang<\/li>\n<li><strong>\u0110\u00e8n b\u00ean trong:\u00a0<\/strong>\u0110\u00fang<\/li>\n<\/ul>\n<h4>\u0110\u00e8n b\u00e1o \u0111i\u1ec1u khi\u1ec3n<\/h4>\n<ul>\n<li><strong>T\u1ee7 l\u1ea1nh ho\u1ea1t \u0111\u1ed9ng:\u00a0<\/strong>\u0110\u00fang<\/li>\n<li><strong>T\u1ee7 \u0111\u00f4ng v\u1eadn h\u00e0nh:\u00a0<\/strong>\u0110\u00fang<\/li>\n<li><strong>Hi\u1ec3n th\u1ecb nhi\u1ec7t \u0111\u1ed9 ng\u0103n \u0111\u00f4ng:\u00a0<\/strong>\u0110\u00fang<\/li>\n<li><strong>Nh\u1ea1c b\u00e1o :\u00a0<\/strong>\u0110\u00fang<\/li>\n<\/ul>\n<h4>Thi\u1ebft b\u1ecb<\/h4>\n<ul>\n<li><strong>Gi\u00e1 \u0111\u1ef1ng chai, l\u1ecd m\u1ea1 cr\u00f4m:\u00a0<\/strong>NO<\/li>\n<li><strong>Khay \u0111\u00e1:\u00a0<\/strong>2<\/li>\n<li><strong>Ch\u00e2n \u0111\u1ebf sau c\u00f3 th\u1ec3 \u0111i\u1ec1u ch\u1ec9nh:\u00a0<\/strong>\u0110\u00fang<\/li>\n<li><strong>Ch\u00e2n \u0111\u1ebf tr\u01b0\u1edbc c\u00f3 th\u1ec3 \u0111i\u1ec1u ch\u1ec9nh:\u00a0<\/strong>\u0110\u00fang<\/li>\n<li><strong>K\u1ec7 c\u00f3 th\u1ec3 \u0111i\u1ec1u ch\u1ec9nh :\u00a0<\/strong>\u0110\u00fang<\/li>\n<li><strong>H\u1ed9c \u0111\u1ef1ng rau c\u1ee7:\u00a0<\/strong>2<\/li>\n<\/ul>\n","protected":false},"excerpt":{"rendered":"<div id=\"product-title\" class=\"et_pb_module et_pb_text et_pb_bg_layout_light et_pb_text_align_left\">\n<div class=\"et_pb_text_inner\">\n<div id=\"product-title\" class=\"et_pb_module et_pb_text et_pb_bg_layout_light et_pb_text_align_left\">\n<div class=\"et_pb_text_inner\">\n<h2 style=\"text-align: center;\">T\u1ee7 l\u1ea1nh Teka RLF 74925 SS EU<\/h2>\n<\/div>\n<\/div>\n<div class=\"et_pb_module et_pb_text et_pb_text_1 et_pb_bg_layout_light et_pb_text_align_left\">\n<div class=\"et_pb_text_inner\">\n<div id=\"product-content\">\n<p style=\"text-align: center;\">T\u1ee7 l\u1ea1nh kh\u00f4ng \u0111\u00f3ng tuy\u1ebft \u1edf ng\u0103n m\u00e1t v\u00e0 ng\u0103n \u0111\u00f4ng<\/p>\n<p style=\"text-align: center;\">M\u00e0n h\u00ecnh \u0111i\u1ec1u khi\u1ec3n c\u1ea3m \u1ee9ng tr\u00ean c\u1eeda<\/p>\n<p style=\"text-align: center;\">Ch\u1ee9c n\u0103ng ngh\u1ec9 l\u1ec5<\/p>\n<p style=\"text-align: center;\">L\u00e0m \u0111\u00e1 v\u00e0 l\u1ea5y n\u01b0\u1edbc t\u1ef1 \u0111\u1ed9ng<\/p>\n<\/div>\n<\/div>\n<\/div>\n<\/div>\n<\/div>\n","protected":false},"featured_media":2667,"comment_status":"open","ping_status":"closed","template":"","meta":[],"product_brand":[],"product_cat":[311,360],"product_tag":[313,203,362,363,361],"class_list":{"0":"post-2563","1":"product","2":"type-product","3":"status-publish","4":"has-post-thumbnail","6":"product_cat-thuong-hieu-teka","7":"product_cat-tu-lanh-teka","8":"product_tag-teka","9":"product_tag-tu-lanh","10":"product_tag-tu-lanh-dung-doc-lap","11":"product_tag-tu-lanh-side-by-side","12":"product_tag-tu-lanh-teka","14":"first","15":"instock","16":"sale","17":"shipping-taxable","18":"purchasable","19":"product-type-simple"},"_links":{"self":[{"href":"https:\/\/livinghome.vn\/thiet-bi\/wp-json\/wp\/v2\/product\/2563","targetHints":{"allow":["GET"]}}],"collection":[{"href":"https:\/\/livinghome.vn\/thiet-bi\/wp-json\/wp\/v2\/product"}],"about":[{"href":"https:\/\/livinghome.vn\/thiet-bi\/wp-json\/wp\/v2\/types\/product"}],"replies":[{"embeddable":true,"href":"https:\/\/livinghome.vn\/thiet-bi\/wp-json\/wp\/v2\/comments?post=2563"}],"wp:featuredmedia":[{"embeddable":true,"href":"https:\/\/livinghome.vn\/thiet-bi\/wp-json\/wp\/v2\/media\/2667"}],"wp:attachment":[{"href":"https:\/\/livinghome.vn\/thiet-bi\/wp-json\/wp\/v2\/media?parent=2563"}],"wp:term":[{"taxonomy":"product_brand","embeddable":true,"href":"https:\/\/livinghome.vn\/thiet-bi\/wp-json\/wp\/v2\/product_brand?post=2563"},{"taxonomy":"product_cat","embeddable":true,"href":"https:\/\/livinghome.vn\/thiet-bi\/wp-json\/wp\/v2\/product_cat?post=2563"},{"taxonomy":"product_tag","embeddable":true,"href":"https:\/\/livinghome.vn\/thiet-bi\/wp-json\/wp\/v2\/product_tag?post=2563"}],"curies":[{"name":"wp","href":"https:\/\/api.w.org\/{rel}","templated":true}]}}