{"id":2562,"date":"2023-01-12T16:54:57","date_gmt":"2023-01-12T16:54:57","guid":{"rendered":"https:\/\/livinghome.vn\/thiet-bi\/?post_type=product&#038;p=2562"},"modified":"2024-11-29T14:20:28","modified_gmt":"2024-11-29T07:20:28","slug":"may-rua-chen-teka-dfs-76850-220-50-ss-doc-lap-cao-cap-14-bo-chen-dia","status":"publish","type":"product","link":"https:\/\/livinghome.vn\/thiet-bi\/may-rua-chen-teka-dfs-76850-220-50-ss-doc-lap-cao-cap-14-bo-chen-dia\/","title":{"rendered":"M\u00e1y r\u1eeda ch\u00e9n Teka DFS 76850 220 50 SS \u0111\u1ed9c l\u1eadp\u00a0cao c\u1ea5p 14 b\u1ed9 ch\u00e9n d\u0129a"},"content":{"rendered":"<h3>M\u00e1y r\u1eeda ch\u00e9n Teka DFS 76850 220 50 SS \u0111\u1ed9c l\u1eadp\u00a0cao c\u1ea5p 14 b\u1ed9 ch\u00e9n d\u0129a<\/h3>\n<figure id=\"attachment_67582\" aria-describedby=\"caption-attachment-67582\" style=\"width: 900px\" class=\"wp-caption alignnone\"><img loading=\"lazy\" decoding=\"async\" class=\"wp-image-67582\" src=\"https:\/\/livinghome.vn\/thiet-bi\/wp-content\/uploads\/nha-bep\/teka\/may-rua-chen\/may-rua-chen-teka-dfs-76850-220-50-ss\/may-rua-chen-teka-dfs-76850-220-50-ss-8-1.jpg\" alt=\"M\u00e1y r\u1eeda ch\u00e9n Teka DFS 76850 220 50 SS \u0111\u1ed9c l\u1eadp\u00a0cao c\u1ea5p 14 b\u1ed9 ch\u00e9n d\u0129a\" width=\"900\" height=\"506\" title=\"\"><figcaption id=\"caption-attachment-67582\" class=\"wp-caption-text\">M\u00e1y r\u1eeda ch\u00e9n Teka DFS 76850 220 50 SS \u0111\u1ed9c l\u1eadp\u00a0cao c\u1ea5p 14 b\u1ed9 ch\u00e9n d\u0129a<\/figcaption><\/figure>\n<p>M\u00e1y r\u1eeda ch\u00e9n Teka DFS 76850 SS\u00a0\u0111\u01b0\u1ee3c nhi\u1ec1u gia \u0111\u00ecnh tin t\u01b0\u1edfng v\u00e0 ch\u1ecdn l\u1ef1a nh\u1edd \u0111\u1ebfn t\u1eeb th\u01b0\u01a1ng hi\u1ec7u uy t\u00edn, t\u00ednh n\u0103ng hi\u1ec7n \u0111\u1ea1i v\u00e0 thi\u1ebft k\u1ebf cao c\u1ea5p.<\/p>\n<figure id=\"attachment_67578\" aria-describedby=\"caption-attachment-67578\" style=\"width: 800px\" class=\"wp-caption alignnone\"><img loading=\"lazy\" decoding=\"async\" class=\"wp-image-67578 size-large\" src=\"https:\/\/livinghome.vn\/thiet-bi\/wp-content\/uploads\/nha-bep\/teka\/may-rua-chen\/may-rua-chen-teka-dfs-76850-220-50-ss\/may-rua-chen-teka-dfs-76850-220-50-ss-3-1-800x800.jpg\" alt=\"M\u00e1y r\u1eeda ch\u00e9n Teka DFS 76850 220 50 SS \u0111\u1ed9c l\u1eadp\u00a0cao c\u1ea5p 14 b\u1ed9 ch\u00e9n d\u0129a\" width=\"800\" height=\"800\" title=\"\"><figcaption id=\"caption-attachment-67578\" class=\"wp-caption-text\">M\u00e1y r\u1eeda ch\u00e9n Teka DFS 76850 220 50 SS \u0111\u1ed9c l\u1eadp\u00a0cao c\u1ea5p 14 b\u1ed9 ch\u00e9n d\u0129a<\/figcaption><\/figure>\n<p>H\u1ec7 th\u1ed1ng c\u1ea3m bi\u1ebfn \u0111o \u0111\u1ed9 b\u1ea9n tr\u00ean b\u1ed9 ch\u00e9n d\u0129a, \u0111i\u1ec1u ch\u1ec9nh c\u00e1c th\u00f4ng s\u1ed1 r\u1eeda theo \u0111\u1ed9 v\u1ee5n c\u1ee7a th\u1ee9c \u0103n v\u00e0 ch\u1ea5t b\u1ea9n trong m\u1ed7i l\u1ea7n s\u1eed d\u1ee5ng. M\u1ed9t k\u1ebft qu\u1ea3 t\u1ed1i \u01b0u trong m\u1ed7i chu k\u1ef3.<\/p>\n<figure id=\"attachment_67583\" aria-describedby=\"caption-attachment-67583\" style=\"width: 800px\" class=\"wp-caption alignnone\"><img loading=\"lazy\" decoding=\"async\" class=\"wp-image-67583 size-large\" src=\"https:\/\/livinghome.vn\/thiet-bi\/wp-content\/uploads\/nha-bep\/teka\/may-rua-chen\/may-rua-chen-teka-dfs-76850-220-50-ss\/may-rua-chen-teka-dfs-76850-220-50-ss-4-1-800x800.jpg\" alt=\"M\u00e1y r\u1eeda ch\u00e9n Teka DFS 76850 220 50 SS \u0111\u1ed9c l\u1eadp\u00a0cao c\u1ea5p 14 b\u1ed9 ch\u00e9n d\u0129a\" width=\"800\" height=\"800\" title=\"\"><figcaption id=\"caption-attachment-67583\" class=\"wp-caption-text\">M\u00e1y r\u1eeda ch\u00e9n Teka DFS 76850 220 50 SS \u0111\u1ed9c l\u1eadp\u00a0cao c\u1ea5p 14 b\u1ed9 ch\u00e9n d\u0129a<\/figcaption><\/figure>\n<p>Mang l\u1ea1i hi\u1ec7u qu\u1ea3 ho\u00e0n h\u1ea3o nh\u1edd hi\u1ec7u su\u1ea5t tuy\u1ec7t v\u1eddi c\u1ee7a ch\u1ee9c n\u0103ng s\u1ea5y v\u1edbi m\u1ee9c ti\u00eau th\u1ee5 n\u0103ng l\u01b0\u1ee3ng t\u1ed1i thi\u1ec3u. V\u00e0o cu\u1ed1i m\u1ed7i chu tr\u00ecnh, h\u1ec7 th\u1ed1ng s\u1ebd t\u1ef1 \u0111\u1ed9ng m\u1edf c\u1eeda \u0111\u1ec3 ho\u00e0n th\u00e0nh vi\u1ec7c s\u1ea5y kh\u00f4 b\u00e1t \u0111\u0129a.<\/p>\n<h3>T\u00ednh n\u0103ng c\u01a1 b\u1ea3n<\/h3>\n<ul>\n<li><a href=\"https:\/\/livinghome.vn\/thiet-bi\/may-rua-chen-bat\/\">M\u00e1y r\u1eeda ch\u00e9n<\/a> &#8211; M\u00e1y r\u1eeda ch\u00e9n \u0111\u1ee9ng \u0111\u1ed9c l\u1eadp<\/li>\n<li>B\u1ea3ng \u0111i\u1ec1u khi\u1ec3n \u0111i\u1ec7n t\u1eed v\u1edbi m\u00e0n h\u00ecnh hi\u1ec3n th\u1ecb<\/li>\n<li>Dung t\u00edch r\u1eeda: 14 b\u1ed9 ch\u00e9n d\u0129a<\/li>\n<li>08 ch\u01b0\u01a1ng tr\u00ecnh r\u1eeda v\u1edbi c\u00e1c m\u1ee9c nhi\u1ec7t \u0111\u1ed9 50\u00b0, 55\u00b0, 60\u00b0, 65\u00b0, 70\u00b0C<\/li>\n<li>\u0110\u1ed9ng c\u01a1 Inverter ti\u1ebft ki\u1ec7m n\u0103ng l\u01b0\u1ee3ng<\/li>\n<li>M\u1edf c\u1eeda t\u1ef1 \u0111\u1ed9ng khi k\u1ebft th\u00fac ch\u01b0\u01a1ng tr\u00ecnh r\u1eeda<\/li>\n<li>03 d\u00e0n \u0111\u1ec3 ch\u00e9n \u0111\u0129a<\/li>\n<li>Ch\u01b0\u01a1ng tr\u00ecnh r\u1eeda \u0111\u1eb7c bi\u1ec7t: r\u1eeda t\u1ef1 \u0111\u1ed9ng, v\u1ec7 sinh m\u00e1y t\u1ef1 \u0111\u1ed9ng, r\u1eeda t\u0103ng c\u01b0\u1eddng, r\u1eeda ti\u1ebft ki\u1ec7m ECO, r\u1eeda 1h, kh\u1eed khu\u1ea9n, r\u1eeda s\u01a1<\/li>\n<li>Ch\u1ee9c n\u0103ng kh\u1eed khu\u1ea9n b\u1eb1ng IonClean<\/li>\n<li>Ch\u1ee9c n\u0103ng r\u1eeda n\u1eeda t\u1ea3i<\/li>\n<li>Ch\u1ee9c n\u0103ng s\u1ea5y t\u0103ng c\u01b0\u1eddng ExtraDry<\/li>\n<li>Ch\u01b0\u01a1ng tr\u00ecnh tr\u00ec ho\u00e3n ho\u1ea1t \u0111\u1ed9ng 1-24h<\/li>\n<li>H\u1ec7 th\u1ed1ng an to\u00e0n c\u1ea3m bi\u1ebfn \u0111\u1ed9 r\u00f2 r\u1ec9 n\u01b0\u1edbc AquaStop v\u00e0 AquSafe<\/li>\n<li>\u0110\u00e8n b\u00e1o mu\u1ed1i v\u00e0 ch\u1ea5t tr\u1ee3 x\u1ea3<\/li>\n<li>\u0110\u1ed9 \u1ed3n 42dB<\/li>\n<\/ul>\n<h3>Th\u00f4ng s\u1ed1 k\u1ef9 thu\u1eadt<\/h3>\n<ul>\n<li>Chi\u1ec1u cao(mm):\u00a0845<\/li>\n<li>Chi\u1ec1u r\u1ed9ng (mm):\u00a0598<\/li>\n<li>\u0110\u1ed9 s\u00e2u (mm):\u00a0600<\/li>\n<li>Tr\u1ecdng l\u01b0\u1ee3ng (Kgs):\u00a053,5<\/li>\n<li>K\u00edch th\u01b0\u1edbc v\u1ecb tr\u00ed l\u1eafp \u0111\u1eb7t :\u00a014<\/li>\n<li>N\u0103ng l\u01b0\u1ee3ng ti\u00eau th\u1ee5 (kWh \/ n\u0103m):\u00a0218<\/li>\n<li>\u0110i\u1ec7n n\u0103ng ti\u00eau th\u1ee5 (Kwh):\u00a00,765<\/li>\n<li>L\u01b0\u1ee3ng n\u01b0\u1edbc ti\u00eau th\u1ee5 (l\u00edt \/ n\u0103m):\u00a02744<\/li>\n<li>Ch\u01b0\u01a1ng tr\u00ecnh chu\u1ea9n:\u00a0ECO<\/li>\n<li>Th\u1eddi l\u01b0\u1ee3ng chu k\u1ef3 (ph\u00fat):\u00a0198<\/li>\n<li>Ti\u1ebfng \u1ed3n (dB):\u00a042<\/li>\n<li>Gi\u1ea5y ch\u1ee9ng nh\u1eadn:\u00a0GS;CE;EMC;LVD;CB<\/li>\n<\/ul>\n<h3 class=\"et_pb_toggle_title\">Cung c\u1ea5p \u0111i\u1ec7n n\u0103ng<\/h3>\n<ul>\n<li>T\u1ea7n s\u1ed1 (Hz):\u00a050<\/li>\n<li>C\u00f4ng su\u1ea5t (V):\u00a0220<\/li>\n<li>Ph\u00edch c\u1eafm:\u00a0EU<\/li>\n<li>Chi\u1ec1u d\u00e0i d\u00e2y c\u00e1p (cm):\u00a0150<\/li>\n<li>C\u00f4ng su\u1ea5t ti\u00eau chu\u1ea9n t\u1ed1i \u0111a (W):\u00a02100<\/li>\n<li>Y\u1ebfu t\u1ed1 l\u00e0m n\u00f3ng c\u00f4ng su\u1ea5t ti\u00eau chu\u1ea9n (W):\u00a01800<\/li>\n<\/ul>\n<figure id=\"attachment_67580\" aria-describedby=\"caption-attachment-67580\" style=\"width: 800px\" class=\"wp-caption alignnone\"><img loading=\"lazy\" decoding=\"async\" class=\"wp-image-67580 size-large\" src=\"https:\/\/livinghome.vn\/thiet-bi\/wp-content\/uploads\/nha-bep\/teka\/may-rua-chen\/may-rua-chen-teka-dfs-76850-220-50-ss\/may-rua-chen-teka-dfs-76850-220-50-ss-9-800x800.jpg\" alt=\"M\u00e1y r\u1eeda ch\u00e9n Teka DFS 76850 220 50 SS \u0111\u1ed9c l\u1eadp\u00a0cao c\u1ea5p 14 b\u1ed9 ch\u00e9n d\u0129a\" width=\"800\" height=\"800\" title=\"\"><figcaption id=\"caption-attachment-67580\" class=\"wp-caption-text\">K\u00edch th\u01b0\u1edbc m\u00e1y r\u1eeda ch\u00e9n Teka DFS 76850 220 50 SS \u0111\u1ed9c l\u1eadp\u00a0cao c\u1ea5p 14 b\u1ed9 ch\u00e9n d\u0129a<\/figcaption><\/figure>\n<p>&nbsp;<\/p>\n<h3>Xu\u1ea5t x\u1ee9: PRC<\/h3>\n<div><\/div>\n","protected":false},"excerpt":{"rendered":"<div id=\"product-title\" class=\"et_pb_module et_pb_text et_pb_bg_layout_light et_pb_text_align_left\">\n<div class=\"et_pb_text_inner\">\n<h1>M\u00e1y r\u1eeda ch\u00e9n \u0111\u1ed9c l\u1eadp<\/h1>\n<\/div>\n<\/div>\n<div class=\"et_pb_module et_pb_text et_pb_text_1 et_pb_bg_layout_light et_pb_text_align_left\">\n<div class=\"et_pb_text_inner\">\n<div id=\"product-content\">\n<ul>\n<li>M\u00e1y r\u1eeda ch\u00e9n \u0111\u1ed9c l\u1eadp, 60cm<\/li>\n<li>B\u1ea3ng \u0111i\u1ec1u khi\u1ec3n \u0111i\u1ec7n t\u1eed v\u1edbi m\u00e0n h\u00ecnh hi\u1ec3n th\u1ecb<\/li>\n<li>\u0110\u1ed9ng c\u01a1 inverter gi\u00fap ti\u1ebft ki\u1ec7m n\u0103ng l\u01b0\u1ee3ng<\/li>\n<li>08 ch\u01b0\u01a1ng tr\u00ecnh r\u1eeda<\/li>\n<li>03 d\u00e0n \u0111\u1ec3 ch\u00e9n \u0111\u0129a<\/li>\n<li>Ch\u1ee9c n\u0103ng kh\u1eed khu\u1ea9n Ionclean<\/li>\n<li>S\u1ea5y t\u0103ng c\u01b0\u1eddng ExtraDry<\/li>\n<\/ul>\n<\/div>\n<\/div>\n<\/div>\n","protected":false},"featured_media":2658,"comment_status":"open","ping_status":"closed","template":"","meta":[],"product_brand":[],"product_cat":[92,823,828,827,826,356,311],"product_tag":[93,205,359,298,313],"class_list":{"0":"post-2562","1":"product","2":"type-product","3":"status-publish","4":"has-post-thumbnail","6":"product_cat-may-rua-chen-bat","7":"product_cat-may-rua-chen-bat-14-bo","8":"product_cat-may-rua-chen-bat-am-tu","9":"product_cat-may-rua-chen-bat-ban-am","10":"product_cat-may-rua-chen-bat-doc-lap","11":"product_cat-may-rua-chen-bat-teka","12":"product_cat-thuong-hieu-teka","13":"product_tag-may-rua-chen","14":"product_tag-may-rua-chen-doc-lap","15":"product_tag-may-rua-chen-teka","16":"product_tag-may-rua-chen-tich-hop","17":"product_tag-teka","19":"first","20":"instock","21":"sale","22":"shipping-taxable","23":"purchasable","24":"product-type-simple"},"_links":{"self":[{"href":"https:\/\/livinghome.vn\/thiet-bi\/wp-json\/wp\/v2\/product\/2562","targetHints":{"allow":["GET"]}}],"collection":[{"href":"https:\/\/livinghome.vn\/thiet-bi\/wp-json\/wp\/v2\/product"}],"about":[{"href":"https:\/\/livinghome.vn\/thiet-bi\/wp-json\/wp\/v2\/types\/product"}],"replies":[{"embeddable":true,"href":"https:\/\/livinghome.vn\/thiet-bi\/wp-json\/wp\/v2\/comments?post=2562"}],"wp:featuredmedia":[{"embeddable":true,"href":"https:\/\/livinghome.vn\/thiet-bi\/wp-json\/wp\/v2\/media\/2658"}],"wp:attachment":[{"href":"https:\/\/livinghome.vn\/thiet-bi\/wp-json\/wp\/v2\/media?parent=2562"}],"wp:term":[{"taxonomy":"product_brand","embeddable":true,"href":"https:\/\/livinghome.vn\/thiet-bi\/wp-json\/wp\/v2\/product_brand?post=2562"},{"taxonomy":"product_cat","embeddable":true,"href":"https:\/\/livinghome.vn\/thiet-bi\/wp-json\/wp\/v2\/product_cat?post=2562"},{"taxonomy":"product_tag","embeddable":true,"href":"https:\/\/livinghome.vn\/thiet-bi\/wp-json\/wp\/v2\/product_tag?post=2562"}],"curies":[{"name":"wp","href":"https:\/\/api.w.org\/{rel}","templated":true}]}}