{"id":2561,"date":"2023-01-12T16:54:56","date_gmt":"2023-01-12T16:54:56","guid":{"rendered":"https:\/\/livinghome.vn\/thiet-bi\/?post_type=product&#038;p=2561"},"modified":"2024-11-29T14:20:28","modified_gmt":"2024-11-29T07:20:28","slug":"may-rua-chen-teka-dfs-26610-220-50-ss-doc-lap-thong-minh-12-bo-chen-dia","status":"publish","type":"product","link":"https:\/\/livinghome.vn\/thiet-bi\/may-rua-chen-teka-dfs-26610-220-50-ss-doc-lap-thong-minh-12-bo-chen-dia\/","title":{"rendered":"M\u00e1y r\u1eeda ch\u00e9n Teka DFS 26610 220 50 SS \u0111\u1ed9c l\u1eadp\u00a0th\u00f4ng minh 12 b\u1ed9 ch\u00e9n d\u0129a"},"content":{"rendered":"<h3>M\u00e1y r\u1eeda ch\u00e9n Teka DFS 26610 220 50 SS \u0111\u1ed9c l\u1eadp\u00a0th\u00f4ng minh 12 b\u1ed9 ch\u00e9n d\u0129a<\/h3>\n<figure id=\"attachment_67515\" aria-describedby=\"caption-attachment-67515\" style=\"width: 800px\" class=\"wp-caption alignnone\"><img loading=\"lazy\" decoding=\"async\" class=\"wp-image-67515 size-large\" src=\"https:\/\/livinghome.vn\/thiet-bi\/wp-content\/uploads\/nha-bep\/teka\/may-rua-chen\/may-rua-chen-teka-dfs-26610-220-50-ss\/may-rua-chen-teka-dfs-26610-220-50-ss-4-1-800x800.jpg\" alt=\"M\u00e1y r\u1eeda ch\u00e9n Teka DFS 26610 220 50 SS \u0111\u1ed9c l\u1eadp\u00a0th\u00f4ng minh 12 b\u1ed9 ch\u00e9n d\u0129a\" width=\"800\" height=\"800\" title=\"\"><figcaption id=\"caption-attachment-67515\" class=\"wp-caption-text\">M\u00e1y r\u1eeda ch\u00e9n Teka DFS 26610 220 50 SS \u0111\u1ed9c l\u1eadp\u00a0th\u00f4ng minh 12 b\u1ed9 ch\u00e9n d\u0129a<\/figcaption><\/figure>\n<p>M\u00e1y r\u1eeda ch\u00e9n Teka DFS 26610 SS c\u00f3 c\u00f4ng su\u1ea5t l\u00ean \u0111\u1ebfn 1021kWh\/chu k\u1ef3, \u0111\u00e1p \u1ee9ng t\u1ed1t nhu c\u1ea7u c\u1ee7a m\u1ecdi gia \u0111\u00ecnh. V\u1edbi m\u1ee9c c\u00f4ng su\u1ea5t n\u00e0y, m\u00e1y c\u00f3 th\u1ec3 l\u00e0m s\u1ea1ch s\u1ed1 l\u01b0\u1ee3ng ch\u00e9n, d\u0129a t\u1eeb 100 \u0111\u1ebfn 120 c\u00e1i trong m\u1ed9t l\u1ea7n r\u1eeda. Ngo\u00e0i ra, \u0111i\u1ec3m c\u1ed9ng M\u00e1y r\u1eeda ch\u00e9n Teka DFS 26610 SS l\u00e0 v\u1edbi m\u1ee9c c\u00f4ng su\u1ea5t l\u1edbn nh\u01b0ng thi\u1ebft b\u1ecb v\u1eabn ho\u1ea1t \u0111\u1ed9ng v\u00f4 c\u00f9ng \u00eam d\u1ecbu. M\u1ee9c \u0111\u1ed9 ti\u1ebfng \u1ed3n c\u1ee7a m\u00e1y v\u00f4 c\u00f9ng th\u1ea5p, ch\u1ec9 kho\u1ea3ng 49dB.<\/p>\n<figure id=\"attachment_67514\" aria-describedby=\"caption-attachment-67514\" style=\"width: 800px\" class=\"wp-caption alignnone\"><img loading=\"lazy\" decoding=\"async\" class=\"wp-image-67514 size-large\" src=\"https:\/\/livinghome.vn\/thiet-bi\/wp-content\/uploads\/nha-bep\/teka\/may-rua-chen\/may-rua-chen-teka-dfs-26610-220-50-ss\/may-rua-chen-teka-dfs-26610-220-50-ss-3-1-800x800.jpg\" alt=\"M\u00e1y r\u1eeda ch\u00e9n Teka DFS 26610 220 50 SS \u0111\u1ed9c l\u1eadp\u00a0th\u00f4ng minh 12 b\u1ed9 ch\u00e9n d\u0129a\" width=\"800\" height=\"800\" title=\"\"><figcaption id=\"caption-attachment-67514\" class=\"wp-caption-text\">M\u00e1y r\u1eeda ch\u00e9n Teka DFS 26610 220 50 SS \u0111\u1ed9c l\u1eadp\u00a0th\u00f4ng minh 12 b\u1ed9 ch\u00e9n d\u0129a<\/figcaption><\/figure>\n<p>M\u00e1y r\u1eeda ch\u00e9n Teka DFS 26610 SS 114280003\u00a0c\u00f3 6\u00a0ch\u01b0\u01a1ng tr\u00ecnh r\u1eeda c\u00f9ng v\u1edbi 5\u00a0m\u1ee9c nhi\u1ec7t \u0111\u1ed9, gi\u00fap b\u1ea1n c\u00f3 th\u00eam nhi\u1ec1u ch\u1ecdn l\u1ef1a ph\u00f9 h\u1ee3p v\u1edbi nhu c\u1ea7u. Tu\u1ef3 v\u00e0o s\u1ed1 l\u01b0\u1ee3ng ch\u00e9n, d\u0129a, b\u1ea1n c\u00f3 th\u1ec3 ch\u1ecdn ch\u01b0\u01a1ng tr\u00ecnh r\u1eeda v\u00e0 nhi\u1ec7t \u0111\u1ed9 t\u1ed1i \u01b0u nh\u1ea5t \u0111\u1ec3 ch\u00e9n, d\u0129a \u0111\u01b0\u1ee3c r\u1eeda s\u1ea1ch, nhanh ch\u00f3ng v\u00e0 ti\u1ebft ki\u1ec7m \u0111i\u1ec7n, n\u01b0\u1edbc t\u1ed1i \u0111a.<\/p>\n<figure id=\"attachment_67512\" aria-describedby=\"caption-attachment-67512\" style=\"width: 800px\" class=\"wp-caption alignnone\"><img loading=\"lazy\" decoding=\"async\" class=\"wp-image-67512 size-large\" src=\"https:\/\/livinghome.vn\/thiet-bi\/wp-content\/uploads\/nha-bep\/teka\/may-rua-chen\/may-rua-chen-teka-dfs-26610-220-50-ss\/may-rua-chen-teka-dfs-26610-220-50-ss-2-1-800x800.jpg\" alt=\"M\u00e1y r\u1eeda ch\u00e9n Teka DFS 26610 220 50 SS \u0111\u1ed9c l\u1eadp\u00a0th\u00f4ng minh 12 b\u1ed9 ch\u00e9n d\u0129a\" width=\"800\" height=\"800\" title=\"\"><figcaption id=\"caption-attachment-67512\" class=\"wp-caption-text\">M\u00e1y r\u1eeda ch\u00e9n Teka DFS 26610 220 50 SS \u0111\u1ed9c l\u1eadp\u00a0th\u00f4ng minh 12 b\u1ed9 ch\u00e9n d\u0129a<\/figcaption><\/figure>\n<p>S\u1ea3n ph\u1ea9m \u0111\u01b0\u1ee3c l\u00e0m t\u1eeb th\u00e9p cao c\u1ea5p, kh\u00f4ng g\u1ec9, kh\u00f4ng in d\u1ea5u v\u00e2n tay v\u00e0 d\u1ec5 d\u00e0ng lau ch\u00f9i. \u0110\u1eb7c bi\u1ec7t, ph\u1ea7n gi\u1ecf \u0111\u1ef1ng v\u1edbi thi\u1ebft k\u1ebf tinh t\u1ebf, c\u00f3 th\u1ec3 \u0111i\u1ec1u ch\u1ec9nh \u0111\u1ec3 t\u1ed1i \u01b0u kh\u00f4ng gian r\u1eeda l\u00ean \u0111\u1ebfn 12 b\u1ed9 ch\u00e9n d\u0129a, t\u01b0\u01a1ng \u0111\u01b0\u01a1ng 100 \u2013 120 m\u00f3n. Ngo\u00e0i ra, M\u00e1y r\u1eeda ch\u00e9n Teka DFS 26610 SS thu\u1ed9c d\u00f2ng m\u00e1y l\u1eafp \u00e2m to\u00e0n ph\u1ea7n, gi\u00fap t\u1ed1i \u01b0u kh\u00f4ng gian v\u00e0 mang l\u1ea1i s\u1ef1 g\u1ecdn g\u00e0ng cho c\u0103n b\u1ebfp c\u1ee7a b\u1ea1n.<\/p>\n<h3>T\u00ednh n\u0103ng c\u01a1 b\u1ea3n<\/h3>\n<ul>\n<li><a href=\"https:\/\/livinghome.vn\/thiet-bi\/may-rua-chen-bat\/\">M\u00e1y r\u1eeda ch\u00e9n<\/a> &#8211; M\u00e1y r\u1eeda ch\u00e9n \u0111\u1ee9ng \u0111\u1ed9c l\u1eadp<\/li>\n<li>B\u1ea3ng \u0111i\u1ec1u khi\u1ec3n \u0111i\u1ec7n t\u1eed v\u1edbi m\u00e0n h\u00ecnh hi\u1ec3n th\u1ecb<\/li>\n<li>R\u1eeda 12 b\u1ed9 ch\u00e9n d\u0129a<\/li>\n<li>6 ch\u01b0\u01a1ng tr\u00ecnh r\u1eeda v\u1edbi m\u1ee9c nhi\u1ec7t \u0111\u1ed9 45\u00b0, 50\u00b0, 55\u00b0, 60\u00b0, 65\u00b0 C<\/li>\n<li>Ch\u01b0\u01a1ng tr\u00ecnh r\u1eeda \u0111\u1eb7c bi\u1ec7t: ch\u01b0\u01a1ng tr\u00ecnh r\u1eeda ch\u00e9n d\u0129a th\u1ee7y tinh, r\u1eeda t\u0103ng c\u01b0\u1eddng, r\u1eeda ti\u1ebft ki\u1ec7m ECO, ch\u01b0\u01a1ng tr\u00ecnh r\u1eeda 1h, ch\u01b0\u01a1ng tr\u00ecnh r\u1eeda im l\u1eb7ng<\/li>\n<li>Ch\u1ee9c n\u0103ng s\u1ea5y t\u0103ng c\u01b0\u1eddng<\/li>\n<li>Ch\u1ee9c n\u0103ng r\u1eeda n\u1eeda t\u1ea3i<\/li>\n<li>H\u1ec7 th\u1ed1ng ng\u1eaft n\u01b0\u1edbc an to\u00e0n AquaSafe<\/li>\n<li>Ch\u01b0\u01a1ng tr\u00ecnh tr\u00ec ho\u00e3n ho\u1ea1t \u0111\u1ed9ng 1-24h<\/li>\n<li>\u0110\u1ed9 \u1ed3n 49dB<\/li>\n<\/ul>\n<h3>Th\u00f4ng s\u1ed1 k\u1ef9 thu\u1eadt<\/h3>\n<ul>\n<li>Chi\u1ec1u cao(mm):\u00a0845<\/li>\n<li>Chi\u1ec1u r\u1ed9ng (mm):\u00a0598<\/li>\n<li>\u0110\u1ed9 s\u00e2u (mm):\u00a0600<\/li>\n<li>Tr\u1ecdng l\u01b0\u1ee3ng (Kgs):\u00a042<\/li>\n<li>K\u00edch th\u01b0\u1edbc v\u1ecb tr\u00ed l\u1eafp \u0111\u1eb7t :\u00a012<\/li>\n<li>N\u0103ng l\u01b0\u1ee3ng ti\u00eau th\u1ee5 (kWh \/ n\u0103m):\u00a0273<\/li>\n<li>\u0110i\u1ec7n n\u0103ng ti\u00eau th\u1ee5 (Kwh):\u00a00,96<\/li>\n<li>L\u01b0\u1ee3ng n\u01b0\u1edbc ti\u00eau th\u1ee5 (l\u00edt \/ n\u0103m):\u00a03220<\/li>\n<li>Ch\u01b0\u01a1ng tr\u00ecnh chu\u1ea9n:\u00a0ECO<\/li>\n<li>Th\u1eddi l\u01b0\u1ee3ng chu k\u1ef3 (ph\u00fat):\u00a0230<\/li>\n<li>Ti\u1ebfng \u1ed3n (dB):\u00a049<\/li>\n<li>Gi\u1ea5y ch\u1ee9ng nh\u1eadn:\u00a0GS;CE;EMC;LVD;CB<\/li>\n<\/ul>\n<h3 class=\"et_pb_toggle_title\">Cung c\u1ea5p \u0111i\u1ec7n n\u0103ng<\/h3>\n<ul>\n<li>T\u1ea7n s\u1ed1 (Hz):\u00a050<\/li>\n<li>C\u00f4ng su\u1ea5t (V):\u00a0220<\/li>\n<li>Ph\u00edch c\u1eafm:\u00a0EU<\/li>\n<li>Chi\u1ec1u d\u00e0i d\u00e2y c\u00e1p (cm):\u00a0150<\/li>\n<li>C\u00f4ng su\u1ea5t ti\u00eau chu\u1ea9n t\u1ed1i \u0111a (W):\u00a02100<\/li>\n<li>Y\u1ebfu t\u1ed1 l\u00e0m n\u00f3ng c\u00f4ng su\u1ea5t ti\u00eau chu\u1ea9n (W):\u00a01800<\/li>\n<\/ul>\n<figure id=\"attachment_67517\" aria-describedby=\"caption-attachment-67517\" style=\"width: 800px\" class=\"wp-caption alignnone\"><img loading=\"lazy\" decoding=\"async\" class=\"wp-image-67517 size-large\" src=\"https:\/\/livinghome.vn\/thiet-bi\/wp-content\/uploads\/nha-bep\/teka\/may-rua-chen\/may-rua-chen-teka-dfs-26610-220-50-ss\/may-rua-chen-teka-dfs-26610-220-50-ss-7-800x800.jpg\" alt=\"M\u00e1y r\u1eeda ch\u00e9n Teka DFS 26610 220 50 SS \u0111\u1ed9c l\u1eadp\u00a0th\u00f4ng minh 12 b\u1ed9 ch\u00e9n d\u0129a\" width=\"800\" height=\"800\" title=\"\"><figcaption id=\"caption-attachment-67517\" class=\"wp-caption-text\">K\u00edch th\u01b0\u1edbc m\u00e1y r\u1eeda ch\u00e9n Teka DFS 26610 220 50 SS \u0111\u1ed9c l\u1eadp\u00a0th\u00f4ng minh 12 b\u1ed9 ch\u00e9n d\u0129a<\/figcaption><\/figure>\n<p>M\u00e1y r\u1eeda ch\u00e9n Teka DFS 26610 SS \u0111\u01b0\u1ee3c thi\u1ebft k\u1ebf theo phong c\u00e1ch ch\u00e2u \u00c2u v\u1edbi v\u1ebb ngo\u00e0i hi\u1ec7n \u0111\u1ea1i v\u00e0 sang tr\u1ecdng, ph\u00f9 h\u1ee3p v\u1edbi m\u1ecdi s\u1edf th\u00edch v\u00e0 kh\u00f4ng gian b\u1ebfp hi\u1ec7n \u0111\u1ea1i.<\/p>\n<h3>Xu\u1ea5t x\u1ee9: PRC<\/h3>\n<div><\/div>\n","protected":false},"excerpt":{"rendered":"<div id=\"product-title\" class=\"et_pb_module et_pb_text et_pb_bg_layout_light et_pb_text_align_left\">\n<div class=\"et_pb_text_inner\">\n<h1>M\u00e1y r\u1eeda ch\u00e9n \u0111\u1ed9c l\u1eadp<\/h1>\n<\/div>\n<\/div>\n<div class=\"et_pb_module et_pb_text et_pb_text_1 et_pb_bg_layout_light et_pb_text_align_left\">\n<div class=\"et_pb_text_inner\">\n<div id=\"product-content\">\n<ul>\n<li>B\u1ea3ng \u0111i\u1ec1u khi\u1ec3n \u0111i\u1ec7n t\u1eed v\u1edbi m\u00e0n h\u00ecnh hi\u1ec3n th\u1ecb<\/li>\n<li>R\u1eeda 12 b\u1ed9 ch\u00e9n d\u0129a<\/li>\n<li>6 ch\u01b0\u01a1ng tr\u00ecnh r\u1eeda v\u1edbi 5 m\u1ee9c nhi\u1ec7t \u0111\u1ed9 r\u1eeda<\/li>\n<li>R\u1eeda n\u1eeda t\u1ea3i<\/li>\n<li>S\u1ea5y t\u0103ng c\u01b0\u1eddng<\/li>\n<li>\u0110\u1ed9 \u1ed3n 49dB<\/li>\n<\/ul>\n<\/div>\n<\/div>\n<\/div>\n","protected":false},"featured_media":2651,"comment_status":"open","ping_status":"closed","template":"","meta":[],"product_brand":[],"product_cat":[92,820,828,827,867,826,356,311],"product_tag":[93,205,359,298,313],"class_list":{"0":"post-2561","1":"product","2":"type-product","3":"status-publish","4":"has-post-thumbnail","6":"product_cat-may-rua-chen-bat","7":"product_cat-may-rua-chen-bat-12-bo","8":"product_cat-may-rua-chen-bat-am-tu","9":"product_cat-may-rua-chen-bat-ban-am","10":"product_cat-may-rua-chen-bat-chau-au","11":"product_cat-may-rua-chen-bat-doc-lap","12":"product_cat-may-rua-chen-bat-teka","13":"product_cat-thuong-hieu-teka","14":"product_tag-may-rua-chen","15":"product_tag-may-rua-chen-doc-lap","16":"product_tag-may-rua-chen-teka","17":"product_tag-may-rua-chen-tich-hop","18":"product_tag-teka","20":"first","21":"instock","22":"sale","23":"shipping-taxable","24":"purchasable","25":"product-type-simple"},"_links":{"self":[{"href":"https:\/\/livinghome.vn\/thiet-bi\/wp-json\/wp\/v2\/product\/2561","targetHints":{"allow":["GET"]}}],"collection":[{"href":"https:\/\/livinghome.vn\/thiet-bi\/wp-json\/wp\/v2\/product"}],"about":[{"href":"https:\/\/livinghome.vn\/thiet-bi\/wp-json\/wp\/v2\/types\/product"}],"replies":[{"embeddable":true,"href":"https:\/\/livinghome.vn\/thiet-bi\/wp-json\/wp\/v2\/comments?post=2561"}],"wp:featuredmedia":[{"embeddable":true,"href":"https:\/\/livinghome.vn\/thiet-bi\/wp-json\/wp\/v2\/media\/2651"}],"wp:attachment":[{"href":"https:\/\/livinghome.vn\/thiet-bi\/wp-json\/wp\/v2\/media?parent=2561"}],"wp:term":[{"taxonomy":"product_brand","embeddable":true,"href":"https:\/\/livinghome.vn\/thiet-bi\/wp-json\/wp\/v2\/product_brand?post=2561"},{"taxonomy":"product_cat","embeddable":true,"href":"https:\/\/livinghome.vn\/thiet-bi\/wp-json\/wp\/v2\/product_cat?post=2561"},{"taxonomy":"product_tag","embeddable":true,"href":"https:\/\/livinghome.vn\/thiet-bi\/wp-json\/wp\/v2\/product_tag?post=2561"}],"curies":[{"name":"wp","href":"https:\/\/api.w.org\/{rel}","templated":true}]}}