{"id":2539,"date":"2023-01-12T16:54:31","date_gmt":"2023-01-12T16:54:31","guid":{"rendered":"https:\/\/livinghome.vn\/thiet-bi\/?post_type=product&#038;p=2539"},"modified":"2024-11-29T14:20:28","modified_gmt":"2024-11-29T07:20:28","slug":"may-rua-chen-teka-dfi-46950-am-toan-phan-thong-minh-15-bo-chen-dia","status":"publish","type":"product","link":"https:\/\/livinghome.vn\/thiet-bi\/may-rua-chen-teka-dfi-46950-am-toan-phan-thong-minh-15-bo-chen-dia\/","title":{"rendered":"M\u00e1y r\u1eeda ch\u00e9n Teka DFI 46950 \u00e2m to\u00e0n ph\u1ea7n th\u00f4ng minh 15 b\u1ed9 ch\u00e9n d\u0129a"},"content":{"rendered":"<h3>M\u00e1y r\u1eeda ch\u00e9n Teka DFI 46950 \u00e2m to\u00e0n ph\u1ea7n 15 b\u1ed9 ch\u00e9n d\u0129a , v\u1edbi thi\u1ebft k\u1ebf th\u00f4ng minh h\u01a1n v\u1edbi h\u1ec7 th\u1ed1ng r\u1ed5 linh ho\u1ea1t, t\u1ea1o ra kh\u00f4ng gian r\u1ed9ng r\u00e3i h\u01a1n khi r\u1eeda b\u00e1t \u0111\u0129a v\u1edbi nhi\u1ec1u k\u00edch c\u1ee1 kh\u00e1c nhau, trang b\u1ecb \u0111\u01b0\u1eddng ray tr\u01b0\u1ee3t k\u00e9o r\u1eddi ra ngo\u00e0i \u0111\u1ec3 thu\u1eadn ti\u1ec7n s\u1eafp x\u1ebfp b\u00e1t \u0111\u0129a.<\/h3>\n<figure id=\"attachment_67349\" aria-describedby=\"caption-attachment-67349\" style=\"width: 900px\" class=\"wp-caption alignnone\"><img loading=\"lazy\" decoding=\"async\" class=\"wp-image-67349\" src=\"https:\/\/livinghome.vn\/thiet-bi\/wp-content\/uploads\/nha-bep\/teka\/may-rua-chen\/may-rua-chen-teka-dfi-46950-220-50-wh\/may-rua-chen-teka-dfi-46950-220-50-wh-5-1.jpg\" alt=\"M\u00e1y r\u1eeda ch\u00e9n Teka DFI 46950 \u00e2m to\u00e0n ph\u1ea7n th\u00f4ng minh 15 b\u1ed9 ch\u00e9n d\u0129a\" width=\"900\" height=\"506\" title=\"\"><figcaption id=\"caption-attachment-67349\" class=\"wp-caption-text\">M\u00e1y r\u1eeda ch\u00e9n Teka DFI 46950 \u00e2m to\u00e0n ph\u1ea7n th\u00f4ng minh 15 b\u1ed9 ch\u00e9n d\u0129a<\/figcaption><\/figure>\n<p>M\u00e1y r\u1eeda ch\u00e9n Teka DFI 46950 c\u00f3 c\u00f4ng su\u1ea5t l\u00ean \u0111\u1ebfn 0.965kWh\/chu k\u1ef3, \u0111\u00e1p \u1ee9ng t\u1ed1t nhu c\u1ea7u c\u1ee7a m\u1ecdi gia \u0111\u00ecnh. V\u1edbi m\u1ee9c c\u00f4ng su\u1ea5t n\u00e0y, m\u00e1y c\u00f3 th\u1ec3 l\u00e0m s\u1ea1ch s\u1ed1 l\u01b0\u1ee3ng ch\u00e9n, d\u0129a t\u1eeb 100 \u0111\u1ebfn 150c\u00e1i trong m\u1ed9t l\u1ea7n r\u1eeda. Ngo\u00e0i ra, \u0111i\u1ec3m c\u1ed9ng M\u00e1y r\u1eeda ch\u00e9n Teka DFI 46950 114270001 l\u00e0 v\u1edbi m\u1ee9c c\u00f4ng su\u1ea5t l\u1edbn nh\u01b0ng thi\u1ebft b\u1ecb v\u1eabn ho\u1ea1t \u0111\u1ed9ng v\u00f4 c\u00f9ng \u00eam d\u1ecbu. M\u1ee9c \u0111\u1ed9 ti\u1ebfng \u1ed3n c\u1ee7a m\u00e1y v\u00f4 c\u00f9ng th\u1ea5p, ch\u1ec9 kho\u1ea3ng 46dB.<\/p>\n<figure id=\"attachment_67355\" aria-describedby=\"caption-attachment-67355\" style=\"width: 900px\" class=\"wp-caption alignnone\"><img loading=\"lazy\" decoding=\"async\" class=\"wp-image-67355\" src=\"https:\/\/livinghome.vn\/thiet-bi\/wp-content\/uploads\/nha-bep\/teka\/may-rua-chen\/may-rua-chen-teka-dfi-46950-220-50-wh\/may-rua-chen-teka-dfi-46950-220-50-wh-8-1.jpg\" alt=\"M\u00e1y r\u1eeda ch\u00e9n Teka DFI 46950 \u00e2m to\u00e0n ph\u1ea7n th\u00f4ng minh 15 b\u1ed9 ch\u00e9n d\u0129a\" width=\"900\" height=\"506\" title=\"\"><figcaption id=\"caption-attachment-67355\" class=\"wp-caption-text\">M\u00e1y r\u1eeda ch\u00e9n Teka DFI 46950 \u00e2m to\u00e0n ph\u1ea7n th\u00f4ng minh 15 b\u1ed9 ch\u00e9n d\u0129a<\/figcaption><\/figure>\n<p>M\u00e1y r\u1eeda ch\u00e9n Teka DFI 46950\u200b c\u00f3 9 ch\u01b0\u01a1ng tr\u00ecnh r\u1eeda c\u00f9ng v\u1edbi 6 m\u1ee9c nhi\u1ec7t \u0111\u1ed9, gi\u00fap b\u1ea1n c\u00f3 th\u00eam nhi\u1ec1u ch\u1ecdn l\u1ef1a ph\u00f9 h\u1ee3p v\u1edbi nhu c\u1ea7u. Tu\u1ef3 v\u00e0o s\u1ed1 l\u01b0\u1ee3ng ch\u00e9n, d\u0129a, b\u1ea1n c\u00f3 th\u1ec3 ch\u1ecdn ch\u01b0\u01a1ng tr\u00ecnh r\u1eeda v\u00e0 nhi\u1ec7t \u0111\u1ed9 t\u1ed1i \u01b0u nh\u1ea5t \u0111\u1ec3 ch\u00e9n, d\u0129a \u0111\u01b0\u1ee3c r\u1eeda s\u1ea1ch, nhanh ch\u00f3ng v\u00e0 ti\u1ebft ki\u1ec7m \u0111i\u1ec7n, n\u01b0\u1edbc t\u1ed1i \u0111a.<\/p>\n<h3>T\u00ednh n\u0103ng c\u01a1 b\u1ea3n<\/h3>\n<ul>\n<li><a href=\"https:\/\/livinghome.vn\/thiet-bi\/may-rua-chen-bat\/\">M\u00e1y r\u1eeda ch\u00e9n<\/a> &#8211; M\u00e1y r\u1eeda ch\u00e9n l\u1eafp \u00e2m to\u00e0n ph\u1ea7n<\/li>\n<li>Dung t\u00edch r\u1eeda 15 b\u1ed9 ch\u00e9n d\u0129a<\/li>\n<li>B\u1ea3ng \u0111i\u1ec1u khi\u1ec3n \u0111i\u1ec7n t\u1eed v\u1edbi m\u00e0n h\u00ecnh hi\u1ec3n th\u1ecb 9 ch\u01b0\u01a1ng tr\u00ecnh r\u1eeda v\u1edbi c\u00e1c m\u1ee9c nhi\u1ec7t \u0111\u1ed9: 35, 40, 45, 50, 65, 70 \u0111\u1ed9 C<\/li>\n<li>\u0110\u1ed9ng c\u01a1 inverter gi\u00fap ti\u1ebft ki\u1ec7m n\u0103ng l\u01b0\u1ee3ng 3 d\u00e0n \u0111\u1ec3 ch\u00e9n d\u0129a<\/li>\n<li>\u0110\u00e8n LED b\u00e1o ch\u01b0\u01a1ng tr\u00ecnh r\u1eeda xu\u1ed1ng s\u00e0n<\/li>\n<li>C\u1ea3m bi\u1ebfn th\u00f4ng minh \u0111o \u0111\u1ed9 b\u1ea9n c\u1ee7a ch\u00e9n d\u0129a Smartsensor<\/li>\n<li>Ch\u01b0\u01a1ng tr\u00ecnh r\u1eeda nhanh 30 ph\u00fat<\/li>\n<li>Ch\u01b0\u01a1ng tr\u00ecnh r\u1eeda \u0111\u1eb7c bi\u1ec7t: r\u1eeda ch\u00e9n d\u0129a th\u1ee7y tinh, r\u1eeda k\u00e9p, t\u1ef1 \u0111\u1ed9ng l\u00e0m s\u1ea1ch, ch\u01b0\u01a1ng tr\u00ecnh r\u1eeda t\u1ef1 \u0111\u1ed9ng, r\u1eeda t\u0103ng c\u01b0\u1eddng, ch\u01b0\u01a1ng tr\u00ecnh r\u1eeda ti\u1ebft ki\u1ec7m Eco, ch\u01b0\u01a1ng tr\u00ecnh r\u1eeda 1h, r\u1eeda s\u01a1<\/li>\n<li>Ch\u1ee9c n\u0103ng r\u1eeda n\u1eeda t\u1ea3i<\/li>\n<li>Ch\u1ee9c n\u0103ng s\u1ea5y t\u0103ng c\u01b0\u1eddng<\/li>\n<li>\u0110\u00e8n b\u00e1o mu\u1ed1i v\u00e0 ch\u1ea5t tr\u1ee3 x\u1ea3<\/li>\n<li>Ch\u01b0\u01a1ng tr\u00ecnh tr\u00ec ho\u00e3n ho\u1ea1t \u0111\u1ed9ng 1-24h<\/li>\n<li>H\u1ec7 th\u1ed1ng an to\u00e0n c\u1ea3m bi\u1ebfn \u0111\u1ed9 r\u00f2 r\u1ec9 n\u01b0\u1edbc Aquastop v\u00e0 Aquasafe<\/li>\n<li>Thi\u1ebft b\u1ecb h\u1ed7 tr\u1ee3 l\u1eafp \u0111\u1eb7t c\u1eeda tr\u01b0\u1ee3t<\/li>\n<li>\u0110\u1ed9 \u1ed3n 46dB<\/li>\n<\/ul>\n<h3>Th\u00f4ng s\u1ed1 k\u1ef9 thu\u1eadt<\/h3>\n<ul>\n<li>Chi\u1ec1u cao(mm):\u00a0818<\/li>\n<li>Chi\u1ec1u r\u1ed9ng (mm):\u00a0598<\/li>\n<li>\u0110\u1ed9 s\u00e2u (mm):\u00a0550<\/li>\n<li>Tr\u1ecdng l\u01b0\u1ee3ng (Kgs):\u00a038,4<\/li>\n<li>K\u00edch th\u01b0\u1edbc v\u1ecb tr\u00ed l\u1eafp \u0111\u1eb7t :\u00a015<\/li>\n<li>N\u0103ng l\u01b0\u1ee3ng ti\u00eau th\u1ee5 (kWh \/ n\u0103m):\u00a0270<\/li>\n<li>\u0110i\u1ec7n n\u0103ng ti\u00eau th\u1ee5 (Kwh):\u00a00.94<\/li>\n<li>L\u01b0\u1ee3ng n\u01b0\u1edbc ti\u00eau th\u1ee5 (l\u00edt \/ n\u0103m):\u00a02660<\/li>\n<li>Ch\u01b0\u01a1ng tr\u00ecnh chu\u1ea9n:\u00a0Eco 50<\/li>\n<li>Th\u1eddi l\u01b0\u1ee3ng chu k\u1ef3 (ph\u00fat):\u00a0245<\/li>\n<li>Ti\u1ebfng \u1ed3n (dB):\u00a046<\/li>\n<li>Gi\u1ea5y ch\u1ee9ng nh\u1eadn:\u00a0CB; CE<\/li>\n<\/ul>\n<h3 class=\"et_pb_toggle_title\">Cung c\u1ea5p \u0111i\u1ec7n n\u0103ng<\/h3>\n<ul>\n<li>T\u1ea7n s\u1ed1 (Hz):\u00a050<\/li>\n<li>C\u00f4ng su\u1ea5t (V):\u00a0220-240<\/li>\n<li>Ph\u00edch c\u1eafm:\u00a0EU<\/li>\n<li>C\u00f4ng su\u1ea5t ti\u00eau chu\u1ea9n t\u1ed1i \u0111a (W):\u00a02100<\/li>\n<li>Y\u1ebfu t\u1ed1 l\u00e0m n\u00f3ng c\u00f4ng su\u1ea5t ti\u00eau chu\u1ea9n (W):\u00a01800<\/li>\n<\/ul>\n<figure id=\"attachment_67353\" aria-describedby=\"caption-attachment-67353\" style=\"width: 800px\" class=\"wp-caption alignnone\"><img loading=\"lazy\" decoding=\"async\" class=\"wp-image-67353 size-large\" src=\"https:\/\/livinghome.vn\/thiet-bi\/wp-content\/uploads\/nha-bep\/teka\/may-rua-chen\/may-rua-chen-teka-dfi-46950-220-50-wh\/may-rua-chen-teka-dfi-46950-220-50-wh-10-800x800.jpg\" alt=\"M\u00e1y r\u1eeda ch\u00e9n Teka DFI 46950 \u00e2m to\u00e0n ph\u1ea7n th\u00f4ng minh 15 b\u1ed9 ch\u00e9n d\u0129a\" width=\"800\" height=\"800\" title=\"\"><figcaption id=\"caption-attachment-67353\" class=\"wp-caption-text\">K\u00edch th\u01b0\u1edbc m\u00e1y r\u1eeda ch\u00e9n Teka DFI 46950 \u00e2m to\u00e0n ph\u1ea7n th\u00f4ng minh 15 b\u1ed9 ch\u00e9n d\u0129a<\/figcaption><\/figure>\n<p>M\u00e1y r\u1eeda ch\u00e9n Teka\u00a0DFI 46950 114270001\u200b\u200b\u00a0\u0111\u01b0\u1ee3c d\u00e1n nh\u00e3n n\u0103ng l\u01b0\u1ee3ng A++ theo ti\u00eau chu\u1ea9n ch\u00e2u \u00c2u. Ch\u1ec9 nh\u1eefng thi\u1ebft b\u1ecb s\u1eed d\u1ee5ng n\u0103ng l\u01b0\u1ee3ng m\u1ed9t c\u00e1ch t\u1ed1i \u01b0u nh\u1ea5t, kh\u00f4ng c\u00f3 n\u0103ng l\u01b0\u1ee3ng hao ph\u00ed th\u00ec m\u1edbi \u0111\u01b0\u1ee3c d\u00e1n nh\u00e3n n\u00e0y. M\u1ee9c A++ l\u00e0 m\u1ed9t trong nh\u1eefng m\u1ee9c ti\u1ebft ki\u1ec7m n\u0103ng l\u01b0\u1ee3ng cao.<\/p>\n<h3>Xu\u1ea5t x\u1ee9: Th\u1ed5 Nh\u0129 K\u1ef3<\/h3>\n<div><\/div>\n","protected":false},"excerpt":{"rendered":"<h1>M\u00e1y r\u1eeda ch\u00e9n l\u1eafp \u00e2m to\u00e0n ph\u1ea7n<\/h1>\n<ul>\n<li>Dung t\u00edch 15 b\u1ed9 ch\u00e9n d\u0129a<\/li>\n<li>B\u1ea3ng \u0111i\u1ec1u khi\u1ec3n \u0111i\u1ec7n t\u1eed v\u1edbi m\u00e0n h\u00ecnh hi\u1ec3n th\u1ecb 9 ch\u01b0\u01a1ng tr\u00ecnh r\u1eeda 6 m\u1ee9c nhi\u1ec7t \u0111\u1ed9 r\u1eeda: 35, 40, 45, 50, 65,70 \u0111\u1ed9 C<\/li>\n<li>\u0110\u1ed9ng c\u01a1 inverter gi\u00fap ti\u1ebft ki\u1ec7m n\u0103ng l\u01b0\u1ee3ng 3 d\u00e0n \u0111\u1ec3 ch\u00e9n d\u0129a<\/li>\n<li>\u0110\u00e8n LED b\u00e1o ch\u01b0\u01a1ng tr\u00ecnh r\u1eeda xu\u1ed1ng s\u00e0n<\/li>\n<li>Ch\u1ee9c n\u0103ng r\u1eeda n\u1eeda t\u1ea3i<\/li>\n<li>Ch\u1ee9c n\u0103ng s\u1ea5y t\u0103ng c\u01b0\u1eddng<\/li>\n<li>Thi\u1ebft b\u1ecb l\u1eafp \u0111\u1eb7t h\u1ed7 tr\u1ee3 c\u1eeda tr\u01b0\u1ee3t<\/li>\n<\/ul>\n","protected":false},"featured_media":2624,"comment_status":"open","ping_status":"closed","template":"","meta":[],"product_brand":[],"product_cat":[92,824,829,867,356,311],"product_tag":[93,357,358,359,298,313],"class_list":{"0":"post-2539","1":"product","2":"type-product","3":"status-publish","4":"has-post-thumbnail","6":"product_cat-may-rua-chen-bat","7":"product_cat-may-rua-chen-bat-15-bo","8":"product_cat-may-rua-chen-bat-am-toan-phan","9":"product_cat-may-rua-chen-bat-chau-au","10":"product_cat-may-rua-chen-bat-teka","11":"product_cat-thuong-hieu-teka","12":"product_tag-may-rua-chen","13":"product_tag-may-rua-chen-am","14":"product_tag-may-rua-chen-am-toan-phan","15":"product_tag-may-rua-chen-teka","16":"product_tag-may-rua-chen-tich-hop","17":"product_tag-teka","19":"first","20":"instock","21":"sale","22":"shipping-taxable","23":"purchasable","24":"product-type-simple"},"_links":{"self":[{"href":"https:\/\/livinghome.vn\/thiet-bi\/wp-json\/wp\/v2\/product\/2539","targetHints":{"allow":["GET"]}}],"collection":[{"href":"https:\/\/livinghome.vn\/thiet-bi\/wp-json\/wp\/v2\/product"}],"about":[{"href":"https:\/\/livinghome.vn\/thiet-bi\/wp-json\/wp\/v2\/types\/product"}],"replies":[{"embeddable":true,"href":"https:\/\/livinghome.vn\/thiet-bi\/wp-json\/wp\/v2\/comments?post=2539"}],"wp:featuredmedia":[{"embeddable":true,"href":"https:\/\/livinghome.vn\/thiet-bi\/wp-json\/wp\/v2\/media\/2624"}],"wp:attachment":[{"href":"https:\/\/livinghome.vn\/thiet-bi\/wp-json\/wp\/v2\/media?parent=2539"}],"wp:term":[{"taxonomy":"product_brand","embeddable":true,"href":"https:\/\/livinghome.vn\/thiet-bi\/wp-json\/wp\/v2\/product_brand?post=2539"},{"taxonomy":"product_cat","embeddable":true,"href":"https:\/\/livinghome.vn\/thiet-bi\/wp-json\/wp\/v2\/product_cat?post=2539"},{"taxonomy":"product_tag","embeddable":true,"href":"https:\/\/livinghome.vn\/thiet-bi\/wp-json\/wp\/v2\/product_tag?post=2539"}],"curies":[{"name":"wp","href":"https:\/\/api.w.org\/{rel}","templated":true}]}}