{"id":2523,"date":"2023-01-12T16:54:04","date_gmt":"2023-01-12T16:54:04","guid":{"rendered":"https:\/\/livinghome.vn\/thiet-bi\/?post_type=product&#038;p=2523"},"modified":"2024-11-29T14:20:29","modified_gmt":"2024-11-29T07:20:29","slug":"may-hut-mui-teka-tlr2-72-am-nho-gon-tiet-kiem-khong-gian","status":"publish","type":"product","link":"https:\/\/livinghome.vn\/thiet-bi\/may-hut-mui-teka-tlr2-72-am-nho-gon-tiet-kiem-khong-gian\/","title":{"rendered":"M\u00e1y h\u00fat m\u00f9i Teka TLR2 72 \u00e2m nh\u1ecf g\u1ecdn ti\u1ebft ki\u1ec7m kh\u00f4ng gian"},"content":{"rendered":"<h3>M\u00e1y h\u00fat m\u00f9i Teka TLR2 72 \u00e2m nh\u1ecf g\u1ecdn ti\u1ebft ki\u1ec7m kh\u00f4ng gian<\/h3>\n<figure id=\"attachment_67306\" aria-describedby=\"caption-attachment-67306\" style=\"width: 800px\" class=\"wp-caption alignnone\"><img loading=\"lazy\" decoding=\"async\" class=\"wp-image-67306 size-large\" src=\"https:\/\/livinghome.vn\/thiet-bi\/wp-content\/uploads\/nha-bep\/teka\/may-hut-mui\/may-hut-mui-teka-tlr2-72-ss\/may-hut-mui-teka-tlr2-72-ss-1-1-800x800.jpg\" alt=\"M\u00e1y h\u00fat m\u00f9i Teka TLR2 72 \u00e2m nh\u1ecf g\u1ecdn ti\u1ebft ki\u1ec7m kh\u00f4ng gian\" width=\"800\" height=\"800\" title=\"\"><figcaption id=\"caption-attachment-67306\" class=\"wp-caption-text\">M\u00e1y h\u00fat m\u00f9i Teka TLR2 72 \u00e2m nh\u1ecf g\u1ecdn ti\u1ebft ki\u1ec7m kh\u00f4ng gian<\/figcaption><\/figure>\n<p>M\u00e1y h\u00fat m\u00f9i Teka TLR2 72 SS\u00a0c\u00f3 k\u00edch th\u01b0\u1edbc nh\u1ecf g\u1ecdn \u0111\u01b0\u1ee3c l\u1eafp \u0111\u1eb7t \u00e2m t\u1ee7, ngay tr\u00ean ph\u1ea7n b\u1ebfp n\u1ea5u c\u1ee7a kh\u00f4ng gian n\u1ea5u n\u01b0\u1edbng c\u1ee7a gia \u0111\u00ecnh b\u1ea1n.<\/p>\n<p>M\u00e1y th\u00edch h\u1ee3p v\u1edbi m\u1ecdi kh\u00f4ng gian b\u1ebfp, to\u00e0n b\u1ed9 ph\u1ea7n th\u00e2n m\u00e1y \u0111\u01b0\u1ee3c l\u00e0m t\u1eeb th\u00e9p kh\u00f4ng g\u1ec9, kh\u00f4ng han g\u1ec9, kh\u00f4ng b\u00e1m v\u00e2n tay, s\u1eed d\u1ee5ng th\u1eddi gian l\u00e2u d\u00e0i v\u1eabn gi\u1eef \u0111\u01b0\u1ee3c s\u00e1ng b\u00f3ng, ti\u1ec7n l\u1ee3i trong vi\u1ec7c l\u00e0m s\u1ea1ch m\u00e1y.<\/p>\n<h3>T\u00ednh n\u0103ng c\u01a1 b\u1ea3n<\/h3>\n<ul>\n<li><a href=\"https:\/\/livinghome.vn\/thiet-bi\/may-hut-mui\/\">M\u00e1y h\u00fat kh\u00f3i kh\u1eed m\u00f9i<\/a> \u2013 kh\u1eed m\u00f9i \u00e2m &#8211; d\u1ea1ng k\u00e9o<\/li>\n<li>C\u00f4ng su\u1ea5t t\u1ed1i \u0111a: 400 m\u00b3\/h<\/li>\n<li>\u0110\u1ed9 \u1ed3n 65 dB<\/li>\n<li>2 m\u1ee9c c\u00f4ng su\u1ea5t h\u00fat<\/li>\n<li>L\u01b0\u1edbi l\u1ecdc b\u1eb1ng nh\u00f4m<\/li>\n<li>Ph\u1ee5 ki\u1ec7n: t\u1eb7ng k\u00e8m than ho\u1ea1t t\u00ednh<\/li>\n<\/ul>\n<h3>Th\u00f4ng s\u1ed1 k\u1ef9 thu\u1eadt<\/h3>\n<ul>\n<li><strong>Chi\u1ec1u cao(mm):\u00a0<\/strong>161<\/li>\n<li><strong>Chi\u1ec1u r\u1ed9ng (mm):\u00a0<\/strong>695<\/li>\n<li><strong>\u0110\u1ed9 s\u00e2u (mm):\u00a0<\/strong>300<\/li>\n<li><strong>Tr\u1ecdng l\u01b0\u1ee3ng (Kgs):\u00a0<\/strong>4,26<\/li>\n<\/ul>\n<p>.<\/p>\n<h3>Xu\u1ea5t x\u1ee9: PRC<\/h3>\n<div><\/div>\n","protected":false},"excerpt":{"rendered":"<div id=\"product-title\" class=\"et_pb_module et_pb_text et_pb_bg_layout_light et_pb_text_align_left\">\n<div class=\"et_pb_text_inner\">\n<h1>M\u00e1y h\u00fat m\u00f9i l\u1eafp \u00e2m &#8211; d\u1ea1ng k\u00e9o<\/h1>\n<\/div>\n<\/div>\n<div class=\"et_pb_module et_pb_text et_pb_text_1 et_pb_bg_layout_light et_pb_text_align_left\">\n<div class=\"et_pb_text_inner\">\n<div id=\"product-content\">\n<ul>\n<li>C\u00f4ng su\u1ea5t t\u1ed1i \u0111a: 400 m\u00b3\/h<\/li>\n<li>\u0110\u1ed9 \u1ed3n 65 dB<\/li>\n<li>2 m\u1ee9c c\u00f4ng su\u1ea5t h\u00fat<\/li>\n<li>Xu\u1ea5t x\u1ee9: China<\/li>\n<\/ul>\n<\/div>\n<\/div>\n<\/div>\n","protected":false},"featured_media":2623,"comment_status":"open","ping_status":"closed","template":"","meta":[],"product_brand":[],"product_cat":[84,130,344,311],"product_tag":[86,347,346,313],"class_list":{"0":"post-2523","1":"product","2":"type-product","3":"status-publish","4":"has-post-thumbnail","6":"product_cat-may-hut-mui","7":"product_cat-may-hut-mui-am-tu-keo","8":"product_cat-may-hut-mui-teka","9":"product_cat-thuong-hieu-teka","10":"product_tag-may-hut-mui","11":"product_tag-may-hut-mui-am-tu-keo","12":"product_tag-may-hut-mui-teka","13":"product_tag-teka","15":"first","16":"instock","17":"sale","18":"shipping-taxable","19":"purchasable","20":"product-type-simple"},"_links":{"self":[{"href":"https:\/\/livinghome.vn\/thiet-bi\/wp-json\/wp\/v2\/product\/2523","targetHints":{"allow":["GET"]}}],"collection":[{"href":"https:\/\/livinghome.vn\/thiet-bi\/wp-json\/wp\/v2\/product"}],"about":[{"href":"https:\/\/livinghome.vn\/thiet-bi\/wp-json\/wp\/v2\/types\/product"}],"replies":[{"embeddable":true,"href":"https:\/\/livinghome.vn\/thiet-bi\/wp-json\/wp\/v2\/comments?post=2523"}],"wp:featuredmedia":[{"embeddable":true,"href":"https:\/\/livinghome.vn\/thiet-bi\/wp-json\/wp\/v2\/media\/2623"}],"wp:attachment":[{"href":"https:\/\/livinghome.vn\/thiet-bi\/wp-json\/wp\/v2\/media?parent=2523"}],"wp:term":[{"taxonomy":"product_brand","embeddable":true,"href":"https:\/\/livinghome.vn\/thiet-bi\/wp-json\/wp\/v2\/product_brand?post=2523"},{"taxonomy":"product_cat","embeddable":true,"href":"https:\/\/livinghome.vn\/thiet-bi\/wp-json\/wp\/v2\/product_cat?post=2523"},{"taxonomy":"product_tag","embeddable":true,"href":"https:\/\/livinghome.vn\/thiet-bi\/wp-json\/wp\/v2\/product_tag?post=2523"}],"curies":[{"name":"wp","href":"https:\/\/api.w.org\/{rel}","templated":true}]}}