{"id":2521,"date":"2023-01-12T16:54:04","date_gmt":"2023-01-12T16:54:04","guid":{"rendered":"https:\/\/livinghome.vn\/thiet-bi\/?post_type=product&#038;p=2521"},"modified":"2024-11-29T14:20:29","modified_gmt":"2024-11-29T07:20:29","slug":"may-hut-mui-teka-tl-9310-am-cao-cap-ben-dep","status":"publish","type":"product","link":"https:\/\/livinghome.vn\/thiet-bi\/may-hut-mui-teka-tl-9310-am-cao-cap-ben-dep\/","title":{"rendered":"M\u00e1y h\u00fat m\u00f9i Teka TL 9310 \u00e2m cao c\u1ea5p b\u1ec1n \u0111\u1eb9p"},"content":{"rendered":"<h3>M\u00e1y h\u00fat m\u00f9i Teka TL 9310 \u00e2m cao c\u1ea5p b\u1ec1n \u0111\u1eb9p<\/h3>\n<figure id=\"attachment_67303\" aria-describedby=\"caption-attachment-67303\" style=\"width: 800px\" class=\"wp-caption alignnone\"><img loading=\"lazy\" decoding=\"async\" class=\"wp-image-67303 size-large\" src=\"https:\/\/livinghome.vn\/thiet-bi\/wp-content\/uploads\/nha-bep\/teka\/may-hut-mui\/may-hut-mui-teka-tl-9310\/may-hut-mui-teka-tl-9310-1-1-800x800.jpg\" alt=\"M\u00e1y h\u00fat m\u00f9i Teka TL 9310 \u00e2m cao c\u1ea5p b\u1ec1n \u0111\u1eb9p\" width=\"800\" height=\"800\" title=\"\"><figcaption id=\"caption-attachment-67303\" class=\"wp-caption-text\">M\u00e1y h\u00fat m\u00f9i Teka TL 9310 \u00e2m cao c\u1ea5p b\u1ec1n \u0111\u1eb9p<\/figcaption><\/figure>\n<p>\u0110\u1ea1t ti\u00eau chu\u1ea9n Ch\u00e2u \u00c2u v\u1edbi nh\u1eefng t\u00ednh n\u0103ng hi\u1ec7n \u0111\u1ea1i v\u00e0 th\u1eddi gian b\u1ea3o h\u00e0nh d\u00e0i h\u1ea1n 24 th\u00e1ng, Teka TL 9310 x\u1ee9ng \u0111\u00e1ng l\u00e0 s\u1ea3n ph\u1ea9m \u0111\u01b0\u1ee3c ng\u01b0\u1eddi ti\u00eau d\u00f9ng l\u1ef1a ch\u1ecdn. S\u1ea3n ph\u1ea9m m\u00e1y h\u00fat m\u00f9i nh\u00e0 b\u1ebfp c\u0169ng gi\u00fap kh\u1eed m\u00f9i th\u1ee9c \u0103n v\u00f4 c\u00f9ng hi\u1ec7u qu\u1ea3.<\/p>\n<h3>T\u00ednh n\u0103ng c\u01a1 b\u1ea3n<\/h3>\n<ul>\n<li><a href=\"https:\/\/livinghome.vn\/thiet-bi\/may-hut-mui\/\">M\u00e1y h\u00fat kh\u00f3i kh\u1eed m\u00f9i<\/a> \u2013 kh\u1eed m\u00f9i \u00e2m &#8211; d\u1ea1ng k\u00e9o<\/li>\n<li>C\u00f4ng su\u1ea5t t\u1ed1i \u0111a: 366 m\u00b3\/h<\/li>\n<li>2 m\u1ee9c c\u00f4ng su\u1ea5t h\u00fat<\/li>\n<li>\u0110\u1ed9 \u1ed3n 65 dB<\/li>\n<li>\u0110i\u1ec1u khi\u1ec3n b\u1eb1ng n\u00fat nh\u1ea5n<\/li>\n<li>\u0110\u00e8n LED chi\u1ebfu s\u00e1ng<\/li>\n<li>L\u01b0\u1edbi l\u1ecdc b\u1eb1ng nh\u00f4m<\/li>\n<\/ul>\n<h3>Th\u00f4ng s\u1ed1 k\u1ef9 thu\u1eadt<\/h3>\n<ul>\n<li>Chi\u1ec1u cao(mm):\u00a0181<\/li>\n<li>Chi\u1ec1u r\u1ed9ng (mm):\u00a0900<\/li>\n<li>\u0110\u1ed9 s\u00e2u (mm):\u00a0304-437<\/li>\n<li>Tr\u1ecdng l\u01b0\u1ee3ng (Kgs):\u00a09,1<\/li>\n<\/ul>\n<h3>\u0110\u1eb7c t\u00ednh s\u1ea3n ph\u1ea9m<\/h3>\n<ul>\n<li>Gi\u1ea5y ch\u1ee9ng nh\u1eadn:\u00a0CE; CB; Rohs<\/li>\n<li>\u1ed4 c\u1eafm (mm):\u00a0120<\/li>\n<li>\u0110i\u1ec7n n\u0103ng ti\u00eau th\u1ee5 \u0111\u00e8n b\u00ean trong (W):\u00a06<\/li>\n<li>Ph\u00edch c\u1eafm:\u00a0European plug<\/li>\n<li>C\u00f4ng su\u1ea5t (V):\u00a0230<\/li>\n<li>T\u1ea7n s\u1ed1 (Hz):\u00a050<\/li>\n<li>T\u1ed5ng c\u00f4ng su\u1ea5t h\u00fat (W):\u00a0146<\/li>\n<li>C\u00f4ng su\u1ea5t \u0111\u1ed9ng c\u01a1 (W):\u00a0130<\/li>\n<\/ul>\n<figure id=\"attachment_67302\" aria-describedby=\"caption-attachment-67302\" style=\"width: 800px\" class=\"wp-caption alignnone\"><img loading=\"lazy\" decoding=\"async\" class=\"wp-image-67302 size-large\" src=\"https:\/\/livinghome.vn\/thiet-bi\/wp-content\/uploads\/nha-bep\/teka\/may-hut-mui\/may-hut-mui-teka-tl-9310\/may-hut-mui-teka-tl-9310-2-1-800x800.jpg\" alt=\"M\u00e1y h\u00fat m\u00f9i Teka TL 9310 \u00e2m cao c\u1ea5p b\u1ec1n \u0111\u1eb9p\" width=\"800\" height=\"800\" title=\"\"><figcaption id=\"caption-attachment-67302\" class=\"wp-caption-text\">K\u00edch th\u01b0\u1edbc m\u00e1y h\u00fat m\u00f9i Teka TL 9310 \u00e2m cao c\u1ea5p b\u1ec1n \u0111\u1eb9p<\/figcaption><\/figure>\n<p>Ngo\u00e0i c\u00e1c t\u00ednh n\u0103ng th\u00f4ng th\u01b0\u1eddng, c\u00e1c lo\u1ea1i m\u00e1y h\u00fat m\u00f9i nh\u00e0 b\u1ebfp c\u00f2n \u0111\u01b0\u1ee3c trang b\u1ecb b\u1ed9 ph\u1eadn c\u1ea3m bi\u1ebfn nh\u1eadn \u0111\u1ed9 b\u1ea9n c\u1ee7a kh\u00f3i trong kh\u00f4ng kh\u00ed, gi\u00fap t\u0103ng t\u1ed1c \u0111\u1ed9 cho qu\u1ea1t h\u00fat, c\u1ea3m bi\u1ebfn nh\u1eadn \u0111\u1ed9 b\u1ea9n c\u1ee7a l\u1edbp m\u00e0ng l\u1ecdc \u0111\u1ec3 b\u00e1o l\u00e0m v\u1ec7 sinh hay b\u1ed9 ph\u1eadn t\u1eaft tr\u1ec5 \u0111\u1ec3 sau khi n\u1ea5u \u0103n, m\u00e1y v\u1eabn ti\u1ebfp t\u1ee5c ho\u1ea1t \u0111\u1ed9ng \u0111\u1ec3 l\u00e0m s\u1ea1ch kh\u00f4ng kh\u00ed ph\u00f2ng b\u1ebfp gia \u0111\u00ecnh.<\/p>\n<h3>Xu\u1ea5t x\u1ee9: B\u1ed3 \u0110\u00e0o Nha<\/h3>\n<div><\/div>\n","protected":false},"excerpt":{"rendered":"<div id=\"product-title\" class=\"et_pb_module et_pb_text et_pb_bg_layout_light et_pb_text_align_left\">\n<div class=\"et_pb_text_inner\">\n<h1>M\u00e1y h\u00fat m\u00f9i l\u1eafp \u00e2m &#8211; d\u1ea1ng k\u00e9o<\/h1>\n<\/div>\n<\/div>\n<div class=\"et_pb_module et_pb_text et_pb_text_1 et_pb_bg_layout_light et_pb_text_align_left\">\n<div class=\"et_pb_text_inner\">\n<div id=\"product-content\">\n<ul>\n<li>C\u00f4ng su\u1ea5t t\u1ed1i \u0111a: 366 m\u00b3\/h<\/li>\n<li>\u0110\u1ed9 \u1ed3n 65 dB<\/li>\n<li>2 m\u1ee9c c\u00f4ng su\u1ea5t h\u00fat<\/li>\n<li>2 \u0111\u00e8n LED<\/li>\n<\/ul>\n<\/div>\n<\/div>\n<\/div>\n","protected":false},"featured_media":2616,"comment_status":"open","ping_status":"closed","template":"","meta":[],"product_brand":[],"product_cat":[84,130,344,311],"product_tag":[86,347,346,313],"class_list":{"0":"post-2521","1":"product","2":"type-product","3":"status-publish","4":"has-post-thumbnail","6":"product_cat-may-hut-mui","7":"product_cat-may-hut-mui-am-tu-keo","8":"product_cat-may-hut-mui-teka","9":"product_cat-thuong-hieu-teka","10":"product_tag-may-hut-mui","11":"product_tag-may-hut-mui-am-tu-keo","12":"product_tag-may-hut-mui-teka","13":"product_tag-teka","15":"first","16":"instock","17":"sale","18":"shipping-taxable","19":"purchasable","20":"product-type-simple"},"_links":{"self":[{"href":"https:\/\/livinghome.vn\/thiet-bi\/wp-json\/wp\/v2\/product\/2521","targetHints":{"allow":["GET"]}}],"collection":[{"href":"https:\/\/livinghome.vn\/thiet-bi\/wp-json\/wp\/v2\/product"}],"about":[{"href":"https:\/\/livinghome.vn\/thiet-bi\/wp-json\/wp\/v2\/types\/product"}],"replies":[{"embeddable":true,"href":"https:\/\/livinghome.vn\/thiet-bi\/wp-json\/wp\/v2\/comments?post=2521"}],"wp:featuredmedia":[{"embeddable":true,"href":"https:\/\/livinghome.vn\/thiet-bi\/wp-json\/wp\/v2\/media\/2616"}],"wp:attachment":[{"href":"https:\/\/livinghome.vn\/thiet-bi\/wp-json\/wp\/v2\/media?parent=2521"}],"wp:term":[{"taxonomy":"product_brand","embeddable":true,"href":"https:\/\/livinghome.vn\/thiet-bi\/wp-json\/wp\/v2\/product_brand?post=2521"},{"taxonomy":"product_cat","embeddable":true,"href":"https:\/\/livinghome.vn\/thiet-bi\/wp-json\/wp\/v2\/product_cat?post=2521"},{"taxonomy":"product_tag","embeddable":true,"href":"https:\/\/livinghome.vn\/thiet-bi\/wp-json\/wp\/v2\/product_tag?post=2521"}],"curies":[{"name":"wp","href":"https:\/\/api.w.org\/{rel}","templated":true}]}}