{"id":2520,"date":"2023-01-12T16:54:04","date_gmt":"2023-01-12T16:54:04","guid":{"rendered":"https:\/\/livinghome.vn\/thiet-bi\/?post_type=product&#038;p=2520"},"modified":"2024-11-29T14:20:29","modified_gmt":"2024-11-29T07:20:29","slug":"lo-vi-song-teka-ms-620-bis-ket-hop-nuong-dung-tich-20lit","status":"publish","type":"product","link":"https:\/\/livinghome.vn\/thiet-bi\/lo-vi-song-teka-ms-620-bis-ket-hop-nuong-dung-tich-20lit\/","title":{"rendered":"L\u00f2 vi s\u00f3ng Teka MS 620 BIS k\u1ebft h\u1ee3p n\u01b0\u1edbng dung t\u00edch 20l\u00edt"},"content":{"rendered":"<h1>L\u00f2 vi s\u00f3ng Teka MS 620 BIS k\u1ebft h\u1ee3p n\u01b0\u1edbng l\u1eafp \u0111\u1eb7t d\u1ec5 d\u00e0ng, thu\u1eadn ti\u1ec7n<\/h1>\n<figure id=\"attachment_67226\" aria-describedby=\"caption-attachment-67226\" style=\"width: 800px\" class=\"wp-caption alignnone\"><img loading=\"lazy\" decoding=\"async\" class=\"size-large wp-image-67226\" src=\"https:\/\/livinghome.vn\/thiet-bi\/wp-content\/uploads\/nha-bep\/teka\/lo-vi-song\/lo-vi-song-teka-ms-620-bis\/lo-vi-song-teka-ms-620-bis-1-800x800.jpg\" alt=\"L\u00f2 vi s\u00f3ng Teka MS 620 BIS k\u1ebft h\u1ee3p n\u01b0\u1edbng dung t\u00edch 20l\u00edt\" width=\"800\" height=\"800\" title=\"\"><figcaption id=\"caption-attachment-67226\" class=\"wp-caption-text\">V\u1edbi b\u1ed9 khung linh ho\u1ea1t, L\u00f2 vi s\u00f3ng Teka MS 620 BIS gi\u00fap qu\u00e1 tr\u00ecnh l\u1eafp r\u00e1p nhanh h\u01a1n v\u00e0 ph\u00f9 h\u1ee3p v\u1edbi m\u1ecdi lo\u1ea1i t\u1ee7 b\u1ebfp<\/figcaption><\/figure>\n<h3><strong>T\u00ednh n\u0103ng c\u01a1 b\u1ea3n<\/strong><\/h3>\n<ul>\n<li><a href=\"https:\/\/livinghome.vn\/thiet-bi\/lo-vi-song\/\">L\u00f2 vi s\u00f3ng<\/a> k\u1ebft h\u1ee3p ch\u1ee9c n\u0103ng n\u01b0\u1edbng<\/li>\n<li>Dung t\u00edch: 20 l\u00edt.<\/li>\n<li>\u0110\u00e1y l\u00f2 b\u1eb1ng ceramic.<\/li>\n<li>B\u1ea3ng \u0111i\u1ec1u khi\u1ec3n c\u1ea3m \u1ee9ng hi\u1ec3n th\u1ecb tr\u00ean m\u00e0n h\u00ecnh TFT.<\/li>\n<li>05 m\u1ee9c c\u00f4ng su\u1ea5t vi s\u00f3ng, 700W<\/li>\n<li>03 c\u00f4ng th\u1ee9c c\u00e0i \u0111\u1eb7t s\u1eb5n.<\/li>\n<li>03 ch\u1ee9c n\u0103ng n\u1ea5u.<\/li>\n<li>Ch\u1ee9c n\u0103ng kh\u1edfi \u0111\u1ed9ng nhanh trong 30 gi\u00e2y.<\/li>\n<li>Ch\u1ee9c n\u0103ng h\u1eb9n gi\u1edd t\u1eeb 0-90 ph\u00fat.<\/li>\n<li>Ch\u1ee9c n\u0103ng t\u1ef1 \u0111\u1ed9ng r\u00e3 \u0111\u00f4ng theo th\u1eddi gian v\u00e0 kh\u1ed1i l\u01b0\u1ee3ng.<\/li>\n<li>Ch\u1ee9c n\u0103ng kh\u00f3a an to\u00e0n.<\/li>\n<li>C\u1eeda k\u00ednh c\u00e1ch nhi\u1ec7t 02 l\u1edbp.<\/li>\n<li>Khoang l\u00f2 b\u1eb1ng th\u00e9p kh\u00f4ng g\u1ec9.<\/li>\n<li>H\u1ec7 th\u1ed1ng tho\u00e1t kh\u00ed ra ngo\u00e0i.<\/li>\n<li>C\u00f4ng su\u1ea5t v\u1ec9 n\u01b0\u1edbng 1000W.<\/li>\n<li>C\u1eeda m\u1edf b\u00ean tr\u00e1i<\/li>\n<\/ul>\n<h3 class=\"mceTemp\"><strong style=\"font-size: 20.16px;\">Th\u00f4ng s\u1ed1 k\u1ef9 thu\u1eadt<\/strong><\/h3>\n<h4>K\u00edch th\u01b0\u1edbc chung<\/h4>\n<ul>\n<li><strong>Chi\u1ec1u cao(mm):\u00a0<\/strong>390<\/li>\n<li><strong>Chi\u1ec1u r\u1ed9ng (mm):\u00a0<\/strong>595<\/li>\n<li><strong>\u0110\u1ed9 s\u00e2u (mm):\u00a0<\/strong>325<\/li>\n<li><strong>Tr\u1ecdng l\u01b0\u1ee3ng (Kgs):\u00a0<\/strong>18,6<\/li>\n<\/ul>\n<h4>K\u00edch th\u01b0\u1edbc khoang \u0111\u00f4i<\/h4>\n<ul>\n<li><strong>Chi\u1ec1u cao b\u00ean trong (mm):\u00a0<\/strong>210<\/li>\n<li><strong>Chi\u1ec1u r\u1ed9ng b\u00ean trong (mm):\u00a0<\/strong>305<\/li>\n<li><strong>\u0110\u1ed9 s\u00e2u b\u00ean trong (mm):\u00a0<\/strong>280<\/li>\n<li><strong>Dung t\u00edch r\u00f2ng (l\u00edt):\u00a0<\/strong>18<\/li>\n<li><strong>T\u1ed5ng dung t\u00edch (l\u00edt):\u00a0<\/strong>20<\/li>\n<\/ul>\n<h4>K\u1ebft n\u1ed1i \u0111i\u1ec7n<\/h4>\n<ul>\n<li><strong>C\u00f4ng su\u1ea5t ti\u00eau chu\u1ea9n t\u1ed1i \u0111a (W):\u00a0<\/strong>1200<\/li>\n<li><strong>T\u1ea7n s\u1ed1 (Hz):\u00a0<\/strong>50<\/li>\n<li><strong>C\u00f4ng su\u1ea5t (V):\u00a0<\/strong>220 &#8211; 240<\/li>\n<li><strong>Chi\u1ec1u d\u00e0i d\u00e2y c\u00e1p (cm):\u00a0<\/strong>110<\/li>\n<li><strong>Ph\u00edch c\u1eafm:\u00a0<\/strong>\u0110\u00fang<\/li>\n<\/ul>\n<h3><strong>\u0110\u1eb7c t\u00ednh<\/strong><\/h3>\n<ul>\n<li><strong>Gi\u1ea5y ch\u1ee9ng nh\u1eadn:\u00a0<\/strong>CE\/CB<\/li>\n<li><strong>S\u1ed1 l\u01b0\u1ee3ng khoang :\u00a0<\/strong>1<\/li>\n<li><strong>Ch\u1ee9c n\u0103ng n\u1ea5u \u0103n:\u00a0<\/strong>3<\/li>\n<li><strong>N\u01b0\u1edbng :\u00a0<\/strong>\u0110\u00fang<\/li>\n<\/ul>\n<h4>H\u1ec7 th\u1ed1ng an to\u00e0n<\/h4>\n<ul>\n<li><strong>T\u1ef1 \u0111\u1ed9ng ng\u1eaft k\u1ebft n\u1ed1i khi m\u1edf c\u1eeda:\u00a0<\/strong>\u0110\u00fang<\/li>\n<li><strong>T\u00f9y ch\u1ec9nh ch\u1ee9c n\u0103ng Kh\u00f3a tr\u1ebb em:\u00a0<\/strong>\u0110\u00fang<\/li>\n<li><strong>B\u00ecnh gi\u1eef nhi\u1ec7t an to\u00e0n:\u00a0<\/strong>\u0110\u00fang<\/li>\n<\/ul>\n<h4>H\u1ec7 th\u1ed1ng l\u00e0m s\u1ea1ch<\/h4>\n<ul>\n<li><strong>Th\u00e9p ch\u1ed1ng g\u1ec9 ch\u1ed1ng in d\u1ea5u v\u00e2n tay :\u00a0<\/strong>\u0110\u00fang<\/li>\n<\/ul>\n<h4>Ti\u00eau th\u1ee5 n\u0103ng l\u01b0\u1ee3ng<\/h4>\n<ul>\n<li><strong>Ch\u1ec9 s\u1ed1 hi\u1ec7u qu\u1ea3 n\u0103ng l\u01b0\u1ee3ng (EEI):\u00a0<\/strong>A<\/li>\n<\/ul>\n","protected":false},"excerpt":{"rendered":"<div id=\"product-title\" class=\"et_pb_module et_pb_text et_pb_bg_layout_light et_pb_text_align_left\">\n<div class=\"et_pb_text_inner\">\n<div id=\"product-title\" class=\"et_pb_module et_pb_text et_pb_bg_layout_light et_pb_text_align_left\">\n<div class=\"et_pb_text_inner\">\n<h2 style=\"text-align: center;\">L\u00f2 vi s\u00f3ng Teka MS 620 BIS<\/h2>\n<\/div>\n<\/div>\n<div class=\"et_pb_module et_pb_text et_pb_text_1 et_pb_bg_layout_light et_pb_text_align_left\">\n<div class=\"et_pb_text_inner\">\n<div id=\"product-content\">\n<p style=\"text-align: center;\">L\u00f2 vi s\u00f3ng k\u1ebft h\u1ee3p ch\u1ee9c n\u0103ng n\u01b0\u1edbng<\/p>\n<p style=\"text-align: center;\">B\u1ea3ng \u0111i\u1ec1u khi\u1ec3n c\u1ea3m \u1ee9ng hi\u1ec3n th\u1ecb tr\u00ean m\u00e0n<\/p>\n<p style=\"text-align: center;\">h\u00ecnh TFT.<\/p>\n<p style=\"text-align: center;\">03 c\u00f4ng th\u1ee9c c\u00e0i \u0111\u1eb7t s\u1eb5n.<\/p>\n<p style=\"text-align: center;\">03 ch\u1ee9c n\u0103ng n\u1ea5u.<\/p>\n<\/div>\n<\/div>\n<\/div>\n<\/div>\n<\/div>\n","protected":false},"featured_media":2615,"comment_status":"open","ping_status":"closed","template":"","meta":[],"product_brand":[],"product_cat":[352,311],"product_tag":[158,354,162,313],"class_list":{"0":"post-2520","1":"product","2":"type-product","3":"status-publish","4":"has-post-thumbnail","6":"product_cat-lo-vi-song-teka","7":"product_cat-thuong-hieu-teka","8":"product_tag-lo-vi-song","9":"product_tag-lo-vi-song-teka","10":"product_tag-lo-vi-song-tich-hop-lo-nuong","11":"product_tag-teka","13":"first","14":"instock","15":"sale","16":"shipping-taxable","17":"purchasable","18":"product-type-simple"},"_links":{"self":[{"href":"https:\/\/livinghome.vn\/thiet-bi\/wp-json\/wp\/v2\/product\/2520","targetHints":{"allow":["GET"]}}],"collection":[{"href":"https:\/\/livinghome.vn\/thiet-bi\/wp-json\/wp\/v2\/product"}],"about":[{"href":"https:\/\/livinghome.vn\/thiet-bi\/wp-json\/wp\/v2\/types\/product"}],"replies":[{"embeddable":true,"href":"https:\/\/livinghome.vn\/thiet-bi\/wp-json\/wp\/v2\/comments?post=2520"}],"wp:featuredmedia":[{"embeddable":true,"href":"https:\/\/livinghome.vn\/thiet-bi\/wp-json\/wp\/v2\/media\/2615"}],"wp:attachment":[{"href":"https:\/\/livinghome.vn\/thiet-bi\/wp-json\/wp\/v2\/media?parent=2520"}],"wp:term":[{"taxonomy":"product_brand","embeddable":true,"href":"https:\/\/livinghome.vn\/thiet-bi\/wp-json\/wp\/v2\/product_brand?post=2520"},{"taxonomy":"product_cat","embeddable":true,"href":"https:\/\/livinghome.vn\/thiet-bi\/wp-json\/wp\/v2\/product_cat?post=2520"},{"taxonomy":"product_tag","embeddable":true,"href":"https:\/\/livinghome.vn\/thiet-bi\/wp-json\/wp\/v2\/product_tag?post=2520"}],"curies":[{"name":"wp","href":"https:\/\/api.w.org\/{rel}","templated":true}]}}