{"id":2518,"date":"2023-01-12T16:54:04","date_gmt":"2023-01-12T16:54:04","guid":{"rendered":"https:\/\/livinghome.vn\/thiet-bi\/?post_type=product&#038;p=2518"},"modified":"2024-11-29T14:20:28","modified_gmt":"2024-11-29T07:20:28","slug":"may-hut-mui-teka-tl-7310-am-hien-dai-tien-dung","status":"publish","type":"product","link":"https:\/\/livinghome.vn\/thiet-bi\/may-hut-mui-teka-tl-7310-am-hien-dai-tien-dung\/","title":{"rendered":"M\u00e1y h\u00fat m\u00f9i Teka TL 7310 \u00e2m hi\u1ec7n \u0111\u1ea1i ti\u1ec7n d\u1ee5ng"},"content":{"rendered":"<h3>M\u00e1y h\u00fat m\u00f9i Teka TL 7310 \u00e2m hi\u1ec7n \u0111\u1ea1i ti\u1ec7n d\u1ee5ng<\/h3>\n<p>M\u00e1y h\u00fat m\u00f9i \u00e2m t\u1ee7 Teka TL7310 \u0111\u01b0\u1ee3c thi\u1ebft \u00e2m t\u1ee7 v\u1edbi thi\u1ebft k\u1ebf \u0111\u1eb9p m\u1eaft, ti\u1ec7n d\u1ee5ng v\u00e0 tinh t\u1ebf, kh\u00f4ng ch\u1ec9 mang l\u1ea1i ti\u1ec7n \u00edch t\u1ed1i \u0111a cho nh\u00e0 b\u1ebfp m\u00e0 c\u00f2n gi\u00fap ti\u1ebft ki\u1ec7m kh\u00f4ng gian v\u00e0 l\u00e0m \u0111\u1eb9p cho c\u0103n b\u1ebfp hi\u1ec7n \u0111\u1ea1i.<\/p>\n<figure id=\"attachment_67296\" aria-describedby=\"caption-attachment-67296\" style=\"width: 800px\" class=\"wp-caption alignnone\"><img loading=\"lazy\" decoding=\"async\" class=\"wp-image-67296 size-large\" src=\"https:\/\/livinghome.vn\/thiet-bi\/wp-content\/uploads\/nha-bep\/teka\/may-hut-mui\/may-hut-mui-teka-tl-7310\/may-hut-mui-teka-tl-7310-1-1-800x800.jpg\" alt=\"M\u00e1y h\u00fat m\u00f9i Teka TL 7310 \u00e2m hi\u1ec7n \u0111\u1ea1i ti\u1ec7n d\u1ee5ng\" width=\"800\" height=\"800\" title=\"\"><figcaption id=\"caption-attachment-67296\" class=\"wp-caption-text\">M\u00e1y h\u00fat m\u00f9i Teka TL 7310 \u00e2m hi\u1ec7n \u0111\u1ea1i ti\u1ec7n d\u1ee5ng<\/figcaption><\/figure>\n<p>M\u00e1y h\u00fat m\u00f9i c\u1ed5 \u0111i\u1ec3n Teka TL7310 s\u1eed d\u1ee5ng \u0111\u1ed9ng c\u01a1 tur bin \u0111\u00f4i v\u00f4 c\u00f9ng m\u1ea1nh m\u1ebd c\u00f9ng 2 ch\u1ebf \u0111\u1ed9 l\u00e0 h\u00fat kh\u1eed m\u00f9i tr\u1ef1c ti\u1ebfn qua \u0111\u01b0\u1eddng \u1ed1ng tho\u00e1t v\u00e0 h\u00fat kh\u1eed m\u00f9i tu\u1ea7n ho\u00e0n b\u1eb1ng than ho\u1ea1t t\u00ednh v\u00f4 c\u00f9ng ti\u1ec7n l\u1ee3i.<\/p>\n<h3>T\u00ednh n\u0103ng c\u01a1 b\u1ea3n<\/h3>\n<ul>\n<li><a href=\"https:\/\/livinghome.vn\/thiet-bi\/may-hut-mui\/\">M\u00e1y h\u00fat kh\u00f3i kh\u1eed m\u00f9i<\/a> \u2013 kh\u1eed m\u00f9i \u00e2m &#8211; d\u1ea1ng k\u00e9o<\/li>\n<li>C\u00f4ng su\u1ea5t h\u00fat 366 m3\/h<\/li>\n<li>\u0110i\u1ec7n \u00e1p 220 V<\/li>\n<li>T\u1ea7n s\u1ed1 50 Hz<\/li>\n<li>Lo\u1ea1i \u0111\u1ed9ng c\u01a1 turbin \u0111\u00f4i<\/li>\n<li>Ch\u1ea5t li\u1ec7u l\u01b0\u1edbi l\u1ecdc h\u1ee3p kim<\/li>\n<li>B\u1ea3ng \u0111i\u1ec1u khi\u1ec3n nh\u1ea5n c\u01a1<\/li>\n<li>\u0110\u1ed9 \u1ed3n 65 dB<\/li>\n<li>Ki\u1ec3u \u0111\u00e8n chi\u1ebfu s\u00e1ng Halogen<\/li>\n<\/ul>\n<h3>Th\u00f4ng s\u1ed1 k\u1ef9 thu\u1eadt<\/h3>\n<ul>\n<li>Chi\u1ec1u cao(mm): 181<\/li>\n<li>Chi\u1ec1u r\u1ed9ng (mm): 700<\/li>\n<li>\u0110\u1ed9 s\u00e2u (mm): 413<\/li>\n<\/ul>\n<h3>\u0110\u1eb7c t\u00ednh s\u1ea3n ph\u1ea9m<\/h3>\n<ul>\n<li>Gi\u1ea5y ch\u1ee9ng nh\u1eadn:\u00a0CE; CB; Rohs<\/li>\n<li>\u1ed4 c\u1eafm (mm):\u00a0120<\/li>\n<li>\u0110i\u1ec7n n\u0103ng ti\u00eau th\u1ee5 \u0111\u00e8n b\u00ean trong (W):\u00a06<\/li>\n<li>Ph\u00edch c\u1eafm:\u00a0European plug<\/li>\n<li>C\u00f4ng su\u1ea5t (V):\u00a0220-240<\/li>\n<li>T\u1ea7n s\u1ed1 (Hz):\u00a050-60<\/li>\n<\/ul>\n<figure id=\"attachment_67297\" aria-describedby=\"caption-attachment-67297\" style=\"width: 800px\" class=\"wp-caption alignnone\"><img loading=\"lazy\" decoding=\"async\" class=\"wp-image-67297 size-large\" src=\"https:\/\/livinghome.vn\/thiet-bi\/wp-content\/uploads\/nha-bep\/teka\/may-hut-mui\/may-hut-mui-teka-tl-7310\/may-hut-mui-teka-tl-7310-2-1-800x800.jpg\" alt=\"M\u00e1y h\u00fat m\u00f9i Teka TL 7310 \u00e2m hi\u1ec7n \u0111\u1ea1i ti\u1ec7n d\u1ee5ng\" width=\"800\" height=\"800\" title=\"\"><figcaption id=\"caption-attachment-67297\" class=\"wp-caption-text\">K\u00edch th\u01b0\u1edbc m\u00e1y h\u00fat m\u00f9i Teka TL 7310 \u00e2m hi\u1ec7n \u0111\u1ea1i ti\u1ec7n d\u1ee5ng<\/figcaption><\/figure>\n<p>M\u00e1y h\u00fat m\u00f9i\u00a0s\u1eed d\u1ee5ng h\u1ec7 th\u1ed1ng \u0111i\u1ec1u khi\u1ec3n push-round tr\u01b0\u1ee3t ra khi s\u1eed d\u1ee5ng v\u00e0 tr\u01b0\u1ee3t v\u00e0o khi kh\u00f4ng s\u1eed d\u1ee5ng \u0111\u1ec3 t\u1ed1i \u01b0u h\u00f3a kh\u00f4ng gian\u00a0s\u1ed1ng.<\/p>\n<h3>Xu\u1ea5t x\u1ee9: B\u1ed3 \u0110\u00e0o Nha<\/h3>\n<div><\/div>\n","protected":false},"excerpt":{"rendered":"<div id=\"product-title\" class=\"et_pb_module et_pb_text et_pb_bg_layout_light et_pb_text_align_left\">\n<div class=\"et_pb_text_inner\">\n<h1>M\u00e1y h\u00fat m\u00f9i l\u1eafp \u00e2m &#8211; d\u1ea1ng k\u00e9o<\/h1>\n<\/div>\n<\/div>\n<div class=\"et_pb_module et_pb_text et_pb_text_1 et_pb_bg_layout_light et_pb_text_align_left\">\n<div class=\"et_pb_text_inner\">\n<div id=\"product-content\">\n<ul>\n<li>C\u00f4ng su\u1ea5t t\u1ed1i \u0111a: 310 m\u00b3\/h<\/li>\n<li>\u0110\u1ed9 \u1ed3n 49\/65 dB<\/li>\n<li>2 l\u01b0\u1edbi l\u1ecdc b\u1eb1ng nh\u00f4m<\/li>\n<li>2 \u0111\u00e8n LED<\/li>\n<li>Xu\u1ea5t x\u1ee9: B\u1ed3 \u0110\u00e0o Nha<\/li>\n<\/ul>\n<\/div>\n<\/div>\n<\/div>\n","protected":false},"featured_media":2609,"comment_status":"open","ping_status":"closed","template":"","meta":[],"product_brand":[],"product_cat":[84,130,344,311],"product_tag":[86,347,346,313],"class_list":{"0":"post-2518","1":"product","2":"type-product","3":"status-publish","4":"has-post-thumbnail","6":"product_cat-may-hut-mui","7":"product_cat-may-hut-mui-am-tu-keo","8":"product_cat-may-hut-mui-teka","9":"product_cat-thuong-hieu-teka","10":"product_tag-may-hut-mui","11":"product_tag-may-hut-mui-am-tu-keo","12":"product_tag-may-hut-mui-teka","13":"product_tag-teka","15":"first","16":"instock","17":"sale","18":"shipping-taxable","19":"purchasable","20":"product-type-simple"},"_links":{"self":[{"href":"https:\/\/livinghome.vn\/thiet-bi\/wp-json\/wp\/v2\/product\/2518","targetHints":{"allow":["GET"]}}],"collection":[{"href":"https:\/\/livinghome.vn\/thiet-bi\/wp-json\/wp\/v2\/product"}],"about":[{"href":"https:\/\/livinghome.vn\/thiet-bi\/wp-json\/wp\/v2\/types\/product"}],"replies":[{"embeddable":true,"href":"https:\/\/livinghome.vn\/thiet-bi\/wp-json\/wp\/v2\/comments?post=2518"}],"wp:featuredmedia":[{"embeddable":true,"href":"https:\/\/livinghome.vn\/thiet-bi\/wp-json\/wp\/v2\/media\/2609"}],"wp:attachment":[{"href":"https:\/\/livinghome.vn\/thiet-bi\/wp-json\/wp\/v2\/media?parent=2518"}],"wp:term":[{"taxonomy":"product_brand","embeddable":true,"href":"https:\/\/livinghome.vn\/thiet-bi\/wp-json\/wp\/v2\/product_brand?post=2518"},{"taxonomy":"product_cat","embeddable":true,"href":"https:\/\/livinghome.vn\/thiet-bi\/wp-json\/wp\/v2\/product_cat?post=2518"},{"taxonomy":"product_tag","embeddable":true,"href":"https:\/\/livinghome.vn\/thiet-bi\/wp-json\/wp\/v2\/product_tag?post=2518"}],"curies":[{"name":"wp","href":"https:\/\/api.w.org\/{rel}","templated":true}]}}