{"id":2501,"date":"2023-01-12T16:53:40","date_gmt":"2023-01-12T16:53:40","guid":{"rendered":"https:\/\/livinghome.vn\/thiet-bi\/?post_type=product&#038;p=2501"},"modified":"2024-11-29T14:20:29","modified_gmt":"2024-11-29T07:20:29","slug":"lo-vi-song-teka-mlc-844-ket-hop-nuong-dung-tich-44lit","status":"publish","type":"product","link":"https:\/\/livinghome.vn\/thiet-bi\/lo-vi-song-teka-mlc-844-ket-hop-nuong-dung-tich-44lit\/","title":{"rendered":"L\u00f2 vi s\u00f3ng Teka MLC 844 k\u1ebft h\u1ee3p n\u01b0\u1edbng dung t\u00edch 44l\u00edt"},"content":{"rendered":"<h1>L\u00f2 vi s\u00f3ng Teka MLC 844 k\u1ebft h\u1ee3p n\u01b0\u1edbng v\u1edbi dung t\u00edch c\u1ef1c kh\u1ee7ng l\u00ean \u0111\u1ebfn 44l\u00edt<\/h1>\n<figure id=\"attachment_67225\" aria-describedby=\"caption-attachment-67225\" style=\"width: 800px\" class=\"wp-caption alignnone\"><img loading=\"lazy\" decoding=\"async\" class=\"size-large wp-image-67225\" src=\"https:\/\/livinghome.vn\/thiet-bi\/wp-content\/uploads\/nha-bep\/teka\/lo-vi-song\/lo-vi-song-teka-mlc-844\/lo-vi-song-teka-mlc-844-1-1-800x800.jpg\" alt=\"L\u00f2 vi s\u00f3ng Teka MLC 844 k\u1ebft h\u1ee3p n\u01b0\u1edbng dung t\u00edch 44l\u00edt\" width=\"800\" height=\"800\" title=\"\"><figcaption id=\"caption-attachment-67225\" class=\"wp-caption-text\">L\u00f2 vi s\u00f3ng Teka MLC 844 k\u1ebft h\u1ee3p n\u01b0\u1edbng dung t\u00edch 44l\u00edt<\/figcaption><\/figure>\n<h3><strong>T\u00ednh n\u0103ng c\u01a1 b\u1ea3n<\/strong><\/h3>\n<ul>\n<li><a href=\"https:\/\/livinghome.vn\/thiet-bi\/lo-vi-song\/\">L\u00f2 vi s\u00f3ng<\/a> k\u1ebft h\u1ee3p vi s\u00f3ng v\u1edbi 3 ch\u1ee9c n\u0103ng n\u1ea5u<\/li>\n<li>Dung t\u00edch: 44 l\u00edt<\/li>\n<li>B\u1ea3ng \u0111i\u1ec1u khi\u1ec3n c\u1ea3m \u1ee9ng hi\u1ec3n th\u1ecb \u0111\u00e8n LED.<\/li>\n<li>05 m\u1ee9c c\u00f4ng su\u1ea5t, 1000W.<\/li>\n<li>C\u00f4ng su\u1ea5t v\u1ec9 n\u01b0\u1edbng, 1400W.<\/li>\n<li>Ch\u1ee9c n\u0103ng h\u1eb9n gi\u1edd t\u1eeb 0 \u2013 90 ph\u00fat.<\/li>\n<li>R\u00e3 \u0111\u00f4ng theo th\u1eddi gian v\u00e0 kh\u1ed1i l\u01b0\u1ee3ng.<\/li>\n<li>Ch\u1ee9c n\u0103ng kh\u00f3a an to\u00e0n.<\/li>\n<li>H\u1ec7 th\u1ed1ng t\u1ef1 ng\u1eaft k\u1ebft n\u1ed1i an to\u00e0n.<\/li>\n<li>C\u1eeda k\u00ednh c\u00e1ch nhi\u1ec7t 02 l\u1edbp.<\/li>\n<li>H\u1ec7 th\u1ed1ng tho\u00e1t kh\u00ed ra ngo\u00e0i.<\/li>\n<li>Ph\u1ee5 ki\u1ec7n: V\u1ec9 n\u01b0\u1edbng.<\/li>\n<\/ul>\n<h3 class=\"mceTemp\"><strong style=\"font-size: 20.16px;\">Th\u00f4ng s\u1ed1 k\u1ef9 thu\u1eadt<\/strong><\/h3>\n<h4>K\u00edch th\u01b0\u1edbc chung<\/h4>\n<ul>\n<li><strong>Chi\u1ec1u cao(mm):\u00a0<\/strong>455<\/li>\n<li><strong>Chi\u1ec1u r\u1ed9ng (mm):\u00a0<\/strong>595<\/li>\n<li><strong>\u0110\u1ed9 s\u00e2u (mm):\u00a0<\/strong>559<\/li>\n<li><strong>Tr\u1ecdng l\u01b0\u1ee3ng (Kgs):\u00a0<\/strong>28,4<\/li>\n<\/ul>\n<h4>K\u00edch th\u01b0\u1edbc khoang \u0111\u00f4i<\/h4>\n<ul>\n<li><strong>Chi\u1ec1u cao b\u00ean trong (mm):\u00a0<\/strong>232<\/li>\n<li><strong>Chi\u1ec1u r\u1ed9ng b\u00ean trong (mm):\u00a0<\/strong>475<\/li>\n<li><strong>\u0110\u1ed9 s\u00e2u b\u00ean trong (mm):\u00a0<\/strong>365<\/li>\n<li><strong>Dung t\u00edch r\u00f2ng (l\u00edt):\u00a0<\/strong>44<\/li>\n<li><strong>T\u1ed5ng dung t\u00edch (l\u00edt):\u00a0<\/strong>45<\/li>\n<\/ul>\n<h4>K\u1ebft n\u1ed1i \u0111i\u1ec7n<\/h4>\n<ul>\n<li><strong>C\u00f4ng su\u1ea5t ti\u00eau chu\u1ea9n t\u1ed1i \u0111a (W):\u00a0<\/strong>3200<\/li>\n<li><strong>T\u1ea7n s\u1ed1 (Hz):\u00a0<\/strong>50<\/li>\n<li><strong>C\u00f4ng su\u1ea5t (V):\u00a0<\/strong>220-240<\/li>\n<li><strong>Chi\u1ec1u d\u00e0i d\u00e2y c\u00e1p (cm):\u00a0<\/strong>110<\/li>\n<li><strong>\u0110i\u1ec7n n\u0103ng ti\u00eau th\u1ee5 \u0111\u00e8n b\u00ean trong (W):\u00a0<\/strong>25<\/li>\n<\/ul>\n<h3><strong>\u0110\u1eb7c t\u00ednh<\/strong><\/h3>\n<ul>\n<li><strong>Gi\u1ea5y ch\u1ee9ng nh\u1eadn:\u00a0<\/strong>CE\/CB<\/li>\n<li><strong>S\u1ed1 l\u01b0\u1ee3ng khoang :\u00a0<\/strong>1<\/li>\n<li><strong>B\u1ed9 \u0111i\u1ec1u ch\u1ec9nh nhi\u1ec7t \u0111\u1ed9 t\u1ed1i thi\u1ec3u (\u00baC):\u00a0<\/strong>50<\/li>\n<li><strong>B\u1ed9 \u0111i\u1ec1u ch\u1ec9nh nhi\u1ec7t \u0111\u1ed9 t\u1ed1i \u0111a (\u00baC):\u00a0<\/strong>250<\/li>\n<li><strong>Ch\u1ee9c n\u0103ng n\u1ea5u \u0103n:\u00a0<\/strong>3<\/li>\n<li><strong>N\u01b0\u1edbng :\u00a0<\/strong>\u0110\u00fang<\/li>\n<li><strong>L\u1eadp tr\u00ecnh \u0111i\u1ec1u khi\u1ec3n c\u1ea3m \u1ee9ng:\u00a0<\/strong>\u0110\u00fang<\/li>\n<li><strong>\u0110\u1ed3ng h\u1ed3 h\u1eb9n gi\u1edd:\u00a0<\/strong>\u0110\u00fang<\/li>\n<li><strong>H\u1ec7 th\u1ed1ng khay c\u00f3 th\u1ec3 th\u00e1o r\u1eddi:\u00a0<\/strong>\u0110\u00fang<\/li>\n<li><strong>Th\u00f4ng gi\u00f3 ti\u1ebfp tuy\u1ebfn:\u00a0<\/strong>\u0110\u00fang<\/li>\n<li><strong>Th\u00f4ng gi\u00f3 ti\u1ebfp tuy\u1ebfn:\u00a0<\/strong>\u0110\u00fang<\/li>\n<\/ul>\n<h4>H\u1ec7 th\u1ed1ng an to\u00e0n<\/h4>\n<ul>\n<li><strong>T\u1ef1 \u0111\u1ed9ng ng\u1eaft k\u1ebft n\u1ed1i khi m\u1edf c\u1eeda:\u00a0<\/strong>\u0110\u00fang<\/li>\n<li><strong>B\u1ea3o v\u1ec7 v\u1ec9 n\u01b0\u1edbng:\u00a0<\/strong>\u0110\u00fang<\/li>\n<li><strong>B\u00ecnh gi\u1eef nhi\u1ec7t an to\u00e0n:\u00a0<\/strong>\u0110\u00fang<\/li>\n<\/ul>\n<h4>H\u1ec7 th\u1ed1ng l\u00e0m s\u1ea1ch<\/h4>\n<ul>\n<li><strong>Th\u00e9p ch\u1ed1ng g\u1ec9 ch\u1ed1ng in d\u1ea5u v\u00e2n tay :\u00a0<\/strong>\u0110\u00fang<\/li>\n<li><strong>Men tr\u01a1n :\u00a0<\/strong>\u0110\u00fang<\/li>\n<\/ul>\n<h4>Ti\u00eau th\u1ee5 n\u0103ng l\u01b0\u1ee3ng<\/h4>\n<ul>\n<li><strong>N\u01b0\u1edbng (W):\u00a0<\/strong>1400<\/li>\n<li><strong>\u0110\u1ed9ng c\u01a1 qu\u1ea1t l\u00e0m m\u00e1t (W):\u00a0<\/strong>18<\/li>\n<\/ul>\n<h4>Ph\u1ee5 ki\u1ec7n t\u00f9y \u00fd<\/h4>\n<ul>\n<li><strong>Khay th\u1ee7y tinh:\u00a0<\/strong>1<\/li>\n<\/ul>\n","protected":false},"excerpt":{"rendered":"<div id=\"product-title\" class=\"et_pb_module et_pb_text et_pb_bg_layout_light et_pb_text_align_left\">\n<div class=\"et_pb_text_inner\">\n<div id=\"product-title\" class=\"et_pb_module et_pb_text et_pb_bg_layout_light et_pb_text_align_left\">\n<div class=\"et_pb_text_inner\">\n<h2 style=\"text-align: center;\">L\u00f2 vi s\u00f3ng Teka MLC 844<\/h2>\n<\/div>\n<\/div>\n<div class=\"et_pb_module et_pb_text et_pb_text_1 et_pb_bg_layout_light et_pb_text_align_left\">\n<div class=\"et_pb_text_inner\">\n<div id=\"product-content\">\n<p style=\"text-align: center;\">L\u00f2 vi s\u00f3ng k\u1ebft h\u1ee3p n\u01b0\u1edbng<\/p>\n<p style=\"text-align: center;\">M\u00e0n h\u00ecnh \u0111i\u1ec1u khi\u1ec3n LED c\u1ea3m \u1ee9ng<\/p>\n<p style=\"text-align: center;\">3 ch\u1ee9c n\u0103ng n\u1ea5u<\/p>\n<p style=\"text-align: center;\">R\u00e3 \u0111\u00f4ng theo th\u1eddi gian v\u00e0 kh\u1ed1i l\u01b0\u1ee3ng.<\/p>\n<p style=\"text-align: center;\">Ch\u1ee9c n\u0103ng kh\u00f3a an to\u00e0n.<\/p>\n<p style=\"text-align: center;\">H\u1ec7 th\u1ed1ng t\u1ef1 ng\u1eaft k\u1ebft n\u1ed1i an to\u00e0n.<\/p>\n<\/div>\n<\/div>\n<\/div>\n<\/div>\n<\/div>\n","protected":false},"featured_media":2608,"comment_status":"open","ping_status":"closed","template":"","meta":[],"product_brand":[],"product_cat":[352,311],"product_tag":[158,354,162,313],"class_list":{"0":"post-2501","1":"product","2":"type-product","3":"status-publish","4":"has-post-thumbnail","6":"product_cat-lo-vi-song-teka","7":"product_cat-thuong-hieu-teka","8":"product_tag-lo-vi-song","9":"product_tag-lo-vi-song-teka","10":"product_tag-lo-vi-song-tich-hop-lo-nuong","11":"product_tag-teka","13":"first","14":"instock","15":"sale","16":"shipping-taxable","17":"purchasable","18":"product-type-simple"},"_links":{"self":[{"href":"https:\/\/livinghome.vn\/thiet-bi\/wp-json\/wp\/v2\/product\/2501","targetHints":{"allow":["GET"]}}],"collection":[{"href":"https:\/\/livinghome.vn\/thiet-bi\/wp-json\/wp\/v2\/product"}],"about":[{"href":"https:\/\/livinghome.vn\/thiet-bi\/wp-json\/wp\/v2\/types\/product"}],"replies":[{"embeddable":true,"href":"https:\/\/livinghome.vn\/thiet-bi\/wp-json\/wp\/v2\/comments?post=2501"}],"wp:featuredmedia":[{"embeddable":true,"href":"https:\/\/livinghome.vn\/thiet-bi\/wp-json\/wp\/v2\/media\/2608"}],"wp:attachment":[{"href":"https:\/\/livinghome.vn\/thiet-bi\/wp-json\/wp\/v2\/media?parent=2501"}],"wp:term":[{"taxonomy":"product_brand","embeddable":true,"href":"https:\/\/livinghome.vn\/thiet-bi\/wp-json\/wp\/v2\/product_brand?post=2501"},{"taxonomy":"product_cat","embeddable":true,"href":"https:\/\/livinghome.vn\/thiet-bi\/wp-json\/wp\/v2\/product_cat?post=2501"},{"taxonomy":"product_tag","embeddable":true,"href":"https:\/\/livinghome.vn\/thiet-bi\/wp-json\/wp\/v2\/product_tag?post=2501"}],"curies":[{"name":"wp","href":"https:\/\/api.w.org\/{rel}","templated":true}]}}