{"id":2481,"date":"2023-01-12T16:53:17","date_gmt":"2023-01-12T16:53:17","guid":{"rendered":"https:\/\/livinghome.vn\/thiet-bi\/?post_type=product&#038;p=2481"},"modified":"2024-11-29T14:20:29","modified_gmt":"2024-11-29T07:20:29","slug":"may-hut-mui-teka-nc-980-ap-tuong-thiet-ke-kinh-cong-nhe-nhang-tinh-te","status":"publish","type":"product","link":"https:\/\/livinghome.vn\/thiet-bi\/may-hut-mui-teka-nc-980-ap-tuong-thiet-ke-kinh-cong-nhe-nhang-tinh-te\/","title":{"rendered":"M\u00e1y h\u00fat m\u00f9i Teka NC 980 \u00e1p t\u01b0\u1eddng thi\u1ebft k\u1ebf k\u00ednh cong nh\u1eb9 nh\u00e0ng tinh t\u1ebf"},"content":{"rendered":"<h3>M\u00e1y h\u00fat m\u00f9i Teka NC 780 \u00e1p t\u01b0\u1eddng thi\u1ebft k\u1ebf k\u00ednh cong m\u1ec1m m\u1ea1i sang tr\u1ecdng<\/h3>\n<figure id=\"attachment_67248\" aria-describedby=\"caption-attachment-67248\" style=\"width: 800px\" class=\"wp-caption alignnone\"><img loading=\"lazy\" decoding=\"async\" class=\"wp-image-67248 size-large\" src=\"https:\/\/livinghome.vn\/thiet-bi\/wp-content\/uploads\/nha-bep\/teka\/may-hut-mui\/may-hut-mui-teka-nc-980\/may-hut-mui-teka-nc-980-2-1-800x800.jpg\" alt=\"M\u00e1y h\u00fat m\u00f9i Teka NC 980 \u00e1p t\u01b0\u1eddng thi\u1ebft k\u1ebf k\u00ednh cong nh\u1eb9 nh\u00e0ng tinh t\u1ebf\" width=\"800\" height=\"800\" title=\"\"><figcaption id=\"caption-attachment-67248\" class=\"wp-caption-text\">M\u00e1y h\u00fat m\u00f9i Teka NC 980 \u00e1p t\u01b0\u1eddng thi\u1ebft k\u1ebf k\u00ednh cong nh\u1eb9 nh\u00e0ng tinh t\u1ebf<\/figcaption><\/figure>\n<p>M\u00e1y h\u00fat m\u00f9i Teka NC 980 c\u00f3 ch\u1ea5t l\u01b0\u1ee3ng t\u1ed1t, gi\u00e1 th\u00e0nh ph\u1ea3i ch\u0103ng, thi\u1ebft k\u1ebf sang tr\u1ecdng, k\u00ednh cong c\u01b0\u1eddng l\u1ef1c v\u00e0 inox to\u00e0n ph\u1ea7n si\u00eau b\u1ec1n v\u00e0 tuy\u1ec7t \u0111\u1ed1i an to\u00e0n cho ng\u01b0\u1eddi s\u1eed d\u1ee5ng, d\u1ec5 d\u00e0ng v\u1ec7 sinh., ph\u00f9 h\u1ee3p v\u1edbi nhi\u1ec1u kh\u00f4ng gian ph\u00f2ng b\u1ebfp.<\/p>\n<h3>T\u00ednh n\u0103ng c\u01a1 b\u1ea3n<\/h3>\n<ul>\n<li><a href=\"https:\/\/livinghome.vn\/thiet-bi\/may-hut-mui\/\">M\u00e1y h\u00fat kh\u00f3i kh\u1eed m\u00f9i<\/a> \u2013 kh\u1eed m\u00f9i \u00e1p t\u01b0\u1eddng<\/li>\n<li>C\u00f4ng su\u1ea5t t\u1ed1i \u0111a: 637 m\u00b3\/h<\/li>\n<li>4 m\u1ee9c c\u00f4ng su\u1ea5t h\u00fat<\/li>\n<li>\u0110\u1ed9 \u1ed3n 70 dB<\/li>\n<li>\u0110i\u1ec1u khi\u1ec3n b\u1eb1ng n\u00fat nh\u1ea5n<\/li>\n<li>\u0110\u1ed9ng c\u01a1 tuabin \u0111\u00f4i<\/li>\n<li>\u0110\u00e8n LED 6W<\/li>\n<li>Ch\u1ebf \u0111\u1ed9 h\u1eb9n gi\u1edd<\/li>\n<li>L\u01b0\u1edbi l\u1ecdc b\u1eb1ng th\u00e9p kh\u00f4ng g\u1ec9<\/li>\n<\/ul>\n<p>&nbsp;<\/p>\n<figure id=\"attachment_67246\" aria-describedby=\"caption-attachment-67246\" style=\"width: 800px\" class=\"wp-caption alignnone\"><img loading=\"lazy\" decoding=\"async\" class=\"wp-image-67246 size-large\" src=\"https:\/\/livinghome.vn\/thiet-bi\/wp-content\/uploads\/nha-bep\/teka\/may-hut-mui\/may-hut-mui-teka-nc-980\/may-hut-mui-teka-nc-980-3-1-800x800.jpg\" alt=\"M\u00e1y h\u00fat m\u00f9i Teka NC 980 \u00e1p t\u01b0\u1eddng thi\u1ebft k\u1ebf k\u00ednh cong nh\u1eb9 nh\u00e0ng tinh t\u1ebf\" width=\"800\" height=\"800\" title=\"\"><figcaption id=\"caption-attachment-67246\" class=\"wp-caption-text\">M\u00e1y h\u00fat m\u00f9i Teka NC 980 \u00e1p t\u01b0\u1eddng thi\u1ebft k\u1ebf k\u00ednh cong nh\u1eb9 nh\u00e0ng tinh t\u1ebf<\/figcaption><\/figure>\n<h3>Th\u00f4ng s\u1ed1 k\u1ef9 thu\u1eadt<\/h3>\n<ul>\n<li>Chi\u1ec1u cao(mm):\u00a0674-1004<\/li>\n<li>Chi\u1ec1u r\u1ed9ng (mm):\u00a0900<\/li>\n<li>\u0110\u1ed9 s\u00e2u (mm):\u00a0500<\/li>\n<li>Tr\u1ecdng l\u01b0\u1ee3ng (Kgs):\u00a015,2<\/li>\n<\/ul>\n<h3>\u0110\u1eb7c t\u00ednh s\u1ea3n ph\u1ea9m<\/h3>\n<ul>\n<li>Gi\u1ea5y ch\u1ee9ng nh\u1eadn:\u00a0CE; CB; Rohs<\/li>\n<li>\u1ed4 c\u1eafm (mm):\u00a0150<\/li>\n<li>\u0110i\u1ec7n n\u0103ng ti\u00eau th\u1ee5 \u0111\u00e8n b\u00ean trong (W):\u00a03<\/li>\n<li>Ph\u00edch c\u1eafm:\u00a0European plug<\/li>\n<li>C\u00f4ng su\u1ea5t (V):\u00a0220-240<\/li>\n<li>T\u1ea7n s\u1ed1 (Hz):\u00a050\/60<\/li>\n<li>T\u1ed5ng c\u00f4ng su\u1ea5t h\u00fat (W):\u00a0236<\/li>\n<li>C\u00f4ng su\u1ea5t \u0111\u1ed9ng c\u01a1 (W):\u00a0230<\/li>\n<\/ul>\n<figure id=\"attachment_67247\" aria-describedby=\"caption-attachment-67247\" style=\"width: 800px\" class=\"wp-caption alignnone\"><img loading=\"lazy\" decoding=\"async\" class=\"wp-image-67247 size-large\" src=\"https:\/\/livinghome.vn\/thiet-bi\/wp-content\/uploads\/nha-bep\/teka\/may-hut-mui\/may-hut-mui-teka-nc-980\/may-hut-mui-teka-nc-980-5-1-800x800.jpg\" alt=\"M\u00e1y h\u00fat m\u00f9i Teka NC 980 \u00e1p t\u01b0\u1eddng thi\u1ebft k\u1ebf k\u00ednh cong nh\u1eb9 nh\u00e0ng tinh t\u1ebf\" width=\"800\" height=\"800\" title=\"\"><figcaption id=\"caption-attachment-67247\" class=\"wp-caption-text\">K\u00edch th\u01b0\u1edbc m\u00e1y h\u00fat m\u00f9i Teka NC 980 \u00e1p t\u01b0\u1eddng thi\u1ebft k\u1ebf k\u00ednh cong nh\u1eb9 nh\u00e0ng tinh t\u1ebf<\/figcaption><\/figure>\n<p>M\u00e1y h\u00fat m\u00f9i Teka\u00a0\u1ee9ng d\u1ee5ng\u00a0c\u01a1 ch\u1ebf ho\u1ea1t \u0111\u1ed9ng th\u00f4ng minh c\u00f3 th\u1ec3 h\u00fat kh\u1eed tr\u1ef1c ti\u1ebfp ra ngo\u00e0i b\u1eb1ng \u0111\u01b0\u1eddng \u1ed1ng, ho\u1eb7c kh\u1eed m\u00f9i b\u1eb1ng than ho\u1ea1t t\u00ednh, do v\u1eady s\u1ea3n ph\u1ea9m ph\u00f9 h\u1ee3p v\u1edbi nhi\u1ec1u gia \u0111\u00ecnh.Trang b\u1ecb th\u00eam 2 \u0111\u00e8n chi\u1ebfu s\u00e1ng ,\u00a0v\u1eeba ti\u1ebft ki\u1ec7m \u0111i\u1ec7n v\u1eeba \u0111\u1ea3m b\u1ea3o cung c\u1ea5p \u0111\u1ee7 \u00e1nh s\u00e1ng cho khu v\u1ef1c n\u1ea5u.<\/p>\n<h3>Xu\u1ea5t x\u1ee9: T\u00e2y Ban Nha<\/h3>\n<div><\/div>\n","protected":false},"excerpt":{"rendered":"<div id=\"product-title\" class=\"et_pb_module et_pb_text et_pb_bg_layout_light et_pb_text_align_left\">\n<div class=\"et_pb_text_inner\">\n<h1>M\u00e1y h\u00fat m\u00f9i \u00e1p t\u01b0\u1eddng &#8211; d\u1ea1ng th\u1eb3ng<\/h1>\n<\/div>\n<\/div>\n<div class=\"et_pb_module et_pb_text et_pb_text_1 et_pb_bg_layout_light et_pb_text_align_left\">\n<div class=\"et_pb_text_inner\">\n<div id=\"product-content\">\n<ul>\n<li>C\u00f4ng su\u1ea5t t\u1ed1i \u0111a: 637 m\u00b3\/h<\/li>\n<li>\u0110\u1ed9 \u1ed3n 70 dB<\/li>\n<li>\u0110i\u1ec1u khi\u1ec3n b\u1eb1ng n\u00fat nh\u1ea5n<\/li>\n<li>4 m\u1ee9c c\u00f4ng su\u1ea5t h\u00fat<\/li>\n<li>Xu\u1ea5t x\u1ee9: T\u00e2y Ban Nha<\/li>\n<\/ul>\n<\/div>\n<\/div>\n<\/div>\n","protected":false},"featured_media":2595,"comment_status":"open","ping_status":"closed","template":"","meta":[],"product_brand":[],"product_cat":[84,89,344,311],"product_tag":[86,90,346,313],"class_list":{"0":"post-2481","1":"product","2":"type-product","3":"status-publish","4":"has-post-thumbnail","6":"product_cat-may-hut-mui","7":"product_cat-may-hut-mui-gan-tuong","8":"product_cat-may-hut-mui-teka","9":"product_cat-thuong-hieu-teka","10":"product_tag-may-hut-mui","11":"product_tag-may-hut-mui-gan-tuong","12":"product_tag-may-hut-mui-teka","13":"product_tag-teka","15":"first","16":"instock","17":"sale","18":"shipping-taxable","19":"purchasable","20":"product-type-simple"},"_links":{"self":[{"href":"https:\/\/livinghome.vn\/thiet-bi\/wp-json\/wp\/v2\/product\/2481","targetHints":{"allow":["GET"]}}],"collection":[{"href":"https:\/\/livinghome.vn\/thiet-bi\/wp-json\/wp\/v2\/product"}],"about":[{"href":"https:\/\/livinghome.vn\/thiet-bi\/wp-json\/wp\/v2\/types\/product"}],"replies":[{"embeddable":true,"href":"https:\/\/livinghome.vn\/thiet-bi\/wp-json\/wp\/v2\/comments?post=2481"}],"wp:featuredmedia":[{"embeddable":true,"href":"https:\/\/livinghome.vn\/thiet-bi\/wp-json\/wp\/v2\/media\/2595"}],"wp:attachment":[{"href":"https:\/\/livinghome.vn\/thiet-bi\/wp-json\/wp\/v2\/media?parent=2481"}],"wp:term":[{"taxonomy":"product_brand","embeddable":true,"href":"https:\/\/livinghome.vn\/thiet-bi\/wp-json\/wp\/v2\/product_brand?post=2481"},{"taxonomy":"product_cat","embeddable":true,"href":"https:\/\/livinghome.vn\/thiet-bi\/wp-json\/wp\/v2\/product_cat?post=2481"},{"taxonomy":"product_tag","embeddable":true,"href":"https:\/\/livinghome.vn\/thiet-bi\/wp-json\/wp\/v2\/product_tag?post=2481"}],"curies":[{"name":"wp","href":"https:\/\/api.w.org\/{rel}","templated":true}]}}