{"id":2480,"date":"2023-01-12T16:53:17","date_gmt":"2023-01-12T16:53:17","guid":{"rendered":"https:\/\/livinghome.vn\/thiet-bi\/?post_type=product&#038;p=2480"},"modified":"2024-11-29T14:20:29","modified_gmt":"2024-11-29T07:20:29","slug":"lo-vi-song-teka-ml-820-bi-lap-am-dung-tich-20lit","status":"publish","type":"product","link":"https:\/\/livinghome.vn\/thiet-bi\/lo-vi-song-teka-ml-820-bi-lap-am-dung-tich-20lit\/","title":{"rendered":"L\u00f2 vi s\u00f3ng Teka ML 820 BI l\u1eafp \u00e2m dung t\u00edch 20l\u00edt"},"content":{"rendered":"<h2>L\u00f2 vi s\u00f3ng Teka ML 820 BI l\u1eafp \u00e2m dung t\u00edch 20l\u00edt l\u1eafp \u0111\u1eb7t d\u1ec5 d\u00e0ng, thu\u1eadn ti\u1ec7n<\/h2>\n<h3><strong>T\u00ednh n\u0103ng c\u01a1 b\u1ea3n<\/strong><\/h3>\n<ul>\n<li><a href=\"https:\/\/livinghome.vn\/thiet-bi\/lo-vi-song\/\">L\u00f2 vi s\u00f3ng<\/a> l\u1eafp \u00e2m<\/li>\n<li>\u0110i\u1ec1u khi\u1ec3n b\u1eb1ng \u0111i\u1ec7n c\u01a1.<\/li>\n<li>05 m\u1ee9c c\u00f4ng su\u1ea5t, 700W.<\/li>\n<li>01 ch\u1ee9c n\u0103ng n\u1ea5u.<\/li>\n<li>Ch\u1ee9c n\u0103ng h\u1eb9n gi\u1edd t\u1eeb 0 \u2013 60 ph\u00fat.<\/li>\n<li>Ch\u1ee9c n\u0103ng t\u1ef1 \u0111\u1ed9ng r\u00e3 \u0111\u00f4ng theo th\u1eddi gian.<\/li>\n<li>C\u1eeda k\u00ednh c\u00e1ch nhi\u1ec7t 02 l\u1edbp.<\/li>\n<li>Khoang l\u00f2 b\u1eb1ng th\u00e9p kh\u00f4ng g\u1ec9<\/li>\n<\/ul>\n<figure id=\"attachment_67215\" aria-describedby=\"caption-attachment-67215\" style=\"width: 800px\" class=\"wp-caption alignnone\"><img loading=\"lazy\" decoding=\"async\" class=\"size-large wp-image-67215\" src=\"https:\/\/livinghome.vn\/thiet-bi\/wp-content\/uploads\/nha-bep\/teka\/lo-vi-song\/lo-vi-song-teka-ml-820-bi\/lo-vi-song-teka-ml-820-bi-1-1-800x800.jpg\" alt=\"L\u00f2 vi s\u00f3ng Teka ML 820 BI l\u1eafp \u00e2m dung t\u00edch 20l\u00edt\" width=\"800\" height=\"800\" title=\"\"><figcaption id=\"caption-attachment-67215\" class=\"wp-caption-text\">L\u00f2 vi s\u00f3ng Teka ML 820 BI l\u1eafp \u00e2m dung t\u00edch 20l\u00edt<\/figcaption><\/figure>\n<h3 class=\"mceTemp\"><strong style=\"font-size: 20.16px;\">Th\u00f4ng s\u1ed1 k\u1ef9 thu\u1eadt<\/strong><\/h3>\n<h4>K\u00edch th\u01b0\u1edbc chung<\/h4>\n<ul>\n<li><strong>Chi\u1ec1u cao(mm):\u00a0<\/strong>390<\/li>\n<li><strong>Chi\u1ec1u r\u1ed9ng (mm):\u00a0<\/strong>595<\/li>\n<li><strong>\u0110\u1ed9 s\u00e2u (mm):\u00a0<\/strong>325<\/li>\n<li><strong>Tr\u1ecdng l\u01b0\u1ee3ng (Kgs):\u00a0<\/strong>18,6<\/li>\n<\/ul>\n<h4>K\u00edch th\u01b0\u1edbc khoang \u0111\u00f4i<\/h4>\n<ul>\n<li><strong>Chi\u1ec1u cao b\u00ean trong (mm):\u00a0<\/strong>210<\/li>\n<li><strong>Chi\u1ec1u r\u1ed9ng b\u00ean trong (mm):\u00a0<\/strong>305<\/li>\n<li><strong>\u0110\u1ed9 s\u00e2u b\u00ean trong (mm):\u00a0<\/strong>280<\/li>\n<li><strong>Dung t\u00edch r\u00f2ng (l\u00edt):\u00a0<\/strong>18<\/li>\n<li><strong>T\u1ed5ng dung t\u00edch (l\u00edt):\u00a0<\/strong>20<\/li>\n<\/ul>\n<h4>K\u1ebft n\u1ed1i \u0111i\u1ec7n<\/h4>\n<ul>\n<li><strong>C\u00f4ng su\u1ea5t ti\u00eau chu\u1ea9n t\u1ed1i \u0111a (W):\u00a0<\/strong>1200<\/li>\n<li><strong>T\u1ea7n s\u1ed1 (Hz):\u00a0<\/strong>50<\/li>\n<li><strong>C\u00f4ng su\u1ea5t (V):\u00a0<\/strong>220 &#8211; 240<\/li>\n<li><strong>Chi\u1ec1u d\u00e0i d\u00e2y c\u00e1p (cm):\u00a0<\/strong>110<\/li>\n<li><strong>Ph\u00edch c\u1eafm:\u00a0<\/strong>\u0110\u00fang<\/li>\n<\/ul>\n<figure id=\"attachment_67214\" aria-describedby=\"caption-attachment-67214\" style=\"width: 800px\" class=\"wp-caption alignnone\"><img loading=\"lazy\" decoding=\"async\" class=\"size-large wp-image-67214\" src=\"https:\/\/livinghome.vn\/thiet-bi\/wp-content\/uploads\/nha-bep\/teka\/lo-vi-song\/lo-vi-song-teka-ml-820-bi\/lo-vi-song-teka-ml-820-bi-2-1-800x800.jpg\" alt=\"L\u00f2 vi s\u00f3ng Teka ML 820 BI l\u1eafp \u00e2m dung t\u00edch 20l\u00edt\" width=\"800\" height=\"800\" title=\"\"><figcaption id=\"caption-attachment-67214\" class=\"wp-caption-text\">L\u00f2 vi s\u00f3ng Teka ML 820 BI l\u1eafp \u00e2m dung t\u00edch 20l\u00edt<\/figcaption><\/figure>\n<h3><strong>\u0110\u1eb7c t\u00ednh<\/strong><\/h3>\n<ul>\n<li><strong>Gi\u1ea5y ch\u1ee9ng nh\u1eadn:\u00a0<\/strong>CE\/CB<\/li>\n<li><strong>S\u1ed1 l\u01b0\u1ee3ng khoang :\u00a0<\/strong>1<\/li>\n<li><strong>Ch\u1ee9c n\u0103ng n\u1ea5u \u0103n:\u00a0<\/strong>1<\/li>\n<\/ul>\n<h4>H\u1ec7 th\u1ed1ng an to\u00e0n<\/h4>\n<ul>\n<li><strong>T\u1ef1 \u0111\u1ed9ng ng\u1eaft k\u1ebft n\u1ed1i khi m\u1edf c\u1eeda:\u00a0<\/strong>\u0110\u00fang<\/li>\n<li><strong>B\u00ecnh gi\u1eef nhi\u1ec7t an to\u00e0n:\u00a0<\/strong>\u0110\u00fang<\/li>\n<\/ul>\n<h4>Hi\u1ec7u n\u0103ng n\u0103ng l\u01b0\u1ee3ng<\/h4>\n<ul>\n<li><strong>Ch\u1ec9 s\u1ed1 hi\u1ec7u qu\u1ea3 n\u0103ng l\u01b0\u1ee3ng (EEI):\u00a0<\/strong>A<\/li>\n<\/ul>\n","protected":false},"excerpt":{"rendered":"<div id=\"product-title\" class=\"et_pb_module et_pb_text et_pb_bg_layout_light et_pb_text_align_left\">\n<div class=\"et_pb_text_inner\">\n<div id=\"product-title\" class=\"et_pb_module et_pb_text et_pb_bg_layout_light et_pb_text_align_left\">\n<div class=\"et_pb_text_inner\">\n<h2 style=\"text-align: center;\">L\u00f2 vi s\u00f3ng Teka ML 820 BI<\/h2>\n<\/div>\n<\/div>\n<div class=\"et_pb_module et_pb_text et_pb_text_1 et_pb_bg_layout_light et_pb_text_align_left\">\n<div class=\"et_pb_text_inner\">\n<div id=\"product-content\">\n<p style=\"text-align: center;\">05 m\u1ee9c c\u00f4ng su\u1ea5t vi s\u00f3ng<\/p>\n<p style=\"text-align: center;\">Ch\u1ee9c n\u0103ng t\u1ef1 \u0111\u1ed9ng r\u00e3 \u0111\u00f4ng theo th\u1eddi gian v\u00e0 c\u00e2n n\u1eb7ng th\u1ef1c ph\u1ea9m<\/p>\n<\/div>\n<\/div>\n<\/div>\n<\/div>\n<\/div>\n","protected":false},"featured_media":2592,"comment_status":"open","ping_status":"closed","template":"","meta":[],"product_brand":[],"product_cat":[352,311],"product_tag":[158,215,353,354,313],"class_list":{"0":"post-2480","1":"product","2":"type-product","3":"status-publish","4":"has-post-thumbnail","6":"product_cat-lo-vi-song-teka","7":"product_cat-thuong-hieu-teka","8":"product_tag-lo-vi-song","9":"product_tag-lo-vi-song-am","10":"product_tag-lo-vi-song-am-teka","11":"product_tag-lo-vi-song-teka","12":"product_tag-teka","14":"first","15":"instock","16":"sale","17":"shipping-taxable","18":"purchasable","19":"product-type-simple"},"_links":{"self":[{"href":"https:\/\/livinghome.vn\/thiet-bi\/wp-json\/wp\/v2\/product\/2480","targetHints":{"allow":["GET"]}}],"collection":[{"href":"https:\/\/livinghome.vn\/thiet-bi\/wp-json\/wp\/v2\/product"}],"about":[{"href":"https:\/\/livinghome.vn\/thiet-bi\/wp-json\/wp\/v2\/types\/product"}],"replies":[{"embeddable":true,"href":"https:\/\/livinghome.vn\/thiet-bi\/wp-json\/wp\/v2\/comments?post=2480"}],"wp:featuredmedia":[{"embeddable":true,"href":"https:\/\/livinghome.vn\/thiet-bi\/wp-json\/wp\/v2\/media\/2592"}],"wp:attachment":[{"href":"https:\/\/livinghome.vn\/thiet-bi\/wp-json\/wp\/v2\/media?parent=2480"}],"wp:term":[{"taxonomy":"product_brand","embeddable":true,"href":"https:\/\/livinghome.vn\/thiet-bi\/wp-json\/wp\/v2\/product_brand?post=2480"},{"taxonomy":"product_cat","embeddable":true,"href":"https:\/\/livinghome.vn\/thiet-bi\/wp-json\/wp\/v2\/product_cat?post=2480"},{"taxonomy":"product_tag","embeddable":true,"href":"https:\/\/livinghome.vn\/thiet-bi\/wp-json\/wp\/v2\/product_tag?post=2480"}],"curies":[{"name":"wp","href":"https:\/\/api.w.org\/{rel}","templated":true}]}}