{"id":2478,"date":"2023-01-12T16:53:16","date_gmt":"2023-01-12T16:53:16","guid":{"rendered":"https:\/\/livinghome.vn\/thiet-bi\/?post_type=product&#038;p=2478"},"modified":"2024-11-29T14:20:29","modified_gmt":"2024-11-29T07:20:29","slug":"lo-vi-song-teka-mb-620-bi-lap-am-dung-tich-18-lit","status":"publish","type":"product","link":"https:\/\/livinghome.vn\/thiet-bi\/lo-vi-song-teka-mb-620-bi-lap-am-dung-tich-18-lit\/","title":{"rendered":"L\u00f2 Vi S\u00f3ng Teka MB 620 BI L\u1eafp \u00c2m Dung T\u00edch 18 L\u00edt"},"content":{"rendered":"<h2>L\u00f2 vi s\u00f3ng Teka MB 620 BI l\u1eafp \u00e2m dung t\u00edch 18l\u00edt<\/h2>\n<figure id=\"attachment_67211\" aria-describedby=\"caption-attachment-67211\" style=\"width: 800px\" class=\"wp-caption alignnone\"><img loading=\"lazy\" decoding=\"async\" class=\"size-large wp-image-67211\" src=\"https:\/\/livinghome.vn\/thiet-bi\/wp-content\/uploads\/nha-bep\/teka\/lo-vi-song\/lo-vi-song-teka-mb-620-bi\/lo-vi-song-teka-mb-620-bi-1-1-800x800.jpg\" alt=\"L\u00f2 vi s\u00f3ng Teka MB 620 BI l\u1eafp \u00e2m dung t\u00edch 18l\u00edt\" width=\"800\" height=\"800\" title=\"\"><figcaption id=\"caption-attachment-67211\" class=\"wp-caption-text\">L\u00f2 vi s\u00f3ng Teka MB 620 BI l\u1eafp \u00e2m dung t\u00edch 18l\u00edt<\/figcaption><\/figure>\n<h3><strong>T\u00ednh n\u0103ng c\u01a1 b\u1ea3n<\/strong><\/h3>\n<ul>\n<li><a href=\"https:\/\/livinghome.vn\/thiet-bi\/lo-vi-song\/\">L\u00f2 vi s\u00f3ng<\/a> l\u1eafp \u00e2m<\/li>\n<li>Dung t\u00edch (t\u1ed5ng\/th\u1ef1c): 20\/18 l\u00edt<\/li>\n<li>1 ch\u1ee9c n\u0103ng vi s\u00f3ng<\/li>\n<li>5 m\u1ee9c c\u00f4ng su\u1ea5t vi s\u00f3ng, t\u1ed1i \u0111a 700W<\/li>\n<li>R\u00e3 \u0111\u00f4ng theo th\u1eddi gian<\/li>\n<li>Khoang l\u00f2 b\u1eb1ng th\u00e9p kh\u00f4ng g\u1ec9<\/li>\n<li>\u0110i\u1ec1u khi\u1ec3n b\u1eb1ng c\u01a1<\/li>\n<li>C\u1eeda k\u00ednh c\u00e1ch nhi\u1ec7t 2 l\u1edbp<\/li>\n<li>H\u1ec7 th\u1ed1ng t\u1ef1 \u0111\u1ed9ng ng\u1eaft k\u1ebft n\u1ed1i an to\u00e0n<\/li>\n<\/ul>\n<h3 class=\"mceTemp\"><strong style=\"font-size: 20.16px;\">Th\u00f4ng s\u1ed1 k\u1ef9 thu\u1eadt<\/strong><\/h3>\n<h4>K\u00edch th\u01b0\u1edbc chung<\/h4>\n<ul>\n<li><strong>Chi\u1ec1u cao(mm):\u00a0<\/strong>390<\/li>\n<li><strong>Chi\u1ec1u r\u1ed9ng (mm):\u00a0<\/strong>595<\/li>\n<li><strong>\u0110\u1ed9 s\u00e2u (mm):\u00a0<\/strong>325<\/li>\n<li><strong>Tr\u1ecdng l\u01b0\u1ee3ng (Kgs):\u00a0<\/strong>18,6<\/li>\n<\/ul>\n<h4>K\u00edch th\u01b0\u1edbc khoang \u0111\u00f4i<\/h4>\n<ul>\n<li><strong>Chi\u1ec1u cao b\u00ean trong (mm):\u00a0<\/strong>210<\/li>\n<li><strong>Chi\u1ec1u r\u1ed9ng b\u00ean trong (mm):\u00a0<\/strong>305<\/li>\n<li><strong>\u0110\u1ed9 s\u00e2u b\u00ean trong (mm):\u00a0<\/strong>280<\/li>\n<li><strong>Dung t\u00edch r\u00f2ng (l\u00edt):\u00a0<\/strong>18<\/li>\n<li><strong>T\u1ed5ng dung t\u00edch (l\u00edt):\u00a0<\/strong>20<\/li>\n<\/ul>\n<h4>K\u1ebft n\u1ed1i \u0111i\u1ec7n<\/h4>\n<ul>\n<li><strong>C\u00f4ng su\u1ea5t ti\u00eau chu\u1ea9n t\u1ed1i \u0111a (W):\u00a0<\/strong>1200<\/li>\n<li><strong>T\u1ea7n s\u1ed1 (Hz):\u00a0<\/strong>50<\/li>\n<li><strong>C\u00f4ng su\u1ea5t (V):\u00a0<\/strong>220 &#8211; 240<\/li>\n<li><strong>Chi\u1ec1u d\u00e0i d\u00e2y c\u00e1p (cm):\u00a0<\/strong>110<\/li>\n<\/ul>\n<figure id=\"attachment_67209\" aria-describedby=\"caption-attachment-67209\" style=\"width: 1200px\" class=\"wp-caption alignnone\"><img loading=\"lazy\" decoding=\"async\" class=\"size-full wp-image-67209\" src=\"https:\/\/livinghome.vn\/thiet-bi\/wp-content\/uploads\/nha-bep\/teka\/lo-vi-song\/lo-vi-song-teka-mb-620-bi\/lo-vi-song-teka-mb-620-bi-5-1.jpg\" alt=\"L\u00f2 vi s\u00f3ng Teka MB 620 BI l\u1eafp \u00e2m dung t\u00edch 18l\u00edt\" width=\"1200\" height=\"675\" title=\"\"><figcaption id=\"caption-attachment-67209\" class=\"wp-caption-text\">L\u00f2 vi s\u00f3ng Teka MB 620 BI v\u1edbi thi\u1ebft k\u1ebf cao c\u1ea5p, sang tr\u1ecdng ph\u00f9 h\u1ee3p v\u1edbi c\u0103n b\u1ebfp hi\u1ec7n \u0111\u1ea1i<\/figcaption><\/figure>\n<h3><strong>\u0110\u1eb7c t\u00ednh<\/strong><\/h3>\n<ul>\n<li><strong>Gi\u1ea5y ch\u1ee9ng nh\u1eadn:\u00a0<\/strong>CE\/CB<\/li>\n<li><strong>Ch\u1ee9c n\u0103ng n\u1ea5u \u0103n:\u00a0<\/strong>1<\/li>\n<\/ul>\n<h4>H\u1ec7 th\u1ed1ng an to\u00e0n<\/h4>\n<ul>\n<li><strong>T\u1ef1 \u0111\u1ed9ng ng\u1eaft k\u1ebft n\u1ed1i khi m\u1edf c\u1eeda:\u00a0<\/strong>\u0110\u00fang<\/li>\n<li><strong>B\u00ecnh gi\u1eef nhi\u1ec7t an to\u00e0n:\u00a0<\/strong>\u0110\u00fang<\/li>\n<\/ul>\n<h4>H\u1ec7 th\u1ed1ng l\u00e0m s\u1ea1ch<\/h4>\n<ul>\n<li><strong>Th\u00e9p ch\u1ed1ng g\u1ec9 ch\u1ed1ng in d\u1ea5u v\u00e2n tay :\u00a0<\/strong>\u0110\u00fang<\/li>\n<\/ul>\n","protected":false},"excerpt":{"rendered":"<div id=\"product-title\" class=\"et_pb_module et_pb_text et_pb_bg_layout_light et_pb_text_align_left\">\n<div class=\"et_pb_text_inner\">\n<div id=\"product-title\" class=\"et_pb_module et_pb_text et_pb_bg_layout_light et_pb_text_align_left\">\n<div class=\"et_pb_text_inner\">\n<h2 style=\"text-align: left;\">L\u00f2 vi s\u00f3ng Teka MB 620 BI<\/h2>\n<\/div>\n<\/div>\n<div class=\"et_pb_module et_pb_text et_pb_text_1 et_pb_bg_layout_light et_pb_text_align_left\">\n<div class=\"et_pb_text_inner\">\n<div id=\"product-content\">\n<p style=\"text-align: left;\">Dung t\u00edch (t\u1ed5ng\/th\u1ef1c): 20\/18 l\u00edt<\/p>\n<p style=\"text-align: left;\">1 ch\u1ee9c n\u0103ng vi s\u00f3ng<\/p>\n<p style=\"text-align: left;\">5 m\u1ee9c c\u00f4ng su\u1ea5t vi s\u00f3ng, t\u1ed1i \u0111a 700W<\/p>\n<p style=\"text-align: left;\">R\u00e3 \u0111\u00f4ng theo th\u1eddi gian<\/p>\n<\/div>\n<\/div>\n<\/div>\n<\/div>\n<\/div>\n","protected":false},"featured_media":2582,"comment_status":"open","ping_status":"closed","template":"","meta":[],"product_brand":[],"product_cat":[352,311],"product_tag":[158,215,353,354,313],"class_list":{"0":"post-2478","1":"product","2":"type-product","3":"status-publish","4":"has-post-thumbnail","6":"product_cat-lo-vi-song-teka","7":"product_cat-thuong-hieu-teka","8":"product_tag-lo-vi-song","9":"product_tag-lo-vi-song-am","10":"product_tag-lo-vi-song-am-teka","11":"product_tag-lo-vi-song-teka","12":"product_tag-teka","14":"first","15":"instock","16":"sale","17":"shipping-taxable","18":"purchasable","19":"product-type-simple"},"_links":{"self":[{"href":"https:\/\/livinghome.vn\/thiet-bi\/wp-json\/wp\/v2\/product\/2478","targetHints":{"allow":["GET"]}}],"collection":[{"href":"https:\/\/livinghome.vn\/thiet-bi\/wp-json\/wp\/v2\/product"}],"about":[{"href":"https:\/\/livinghome.vn\/thiet-bi\/wp-json\/wp\/v2\/types\/product"}],"replies":[{"embeddable":true,"href":"https:\/\/livinghome.vn\/thiet-bi\/wp-json\/wp\/v2\/comments?post=2478"}],"wp:featuredmedia":[{"embeddable":true,"href":"https:\/\/livinghome.vn\/thiet-bi\/wp-json\/wp\/v2\/media\/2582"}],"wp:attachment":[{"href":"https:\/\/livinghome.vn\/thiet-bi\/wp-json\/wp\/v2\/media?parent=2478"}],"wp:term":[{"taxonomy":"product_brand","embeddable":true,"href":"https:\/\/livinghome.vn\/thiet-bi\/wp-json\/wp\/v2\/product_brand?post=2478"},{"taxonomy":"product_cat","embeddable":true,"href":"https:\/\/livinghome.vn\/thiet-bi\/wp-json\/wp\/v2\/product_cat?post=2478"},{"taxonomy":"product_tag","embeddable":true,"href":"https:\/\/livinghome.vn\/thiet-bi\/wp-json\/wp\/v2\/product_tag?post=2478"}],"curies":[{"name":"wp","href":"https:\/\/api.w.org\/{rel}","templated":true}]}}