{"id":2455,"date":"2023-01-12T16:52:45","date_gmt":"2023-01-12T16:52:45","guid":{"rendered":"https:\/\/livinghome.vn\/thiet-bi\/?post_type=product&#038;p=2455"},"modified":"2024-11-29T14:20:29","modified_gmt":"2024-11-29T07:20:29","slug":"may-hut-mui-teka-gfh-55-am-tu-55cm","status":"publish","type":"product","link":"https:\/\/livinghome.vn\/thiet-bi\/may-hut-mui-teka-gfh-55-am-tu-55cm\/","title":{"rendered":"M\u00e1y H\u00fat M\u00f9i Teka GFH 55 \u00c2m T\u1ee7 55cm Ph\u00edm C\u01a1 Si\u00eau B\u1ec1n"},"content":{"rendered":"<h2>M\u00e1y h\u00fat m\u00f9i Teka GFH 55 \u00e2m thi\u1ebft k\u1ebf t\u1ed1i gi\u1ea3n hi\u1ec7n \u0111\u1ea1i<\/h2>\n<figure id=\"attachment_67198\" aria-describedby=\"caption-attachment-67198\" style=\"width: 800px\" class=\"wp-caption alignnone\"><img loading=\"lazy\" decoding=\"async\" class=\"wp-image-67198 size-large\" src=\"https:\/\/livinghome.vn\/thiet-bi\/wp-content\/uploads\/nha-bep\/teka\/may-hut-mui\/may-hut-mui-teka-gfh-55\/may-hut-mui-teka-gfh-55-1-1-800x800.jpg\" alt=\"M\u00e1y h\u00fat m\u00f9i Teka GFH 55 \u00e2m t\u1ed1i gi\u1ea3n hi\u1ec7n \u0111\u1ea1i\" width=\"800\" height=\"800\" title=\"\"><figcaption id=\"caption-attachment-67198\" class=\"wp-caption-text\">M\u00e1y h\u00fat m\u00f9i Teka GFH 55 \u00e2m t\u1ed1i gi\u1ea3n hi\u1ec7n \u0111\u1ea1i<\/figcaption><\/figure>\n<p>M\u00e1y h\u00fat m\u00f9i Teka GFH 55 v\u1edbi b\u1ed9 l\u1ecdc h\u1ea5p th\u1ee5 l\u00ean \u0111\u1ebfn 98% kh\u00f3i b\u1ee5i v\u00e0 d\u1ea7u m\u1ee1 gi\u00fap m\u00e1y h\u00fat m\u00f9i lu\u00f4n s\u1ea1ch s\u1ebd.<\/p>\n<h3>T\u00ednh n\u0103ng c\u01a1 b\u1ea3n<\/h3>\n<ul>\n<li><a href=\"https:\/\/livinghome.vn\/thiet-bi\/may-hut-mui\/\">M\u00e1y h\u00fat kh\u00f3i kh\u1eed m\u00f9i<\/a> \u2013 kh\u1eed m\u00f9i \u00e2m<\/li>\n<li>\u0110i\u1ec1u khi\u1ec3n b\u1eb1ng n\u00fat nh\u1ea5n<\/li>\n<li>\u0110\u1ed9ng c\u01a1 tuabin \u0111\u00f4i<\/li>\n<li>03 m\u1ee9c c\u00f4ng su\u1ea5t h\u00fat<\/li>\n<li>02 \u0111\u00e8n LED<\/li>\n<li>02 l\u01b0\u1edbi l\u1ecdc b\u1eb1ng nh\u00f4m<\/li>\n<li>C\u00f4ng su\u1ea5t h\u00fat:<\/li>\n<li>T\u1ed1i \u0111a: 367m3\/h<\/li>\n<li>T\u1ed1i thi\u1ec3u: 223 m3\/h<\/li>\n<li>\u0110\u1ed9 \u1ed3n t\u1ed1i \u0111a: 52 dB<\/li>\n<li>\u0110\u1ed9 \u1ed3n t\u1ed1i thi\u1ec3u: 42 dB<\/li>\n<li>B\u1ed9 l\u1ecdc than: CNL 1C<\/li>\n<\/ul>\n<h3>Th\u00f4ng s\u1ed1 k\u1ef9 thu\u1eadt<\/h3>\n<ul>\n<li>Chi\u1ec1u cao(mm):\u00a0175<\/li>\n<li>Chi\u1ec1u r\u1ed9ng (mm):\u00a0550<\/li>\n<li>\u0110\u1ed9 s\u00e2u (mm):\u00a0310<\/li>\n<li>Tr\u1ecdng l\u01b0\u1ee3ng (Kgs):\u00a05<\/li>\n<\/ul>\n<h3>\u0110\u1eb7c t\u00ednh s\u1ea3n ph\u1ea9m<\/h3>\n<ul>\n<li>Gi\u1ea5y ch\u1ee9ng nh\u1eadn:\u00a0CE, CB, Rohs<\/li>\n<li>\u1ed4 c\u1eafm (mm):\u00a0120<\/li>\n<li>\u0110i\u1ec7n n\u0103ng ti\u00eau th\u1ee5 \u0111\u00e8n b\u00ean trong (W):\u00a01,5<\/li>\n<li>Ph\u00edch c\u1eafm:\u00a0European plug<\/li>\n<li>Chi\u1ec1u d\u00e0i d\u00e2y c\u00e1p (cm):\u00a0150<\/li>\n<li>C\u00f4ng su\u1ea5t (V):\u00a0230<\/li>\n<li>T\u1ea7n s\u1ed1 (Hz):\u00a050<\/li>\n<li>T\u1ed5ng c\u00f4ng su\u1ea5t h\u00fat (W):\u00a0134<\/li>\n<li>C\u00f4ng su\u1ea5t \u0111\u1ed9ng c\u01a1 (W):\u00a0130<\/li>\n<\/ul>\n<figure id=\"attachment_67197\" aria-describedby=\"caption-attachment-67197\" style=\"width: 800px\" class=\"wp-caption alignnone\"><img loading=\"lazy\" decoding=\"async\" class=\"wp-image-67197 size-large\" src=\"https:\/\/livinghome.vn\/thiet-bi\/wp-content\/uploads\/nha-bep\/teka\/may-hut-mui\/may-hut-mui-teka-gfh-55\/may-hut-mui-teka-gfh-55-2-1-800x800.jpg\" alt=\"M\u00e1y h\u00fat m\u00f9i Teka GFH 55 \u00e2m thi\u1ebft k\u1ebf t\u1ed1i gi\u1ea3n hi\u1ec7n \u0111\u1ea1i\" width=\"800\" height=\"800\" title=\"\"><figcaption id=\"caption-attachment-67197\" class=\"wp-caption-text\">K\u00edch th\u01b0\u1edbc m\u00e1y h\u00fat m\u00f9i Teka GFH 55 \u00e2m thi\u1ebft k\u1ebf t\u1ed1i gi\u1ea3n hi\u1ec7n \u0111\u1ea1i<\/figcaption><\/figure>\n<p>H\u00fat m\u00f9i Teka c\u00f3 kh\u1ea3 n\u0103ng h\u00fat t\u1eeb nh\u1eefng g\u00f3c kh\u00e1c nhau gi\u00fap lo\u1ea1i b\u1ecf kh\u00f3i b\u1ebfp v\u00e0 m\u00f9i hi\u1ec7u qu\u1ea3.<\/p>\n<h3>Xu\u1ea5t x\u1ee9: B\u1ed3 \u0110\u00e0o Nha<\/h3>\n<div><\/div>\n","protected":false},"excerpt":{"rendered":"<div id=\"product-title\" class=\"et_pb_module et_pb_text et_pb_bg_layout_light et_pb_text_align_left\">\n<div class=\"et_pb_text_inner\">\n<h1>M\u00e1y h\u00fat m\u00f9i \u00e2m t\u1ee7 55cm<\/h1>\n<\/div>\n<\/div>\n<div class=\"et_pb_module et_pb_text et_pb_text_1 et_pb_bg_layout_light et_pb_text_align_left\">\n<div class=\"et_pb_text_inner\">\n<div id=\"product-content\">\n<ul>\n<li>C\u00f4ng su\u1ea5t h\u00fat t\u1ed1i \u0111a: 367 m\u00b3\/h<\/li>\n<li>\u0110\u1ed9 \u1ed3n: 52dB<\/li>\n<li>03 m\u1ee9c t\u1ed1c \u0111\u1ed9<\/li>\n<li>02 l\u01b0\u1edbi l\u1ecdc b\u1eb1ng nh\u00f4m<\/li>\n<\/ul>\n<\/div>\n<\/div>\n<\/div>\n","protected":false},"featured_media":2571,"comment_status":"open","ping_status":"closed","template":"","meta":[],"product_brand":[],"product_cat":[84,595,344,311],"product_tag":[86,345,87,346,313],"class_list":{"0":"post-2455","1":"product","2":"type-product","3":"status-publish","4":"has-post-thumbnail","6":"product_cat-may-hut-mui","7":"product_cat-may-hut-mui-am-tu","8":"product_cat-may-hut-mui-teka","9":"product_cat-thuong-hieu-teka","10":"product_tag-may-hut-mui","11":"product_tag-may-hut-mui-am","12":"product_tag-may-hut-mui-am-tu","13":"product_tag-may-hut-mui-teka","14":"product_tag-teka","16":"first","17":"instock","18":"sale","19":"shipping-taxable","20":"purchasable","21":"product-type-simple"},"_links":{"self":[{"href":"https:\/\/livinghome.vn\/thiet-bi\/wp-json\/wp\/v2\/product\/2455","targetHints":{"allow":["GET"]}}],"collection":[{"href":"https:\/\/livinghome.vn\/thiet-bi\/wp-json\/wp\/v2\/product"}],"about":[{"href":"https:\/\/livinghome.vn\/thiet-bi\/wp-json\/wp\/v2\/types\/product"}],"replies":[{"embeddable":true,"href":"https:\/\/livinghome.vn\/thiet-bi\/wp-json\/wp\/v2\/comments?post=2455"}],"wp:featuredmedia":[{"embeddable":true,"href":"https:\/\/livinghome.vn\/thiet-bi\/wp-json\/wp\/v2\/media\/2571"}],"wp:attachment":[{"href":"https:\/\/livinghome.vn\/thiet-bi\/wp-json\/wp\/v2\/media?parent=2455"}],"wp:term":[{"taxonomy":"product_brand","embeddable":true,"href":"https:\/\/livinghome.vn\/thiet-bi\/wp-json\/wp\/v2\/product_brand?post=2455"},{"taxonomy":"product_cat","embeddable":true,"href":"https:\/\/livinghome.vn\/thiet-bi\/wp-json\/wp\/v2\/product_cat?post=2455"},{"taxonomy":"product_tag","embeddable":true,"href":"https:\/\/livinghome.vn\/thiet-bi\/wp-json\/wp\/v2\/product_tag?post=2455"}],"curies":[{"name":"wp","href":"https:\/\/api.w.org\/{rel}","templated":true}]}}