{"id":2431,"date":"2023-01-12T16:52:18","date_gmt":"2023-01-12T16:52:18","guid":{"rendered":"https:\/\/livinghome.vn\/thiet-bi\/?post_type=product&#038;p=2431"},"modified":"2024-11-29T14:20:30","modified_gmt":"2024-11-29T07:20:30","slug":"may-hut-mui-teka-dvt-98660-tbs-bk-ap-tuong-mau-den-hien-dai-dieu-khien-cam-ung","status":"publish","type":"product","link":"https:\/\/livinghome.vn\/thiet-bi\/may-hut-mui-teka-dvt-98660-tbs-bk-ap-tuong-mau-den-hien-dai-dieu-khien-cam-ung\/","title":{"rendered":"M\u00e1y h\u00fat m\u00f9i Teka DVT 98660 TBS BK \u00e1p t\u01b0\u1eddng m\u00e0u \u0111en hi\u1ec7n \u0111\u1ea1i \u0111i\u1ec1u khi\u1ec3n c\u1ea3m \u1ee9ng"},"content":{"rendered":"<h3>M\u00e1y h\u00fat m\u00f9i Teka DVT 98660 TBS BK \u00e1p t\u01b0\u1eddng m\u00e0u \u0111en hi\u1ec7n \u0111\u1ea1i \u0111i\u1ec1u khi\u1ec3n c\u1ea3m \u1ee9ng<\/h3>\n<figure id=\"attachment_67187\" aria-describedby=\"caption-attachment-67187\" style=\"width: 900px\" class=\"wp-caption alignnone\"><img loading=\"lazy\" decoding=\"async\" class=\"wp-image-67187\" src=\"https:\/\/livinghome.vn\/thiet-bi\/wp-content\/uploads\/nha-bep\/teka\/may-hut-mui\/may-hut-mui-teka-dvt-98660-tbs-bk\/may-hut-mui-teka-dvt-98660-tbs-bk-1-1.jpg\" alt=\"M\u00e1y h\u00fat m\u00f9i Teka DVT 98660 TBS BK \u00e1p t\u01b0\u1eddng m\u00e0u \u0111en hi\u1ec7n \u0111\u1ea1i \u0111i\u1ec1u khi\u1ec3n c\u1ea3m \u1ee9ng\" width=\"900\" height=\"506\" title=\"\"><figcaption id=\"caption-attachment-67187\" class=\"wp-caption-text\">M\u00e1y h\u00fat m\u00f9i Teka DVT 98660 TBS BK \u00e1p t\u01b0\u1eddng m\u00e0u \u0111en hi\u1ec7n \u0111\u1ea1i \u0111i\u1ec1u khi\u1ec3n c\u1ea3m \u1ee9ng<\/figcaption><\/figure>\n<p>&nbsp;<\/p>\n<h3>T\u00ednh n\u0103ng c\u01a1 b\u1ea3n<\/h3>\n<ul>\n<li><a href=\"https:\/\/livinghome.vn\/thiet-bi\/may-hut-mui\/\">M\u00e1y h\u00fat kh\u00f3i kh\u1eed m\u00f9i<\/a> \u2013 kh\u1eed m\u00f9i \u00e1p t\u01b0\u1eddng<\/li>\n<li>C\u00f4ng su\u1ea5t t\u1ed1i \u0111a: 698 m\u00b3\/h<\/li>\n<li>3 m\u1ee9c t\u1ed1t \u0111\u1ed9 + 1 m\u1ee9c t\u0103ng c\u01b0\u1eddng h\u00fat<\/li>\n<li>\u0110\u1ed9 \u1ed3n 72 dB<\/li>\n<li>M\u00e0n h\u00ecnh \u0111i\u1ec1u khi\u1ec3n c\u1ea3m \u1ee9ng<\/li>\n<li>\u0110\u1ed9ng c\u01a1 EcoPower c\u00f4ng su\u1ea5t m\u1ea1nh, ti\u1ebft ki\u1ec7m \u0111i\u1ec7n.<\/li>\n<li>H\u1ec7 th\u1ed1ng h\u00fat theo vi\u1ec1n k\u00ednh<\/li>\n<li>Ch\u1ee9c n\u0103ng FreshAir<\/li>\n<li>Ch\u1ee9c n\u0103ng h\u1eb9n gi\u1edd t\u1eaft m\u00e1y<\/li>\n<li>Ch\u1ee9c n\u0103ng c\u1ea3nh b\u00e1o thay than l\u01b0\u1edbi l\u1ecdc<\/li>\n<\/ul>\n<figure id=\"attachment_67186\" aria-describedby=\"caption-attachment-67186\" style=\"width: 900px\" class=\"wp-caption alignnone\"><img loading=\"lazy\" decoding=\"async\" class=\"wp-image-67186\" src=\"https:\/\/livinghome.vn\/thiet-bi\/wp-content\/uploads\/nha-bep\/teka\/may-hut-mui\/may-hut-mui-teka-dvt-98660-tbs-bk\/may-hut-mui-teka-dvt-98660-tbs-bk-4-1.jpg\" alt=\"M\u00e1y h\u00fat m\u00f9i Teka DVT 98660 TBS BK \u00e1p t\u01b0\u1eddng m\u00e0u \u0111en hi\u1ec7n \u0111\u1ea1i \u0111i\u1ec1u khi\u1ec3n c\u1ea3m \u1ee9ng\" width=\"900\" height=\"506\" title=\"\"><figcaption id=\"caption-attachment-67186\" class=\"wp-caption-text\">M\u00e1y h\u00fat m\u00f9i Teka DVT 98660 TBS BK \u00e1p t\u01b0\u1eddng m\u00e0u \u0111en hi\u1ec7n \u0111\u1ea1i \u0111i\u1ec1u khi\u1ec3n c\u1ea3m \u1ee9ng<\/figcaption><\/figure>\n<h3>Th\u00f4ng s\u1ed1 k\u1ef9 thu\u1eadt<\/h3>\n<ul>\n<li><strong>Chi\u1ec1u cao(mm):\u00a0<\/strong>800-1100<\/li>\n<li><strong>Chi\u1ec1u r\u1ed9ng (mm):\u00a0<\/strong>900<\/li>\n<li><strong>\u0110\u1ed9 s\u00e2u (mm):\u00a0<\/strong>412<\/li>\n<li><strong>Tr\u1ecdng l\u01b0\u1ee3ng (Kgs):\u00a0<\/strong>16,2<\/li>\n<\/ul>\n<h3>\u0110\u1eb7c t\u00ednh s\u1ea3n ph\u1ea9m<\/h3>\n<ul>\n<li><strong>Gi\u1ea5y ch\u1ee9ng nh\u1eadn:\u00a0<\/strong>CE; CB; Rohs; Gmark<\/li>\n<li><strong>\u1ed4 c\u1eafm (mm):\u00a0<\/strong>150<\/li>\n<li><strong>\u0110i\u1ec7n n\u0103ng ti\u00eau th\u1ee5 \u0111\u00e8n b\u00ean trong (W):\u00a0<\/strong>4,2<\/li>\n<li><strong>Ph\u00edch c\u1eafm:\u00a0<\/strong>Schuko plug<\/li>\n<li><strong>Chi\u1ec1u d\u00e0i d\u00e2y c\u00e1p (cm):\u00a0<\/strong>100<\/li>\n<li><strong>C\u00f4ng su\u1ea5t (V):\u00a0<\/strong>220-240<\/li>\n<li><strong>T\u1ea7n s\u1ed1 (Hz):\u00a0<\/strong>50\/60<\/li>\n<li><strong>T\u1ed5ng c\u00f4ng su\u1ea5t h\u00fat (W):\u00a0<\/strong>286<\/li>\n<li><strong>C\u00f4ng su\u1ea5t \u0111\u1ed9ng c\u01a1 (W):\u00a0<\/strong>280<\/li>\n<\/ul>\n<figure id=\"attachment_67190\" aria-describedby=\"caption-attachment-67190\" style=\"width: 800px\" class=\"wp-caption alignnone\"><img loading=\"lazy\" decoding=\"async\" class=\"wp-image-67190 size-large\" src=\"https:\/\/livinghome.vn\/thiet-bi\/wp-content\/uploads\/nha-bep\/teka\/may-hut-mui\/may-hut-mui-teka-dvt-98660-tbs-bk\/may-hut-mui-teka-dvt-98660-tbs-bk-6-800x800.jpg\" alt=\"M\u00e1y h\u00fat m\u00f9i Teka DVT 98660 TBS BK \u00e1p t\u01b0\u1eddng m\u00e0u \u0111en hi\u1ec7n \u0111\u1ea1i \u0111i\u1ec1u khi\u1ec3n c\u1ea3m \u1ee9ng\" width=\"800\" height=\"800\" title=\"\"><figcaption id=\"caption-attachment-67190\" class=\"wp-caption-text\">K\u00edch th\u01b0\u1edbc m\u00e1y h\u00fat m\u00f9i Teka DVT 98660 TBS BK<\/figcaption><\/figure>\n<p>&nbsp;<\/p>\n<h3>Xu\u1ea5t x\u1ee9: T\u00e2y Ban Nha<\/h3>\n<div><\/div>\n","protected":false},"excerpt":{"rendered":"<div id=\"product-title\" class=\"et_pb_module et_pb_text et_pb_bg_layout_light et_pb_text_align_left\">\n<div class=\"et_pb_text_inner\">\n<h1>M\u00e1y h\u00fat m\u00f9i \u00e1p t\u01b0\u1eddng &#8211; d\u1ea1ng k\u00ednh nghi\u00eang<\/h1>\n<\/div>\n<\/div>\n<div class=\"et_pb_module et_pb_text et_pb_text_1 et_pb_bg_layout_light et_pb_text_align_left\">\n<div class=\"et_pb_text_inner\">\n<div id=\"product-content\">\n<ul>\n<li>C\u00f4ng su\u1ea5t t\u1ed1i \u0111a: 698 m\u00b3\/h<\/li>\n<li>\u0110\u1ed9 \u1ed3n 72 dB<\/li>\n<li>H\u1ec7 th\u1ed1ng h\u00fat theo vi\u1ec1n k\u00ednh<\/li>\n<li>M\u00e0n h\u00ecnh \u0111i\u1ec1u khi\u1ec3n c\u1ea3m \u1ee9ng<\/li>\n<li>Ch\u1ee9c n\u0103ng h\u1eb9n gi\u1edd t\u1eaft m\u00e1y<\/li>\n<li>Xu\u1ea5t x\u1ee9: T\u00e2y Ban Nha<\/li>\n<\/ul>\n<\/div>\n<\/div>\n<\/div>\n","protected":false},"featured_media":2549,"comment_status":"open","ping_status":"closed","template":"","meta":[],"product_brand":[],"product_cat":[84,89,344,311],"product_tag":[86,90,346,313],"class_list":{"0":"post-2431","1":"product","2":"type-product","3":"status-publish","4":"has-post-thumbnail","6":"product_cat-may-hut-mui","7":"product_cat-may-hut-mui-gan-tuong","8":"product_cat-may-hut-mui-teka","9":"product_cat-thuong-hieu-teka","10":"product_tag-may-hut-mui","11":"product_tag-may-hut-mui-gan-tuong","12":"product_tag-may-hut-mui-teka","13":"product_tag-teka","15":"first","16":"instock","17":"sale","18":"shipping-taxable","19":"purchasable","20":"product-type-simple"},"_links":{"self":[{"href":"https:\/\/livinghome.vn\/thiet-bi\/wp-json\/wp\/v2\/product\/2431","targetHints":{"allow":["GET"]}}],"collection":[{"href":"https:\/\/livinghome.vn\/thiet-bi\/wp-json\/wp\/v2\/product"}],"about":[{"href":"https:\/\/livinghome.vn\/thiet-bi\/wp-json\/wp\/v2\/types\/product"}],"replies":[{"embeddable":true,"href":"https:\/\/livinghome.vn\/thiet-bi\/wp-json\/wp\/v2\/comments?post=2431"}],"wp:featuredmedia":[{"embeddable":true,"href":"https:\/\/livinghome.vn\/thiet-bi\/wp-json\/wp\/v2\/media\/2549"}],"wp:attachment":[{"href":"https:\/\/livinghome.vn\/thiet-bi\/wp-json\/wp\/v2\/media?parent=2431"}],"wp:term":[{"taxonomy":"product_brand","embeddable":true,"href":"https:\/\/livinghome.vn\/thiet-bi\/wp-json\/wp\/v2\/product_brand?post=2431"},{"taxonomy":"product_cat","embeddable":true,"href":"https:\/\/livinghome.vn\/thiet-bi\/wp-json\/wp\/v2\/product_cat?post=2431"},{"taxonomy":"product_tag","embeddable":true,"href":"https:\/\/livinghome.vn\/thiet-bi\/wp-json\/wp\/v2\/product_tag?post=2431"}],"curies":[{"name":"wp","href":"https:\/\/api.w.org\/{rel}","templated":true}]}}