{"id":2389,"date":"2023-01-12T16:51:24","date_gmt":"2023-01-12T16:51:24","guid":{"rendered":"https:\/\/livinghome.vn\/thiet-bi\/?post_type=product&#038;p=2389"},"modified":"2024-11-29T14:20:30","modified_gmt":"2024-11-29T07:20:30","slug":"may-hut-mui-teka-dvn-77050-ttc-bk-ap-tuong-mau-den-thanh-lich-sang-trong","status":"publish","type":"product","link":"https:\/\/livinghome.vn\/thiet-bi\/may-hut-mui-teka-dvn-77050-ttc-bk-ap-tuong-mau-den-thanh-lich-sang-trong\/","title":{"rendered":"M\u00e1y h\u00fat m\u00f9i Teka DVN 77050 TTC BK \u00e1p t\u01b0\u1eddng m\u00e0u \u0111en thanh l\u1ecbch sang tr\u1ecdng"},"content":{"rendered":"<h3>M\u00e1y h\u00fat m\u00f9i Teka DVN 77050 TTC BK \u00e1p t\u01b0\u1eddng m\u00e0u \u0111en thanh l\u1ecbch sang tr\u1ecdng<\/h3>\n<figure id=\"attachment_67162\" aria-describedby=\"caption-attachment-67162\" style=\"width: 900px\" class=\"wp-caption alignnone\"><img loading=\"lazy\" decoding=\"async\" class=\"wp-image-67162\" src=\"https:\/\/livinghome.vn\/thiet-bi\/wp-content\/uploads\/nha-bep\/teka\/may-hut-mui\/may-hut-mui-teka-dvn-77050-ttc-bk\/may-hut-mui-teka-dvn-77050-ttc-bk-4-1.jpg\" alt=\"M\u00e1y h\u00fat m\u00f9i Teka DVN 77050 TTC BK \u00e1p t\u01b0\u1eddng m\u00e0u \u0111en thanh l\u1ecbch sang tr\u1ecdng\" width=\"900\" height=\"506\" title=\"\"><figcaption id=\"caption-attachment-67162\" class=\"wp-caption-text\">M\u00e1y h\u00fat m\u00f9i Teka DVN 77050 TTC BK \u00e1p t\u01b0\u1eddng m\u00e0u \u0111en thanh l\u1ecbch sang tr\u1ecdng<\/figcaption><\/figure>\n<p>M\u00e1y h\u00fat m\u00f9i Teka DVN 77050 TTC BK\u00a0thi\u1ebft k\u1ebf d\u1ea1ng nghi\u00eang, m\u00e0u \u0111en sang tr\u1ecdng l\u00e0 m\u1ed9t s\u1ea3n ph\u1ea9m kh\u00f4ng th\u1ec3 thi\u1ebfu cho m\u1ed9t kh\u00f4ng gian b\u1ebfp hi\u1ec7n \u0111\u1ea1i.<\/p>\n<h3>T\u00ednh n\u0103ng c\u01a1 b\u1ea3n<\/h3>\n<ul>\n<li><a href=\"https:\/\/livinghome.vn\/thiet-bi\/may-hut-mui\/\">M\u00e1y h\u00fat kh\u00f3i kh\u1eed m\u00f9i<\/a> \u2013 kh\u1eed m\u00f9i \u00e1p t\u01b0\u1eddng<\/li>\n<li>H\u00fat m\u00f9i \u00e1p t\u01b0\u1eddng d\u1ea1ng nghi\u00eang<\/li>\n<li>Ch\u1ea5t li\u1ec7u th\u00e9p kh\u00f4ng g\u1ec9 + k\u00ednh<\/li>\n<li>\u0110i\u1ec1u khi\u1ec3n c\u1ea3m \u1ee9ng<\/li>\n<li>H\u1ec7 th\u1ed1ng h\u00fat theo chu vi \u0111\u01b0\u1eddng vi\u1ec1n<\/li>\n<li>\u0110\u1ed9ng c\u01a1 tuabin \u0111\u00f4i<\/li>\n<li>3 m\u1ee9c t\u1ed1c \u0111\u1ed9 + 1 m\u1ee9c t\u0103ng c\u01b0\u1eddng<\/li>\n<li>C\u00f4ng su\u1ea5t h\u00fat t\u1ed1i \u0111a 704 m\u00b3\/h<\/li>\n<li>\u0110\u1ed9 \u1ed3n 61\/64dB<\/li>\n<li>2 \u0111\u00e8n LED<\/li>\n<li>1 lu\u1edbi l\u1ecdc nh\u00f4m<\/li>\n<li>Ch\u1ee9c n\u0103ng h\u1eb9n gi\u1edd t\u1eaft m\u00e1y<\/li>\n<li>\u0110\u00e8n b\u00e1o v\u1ec7 sinh l\u01b0\u1edbi l\u1ecdc<\/li>\n<\/ul>\n<p>M\u00e1y h\u00fat m\u00f9i Teka DVN 77050 TTC BK\u00a0l\u00e0 d\u00f2ng\u00a0m\u00e1y h\u00fat m\u00f9i Teka\u00a0cao c\u1ea5p, c\u00f3 ki\u1ec3u d\u00e1ng hi\u1ec7n \u0111\u1ea1i, sang tr\u1ecdng, c\u00f4ng su\u1ea5t h\u00fat m\u00f9i l\u1edbn, \u0111\u1ed9 \u1ed3n th\u1ea5p, \u0111\u1ed9ng c\u01a1 tuabin\u00a0kh\u1eed s\u1ea1ch c\u00e1c lo\u1ea1i m\u00f9i kh\u00f3 ch\u1ecbu \u0111em \u0111\u1ebfn kh\u00f4ng gian s\u1ea1ch s\u1ebd trong kh\u00f4ng gian b\u1ebfp nh\u00e0 b\u1ea1n.<\/p>\n<h3>Th\u00f4ng s\u1ed1 k\u1ef9 thu\u1eadt<\/h3>\n<ul>\n<li>Chi\u1ec1u cao(mm):\u00a0690-1035<\/li>\n<li>Chi\u1ec1u r\u1ed9ng (mm):\u00a0698<\/li>\n<li>\u0110\u1ed9 s\u00e2u (mm):\u00a0325<\/li>\n<li>Tr\u1ecdng l\u01b0\u1ee3ng (Kgs):\u00a011,20<\/li>\n<\/ul>\n<h3>\u0110\u1eb7c t\u00ednh s\u1ea3n ph\u1ea9m<\/h3>\n<ul>\n<li>\u1ed4 c\u1eafm (mm):\u00a0150<\/li>\n<li>\u0110i\u1ec7n n\u0103ng ti\u00eau th\u1ee5 \u0111\u00e8n b\u00ean trong (W):\u00a02&#215;1,5<\/li>\n<li>Ph\u00edch c\u1eafm:\u00a0schuko<\/li>\n<li>Chi\u1ec1u d\u00e0i d\u00e2y c\u00e1p (cm):\u00a0150<\/li>\n<li>C\u00f4ng su\u1ea5t (V):\u00a0220-240<\/li>\n<li>T\u1ea7n s\u1ed1 (Hz):\u00a050\/60<\/li>\n<li>T\u1ed5ng c\u00f4ng su\u1ea5t h\u00fat (W):\u00a0233<\/li>\n<li>C\u00f4ng su\u1ea5t \u0111\u1ed9ng c\u01a1 (W):\u00a0230<\/li>\n<\/ul>\n<figure id=\"attachment_67161\" aria-describedby=\"caption-attachment-67161\" style=\"width: 800px\" class=\"wp-caption alignnone\"><img loading=\"lazy\" decoding=\"async\" class=\"wp-image-67161 size-large\" src=\"https:\/\/livinghome.vn\/thiet-bi\/wp-content\/uploads\/nha-bep\/teka\/may-hut-mui\/may-hut-mui-teka-dvn-77050-ttc-bk\/may-hut-mui-teka-dvn-77050-ttc-bk-5-800x800.jpg\" alt=\"M\u00e1y h\u00fat m\u00f9i Teka DVN 77050 TTC BK \u00e1p t\u01b0\u1eddng m\u00e0u \u0111en thanh l\u1ecbch sang tr\u1ecdng\" width=\"800\" height=\"800\" title=\"\"><figcaption id=\"caption-attachment-67161\" class=\"wp-caption-text\">K\u00edch th\u01b0\u1edbc m\u00e1y h\u00fat m\u00f9i Teka DVN 77050 TTC BK \u00e1p t\u01b0\u1eddng m\u00e0u \u0111en thanh l\u1ecbch sang tr\u1ecdng<\/figcaption><\/figure>\n<p>B\u1ed9 \u0111i\u1ec1u khi\u1ec3n b\u1eb1ng c\u1ea3m \u1ee9ng hi\u1ec7n \u0111\u1ea1i v\u1edbi ch\u1ee9c n\u0103ng h\u1eb9n gi\u1edd t\u1eaft m\u00e1y r\u1ea5t ti\u1ec7n d\u1ee5ng,\u00a0Teka\u00a0DVN 77050 TTC BK\u00a0r\u1ea5t\u00a0an to\u00e0n v\u00e0 d\u1ec5 d\u00e0ng v\u1ec7 sinh l\u00e0 m\u1ed9t thi\u1ebft k\u1ebf ho\u00e0n h\u1ea3o cho m\u1ecdi kh\u00f4ng gian b\u1ebfp.<\/p>\n<h3>Xu\u1ea5t x\u1ee9: PRC<\/h3>\n<div><\/div>\n","protected":false},"excerpt":{"rendered":"<div id=\"product-title\" class=\"et_pb_module et_pb_text et_pb_bg_layout_light et_pb_text_align_left\">\n<div class=\"et_pb_text_inner\">\n<h1>H\u00fat m\u00f9i \u00e1p t\u01b0\u1eddng d\u1ea1ng nghi\u00eang, 70cm<\/h1>\n<\/div>\n<\/div>\n<div class=\"et_pb_module et_pb_text et_pb_text_1 et_pb_bg_layout_light et_pb_text_align_left\">\n<div class=\"et_pb_text_inner\">\n<div id=\"product-content\">\n<ul>\n<li>\u0110i\u1ec1u khi\u1ec3n c\u1ea3m \u1ee9ng<\/li>\n<li>H\u1ec7 th\u1ed1ng h\u00fat theo chu vi \u0111\u01b0\u1eddng vi\u1ec1n<\/li>\n<li>\u0110\u1ed9ng c\u01a1 tuabin \u0111\u00f4i<\/li>\n<li>3 m\u1ee9c t\u1ed1c \u0111\u1ed9 + 1 m\u1ee9c t\u0103ng c\u01b0\u1eddng<\/li>\n<li>C\u00f4ng su\u1ea5t h\u00fat t\u1ed1i \u0111a 704 m\u00b3\/h<\/li>\n<li>\u0110\u1ed9 \u1ed3n 61\/64dB<\/li>\n<\/ul>\n<\/div>\n<\/div>\n<\/div>\n","protected":false},"featured_media":2512,"comment_status":"open","ping_status":"closed","template":"","meta":[],"product_brand":[],"product_cat":[84,89,344,311],"product_tag":[86,90,346,313],"class_list":{"0":"post-2389","1":"product","2":"type-product","3":"status-publish","4":"has-post-thumbnail","6":"product_cat-may-hut-mui","7":"product_cat-may-hut-mui-gan-tuong","8":"product_cat-may-hut-mui-teka","9":"product_cat-thuong-hieu-teka","10":"product_tag-may-hut-mui","11":"product_tag-may-hut-mui-gan-tuong","12":"product_tag-may-hut-mui-teka","13":"product_tag-teka","15":"first","16":"instock","17":"sale","18":"shipping-taxable","19":"purchasable","20":"product-type-simple"},"_links":{"self":[{"href":"https:\/\/livinghome.vn\/thiet-bi\/wp-json\/wp\/v2\/product\/2389","targetHints":{"allow":["GET"]}}],"collection":[{"href":"https:\/\/livinghome.vn\/thiet-bi\/wp-json\/wp\/v2\/product"}],"about":[{"href":"https:\/\/livinghome.vn\/thiet-bi\/wp-json\/wp\/v2\/types\/product"}],"replies":[{"embeddable":true,"href":"https:\/\/livinghome.vn\/thiet-bi\/wp-json\/wp\/v2\/comments?post=2389"}],"wp:featuredmedia":[{"embeddable":true,"href":"https:\/\/livinghome.vn\/thiet-bi\/wp-json\/wp\/v2\/media\/2512"}],"wp:attachment":[{"href":"https:\/\/livinghome.vn\/thiet-bi\/wp-json\/wp\/v2\/media?parent=2389"}],"wp:term":[{"taxonomy":"product_brand","embeddable":true,"href":"https:\/\/livinghome.vn\/thiet-bi\/wp-json\/wp\/v2\/product_brand?post=2389"},{"taxonomy":"product_cat","embeddable":true,"href":"https:\/\/livinghome.vn\/thiet-bi\/wp-json\/wp\/v2\/product_cat?post=2389"},{"taxonomy":"product_tag","embeddable":true,"href":"https:\/\/livinghome.vn\/thiet-bi\/wp-json\/wp\/v2\/product_tag?post=2389"}],"curies":[{"name":"wp","href":"https:\/\/api.w.org\/{rel}","templated":true}]}}