{"id":2373,"date":"2023-01-12T16:51:02","date_gmt":"2023-01-12T16:51:02","guid":{"rendered":"https:\/\/livinghome.vn\/thiet-bi\/?post_type=product&#038;p=2373"},"modified":"2024-11-29T14:20:30","modified_gmt":"2024-11-29T07:20:30","slug":"may-hut-mui-teka-dss-985-ap-tuong-cong-suat-manh-tiet-kiem-dien","status":"publish","type":"product","link":"https:\/\/livinghome.vn\/thiet-bi\/may-hut-mui-teka-dss-985-ap-tuong-cong-suat-manh-tiet-kiem-dien\/","title":{"rendered":"M\u00e1y h\u00fat m\u00f9i Teka DSS 985 \u00e1p t\u01b0\u1eddng c\u00f4ng su\u1ea5t m\u1ea1nh ti\u1ebft ki\u1ec7m \u0111i\u1ec7n"},"content":{"rendered":"<h3>M\u00e1y h\u00fat m\u00f9i Teka DSS 985 \u00e1p t\u01b0\u1eddng c\u00f4ng su\u1ea5t m\u1ea1nh ti\u1ebft ki\u1ec7m \u0111i\u1ec7n<\/h3>\n<figure id=\"attachment_67156\" aria-describedby=\"caption-attachment-67156\" style=\"width: 800px\" class=\"wp-caption alignnone\"><img loading=\"lazy\" decoding=\"async\" class=\"wp-image-67156 size-large\" src=\"https:\/\/livinghome.vn\/thiet-bi\/wp-content\/uploads\/nha-bep\/teka\/may-hut-mui\/may-hut-mui-teka-dss-985\/may-hut-mui-teka-dss-985-1-1-800x800.jpg\" alt=\"M\u00e1y h\u00fat m\u00f9i Teka DSS 985 \u00e1p t\u01b0\u1eddng c\u00f4ng su\u1ea5t m\u1ea1nh ti\u1ebft ki\u1ec7m \u0111i\u1ec7n\" width=\"800\" height=\"800\" title=\"\"><figcaption id=\"caption-attachment-67156\" class=\"wp-caption-text\">M\u00e1y h\u00fat m\u00f9i Teka DSS 985 \u00e1p t\u01b0\u1eddng c\u00f4ng su\u1ea5t m\u1ea1nh ti\u1ebft ki\u1ec7m \u0111i\u1ec7n<\/figcaption><\/figure>\n<p>M\u00e1y h\u00fat m\u00f9i Teka DSS 985 \u0111\u01b0\u1ee3c thi\u1ebft k\u1ebf v\u1edbi \u0111\u1ed9ng c\u01a1 ti\u1ebft ki\u1ec7m n\u0103ng l\u01b0\u1ee3ng gi\u00fap gi\u1ea3m \u0111i\u1ec7n n\u0103ng ti\u00eau th\u1ee5 m\u00e0 v\u1eabn \u0111\u1ea3m b\u1ea3o hi\u1ec7u qu\u1ea3 l\u00e0m tho\u00e1ng cho gian b\u1ebfp.<\/p>\n<h3>T\u00ednh n\u0103ng c\u01a1 b\u1ea3n<\/h3>\n<ul>\n<li><a href=\"https:\/\/livinghome.vn\/thiet-bi\/may-hut-mui\/\">M\u00e1y h\u00fat kh\u00f3i kh\u1eed m\u00f9i<\/a> \u2013 kh\u1eed m\u00f9i \u00e1p t\u01b0\u1eddng<\/li>\n<li>Ch\u1ea5t li\u1ec7u th\u00e9p kh\u00f4ng g\u1ec9<\/li>\n<li>\u0110i\u1ec1u khi\u1ec3n b\u1eb1ng n\u00fat nh\u1ea5n<\/li>\n<li>\u0110\u1ed9ng c\u01a1 EcoPower c\u00f4ng su\u1ea5t m\u1ea1nh, ti\u1ebft ki\u1ec7m \u0111i\u1ec7n<\/li>\n<li>3 m\u1ee9c t\u1ed1c \u0111\u1ed9 + 1 m\u1ee9c t\u0103ng c\u01b0\u1eddng<\/li>\n<li>C\u00f4ng su\u1ea5t h\u00fat t\u1ed1i \u0111a 792m\u00b3\/h<\/li>\n<li>\u0110\u1ed9 \u1ed3n 54\/68dB<\/li>\n<li>1 \u0111\u00e8n LED<\/li>\n<li>3 l\u01b0\u1edbi l\u1ecdc b\u1eb1ng th\u00e9p kh\u00f4ng g\u1ec9<\/li>\n<li>Ch\u1ee9c n\u0103ng h\u1eb9n gi\u1edd t\u1eaft m\u00e1y<\/li>\n<\/ul>\n<h3>Th\u00f4ng s\u1ed1 k\u1ef9 thu\u1eadt<\/h3>\n<ul>\n<li>Chi\u1ec1u cao(mm):\u00a0700-1100<\/li>\n<li>Chi\u1ec1u r\u1ed9ng (mm):\u00a0900<\/li>\n<li>\u0110\u1ed9 s\u00e2u (mm):\u00a0480<\/li>\n<li>Tr\u1ecdng l\u01b0\u1ee3ng (Kgs):\u00a014,37<\/li>\n<\/ul>\n<h3>\u0110\u1eb7c t\u00ednh s\u1ea3n ph\u1ea9m<\/h3>\n<ul>\n<li>Gi\u1ea5y ch\u1ee9ng nh\u1eadn:\u00a0CE; CB; Rohs<\/li>\n<li>\u1ed4 c\u1eafm (mm):\u00a0150<\/li>\n<li>\u0110i\u1ec7n n\u0103ng ti\u00eau th\u1ee5 \u0111\u00e8n b\u00ean trong (W):\u00a012<\/li>\n<li>Ph\u00edch c\u1eafm:\u00a0Schuko plug<\/li>\n<li>C\u00f4ng su\u1ea5t (V):\u00a0230<\/li>\n<li>T\u1ea7n s\u1ed1 (Hz):\u00a050<\/li>\n<li>T\u1ed5ng c\u00f4ng su\u1ea5t h\u00fat (W):\u00a0292<\/li>\n<li>C\u00f4ng su\u1ea5t \u0111\u1ed9ng c\u01a1 (W):\u00a0280<\/li>\n<\/ul>\n<figure id=\"attachment_67157\" aria-describedby=\"caption-attachment-67157\" style=\"width: 800px\" class=\"wp-caption alignnone\"><img loading=\"lazy\" decoding=\"async\" class=\"wp-image-67157 size-large\" src=\"https:\/\/livinghome.vn\/thiet-bi\/wp-content\/uploads\/nha-bep\/teka\/may-hut-mui\/may-hut-mui-teka-dss-985\/may-hut-mui-teka-dss-985-2-800x800.jpg\" alt=\"M\u00e1y h\u00fat m\u00f9i Teka DSS 985 \u00e1p t\u01b0\u1eddng c\u00f4ng su\u1ea5t m\u1ea1nh ti\u1ebft ki\u1ec7m \u0111i\u1ec7n\" width=\"800\" height=\"800\" title=\"\"><figcaption id=\"caption-attachment-67157\" class=\"wp-caption-text\">K\u00edch th\u01b0\u1edbc m\u00e1y h\u00fat m\u00f9i Teka DSS 985 \u00e1p t\u01b0\u1eddng c\u00f4ng su\u1ea5t m\u1ea1nh ti\u1ebft ki\u1ec7m \u0111i\u1ec7n<\/figcaption><\/figure>\n<p>M\u00e1y h\u00fat m\u00f9i Teka DSS 985 c\u00f3 kh\u1ea3 n\u0103ng h\u00fat t\u1eeb nh\u1eefng g\u00f3c kh\u00e1c nhau gi\u00fap lo\u1ea1i b\u1ecf kh\u00f3i b\u1ebfp v\u00e0 m\u00f9i hi\u1ec7u qu\u1ea3.<\/p>\n<h3>Xu\u1ea5t x\u1ee9: B\u1ed3 \u0110\u00e0o Nha<\/h3>\n<div><\/div>\n","protected":false},"excerpt":{"rendered":"<div id=\"product-title\" class=\"et_pb_module et_pb_text et_pb_bg_layout_light et_pb_text_align_left\">\n<div class=\"et_pb_text_inner\">\n<h1>M\u00e1y h\u00fat m\u00f9i \u00e1p t\u01b0\u1eddng<\/h1>\n<\/div>\n<\/div>\n<div class=\"et_pb_module et_pb_text et_pb_text_1 et_pb_bg_layout_light et_pb_text_align_left\">\n<div class=\"et_pb_text_inner\">\n<div id=\"product-content\">\n<ul>\n<li>\u0110i\u1ec1u khi\u1ec3n b\u1eb1ng n\u00fat nh\u1ea5n<\/li>\n<li>\u0110\u1ed9ng c\u01a1 Ecopower c\u00f4ng su\u1ea5t m\u1ea1nh, ti\u1ebft ki\u1ec7m \u0111i\u1ec7n<\/li>\n<li>3 m\u1ee9c t\u1ed1c \u0111\u1ed9 + 1 m\u1ee9c t\u0103ng c\u01b0\u1eddng<\/li>\n<li>C\u00f4ng su\u1ea5t h\u00fat t\u1ed1i \u0111a 792m\u00b3\/h<\/li>\n<li>\u0110\u1ed9 \u1ed3n 54\/68dB<\/li>\n<\/ul>\n<\/div>\n<\/div>\n<\/div>\n","protected":false},"featured_media":2504,"comment_status":"open","ping_status":"closed","template":"","meta":[],"product_brand":[],"product_cat":[84,89,344,311],"product_tag":[86,90,346,313],"class_list":{"0":"post-2373","1":"product","2":"type-product","3":"status-publish","4":"has-post-thumbnail","6":"product_cat-may-hut-mui","7":"product_cat-may-hut-mui-gan-tuong","8":"product_cat-may-hut-mui-teka","9":"product_cat-thuong-hieu-teka","10":"product_tag-may-hut-mui","11":"product_tag-may-hut-mui-gan-tuong","12":"product_tag-may-hut-mui-teka","13":"product_tag-teka","15":"first","16":"instock","17":"sale","18":"shipping-taxable","19":"purchasable","20":"product-type-simple"},"_links":{"self":[{"href":"https:\/\/livinghome.vn\/thiet-bi\/wp-json\/wp\/v2\/product\/2373","targetHints":{"allow":["GET"]}}],"collection":[{"href":"https:\/\/livinghome.vn\/thiet-bi\/wp-json\/wp\/v2\/product"}],"about":[{"href":"https:\/\/livinghome.vn\/thiet-bi\/wp-json\/wp\/v2\/types\/product"}],"replies":[{"embeddable":true,"href":"https:\/\/livinghome.vn\/thiet-bi\/wp-json\/wp\/v2\/comments?post=2373"}],"wp:featuredmedia":[{"embeddable":true,"href":"https:\/\/livinghome.vn\/thiet-bi\/wp-json\/wp\/v2\/media\/2504"}],"wp:attachment":[{"href":"https:\/\/livinghome.vn\/thiet-bi\/wp-json\/wp\/v2\/media?parent=2373"}],"wp:term":[{"taxonomy":"product_brand","embeddable":true,"href":"https:\/\/livinghome.vn\/thiet-bi\/wp-json\/wp\/v2\/product_brand?post=2373"},{"taxonomy":"product_cat","embeddable":true,"href":"https:\/\/livinghome.vn\/thiet-bi\/wp-json\/wp\/v2\/product_cat?post=2373"},{"taxonomy":"product_tag","embeddable":true,"href":"https:\/\/livinghome.vn\/thiet-bi\/wp-json\/wp\/v2\/product_tag?post=2373"}],"curies":[{"name":"wp","href":"https:\/\/api.w.org\/{rel}","templated":true}]}}