{"id":2372,"date":"2023-01-12T16:51:02","date_gmt":"2023-01-12T16:51:02","guid":{"rendered":"https:\/\/livinghome.vn\/thiet-bi\/?post_type=product&#038;p=2372"},"modified":"2024-11-29T14:20:31","modified_gmt":"2024-11-29T07:20:31","slug":"voi-rua-chen-teka-arn-938-day-rut-mau-chrome-tinh-te","status":"publish","type":"product","link":"https:\/\/livinghome.vn\/thiet-bi\/voi-rua-chen-teka-arn-938-day-rut-mau-chrome-tinh-te\/","title":{"rendered":"V\u00f2i r\u1eeda ch\u00e9n Teka ARN 938 d\u00e2y r\u00fat m\u00e0u chrome tinh t\u1ebf"},"content":{"rendered":"<h2>V\u00f2i r\u1eeda ch\u00e9n Teka ARN 938 d\u00e2y r\u00fat m\u00e0u chrome tinh t\u1ebf<\/h2>\n<figure id=\"attachment_67111\" aria-describedby=\"caption-attachment-67111\" style=\"width: 800px\" class=\"wp-caption alignnone\"><img loading=\"lazy\" decoding=\"async\" class=\"size-large wp-image-67111\" src=\"https:\/\/livinghome.vn\/thiet-bi\/wp-content\/uploads\/nha-bep\/teka\/voi-rua\/voi-rua-teka-arn-938\/voi-rua-teka-arn-938-1-1-800x800.jpg\" alt=\"V\u00f2i r\u1eeda ch\u00e9n Teka ARN 938 d\u00e2y r\u00fat m\u00e0u chrome tinh t\u1ebf\" width=\"800\" height=\"800\" title=\"\"><figcaption id=\"caption-attachment-67111\" class=\"wp-caption-text\">V\u00f2i r\u1eeda ch\u00e9n Teka ARN 938 d\u00e2y r\u00fat m\u00e0u chrome tinh t\u1ebf<\/figcaption><\/figure>\n<h3><strong>T\u00ednh n\u0103ng c\u01a1 b\u1ea3n<\/strong><\/h3>\n<ul>\n<li><a href=\"https:\/\/livinghome.vn\/thiet-bi\/gia-dung-khac\/voi-rua-chen\/\">V\u00f2i r\u1eeda<\/a> d\u00e2y r\u00fat, c\u00f3 th\u1ec3 t\u0103ng gi\u1ea3m v\u00f2i phun<\/li>\n<li>\u0110\u1ea7u v\u00f2i t\u1ea1o b\u1ecdt ch\u1ed1ng b\u00e1m c\u1eb7n<\/li>\n<li>D\u00e2y c\u1ea5p n\u01b0\u1edbc ch\u1ecbu l\u1ef1c<\/li>\n<li>M\u00e0u s\u1eafc: m\u00e0u Chrome<\/li>\n<\/ul>\n<figure id=\"attachment_67110\" aria-describedby=\"caption-attachment-67110\" style=\"width: 800px\" class=\"wp-caption alignnone\"><img loading=\"lazy\" decoding=\"async\" class=\"size-large wp-image-67110\" src=\"https:\/\/livinghome.vn\/thiet-bi\/wp-content\/uploads\/nha-bep\/teka\/voi-rua\/voi-rua-teka-arn-938\/voi-rua-teka-arn-938-2-1-800x800.jpg\" alt=\"V\u00f2i r\u1eeda ch\u00e9n Teka ARN 938 d\u00e2y r\u00fat m\u00e0u chrome tinh t\u1ebf\" width=\"800\" height=\"800\" title=\"\"><figcaption id=\"caption-attachment-67110\" class=\"wp-caption-text\">H\u00ecnh \u1ea3nh v\u00f2i r\u1eeda ch\u00e9n Teka ARN c\u00f3 th\u1ec3 thay \u0111\u1ed5i k\u00edch th\u01b0\u1edbc<\/figcaption><\/figure>\n<h3 class=\"mceTemp\"><strong style=\"font-size: 20.16px;\">Th\u00f4ng s\u1ed1 k\u1ef9 thu\u1eadt<\/strong><\/h3>\n<div class=\"et_pb_toggle_content clearfix\">\n<ul>\n<li><strong>Tr\u1ecdng l\u01b0\u1ee3ng (Kgs):\u00a0<\/strong>1,34<\/li>\n<\/ul>\n<\/div>\n","protected":false},"excerpt":{"rendered":"<div id=\"product-title\" class=\"et_pb_module et_pb_text et_pb_bg_layout_light et_pb_text_align_left\">\n<div class=\"et_pb_text_inner\">\n<div id=\"product-title\" class=\"et_pb_module et_pb_text et_pb_bg_layout_light et_pb_text_align_left\">\n<div class=\"et_pb_text_inner\">\n<h2 style=\"text-align: center;\">V\u00f2i r\u1eeda ch\u00e9n Teka ARN 938<\/h2>\n<\/div>\n<\/div>\n<div class=\"et_pb_module et_pb_text et_pb_text_1 et_pb_bg_layout_light et_pb_text_align_left\">\n<div class=\"et_pb_text_inner\">\n<div id=\"product-content\">\n<p style=\"text-align: center;\">V\u00f2i r\u1eeda d\u00e2y r\u00fat, c\u00f3 th\u1ec3 t\u0103ng gi\u1ea3m v\u00f2i phun<\/p>\n<p style=\"text-align: center;\">\u0110\u1ea7u v\u00f2i t\u1ea1o b\u1ecdt ch\u1ed1ng b\u00e1m c\u1eb7n<\/p>\n<p style=\"text-align: center;\">D\u00e2y c\u1ea5p n\u01b0\u1edbc ch\u1ecbu l\u1ef1c<\/p>\n<p style=\"text-align: center;\">M\u00e0u s\u1eafc: m\u00e0u Chrome<\/p>\n<\/div>\n<\/div>\n<\/div>\n<\/div>\n<\/div>\n","protected":false},"featured_media":2502,"comment_status":"open","ping_status":"closed","template":"","meta":[],"product_brand":[],"product_cat":[311,348],"product_tag":[313,152,351,350],"class_list":{"0":"post-2372","1":"product","2":"type-product","3":"status-publish","4":"has-post-thumbnail","6":"product_cat-thuong-hieu-teka","7":"product_cat-voi-rua-chen-teka","8":"product_tag-teka","9":"product_tag-voi-rua-chen","10":"product_tag-voi-rua-chen-day-rut","11":"product_tag-voi-rua-chen-teka","13":"first","14":"instock","15":"sale","16":"shipping-taxable","17":"purchasable","18":"product-type-simple"},"_links":{"self":[{"href":"https:\/\/livinghome.vn\/thiet-bi\/wp-json\/wp\/v2\/product\/2372","targetHints":{"allow":["GET"]}}],"collection":[{"href":"https:\/\/livinghome.vn\/thiet-bi\/wp-json\/wp\/v2\/product"}],"about":[{"href":"https:\/\/livinghome.vn\/thiet-bi\/wp-json\/wp\/v2\/types\/product"}],"replies":[{"embeddable":true,"href":"https:\/\/livinghome.vn\/thiet-bi\/wp-json\/wp\/v2\/comments?post=2372"}],"wp:featuredmedia":[{"embeddable":true,"href":"https:\/\/livinghome.vn\/thiet-bi\/wp-json\/wp\/v2\/media\/2502"}],"wp:attachment":[{"href":"https:\/\/livinghome.vn\/thiet-bi\/wp-json\/wp\/v2\/media?parent=2372"}],"wp:term":[{"taxonomy":"product_brand","embeddable":true,"href":"https:\/\/livinghome.vn\/thiet-bi\/wp-json\/wp\/v2\/product_brand?post=2372"},{"taxonomy":"product_cat","embeddable":true,"href":"https:\/\/livinghome.vn\/thiet-bi\/wp-json\/wp\/v2\/product_cat?post=2372"},{"taxonomy":"product_tag","embeddable":true,"href":"https:\/\/livinghome.vn\/thiet-bi\/wp-json\/wp\/v2\/product_tag?post=2372"}],"curies":[{"name":"wp","href":"https:\/\/api.w.org\/{rel}","templated":true}]}}