{"id":2371,"date":"2023-01-12T16:51:02","date_gmt":"2023-01-12T16:51:02","guid":{"rendered":"https:\/\/livinghome.vn\/thiet-bi\/?post_type=product&#038;p=2371"},"modified":"2024-11-29T14:20:30","modified_gmt":"2024-11-29T07:20:30","slug":"may-hut-mui-teka-dsj-950-ap-tuong-kim-loai-cao-cap-ben-bi","status":"publish","type":"product","link":"https:\/\/livinghome.vn\/thiet-bi\/may-hut-mui-teka-dsj-950-ap-tuong-kim-loai-cao-cap-ben-bi\/","title":{"rendered":"M\u00e1y h\u00fat m\u00f9i Teka DSJ 950 \u00e1p t\u01b0\u1eddng kim lo\u1ea1i cao c\u1ea5p b\u1ec1n b\u1ec9"},"content":{"rendered":"<h3>M\u00e1y h\u00fat m\u00f9i Teka DSJ 950 \u00e1p t\u01b0\u1eddng kim lo\u1ea1i cao c\u1ea5p b\u1ec1n b\u1ec9<\/h3>\n<figure id=\"attachment_67150\" aria-describedby=\"caption-attachment-67150\" style=\"width: 800px\" class=\"wp-caption alignnone\"><img loading=\"lazy\" decoding=\"async\" class=\"wp-image-67150 size-large\" src=\"https:\/\/livinghome.vn\/thiet-bi\/wp-content\/uploads\/nha-bep\/teka\/may-hut-mui\/may-hut-mui-teka-dsj-950\/may-hut-mui-teka-dsj-950-2-1-800x800.jpg\" alt=\"M\u00e1y h\u00fat m\u00f9i Teka DSJ 950 \u00e1p t\u01b0\u1eddng kim lo\u1ea1i cao c\u1ea5p b\u1ec1n b\u1ec9\" width=\"800\" height=\"800\" title=\"\"><figcaption id=\"caption-attachment-67150\" class=\"wp-caption-text\">M\u00e1y h\u00fat m\u00f9i Teka DSJ 950 \u00e1p t\u01b0\u1eddng kim lo\u1ea1i cao c\u1ea5p b\u1ec1n b\u1ec9<\/figcaption><\/figure>\n<p>H\u00fat m\u00f9i Teka DSJ 950\u00a0\u0111\u01b0\u1ee3c l\u00e0m b\u1eb1ng ch\u1ea5t li\u1ec7u th\u00e9p kh\u00f4ng g\u1ec9 cao c\u1ea5p, kh\u00f4ng in d\u1ea5u v\u00e2n tay. M\u00e1y thi\u1ebft k\u1ebf v\u1edbi\u00a0\u0111\u1ed9ng c\u01a1 Turbin \u0111\u00f4i\u00a0v\u1edbi t\u1ed5ng c\u00f4ng su\u1ea5t \u0111\u1ed9ng c\u01a1 105W gi\u00fap kh\u1eed m\u00f9i m\u1ea1nh m\u1ebd, h\u00fat nhanh h\u01a1n mang l\u1ea1i kh\u00f4ng gian tho\u00e1ng m\u00e1t cho gian b\u1ebfp nh\u00e0 b\u1ea1n.<\/p>\n<h3>T\u00ednh n\u0103ng c\u01a1 b\u1ea3n<\/h3>\n<ul>\n<li><a href=\"https:\/\/livinghome.vn\/thiet-bi\/may-hut-mui\/\">M\u00e1y h\u00fat kh\u00f3i kh\u1eed m\u00f9i<\/a> \u2013 kh\u1eed m\u00f9i \u00e1p t\u01b0\u1eddng<\/li>\n<li>C\u00f4ng su\u1ea5t t\u1ed1i \u0111a: 401 m\u00b3\/h<\/li>\n<li>3 m\u1ee9c t\u1ed1c \u0111\u1ed9 h\u00fat<\/li>\n<li>\u0110\u1ed9ng c\u01a1 Tuabin \u0111\u00f4i<\/li>\n<li>\u0110\u1ed9 \u1ed3n 58 dB<\/li>\n<li>2 \u0111\u00e8n LED chi\u1ebfu s\u00e1ng<\/li>\n<li>3 l\u01b0\u1edbi l\u1ecdc b\u1eb1ng th\u00e9p kh\u00f4ng g\u1ec9<\/li>\n<\/ul>\n<h3>Th\u00f4ng s\u1ed1 k\u1ef9 thu\u1eadt<\/h3>\n<ul>\n<li>Chi\u1ec1u cao(mm):\u00a0670-1000<\/li>\n<li>Chi\u1ec1u r\u1ed9ng (mm):\u00a0900<\/li>\n<li>\u0110\u1ed9 s\u00e2u (mm):\u00a0480<\/li>\n<li>Tr\u1ecdng l\u01b0\u1ee3ng (Kgs):\u00a015,33<\/li>\n<\/ul>\n<h3>\u0110\u1eb7c t\u00ednh s\u1ea3n ph\u1ea9m<\/h3>\n<ul>\n<li>Gi\u1ea5y ch\u1ee9ng nh\u1eadn:\u00a0CE; CB; Rohs<\/li>\n<li>\u1ed4 c\u1eafm (mm):\u00a0150<\/li>\n<li>\u0110i\u1ec7n n\u0103ng ti\u00eau th\u1ee5 \u0111\u00e8n b\u00ean trong (W):\u00a03<\/li>\n<li>Ph\u00edch c\u1eafm:\u00a0Schuko plug<\/li>\n<li>C\u00f4ng su\u1ea5t (V):\u00a0220240<\/li>\n<li>T\u1ea7n s\u1ed1 (Hz):\u00a050<\/li>\n<li>T\u1ed5ng c\u00f4ng su\u1ea5t h\u00fat (W):\u00a0113<\/li>\n<li>C\u00f4ng su\u1ea5t \u0111\u1ed9ng c\u01a1 (W):\u00a0110<\/li>\n<\/ul>\n<figure id=\"attachment_67151\" aria-describedby=\"caption-attachment-67151\" style=\"width: 800px\" class=\"wp-caption alignnone\"><img loading=\"lazy\" decoding=\"async\" class=\"wp-image-67151 size-large\" src=\"https:\/\/livinghome.vn\/thiet-bi\/wp-content\/uploads\/nha-bep\/teka\/may-hut-mui\/may-hut-mui-teka-dsj-950\/may-hut-mui-teka-dsj-950-3-1-800x800.jpg\" alt=\"M\u00e1y h\u00fat m\u00f9i Teka DSJ 950 \u00e1p t\u01b0\u1eddng kim lo\u1ea1i cao c\u1ea5p b\u1ec1n b\u1ec9\" width=\"800\" height=\"800\" title=\"\"><figcaption id=\"caption-attachment-67151\" class=\"wp-caption-text\">K\u00edch th\u01b0\u1edbc m\u00e1y h\u00fat m\u00f9i Teka DSJ 950 \u00e1p t\u01b0\u1eddng kim lo\u1ea1i cao c\u1ea5p b\u1ec1n b\u1ec9<\/figcaption><\/figure>\n<p>H\u1ec7 th\u1ed1ng chi\u1ebfu s\u00e1ng b\u1eb1ng \u0111\u00e8n Halogen b\u1ea1n c\u00f3 th\u1ec3 ch\u1ecdn b\u1ea5m n\u00fat \u0111\u00e8n chi\u1ebfu s\u00e1ng \u0111\u1ec3 quan s\u00e1t khi n\u1ea5u \u0103n \u0111\u01b0\u1ee3c d\u1ec5 d\u00e0ng h\u01a1n. B\u1ed9 l\u1ecdc b\u1eb1ng nh\u00f4m nhi\u1ec1u l\u1edbp\u00a0ng\u0103n kh\u00f4ng cho d\u1ea7u m\u1ee1 \u0111i v\u00e0o m\u00e1y gi\u00fap m\u00e1y ho\u1ea1t \u0111\u1ed9ng t\u1ed1t v\u00e0 b\u1ec1n h\u01a1n, b\u1ed9 l\u1ecdc c\u0169ng r\u1ea5t d\u1ec5 d\u00e0ng th\u00e1o ra v\u00e0 sau th\u1eddi gian s\u1eed d\u1ee5ng c\u1ea7n \u0111\u01b0\u1ee3c l\u00e0m s\u1ea1ch \u0111\u1ea3m b\u1ea3o kh\u1ea3 n\u0103ng h\u00fat hi\u1ec7u qu\u1ea3 nh\u1ea5t.<\/p>\n<h3>Xu\u1ea5t x\u1ee9: T\u00e2y Ban Nha<\/h3>\n<div><\/div>\n","protected":false},"excerpt":{"rendered":"<div id=\"product-title\" class=\"et_pb_module et_pb_text et_pb_bg_layout_light et_pb_text_align_left\">\n<div class=\"et_pb_text_inner\">\n<h1>M\u00e1y h\u00fat m\u00f9i \u00e1p t\u01b0\u1eddng &#8211; d\u1ea1ng th\u1eb3ng<\/h1>\n<\/div>\n<\/div>\n<div class=\"et_pb_module et_pb_text et_pb_text_1 et_pb_bg_layout_light et_pb_text_align_left\">\n<div class=\"et_pb_text_inner\">\n<div id=\"product-content\">\n<ul>\n<li>C\u00f4ng su\u1ea5t t\u1ed1i \u0111a: 401 m\u00b3\/h<\/li>\n<li>\u0110\u1ed9 \u1ed3n 58 dB<\/li>\n<li>2 \u0111\u00e8n LED chi\u1ebfu s\u00e1ng<\/li>\n<li>\u0110\u1ed9ng c\u01a1 Tuabin \u0111\u00f4i<\/li>\n<li>Xu\u1ea5t x\u1ee9: T\u00e2y Ban Nha<\/li>\n<\/ul>\n<\/div>\n<\/div>\n<\/div>\n","protected":false},"featured_media":2494,"comment_status":"open","ping_status":"closed","template":"","meta":[],"product_brand":[],"product_cat":[84,89,344,311],"product_tag":[86,90,346,313],"class_list":{"0":"post-2371","1":"product","2":"type-product","3":"status-publish","4":"has-post-thumbnail","6":"product_cat-may-hut-mui","7":"product_cat-may-hut-mui-gan-tuong","8":"product_cat-may-hut-mui-teka","9":"product_cat-thuong-hieu-teka","10":"product_tag-may-hut-mui","11":"product_tag-may-hut-mui-gan-tuong","12":"product_tag-may-hut-mui-teka","13":"product_tag-teka","15":"first","16":"instock","17":"sale","18":"shipping-taxable","19":"purchasable","20":"product-type-simple"},"_links":{"self":[{"href":"https:\/\/livinghome.vn\/thiet-bi\/wp-json\/wp\/v2\/product\/2371","targetHints":{"allow":["GET"]}}],"collection":[{"href":"https:\/\/livinghome.vn\/thiet-bi\/wp-json\/wp\/v2\/product"}],"about":[{"href":"https:\/\/livinghome.vn\/thiet-bi\/wp-json\/wp\/v2\/types\/product"}],"replies":[{"embeddable":true,"href":"https:\/\/livinghome.vn\/thiet-bi\/wp-json\/wp\/v2\/comments?post=2371"}],"wp:featuredmedia":[{"embeddable":true,"href":"https:\/\/livinghome.vn\/thiet-bi\/wp-json\/wp\/v2\/media\/2494"}],"wp:attachment":[{"href":"https:\/\/livinghome.vn\/thiet-bi\/wp-json\/wp\/v2\/media?parent=2371"}],"wp:term":[{"taxonomy":"product_brand","embeddable":true,"href":"https:\/\/livinghome.vn\/thiet-bi\/wp-json\/wp\/v2\/product_brand?post=2371"},{"taxonomy":"product_cat","embeddable":true,"href":"https:\/\/livinghome.vn\/thiet-bi\/wp-json\/wp\/v2\/product_cat?post=2371"},{"taxonomy":"product_tag","embeddable":true,"href":"https:\/\/livinghome.vn\/thiet-bi\/wp-json\/wp\/v2\/product_tag?post=2371"}],"curies":[{"name":"wp","href":"https:\/\/api.w.org\/{rel}","templated":true}]}}