{"id":2350,"date":"2023-01-12T16:50:37","date_gmt":"2023-01-12T16:50:37","guid":{"rendered":"https:\/\/livinghome.vn\/thiet-bi\/?post_type=product&#038;p=2350"},"modified":"2024-11-29T14:20:31","modified_gmt":"2024-11-29T07:20:31","slug":"may-hut-mui-teka-dq2-985-ap-tuong-thiet-ke-goc-doc-dao-cong-suat-manh","status":"publish","type":"product","link":"https:\/\/livinghome.vn\/thiet-bi\/may-hut-mui-teka-dq2-985-ap-tuong-thiet-ke-goc-doc-dao-cong-suat-manh\/","title":{"rendered":"M\u00e1y h\u00fat m\u00f9i Teka DQ2 985 \u00e1p t\u01b0\u1eddng thi\u1ebft k\u1ebf g\u00f3c \u0111\u1ed9c \u0111\u00e1o c\u00f4ng su\u1ea5t m\u1ea1nh"},"content":{"rendered":"<h3>M\u00e1y h\u00fat m\u00f9i Teka DQ2 985 \u00e1p t\u01b0\u1eddng thi\u1ebft k\u1ebf g\u00f3c \u0111\u1ed9c \u0111\u00e1o c\u00f4ng su\u1ea5t m\u1ea1nh<\/h3>\n<figure id=\"attachment_67104\" aria-describedby=\"caption-attachment-67104\" style=\"width: 900px\" class=\"wp-caption alignnone\"><img loading=\"lazy\" decoding=\"async\" class=\"wp-image-67104\" src=\"https:\/\/livinghome.vn\/thiet-bi\/wp-content\/uploads\/nha-bep\/teka\/may-hut-mui\/may-hut-mui-teka-dq2-985\/may-hut-mui-teka-dq2-985-4-1.jpg\" alt=\"M\u00e1y h\u00fat m\u00f9i Teka DQ2 985 \u00e1p t\u01b0\u1eddng thi\u1ebft k\u1ebf \u0111\u1ed9c \u0111\u00e1o c\u00f4ng su\u1ea5t m\u1ea1nh\" width=\"900\" height=\"506\" title=\"\"><figcaption id=\"caption-attachment-67104\" class=\"wp-caption-text\">M\u00e1y h\u00fat m\u00f9i Teka DQ2 985 \u00e1p t\u01b0\u1eddng thi\u1ebft k\u1ebf \u0111\u1ed9c \u0111\u00e1o c\u00f4ng su\u1ea5t m\u1ea1nh<\/figcaption><\/figure>\n<p>M\u00e1y h\u00fat m\u00f9i Teka DQ2 985 thi\u1ebft k\u1ebf d\u1ea1ng g\u00f3c \u0111\u1ed9c \u0111\u00e1o, b\u1ec1 m\u1eb7t h\u00fat r\u1ed9ng, gi\u00fap lo\u1ea1i b\u1ecf m\u00f9i trong c\u0103n b\u1ebfp nh\u00e0 b\u1ea1n nhanh ch\u00f3ng.<\/p>\n<h3>T\u00ednh n\u0103ng c\u01a1 b\u1ea3n<\/h3>\n<ul>\n<li><a href=\"https:\/\/livinghome.vn\/thiet-bi\/may-hut-mui\/\">M\u00e1y h\u00fat kh\u00f3i kh\u1eed m\u00f9i<\/a> \u2013 kh\u1eed m\u00f9i \u00e1p t\u01b0\u1eddng<\/li>\n<li>H\u00fat m\u00f9i \u00e1p t\u01b0\u1eddng d\u1ea1ng g\u00f3c<\/li>\n<li>Thi\u1ebft k\u1ebf c\u00e1nh k\u00ednh<\/li>\n<li>\u0110i\u1ec1u khi\u1ec3n \u0111i\u1ec7n t\u1eed c\u00f3 \u0111\u00e8n n\u1ec1n tr\u1eafng<\/li>\n<li>3 m\u1ee9c t\u1ed1c \u0111\u1ed9 + 1 m\u1ee9c t\u0103ng c\u01b0\u1eddng<\/li>\n<li>C\u00f4ng su\u1ea5t h\u00fat t\u1ed1i \u0111a(m3\/h): 920<\/li>\n<li>C\u00f4ng su\u1ea5t h\u00fat t\u1ed1i thi\u1ec3u (m3\/h): 315<\/li>\n<li>\u0110\u1ed9 \u1ed3n t\u1ed1i \u0111a (dBA): 55<\/li>\n<li>\u0110\u1ed9 \u1ed3n t\u1ed1i thi\u1ebfu (dBA): 42<\/li>\n<li>3 \u0111\u00e8n LED<\/li>\n<li>2 l\u01b0\u1edbi l\u1ecdc b\u1eb1ng th\u00e9p kh\u00f4ng g\u1ec9<\/li>\n<li>\u0110\u00e8n hi\u1ec3n th\u1ecb b\u00e1o v\u1ec7 sinh l\u01b0\u1edbi l\u1ecdc<\/li>\n<li>B\u1ed9 \u0111i\u1ec1u khi\u1ec3n b\u00ean trong d\u1ec5 l\u00e0m s\u1ea1ch<\/li>\n<\/ul>\n<figure id=\"attachment_67106\" aria-describedby=\"caption-attachment-67106\" style=\"width: 900px\" class=\"wp-caption alignnone\"><img loading=\"lazy\" decoding=\"async\" class=\"wp-image-67106\" src=\"https:\/\/livinghome.vn\/thiet-bi\/wp-content\/uploads\/nha-bep\/teka\/may-hut-mui\/may-hut-mui-teka-dq2-985\/may-hut-mui-teka-dq2-985-5-1.jpg\" alt=\"M\u00e1y h\u00fat m\u00f9i Teka DQ2 985 \u00e1p t\u01b0\u1eddng thi\u1ebft k\u1ebf \u0111\u1ed9c \u0111\u00e1o c\u00f4ng su\u1ea5t m\u1ea1nh\" width=\"900\" height=\"506\" title=\"\"><figcaption id=\"caption-attachment-67106\" class=\"wp-caption-text\">M\u00e1y h\u00fat m\u00f9i Teka DQ2 985 \u00e1p t\u01b0\u1eddng thi\u1ebft k\u1ebf \u0111\u1ed9c \u0111\u00e1o c\u00f4ng su\u1ea5t m\u1ea1nh<\/figcaption><\/figure>\n<h3>Th\u00f4ng s\u1ed1 k\u1ef9 thu\u1eadt<\/h3>\n<ul>\n<li>Chi\u1ec1u cao(mm):\u00a0680-1010<\/li>\n<li>Chi\u1ec1u r\u1ed9ng (mm):\u00a0895<\/li>\n<li>\u0110\u1ed9 s\u00e2u (mm):\u00a0895<\/li>\n<li>Tr\u1ecdng l\u01b0\u1ee3ng (Kgs):\u00a026,7<\/li>\n<\/ul>\n<h3>\u0110\u1eb7c t\u00ednh s\u1ea3n ph\u1ea9m<\/h3>\n<ul>\n<li>Gi\u1ea5y ch\u1ee9ng nh\u1eadn:\u00a0CE; CB; Rohs<\/li>\n<li>\u1ed4 c\u1eafm (mm):\u00a0150<\/li>\n<li>\u0110i\u1ec7n n\u0103ng ti\u00eau th\u1ee5 \u0111\u00e8n b\u00ean trong (W):\u00a03<\/li>\n<li>Ph\u00edch c\u1eafm:\u00a0European plug<\/li>\n<li>C\u00f4ng su\u1ea5t (V):\u00a0220-240<\/li>\n<li>T\u1ea7n s\u1ed1 (Hz):\u00a050<\/li>\n<li>T\u1ed5ng c\u00f4ng su\u1ea5t h\u00fat (W):\u00a0289<\/li>\n<li>C\u00f4ng su\u1ea5t \u0111\u1ed9ng c\u01a1 (W):\u00a0280<\/li>\n<\/ul>\n<figure id=\"attachment_67105\" aria-describedby=\"caption-attachment-67105\" style=\"width: 800px\" class=\"wp-caption alignnone\"><img loading=\"lazy\" decoding=\"async\" class=\"wp-image-67105 size-large\" src=\"https:\/\/livinghome.vn\/thiet-bi\/wp-content\/uploads\/nha-bep\/teka\/may-hut-mui\/may-hut-mui-teka-dq2-985\/may-hut-mui-teka-dq2-985-3-1-800x800.jpg\" alt=\"M\u00e1y h\u00fat m\u00f9i Teka DQ2 985 \u00e1p t\u01b0\u1eddng thi\u1ebft k\u1ebf \u0111\u1ed9c \u0111\u00e1o c\u00f4ng su\u1ea5t m\u1ea1nh\" width=\"800\" height=\"800\" title=\"\"><figcaption id=\"caption-attachment-67105\" class=\"wp-caption-text\">K\u00edch th\u01b0\u1edbc m\u00e1y h\u00fat m\u00f9i Teka DQ2 985 \u00e1p t\u01b0\u1eddng thi\u1ebft k\u1ebf \u0111\u1ed9c \u0111\u00e1o c\u00f4ng su\u1ea5t m\u1ea1nh<\/figcaption><\/figure>\n<h3>Xu\u1ea5t x\u1ee9: T\u00e2y Ban Nha<\/h3>\n<div><\/div>\n","protected":false},"excerpt":{"rendered":"<div id=\"product-title\" class=\"et_pb_module et_pb_text et_pb_bg_layout_light et_pb_text_align_left\">\n<div class=\"et_pb_text_inner\">\n<h1>M\u00e1y h\u00fat m\u00f9i \u00e1p t\u01b0\u1eddng d\u1ea1ng g\u00f3c thi\u1ebft k\u1ebf c\u00e1nh k\u00ednh<\/h1>\n<\/div>\n<\/div>\n<div class=\"et_pb_module et_pb_text et_pb_text_1 et_pb_bg_layout_light et_pb_text_align_left\">\n<div class=\"et_pb_text_inner\">\n<div id=\"product-content\">\n<ul>\n<li>C\u00f4ng su\u1ea5t h\u00fat t\u1ed1i \u0111a: 920 m\u00b3\/h<\/li>\n<li>\u0110\u1ed9 \u1ed3n: 42 dB<\/li>\n<li>3 m\u1ee9c t\u1ed1c \u0111\u1ed9 + 1 m\u1ee9c t\u0103ng c\u01b0\u1eddng<\/li>\n<li>\u0110\u00e8n LED chi\u1ebfu s\u00e1ng<\/li>\n<li>Ti\u1ebft ki\u1ec7m n\u0103ng l\u01b0\u1ee3ng<\/li>\n<\/ul>\n<\/div>\n<\/div>\n<\/div>\n","protected":false},"featured_media":2483,"comment_status":"open","ping_status":"closed","template":"","meta":[],"product_brand":[],"product_cat":[84,89,344,311],"product_tag":[86,90,346,313],"class_list":{"0":"post-2350","1":"product","2":"type-product","3":"status-publish","4":"has-post-thumbnail","6":"product_cat-may-hut-mui","7":"product_cat-may-hut-mui-gan-tuong","8":"product_cat-may-hut-mui-teka","9":"product_cat-thuong-hieu-teka","10":"product_tag-may-hut-mui","11":"product_tag-may-hut-mui-gan-tuong","12":"product_tag-may-hut-mui-teka","13":"product_tag-teka","15":"first","16":"instock","17":"sale","18":"shipping-taxable","19":"purchasable","20":"product-type-simple"},"_links":{"self":[{"href":"https:\/\/livinghome.vn\/thiet-bi\/wp-json\/wp\/v2\/product\/2350","targetHints":{"allow":["GET"]}}],"collection":[{"href":"https:\/\/livinghome.vn\/thiet-bi\/wp-json\/wp\/v2\/product"}],"about":[{"href":"https:\/\/livinghome.vn\/thiet-bi\/wp-json\/wp\/v2\/types\/product"}],"replies":[{"embeddable":true,"href":"https:\/\/livinghome.vn\/thiet-bi\/wp-json\/wp\/v2\/comments?post=2350"}],"wp:featuredmedia":[{"embeddable":true,"href":"https:\/\/livinghome.vn\/thiet-bi\/wp-json\/wp\/v2\/media\/2483"}],"wp:attachment":[{"href":"https:\/\/livinghome.vn\/thiet-bi\/wp-json\/wp\/v2\/media?parent=2350"}],"wp:term":[{"taxonomy":"product_brand","embeddable":true,"href":"https:\/\/livinghome.vn\/thiet-bi\/wp-json\/wp\/v2\/product_brand?post=2350"},{"taxonomy":"product_cat","embeddable":true,"href":"https:\/\/livinghome.vn\/thiet-bi\/wp-json\/wp\/v2\/product_cat?post=2350"},{"taxonomy":"product_tag","embeddable":true,"href":"https:\/\/livinghome.vn\/thiet-bi\/wp-json\/wp\/v2\/product_tag?post=2350"}],"curies":[{"name":"wp","href":"https:\/\/api.w.org\/{rel}","templated":true}]}}