{"id":2347,"date":"2023-01-12T16:50:37","date_gmt":"2023-01-12T16:50:37","guid":{"rendered":"https:\/\/livinghome.vn\/thiet-bi\/?post_type=product&#038;p=2347"},"modified":"2024-11-29T14:20:31","modified_gmt":"2024-11-29T07:20:31","slug":"may-hut-mui-teka-dpl-island-1185-dao-sang-trong-dieu-khien-cam-ung","status":"publish","type":"product","link":"https:\/\/livinghome.vn\/thiet-bi\/may-hut-mui-teka-dpl-island-1185-dao-sang-trong-dieu-khien-cam-ung\/","title":{"rendered":"M\u00e1y h\u00fat m\u00f9i Teka DPL ISLAND 1185 \u0111\u1ea3o sang tr\u1ecdng \u0111i\u1ec1u khi\u1ec3n c\u1ea3m \u1ee9ng"},"content":{"rendered":"<h3>M\u00e1y h\u00fat m\u00f9i Teka DPL ISLAND 1185 \u0111\u1ea3o sang tr\u1ecdng \u0111i\u1ec1u khi\u1ec3n c\u1ea3m \u1ee9ng<\/h3>\n<figure id=\"attachment_67089\" aria-describedby=\"caption-attachment-67089\" style=\"width: 900px\" class=\"wp-caption alignnone\"><img loading=\"lazy\" decoding=\"async\" class=\"wp-image-67089\" src=\"https:\/\/livinghome.vn\/thiet-bi\/wp-content\/uploads\/nha-bep\/teka\/may-hut-mui\/may-hut-mui-teka-dpl-island-1185\/may-hut-mui-teka-dpl-island-1185-4-1.jpg\" alt=\"M\u00e1y h\u00fat m\u00f9i Teka DPL ISLAND 1185 \u0111\u1ea3o sang tr\u1ecdng \u0111i\u1ec1u khi\u1ec3n c\u1ea3m \u1ee9ng\" width=\"900\" height=\"506\" title=\"\"><figcaption id=\"caption-attachment-67089\" class=\"wp-caption-text\">M\u00e1y h\u00fat m\u00f9i Teka DPL ISLAND 1185 \u0111\u1ea3o sang tr\u1ecdng \u0111i\u1ec1u khi\u1ec3n c\u1ea3m \u1ee9ng<\/figcaption><\/figure>\n<p>M\u00e1y h\u00fat m\u00f9i \u1ed1c \u0111\u1ea3o\u00a0Teka DPL ISLA 1185\u00a0\u0111\u01b0\u1ee3c nh\u1eadp kh\u1ea9u nguy\u00ean chi\u1ebfc ch\u00ednh h\u00e3ng t\u1eeb ch\u00e2u \u00c2u, c\u00f4ng su\u1ea5t h\u00fat c\u1ef1c m\u1ea1nh t\u1eeb \u0111\u1ed9ng c\u01a1 si\u00eau kh\u1ecfe lo\u1ea1i b\u1ecf m\u1ecdi lo\u1ea1i m\u00f9i trong gian b\u1ebfp, ch\u1ea5t li\u1ec7u cao c\u1ea5p k\u1ebft h\u1ee3p thi\u1ebft k\u1ebf hi\u1ec7n \u0111\u1ea1i cho ng\u01b0\u1eddi d\u00f9ng n\u1ed5i b\u1eadt. M\u00e1y h\u00fat m\u00f9i s\u1ea3n xu\u1ea5t v\u00e0 thi\u1ebft k\u1ebf v\u1edbi ki\u1ec3u d\u00e1ng \u0111\u1ea3o, nh\u1ecf g\u1ecdn, d\u1ec5 d\u00e0ng h\u00fat m\u00f9i mang l\u1ea1i kh\u00f4ng gian th\u00f4ng tho\u00e1ng cho ph\u00f2ng b\u1ebfp.<\/p>\n<h3>T\u00ednh n\u0103ng c\u01a1 b\u1ea3n<\/h3>\n<ul>\n<li><a href=\"https:\/\/livinghome.vn\/thiet-bi\/may-hut-mui\/\">M\u00e1y h\u00fat kh\u00f3i kh\u1eed m\u00f9i<\/a> \u2013 kh\u1eed m\u00f9i \u1ed1c \u0111\u1ea3o<\/li>\n<li>Ch\u1ea5t li\u1ec7u th\u00e9p kh\u00f4ng g\u1ec9<\/li>\n<li>\u0110\u1ed9ng c\u01a1 Eco Power c\u00f4ng su\u1ea5t m\u1ea1nh, ti\u1ebft ki\u1ec7m \u0111i\u1ec7n<\/li>\n<li>\u0110i\u1ec1u khi\u1ec3n c\u1ea3m \u1ee9ng v\u1edbi m\u00e0n h\u00ecnh \u0111i\u1ec7n t\u1eed<\/li>\n<li>H\u1ec7 th\u1ed1ng h\u00fat theo chu vi \u0111\u01b0\u1eddng vi\u1ec1n<\/li>\n<li>03 m\u1ee9c t\u1ed1c \u0111\u1ed9 v\u00e0 01 m\u1ee9c t\u0103ng c\u01b0\u1eddng<\/li>\n<li>C\u00f4ng su\u1ea5t h\u00fat t\u1ed1i \u0111a 920m\u00b3\/h<\/li>\n<li>\u0110\u1ed9 \u1ed3n 54 dB\/ 66 dB<\/li>\n<li>04 \u0111\u00e8n LED<\/li>\n<li>03 l\u01b0\u1edbi l\u1ecdc nh\u00f4m<\/li>\n<li>Ch\u1ee9c n\u0103ng h\u1eb9n gi\u1edd t\u1eaft m\u00e1y<\/li>\n<li>\u0110\u00e8n b\u00e1o v\u1ec7 sinh l\u01b0\u1edbi l\u1ecdc<\/li>\n<\/ul>\n<p>V\u1edbi thi\u1ebft k\u1ebf \u0111\u1ed9c \u0111\u00e1o, s\u00e1ng t\u1ea1o v\u1ec1 h\u00ecnh d\u1ea1ng v\u00e0 k\u00edch th\u01b0\u1edbc s\u1ebd gi\u00fap b\u1ea1n t\u00ecm \u0111\u01b0\u1ee3c m\u1ed9t s\u1ea3n ph\u1ea9m ph\u00f9 h\u1ee3p v\u00e0 h\u00e0i h\u00f2a cho gian b\u1ebfp.<\/p>\n<figure id=\"attachment_67093\" aria-describedby=\"caption-attachment-67093\" style=\"width: 900px\" class=\"wp-caption alignnone\"><img loading=\"lazy\" decoding=\"async\" class=\"wp-image-67093\" src=\"https:\/\/livinghome.vn\/thiet-bi\/wp-content\/uploads\/nha-bep\/teka\/may-hut-mui\/may-hut-mui-teka-dpl-island-1185\/may-hut-mui-teka-dpl-island-1185-3-1.jpg\" alt=\"M\u00e1y h\u00fat m\u00f9i Teka DPL ISLAND 1185 \u0111\u1ea3o sang tr\u1ecdng \u0111i\u1ec1u khi\u1ec3n c\u1ea3m \u1ee9ng\" width=\"900\" height=\"506\" title=\"\"><figcaption id=\"caption-attachment-67093\" class=\"wp-caption-text\">M\u00e1y h\u00fat m\u00f9i Teka DPL ISLAND 1185 \u0111\u1ea3o sang tr\u1ecdng \u0111i\u1ec1u khi\u1ec3n c\u1ea3m \u1ee9ng<\/figcaption><\/figure>\n<h3>Th\u00f4ng s\u1ed1 k\u1ef9 thu\u1eadt<\/h3>\n<ul>\n<li>Chi\u1ec1u cao(mm):\u00a0817-1117<\/li>\n<li>Chi\u1ec1u r\u1ed9ng (mm):\u00a01100<\/li>\n<li>\u0110\u1ed9 s\u00e2u (mm):\u00a0605<\/li>\n<li>Tr\u1ecdng l\u01b0\u1ee3ng (Kgs):\u00a017,4<\/li>\n<\/ul>\n<h3>\u0110\u1eb7c t\u00ednh s\u1ea3n ph\u1ea9m<\/h3>\n<ul>\n<li>\u1ed4 c\u1eafm (mm):\u00a0150<\/li>\n<li>\u0110i\u1ec7n n\u0103ng ti\u00eau th\u1ee5 \u0111\u00e8n b\u00ean trong (W):\u00a03<\/li>\n<li>Ph\u00edch c\u1eafm:\u00a0European plug<\/li>\n<li>C\u00f4ng su\u1ea5t (V):\u00a0220240<\/li>\n<li>T\u1ea7n s\u1ed1 (Hz):\u00a050<\/li>\n<li>T\u1ed5ng c\u00f4ng su\u1ea5t h\u00fat (W):\u00a0292<\/li>\n<li>C\u00f4ng su\u1ea5t \u0111\u1ed9ng c\u01a1 (W):\u00a0280<\/li>\n<\/ul>\n<figure id=\"attachment_67092\" aria-describedby=\"caption-attachment-67092\" style=\"width: 800px\" class=\"wp-caption alignnone\"><img loading=\"lazy\" decoding=\"async\" class=\"wp-image-67092 size-large\" src=\"https:\/\/livinghome.vn\/thiet-bi\/wp-content\/uploads\/nha-bep\/teka\/may-hut-mui\/may-hut-mui-teka-dpl-island-1185\/may-hut-mui-teka-dpl-island-1185-6-800x800.jpg\" alt=\"M\u00e1y h\u00fat m\u00f9i Teka DPL ISLAND 1185 \u0111\u1ea3o sang tr\u1ecdng \u0111i\u1ec1u khi\u1ec3n c\u1ea3m \u1ee9ng\" width=\"800\" height=\"800\" title=\"\"><figcaption id=\"caption-attachment-67092\" class=\"wp-caption-text\">K\u00edch th\u01b0\u1edbc m\u00e1y h\u00fat m\u00f9i Teka DPL ISLAND 1185 \u0111\u1ea3o sang tr\u1ecdng \u0111i\u1ec1u khi\u1ec3n c\u1ea3m \u1ee9ng<\/figcaption><\/figure>\n<h3>Xu\u1ea5t x\u1ee9: T\u00e2y Ban Nha<\/h3>\n<div><\/div>\n","protected":false},"excerpt":{"rendered":"<div id=\"product-title\" class=\"et_pb_module et_pb_text et_pb_bg_layout_light et_pb_text_align_left\">\n<div class=\"et_pb_text_inner\">\n<h1>H\u00fat m\u00f9i \u0111\u1ea3o<\/h1>\n<\/div>\n<\/div>\n<div class=\"et_pb_module et_pb_text et_pb_text_1 et_pb_bg_layout_light et_pb_text_align_left\">\n<div class=\"et_pb_text_inner\">\n<div id=\"product-content\">\n<ul>\n<li>\u0110i\u1ec1u khi\u1ec3n c\u1ea3m \u1ee9ng v\u1edbi m\u00e0n h\u00ecnh \u0111i\u1ec7n t\u1eed<\/li>\n<li>03 l\u01b0\u1edbi l\u1ecdc nh\u00f4m<\/li>\n<li>H\u1ec7 th\u1ed1ng h\u00fat theo chu vi \u0111\u01b0\u1eddng vi\u1ec1n<\/li>\n<li>C\u00f4ng su\u1ea5t h\u00fat t\u1ed1i \u0111a 920\u00b3\/h<\/li>\n<\/ul>\n<\/div>\n<\/div>\n<\/div>\n","protected":false},"featured_media":2467,"comment_status":"open","ping_status":"closed","template":"","meta":[],"product_brand":[],"product_cat":[84,134,344,311],"product_tag":[86,135,346,313],"class_list":{"0":"post-2347","1":"product","2":"type-product","3":"status-publish","4":"has-post-thumbnail","6":"product_cat-may-hut-mui","7":"product_cat-may-hut-mui-oc-dao","8":"product_cat-may-hut-mui-teka","9":"product_cat-thuong-hieu-teka","10":"product_tag-may-hut-mui","11":"product_tag-may-hut-mui-dao","12":"product_tag-may-hut-mui-teka","13":"product_tag-teka","15":"first","16":"instock","17":"sale","18":"shipping-taxable","19":"purchasable","20":"product-type-simple"},"_links":{"self":[{"href":"https:\/\/livinghome.vn\/thiet-bi\/wp-json\/wp\/v2\/product\/2347","targetHints":{"allow":["GET"]}}],"collection":[{"href":"https:\/\/livinghome.vn\/thiet-bi\/wp-json\/wp\/v2\/product"}],"about":[{"href":"https:\/\/livinghome.vn\/thiet-bi\/wp-json\/wp\/v2\/types\/product"}],"replies":[{"embeddable":true,"href":"https:\/\/livinghome.vn\/thiet-bi\/wp-json\/wp\/v2\/comments?post=2347"}],"wp:featuredmedia":[{"embeddable":true,"href":"https:\/\/livinghome.vn\/thiet-bi\/wp-json\/wp\/v2\/media\/2467"}],"wp:attachment":[{"href":"https:\/\/livinghome.vn\/thiet-bi\/wp-json\/wp\/v2\/media?parent=2347"}],"wp:term":[{"taxonomy":"product_brand","embeddable":true,"href":"https:\/\/livinghome.vn\/thiet-bi\/wp-json\/wp\/v2\/product_brand?post=2347"},{"taxonomy":"product_cat","embeddable":true,"href":"https:\/\/livinghome.vn\/thiet-bi\/wp-json\/wp\/v2\/product_cat?post=2347"},{"taxonomy":"product_tag","embeddable":true,"href":"https:\/\/livinghome.vn\/thiet-bi\/wp-json\/wp\/v2\/product_tag?post=2347"}],"curies":[{"name":"wp","href":"https:\/\/api.w.org\/{rel}","templated":true}]}}