{"id":2327,"date":"2023-01-12T16:50:11","date_gmt":"2023-01-12T16:50:11","guid":{"rendered":"https:\/\/livinghome.vn\/thiet-bi\/?post_type=product&#038;p=2327"},"modified":"2024-11-29T14:20:31","modified_gmt":"2024-11-29T07:20:31","slug":"chau-rua-teka-universe-80-t-xp-2b-1d-lap-noi-2-hoc-rua-1-ban-chau","status":"publish","type":"product","link":"https:\/\/livinghome.vn\/thiet-bi\/chau-rua-teka-universe-80-t-xp-2b-1d-lap-noi-2-hoc-rua-1-ban-chau\/","title":{"rendered":"Ch\u1eadu r\u1eeda Teka UNIVERSE 80 T-XP 2B 1D l\u1eafp n\u1ed5i 2 h\u1ed9c r\u1eeda 1 b\u00e0n ch\u1eadu"},"content":{"rendered":"<h2>Ch\u1eadu r\u1eeda Teka UNIVERSE 80 T-XP 2B 1D l\u1eafp n\u1ed5i nh\u1eadp kh\u1ea9u T\u00e2y Ban Nha<\/h2>\n<p>Ch\u1eadu r\u1eeda Teka UNIVERSE 80 T-XP 2B 1D nh\u1eadp kh\u1ea9u t\u1eeb ch\u00e2u \u00c2u, g\u1ed3m 2 h\u1ed9c r\u1eeda k\u1ebft h\u1ee3p v\u1edbi b\u00e0n ch\u1edd d\u00e0i r\u1ed9ng s\u1ebd l\u00e0 kh\u00f4ng gian l\u00fd t\u01b0\u1edfng \u0111\u1ec3 b\u1ed1 tr\u00ed ch\u00e9n \u0111\u0129a ho\u1eb7c th\u1ef1c ph\u1ea9m ch\u1edd r\u1eeda ti\u1ec7n l\u1ee3i. Ch\u1eadu \u0111\u01b0\u1ee3c thi\u1ebft k\u1ebf tinh t\u1ebf b\u1eb1ng ch\u1ea5t li\u1ec7u th\u00e9p kh\u00f4ng g\u1ec9 AISI 304 s\u00e1ng b\u00f3ng, d\u1ec5 d\u00e0ng v\u1ec7 sinh gi\u00fap cho ch\u1eadu lu\u00f4n trong tr\u1ea1ng th\u00e1i nh\u01b0 m\u1edbi, ch\u1eadu l\u1eafp n\u1ed5i v\u1edbi nh\u1eefng \u0111\u01b0\u1eddng k\u1ebb \u0111\u1ed9c \u0111\u00e1o, l\u1ea1 m\u1eaft.<\/p>\n<figure id=\"attachment_65650\" aria-describedby=\"caption-attachment-65650\" style=\"width: 800px\" class=\"wp-caption alignnone\"><img loading=\"lazy\" decoding=\"async\" class=\"size-large wp-image-65650\" src=\"https:\/\/livinghome.vn\/thiet-bi\/wp-content\/uploads\/nha-bep\/teka\/chau-rua\/chau-rua-teka-universe-80-t-xp-2b-1d\/chau-rua-teka-universe-80-t-xp-2b-1d-1-800x800.jpg\" alt=\"Ch\u1eadu r\u1eeda Teka UNIVERSE 80 T-XP 2B 1D l\u1eafp n\u1ed5i 2 h\u1ed9c r\u1eeda 1 b\u00e0n ch\u1eadu\" width=\"800\" height=\"800\" title=\"\"><figcaption id=\"caption-attachment-65650\" class=\"wp-caption-text\">Ch\u1eadu r\u1eeda Teka UNIVERSE 80 T-XP 2B 1D l\u1eafp n\u1ed5i 2 h\u1ed9c r\u1eeda 1 b\u00e0n ch\u1eadu<\/figcaption><\/figure>\n<h3><strong>T\u00ednh n\u0103ng c\u01a1 b\u1ea3n<\/strong><\/h3>\n<ul>\n<li><a href=\"https:\/\/livinghome.vn\/thiet-bi\/dung-cu-nha-bep\/chau-rua-chen\/\">Ch\u1eadu r\u1eeda<\/a> l\u1eafp n\u1ed5i<\/li>\n<li>Ch\u1ea5t li\u1ec7u th\u00e9p kh\u00f4ng g\u1ec9<\/li>\n<li>Ki\u1ec3u d\u00e1ng 2 h\u1ed9c r\u1eeda v\u00e0 1 b\u00e0n ch\u1eadu c\u00f3 th\u1ec3 \u0111\u1ea3o chi\u1ec1u<\/li>\n<li>K\u00edch th\u01b0\u1edbc t\u1ed5ng qu\u00e1t (mm, RxCxS): 1160x500x170<\/li>\n<li>K\u00edch th\u01b0\u1edbc 2 h\u1ed9c r\u1eeda (mm, RxCxS): 340x400x170<\/li>\n<li>Gi\u1edbi h\u1ea1n h\u1ed9c t\u1ee7 d\u01b0\u1edbi &gt;80cm<\/li>\n<\/ul>\n<div class=\"mceTemp\"><\/div>\n<figure id=\"attachment_65656\" aria-describedby=\"caption-attachment-65656\" style=\"width: 1020px\" class=\"wp-caption alignnone\"><img loading=\"lazy\" decoding=\"async\" class=\"size-large wp-image-65656\" src=\"https:\/\/livinghome.vn\/thiet-bi\/wp-content\/uploads\/nha-bep\/teka\/chau-rua\/chau-rua-teka-universe-80-t-xp-2b-1d\/chau-rua-teka-universe-80-t-xp-2b-1d-6-1058x800.jpg\" alt=\"Ch\u1eadu r\u1eeda Teka UNIVERSE 80 T-XP 2B 1D l\u1eafp n\u1ed5i 2 h\u1ed9c r\u1eeda 1 b\u00e0n ch\u1eadu\" width=\"1020\" height=\"771\" title=\"\"><figcaption id=\"caption-attachment-65656\" class=\"wp-caption-text\">Ch\u1eadu r\u1eeda Teka UNIVERSE 80 T-XP 2B 1D l\u1eafp n\u1ed5i ch\u1ea5t l\u01b0\u1ee3ng ch\u00e2u \u00c2u<\/figcaption><\/figure>\n<h3><strong>Th\u00f4ng s\u1ed1 k\u1ef9 thu\u1eadt<\/strong><\/h3>\n<ul>\n<li><strong>S\u1ed1 l\u01b0\u1ee3ng l\u1ed7 b\u00edt:\u00a0<\/strong>0<\/li>\n<li><strong>Lo\u1ea1i van l\u1ed7:\u00a0<\/strong>3\u00bd&#8221;<\/li>\n<li><strong>Khoang l\u00f2 (cm):\u00a0<\/strong>80<\/li>\n<\/ul>\n<h4 class=\"et_pb_toggle_title\">K\u00edch th\u01b0\u1edbc chung<\/h4>\n<ul>\n<li><strong>Chi\u1ec1u r\u1ed9ng (mm):\u00a0<\/strong>500<\/li>\n<li><strong>\u0110\u1ed9 s\u00e2u (mm):\u00a0<\/strong>170<\/li>\n<li><strong>Tr\u1ecdng l\u01b0\u1ee3ng (Kgs):\u00a0<\/strong>4,62<\/li>\n<\/ul>\n<div class=\"et_pb_toggle_content clearfix\">\n<h4>K\u00edch th\u01b0\u1edbc b\u00e1t ch\u00ednh<\/h4>\n<div class=\"et_pb_toggle_content clearfix\">\n<ul>\n<li><strong>Chi\u1ec1u d\u00e0i b\u00e1t ch\u00ednh (mm):\u00a0<\/strong>340<\/li>\n<li><strong>Chi\u1ec1u r\u1ed9ng b\u00e1t ch\u00ednh (mm):\u00a0<\/strong>400<\/li>\n<li><strong>\u0110\u1ed9 s\u00e2u b\u00e1t ch\u00ednh (mm):\u00a0<\/strong>170<\/li>\n<\/ul>\n<h4>K\u00edch th\u01b0\u1edbc b\u00e1t th\u1ee9 c\u1ea5p<\/h4>\n<ul>\n<li><strong>Chi\u1ec1u d\u00e0i b\u00e1t th\u1ee9 c\u1ea5p (mm):\u00a0<\/strong>340<\/li>\n<li><strong>Chi\u1ec1u r\u1ed9ng b\u00e1t th\u1ee9 c\u1ea5p (mm):\u00a0<\/strong>400<\/li>\n<li><strong>\u0110\u1ed9 s\u00e2u b\u00e1t th\u1ee9 c\u1ea5p (mm):\u00a0<\/strong>170<\/li>\n<\/ul>\n<\/div>\n<\/div>\n","protected":false},"excerpt":{"rendered":"<div id=\"product-title\" class=\"et_pb_module et_pb_text et_pb_bg_layout_light et_pb_text_align_left\">\n<div class=\"et_pb_text_inner\">\n<div id=\"product-title\" class=\"et_pb_module et_pb_text et_pb_bg_layout_light et_pb_text_align_left\">\n<div class=\"et_pb_text_inner\">\n<h2 style=\"text-align: center;\"><strong>Ch\u1eadu r\u1eeda Teka UNIVERSE 80 T-XP 2B 1D<\/strong><\/h2>\n<\/div>\n<\/div>\n<div class=\"et_pb_module et_pb_text et_pb_text_1 et_pb_bg_layout_light et_pb_text_align_left\">\n<div class=\"et_pb_text_inner\">\n<div id=\"product-content\">\n<p style=\"text-align: center;\">Ch\u1ea5t li\u1ec7u: th\u00e9p kh\u00f4ng g\u1ec9<\/p>\n<p style=\"text-align: center;\">L\u1eafp \u0111\u1eb7t: l\u1eafp n\u1ed5i<\/p>\n<p style=\"text-align: center;\">Ki\u1ec3u d\u00e1ng 2 h\u1ed9c r\u1eeda v\u00e0 1 b\u00e0n ch\u00e2uj c\u00f3 th\u1ec3 \u0111\u1ea3o chi\u1ec1u<\/p>\n<p style=\"text-align: center;\">K\u00edch th\u01b0\u1edbc t\u1ed5ng qu\u00e1t: 1160x500x170 (mm)<\/p>\n<p style=\"text-align: center;\">K\u00edch th\u01b0\u1edbc 2 h\u1ed9c r\u1eeda: 340x400x170 (mm)<\/p>\n<p style=\"text-align: center;\">Gi\u1edbi h\u1ea1n h\u1ed9c t\u1ee7 d\u01b0\u1edbi &gt;80cm<\/p>\n<\/div>\n<\/div>\n<\/div>\n<\/div>\n<\/div>\n","protected":false},"featured_media":2446,"comment_status":"open","ping_status":"closed","template":"","meta":[],"product_brand":[],"product_cat":[331,311],"product_tag":[148,335,332,333],"class_list":{"0":"post-2327","1":"product","2":"type-product","3":"status-publish","4":"has-post-thumbnail","6":"product_cat-chau-rua-chen-teka","7":"product_cat-thuong-hieu-teka","8":"product_tag-chau-rua-chen","9":"product_tag-chau-rua-chen-lap-noi","10":"product_tag-chau-rua-chen-teka","11":"product_tag-chau-rua-chen-thep","13":"first","14":"instock","15":"sale","16":"shipping-taxable","17":"purchasable","18":"product-type-simple"},"_links":{"self":[{"href":"https:\/\/livinghome.vn\/thiet-bi\/wp-json\/wp\/v2\/product\/2327","targetHints":{"allow":["GET"]}}],"collection":[{"href":"https:\/\/livinghome.vn\/thiet-bi\/wp-json\/wp\/v2\/product"}],"about":[{"href":"https:\/\/livinghome.vn\/thiet-bi\/wp-json\/wp\/v2\/types\/product"}],"replies":[{"embeddable":true,"href":"https:\/\/livinghome.vn\/thiet-bi\/wp-json\/wp\/v2\/comments?post=2327"}],"wp:featuredmedia":[{"embeddable":true,"href":"https:\/\/livinghome.vn\/thiet-bi\/wp-json\/wp\/v2\/media\/2446"}],"wp:attachment":[{"href":"https:\/\/livinghome.vn\/thiet-bi\/wp-json\/wp\/v2\/media?parent=2327"}],"wp:term":[{"taxonomy":"product_brand","embeddable":true,"href":"https:\/\/livinghome.vn\/thiet-bi\/wp-json\/wp\/v2\/product_brand?post=2327"},{"taxonomy":"product_cat","embeddable":true,"href":"https:\/\/livinghome.vn\/thiet-bi\/wp-json\/wp\/v2\/product_cat?post=2327"},{"taxonomy":"product_tag","embeddable":true,"href":"https:\/\/livinghome.vn\/thiet-bi\/wp-json\/wp\/v2\/product_tag?post=2327"}],"curies":[{"name":"wp","href":"https:\/\/api.w.org\/{rel}","templated":true}]}}