{"id":22897,"date":"2024-11-30T14:46:23","date_gmt":"2024-11-30T07:46:23","guid":{"rendered":"https:\/\/livinghome.vn\/thiet-bi\/?post_type=product&#038;p=22897"},"modified":"2024-12-02T08:48:08","modified_gmt":"2024-12-02T01:48:08","slug":"may-nuoc-nong-nang-luong-mat-troi-ariston-kairos-thermo-dr-2","status":"publish","type":"product","link":"https:\/\/livinghome.vn\/thiet-bi\/may-nuoc-nong-nang-luong-mat-troi-ariston-kairos-thermo-dr-2\/","title":{"rendered":"M\u00e1y N\u01b0\u1edbc N\u00f3ng N\u0103ng L\u01b0\u1ee3ng M\u1eb7t Tr\u1eddi Ariston KAIROS THERMO DR-2"},"content":{"rendered":"<h1><strong>Gi\u1edbi thi\u1ec7u M\u00e1y N\u01b0\u1edbc N\u00f3ng N\u0103ng L\u01b0\u1ee3ng M\u1eb7t Tr\u1eddi Ariston KAIROS THERMO DR-2<\/strong><\/h1>\n<p>Ng\u00e0y nay, vi\u1ec7c s\u1eed d\u1ee5ng m\u00e1y n\u01b0\u1edbc n\u00f3ng n\u0103ng l\u01b0\u1ee3ng m\u1eb7t tr\u1eddi kh\u00f4ng ch\u1ec9 gi\u00fap ti\u1ebft ki\u1ec7m chi ph\u00ed m\u00e0 c\u00f2n g\u00f3p ph\u1ea7n b\u1ea3o v\u1ec7 m\u00f4i tr\u01b0\u1eddng. <strong>M\u00e1y n\u01b0\u1edbc n\u00f3ng n\u0103ng l\u01b0\u1ee3ng m\u1eb7t tr\u1eddi Ariston KAIROS THERMO DR-2<\/strong> l\u00e0 s\u1ea3n ph\u1ea9m ti\u00ean phong v\u1edbi thi\u1ebft k\u1ebf hi\u1ec7n \u0111\u1ea1i v\u00e0 c\u00f4ng ngh\u1ec7 v\u01b0\u1ee3t tr\u1ed9i, mang \u0111\u1ebfn gi\u1ea3i ph\u00e1p t\u1ed1i \u01b0u cho m\u1ecdi gia \u0111\u00ecnh.<\/p>\n<h2>1. Thi\u1ebft K\u1ebf Hi\u1ec7n \u0110\u1ea1i, Ch\u1ecbu L\u1ef1c T\u1ed1t<\/h2>\n<p>M\u00e1y Ariston KAIROS THERMO DR-2 \u0111\u01b0\u1ee3c s\u1ea3n xu\u1ea5t 100% theo ti\u00eau chu\u1ea9n \u00dd, mang phong c\u00e1ch <strong>sang tr\u1ecdng, hi\u1ec7n \u0111\u1ea1i<\/strong> ph\u00f9 h\u1ee3p v\u1edbi nhi\u1ec1u c\u00f4ng tr\u00ecnh nh\u01b0 bi\u1ec7t th\u1ef1 v\u00e0 khu ngh\u1ec9 d\u01b0\u1ee1ng cao c\u1ea5p.<\/p>\n<ul>\n<li><strong>Khung ch\u00e2n v\u00e0 l\u01b0ng t\u1ea5m thu nhi\u1ec7t<\/strong> \u0111\u01b0\u1ee3c ph\u1ee7 K\u1ebdm &#8211; Magie, gi\u00fap ch\u1ed1ng \u0103n m\u00f2n hi\u1ec7u qu\u1ea3, \u0111\u1eb7c bi\u1ec7t trong \u0111i\u1ec1u ki\u1ec7n th\u1eddi ti\u1ebft kh\u1eafc nghi\u1ec7t nh\u01b0 m\u01b0a \u0111\u00e1, gi\u00f3 m\u1ea1nh.<\/li>\n<li><strong>K\u00ednh c\u01b0\u1eddng l\u1ef1c<\/strong> b\u1ea3o v\u1ec7 t\u1ea5m thu n\u0103ng l\u01b0\u1ee3ng, gi\u00fap m\u00e1y b\u1ec1n b\u1ec9 v\u00e0 ch\u1ecbu \u0111\u01b0\u1ee3c t\u00e1c \u0111\u1ed9ng t\u1eeb b\u00ean ngo\u00e0i.<\/li>\n<li>M\u00e1y d\u1ec5 d\u00e0ng l\u1eafp \u0111\u1eb7t tr\u00ean c\u1ea3 <strong>m\u00e1i b\u1eb1ng v\u00e0 m\u00e1i nghi\u00eang<\/strong>, ph\u00f9 h\u1ee3p v\u1edbi m\u1ecdi lo\u1ea1i h\u00ecnh nh\u00e0 \u1edf t\u1ea1i Vi\u1ec7t Nam.<\/li>\n<\/ul>\n<h2>2. C\u00f4ng Ngh\u1ec7 L\u00e0m N\u00f3ng Hi\u1ec7u Qu\u1ea3<\/h2>\n<p>M\u00e1y s\u1eed d\u1ee5ng <strong>h\u1ec7 th\u1ed1ng t\u1ea5m ph\u1eb3ng<\/strong> gi\u00fap h\u1ea5p th\u1ee5 nhi\u1ec7t nhanh v\u00e0 hi\u1ec7u qu\u1ea3 h\u01a1n, \u0111\u1ea3m b\u1ea3o cung c\u1ea5p n\u01b0\u1edbc n\u00f3ng d\u1ed3i d\u00e0o ngay c\u1ea3 trong nh\u1eefng ng\u00e0y tr\u1eddi \u00edt n\u1eafng. So v\u1edbi c\u00e1c d\u00f2ng m\u00e1y \u1ed1ng ch\u00e2n kh\u00f4ng, KAIROS THERMO DR-2 c\u00f3 tu\u1ed5i th\u1ecd cao g\u1ea5p \u0111\u00f4i nh\u1edd v\u00e0o c\u1ea5u tr\u00fac v\u1eefng ch\u1eafc v\u00e0 v\u1eadt li\u1ec7u cao c\u1ea5p.<\/p>\n<ul>\n<li><strong>Qu\u00e1 tr\u00ecnh gia nhi\u1ec7t th\u00f4ng minh<\/strong>: H\u1ec7 th\u1ed1ng t\u1ef1 \u0111\u1ed9ng \u0111i\u1ec1u ch\u1ec9nh nhi\u1ec7t \u0111\u1ed9 n\u01b0\u1edbc, gi\u00fap ti\u1ebft ki\u1ec7m n\u0103ng l\u01b0\u1ee3ng v\u00e0 gi\u1ea3m thi\u1ec3u l\u00e3ng ph\u00ed.<\/li>\n<li><strong>Thanh \u0111\u1ed1t INCOLOGY<\/strong> (t\u00f9y ch\u1ecdn) t\u0103ng c\u01b0\u1eddng nhi\u1ec7t \u0111\u1ed9 n\u01b0\u1edbc khi c\u1ea7n thi\u1ebft, \u0111\u1ea3m b\u1ea3o cung c\u1ea5p n\u01b0\u1edbc n\u00f3ng li\u00ean t\u1ee5c ngay c\u1ea3 trong \u0111i\u1ec1u ki\u1ec7n thi\u1ebfu \u00e1nh s\u00e1ng m\u1eb7t tr\u1eddi.<\/li>\n<\/ul>\n<figure id=\"attachment_22899\" aria-describedby=\"caption-attachment-22899\" style=\"width: 800px\" class=\"wp-caption alignnone\"><img loading=\"lazy\" decoding=\"async\" class=\"size-full wp-image-22899\" src=\"https:\/\/livinghome.vn\/thiet-bi\/wp-content\/uploads\/2024\/11\/kairos-thermo-dr-2-1.png\" alt=\"M\u00e1y N\u01b0\u1edbc N\u00f3ng N\u0103ng L\u01b0\u1ee3ng M\u1eb7t Tr\u1eddi Ariston KAIROS THERMO DR-2\" width=\"800\" height=\"800\" title=\"\" srcset=\"https:\/\/livinghome.vn\/thiet-bi\/wp-content\/uploads\/2024\/11\/kairos-thermo-dr-2-1.png 800w, https:\/\/livinghome.vn\/thiet-bi\/wp-content\/uploads\/2024\/11\/kairos-thermo-dr-2-1-400x400.png 400w, https:\/\/livinghome.vn\/thiet-bi\/wp-content\/uploads\/2024\/11\/kairos-thermo-dr-2-1-280x280.png 280w, https:\/\/livinghome.vn\/thiet-bi\/wp-content\/uploads\/2024\/11\/kairos-thermo-dr-2-1-768x768.png 768w, https:\/\/livinghome.vn\/thiet-bi\/wp-content\/uploads\/2024\/11\/kairos-thermo-dr-2-1-300x300.png 300w, https:\/\/livinghome.vn\/thiet-bi\/wp-content\/uploads\/2024\/11\/kairos-thermo-dr-2-1-600x600.png 600w, https:\/\/livinghome.vn\/thiet-bi\/wp-content\/uploads\/2024\/11\/kairos-thermo-dr-2-1-100x100.png 100w\" sizes=\"auto, (max-width: 800px) 100vw, 800px\" \/><figcaption id=\"caption-attachment-22899\" class=\"wp-caption-text\">M\u00e1y N\u01b0\u1edbc N\u00f3ng N\u0103ng L\u01b0\u1ee3ng M\u1eb7t Tr\u1eddi Ariston KAIROS THERMO DR-2<\/figcaption><\/figure>\n<h2>3. H\u1ed9p \u0110i\u1ec1u Khi\u1ec3n Th\u00f4ng Minh<\/h2>\n<p>M\u00e1y N\u01b0\u1edbc N\u00f3ng N\u0103ng L\u01b0\u1ee3ng M\u1eb7t Tr\u1eddi Ariston KAIROS THERMO DR-2 t\u00edch h\u1ee3p <strong>h\u1ed9p \u0111i\u1ec1u khi\u1ec3n PC-3-E<\/strong> th\u00f4ng minh (t\u00f9y ch\u1ecdn), cho ph\u00e9p ng\u01b0\u1eddi d\u00f9ng d\u1ec5 d\u00e0ng \u0111i\u1ec1u ch\u1ec9nh c\u00e1c th\u00f4ng s\u1ed1:<\/p>\n<ul>\n<li><strong>M\u1ee9c n\u01b0\u1edbc<\/strong> v\u00e0 <strong>nhi\u1ec7t \u0111\u1ed9 n\u01b0\u1edbc<\/strong>.<\/li>\n<li><strong>Th\u1eddi gian l\u00e0m \u0111\u1ea7y n\u01b0\u1edbc<\/strong> v\u00e0 <strong>th\u1eddi gian gia nhi\u1ec7t<\/strong>.<\/li>\n<li><strong>B\u00e1o m\u1ef1c n\u01b0\u1edbc ELCB<\/strong> \u0111\u1ea3m b\u1ea3o an to\u00e0n tuy\u1ec7t \u0111\u1ed1i khi s\u1eed d\u1ee5ng, ng\u0103n ng\u1eeba c\u00e1c s\u1ef1 c\u1ed1 r\u00f2 r\u1ec9 \u0111i\u1ec7n.<\/li>\n<\/ul>\n<h2>4. T\u00ednh N\u0103ng An To\u00e0n T\u1ed1i \u01afu<\/h2>\n<p>M\u00e1y N\u01b0\u1edbc N\u00f3ng N\u0103ng L\u01b0\u1ee3ng M\u1eb7t Tr\u1eddi Ariston KAIROS THERMO DR-2 \u0111\u01b0\u1ee3c trang b\u1ecb nhi\u1ec1u t\u00ednh n\u0103ng an to\u00e0n v\u01b0\u1ee3t tr\u1ed9i, gi\u00fap b\u1ea3o v\u1ec7 ng\u01b0\u1eddi d\u00f9ng m\u1ed9t c\u00e1ch to\u00e0n di\u1ec7n:<\/p>\n<ul>\n<li><strong>C\u1ea7u dao ch\u1ed1ng gi\u1eadt ELCB<\/strong> l\u01b0\u1ee1ng c\u1ef1c, t\u1ef1 \u0111\u1ed9ng ng\u1eaft \u0111i\u1ec7n khi ph\u00e1t hi\u1ec7n s\u1ef1 c\u1ed1 r\u00f2 r\u1ec9.<\/li>\n<li><strong>Ch\u1ee9ng nh\u1eadn chu\u1ea9n EMC<\/strong> v\u1ec1 kh\u1ea3 n\u0103ng t\u01b0\u01a1ng th\u00edch \u0111i\u1ec7n t\u1eeb, \u0111\u1ea3m b\u1ea3o m\u00e1y ho\u1ea1t \u0111\u1ed9ng \u1ed5n \u0111\u1ecbnh trong m\u1ecdi \u0111i\u1ec1u ki\u1ec7n.<\/li>\n<\/ul>\n<h2>5. L\u1ee3i \u00cdch Khi S\u1eed D\u1ee5ng M\u00e1y N\u01b0\u1edbc N\u00f3ng N\u0103ng L\u01b0\u1ee3ng M\u1eb7t Tr\u1eddi Ariston KAIROS THERMO DR-2<\/h2>\n<ul>\n<li><strong>Ti\u1ebft ki\u1ec7m chi ph\u00ed \u0111i\u1ec7n n\u0103ng<\/strong>: S\u1eed d\u1ee5ng ho\u00e0n to\u00e0n n\u0103ng l\u01b0\u1ee3ng m\u1eb7t tr\u1eddi, gi\u00fap gi\u1ea3m h\u00f3a \u0111\u01a1n ti\u1ec1n \u0111i\u1ec7n h\u00e0ng th\u00e1ng.<\/li>\n<li><strong>An to\u00e0n v\u00e0 th\u00e2n thi\u1ec7n v\u1edbi m\u00f4i tr\u01b0\u1eddng<\/strong>: Kh\u00f4ng s\u1eed d\u1ee5ng \u0111i\u1ec7n tr\u1ef1c ti\u1ebfp \u0111\u1ec3 l\u00e0m n\u00f3ng n\u01b0\u1edbc, gi\u1ea3m nguy c\u01a1 ch\u00e1y n\u1ed5 v\u00e0 b\u1ea3o v\u1ec7 m\u00f4i tr\u01b0\u1eddng.<\/li>\n<li><strong>\u0110\u1ed9 b\u1ec1n cao<\/strong>: Thi\u1ebft k\u1ebf ch\u1ecbu l\u1ef1c t\u1ed1t, ch\u1ed1ng \u0103n m\u00f2n v\u00e0 ho\u1ea1t \u0111\u1ed9ng b\u1ec1n b\u1ec9 trong nhi\u1ec1u n\u0103m.<\/li>\n<li><strong>N\u01b0\u1edbc n\u00f3ng \u1ed5n \u0111\u1ecbnh<\/strong>: Cung c\u1ea5p n\u01b0\u1edbc n\u00f3ng \u0111\u1ec1u \u0111\u1eb7n v\u1edbi nhi\u1ec7t \u0111\u1ed9 \u1ed5n \u0111\u1ecbnh, mang l\u1ea1i s\u1ef1 tho\u1ea3i m\u00e1i t\u1ed1i \u0111a cho ng\u01b0\u1eddi d\u00f9ng.<\/li>\n<\/ul>\n<figure id=\"attachment_22900\" aria-describedby=\"caption-attachment-22900\" style=\"width: 800px\" class=\"wp-caption alignnone\"><img loading=\"lazy\" decoding=\"async\" class=\"size-full wp-image-22900\" src=\"https:\/\/livinghome.vn\/thiet-bi\/wp-content\/uploads\/2024\/11\/kairos-thermo-dr-2-avt.png\" alt=\"M\u00e1y N\u01b0\u1edbc N\u00f3ng N\u0103ng L\u01b0\u1ee3ng M\u1eb7t Tr\u1eddi Ariston KAIROS THERMO DR-2\" width=\"800\" height=\"800\" title=\"\" srcset=\"https:\/\/livinghome.vn\/thiet-bi\/wp-content\/uploads\/2024\/11\/kairos-thermo-dr-2-avt.png 800w, https:\/\/livinghome.vn\/thiet-bi\/wp-content\/uploads\/2024\/11\/kairos-thermo-dr-2-avt-400x400.png 400w, https:\/\/livinghome.vn\/thiet-bi\/wp-content\/uploads\/2024\/11\/kairos-thermo-dr-2-avt-280x280.png 280w, https:\/\/livinghome.vn\/thiet-bi\/wp-content\/uploads\/2024\/11\/kairos-thermo-dr-2-avt-768x768.png 768w, https:\/\/livinghome.vn\/thiet-bi\/wp-content\/uploads\/2024\/11\/kairos-thermo-dr-2-avt-300x300.png 300w, https:\/\/livinghome.vn\/thiet-bi\/wp-content\/uploads\/2024\/11\/kairos-thermo-dr-2-avt-600x600.png 600w, https:\/\/livinghome.vn\/thiet-bi\/wp-content\/uploads\/2024\/11\/kairos-thermo-dr-2-avt-100x100.png 100w\" sizes=\"auto, (max-width: 800px) 100vw, 800px\" \/><figcaption id=\"caption-attachment-22900\" class=\"wp-caption-text\">M\u00e1y N\u01b0\u1edbc N\u00f3ng N\u0103ng L\u01b0\u1ee3ng M\u1eb7t Tr\u1eddi Ariston KAIROS THERMO DR-2<\/figcaption><\/figure>\n<h2>6. Th\u00f4ng s\u1ed1 k\u1ef9 thu\u1eadt\u00a0 L\u01b0u \u00dd Khi L\u1eafp \u0110\u1eb7t<\/h2>\n<figure id=\"attachment_22898\" aria-describedby=\"caption-attachment-22898\" style=\"width: 948px\" class=\"wp-caption alignnone\"><img loading=\"lazy\" decoding=\"async\" class=\"size-full wp-image-22898\" src=\"https:\/\/livinghome.vn\/thiet-bi\/wp-content\/uploads\/2024\/11\/kairos-thermo-dr-2-kt.png\" alt=\"M\u00e1y N\u01b0\u1edbc N\u00f3ng N\u0103ng L\u01b0\u1ee3ng M\u1eb7t Tr\u1eddi Ariston KAIROS THERMO DR-2\" width=\"948\" height=\"821\" title=\"\" srcset=\"https:\/\/livinghome.vn\/thiet-bi\/wp-content\/uploads\/2024\/11\/kairos-thermo-dr-2-kt.png 948w, https:\/\/livinghome.vn\/thiet-bi\/wp-content\/uploads\/2024\/11\/kairos-thermo-dr-2-kt-462x400.png 462w, https:\/\/livinghome.vn\/thiet-bi\/wp-content\/uploads\/2024\/11\/kairos-thermo-dr-2-kt-924x800.png 924w, https:\/\/livinghome.vn\/thiet-bi\/wp-content\/uploads\/2024\/11\/kairos-thermo-dr-2-kt-768x665.png 768w, https:\/\/livinghome.vn\/thiet-bi\/wp-content\/uploads\/2024\/11\/kairos-thermo-dr-2-kt-600x520.png 600w\" sizes=\"auto, (max-width: 948px) 100vw, 948px\" \/><figcaption id=\"caption-attachment-22898\" class=\"wp-caption-text\">M\u00e1y N\u01b0\u1edbc N\u00f3ng N\u0103ng L\u01b0\u1ee3ng M\u1eb7t Tr\u1eddi Ariston KAIROS THERMO DR-2<\/figcaption><\/figure>\n<p>\u0110\u1ec3 \u0111\u1ea3m b\u1ea3o hi\u1ec7u su\u1ea5t t\u1ed1t nh\u1ea5t, b\u1ea1n c\u1ea7n l\u01b0u \u00fd m\u1ed9t s\u1ed1 \u0111i\u1ec3m khi l\u1eafp \u0111\u1eb7t M\u00e1y N\u01b0\u1edbc N\u00f3ng N\u0103ng L\u01b0\u1ee3ng M\u1eb7t Tr\u1eddi Ariston KAIROS THERMO DR-2<\/p>\n<ul>\n<li><strong>V\u1ecb tr\u00ed l\u1eafp \u0111\u1eb7t<\/strong>: Ch\u1ecdn n\u01a1i c\u00f3 nhi\u1ec1u \u00e1nh n\u1eafng m\u1eb7t tr\u1eddi, kh\u00f4ng b\u1ecb che khu\u1ea5t b\u1edfi c\u00e2y c\u1ed1i ho\u1eb7c c\u00e1c c\u00f4ng tr\u00ecnh xung quanh.<\/li>\n<li><strong>H\u01b0\u1edbng l\u1eafp \u0111\u1eb7t<\/strong>: H\u01b0\u1edbng T\u00e2y Nam l\u00e0 t\u1ed1i \u01b0u \u0111\u1ec3 thu nh\u1eadn \u00e1nh s\u00e1ng t\u1ed1t nh\u1ea5t.<\/li>\n<li><strong>Kho\u1ea3ng c\u00e1ch<\/strong>: \u0110\u1eb7t m\u00e1y g\u1ea7n khu v\u1ef1c s\u1eed d\u1ee5ng n\u01b0\u1edbc n\u00f3ng \u0111\u1ec3 tr\u00e1nh m\u1ea5t nhi\u1ec7t do \u0111\u01b0\u1eddng \u1ed1ng d\u00e0i.<\/li>\n<\/ul>\n<h2>7. K\u1ebft Lu\u1eadn<\/h2>\n<p>M\u00e1y N\u01b0\u1edbc N\u00f3ng N\u0103ng L\u01b0\u1ee3ng M\u1eb7t Tr\u1eddi Ariston KAIROS THERMO DR-2 kh\u00f4ng ch\u1ec9 l\u00e0 gi\u1ea3i ph\u00e1p ti\u1ebft ki\u1ec7m n\u0103ng l\u01b0\u1ee3ng m\u00e0 c\u00f2n mang l\u1ea1i s\u1ef1 an to\u00e0n v\u00e0 ti\u1ec7n nghi cho gia \u0111\u00ecnh b\u1ea1n. V\u1edbi thi\u1ebft k\u1ebf hi\u1ec7n \u0111\u1ea1i, c\u00f4ng ngh\u1ec7 ti\u00ean ti\u1ebfn v\u00e0 hi\u1ec7u su\u1ea5t v\u01b0\u1ee3t tr\u1ed9i, \u0111\u00e2y l\u00e0 s\u1ef1 l\u1ef1a ch\u1ecdn l\u00fd t\u01b0\u1edfng cho nh\u1eefng ai mu\u1ed1n t\u1eadn d\u1ee5ng n\u0103ng l\u01b0\u1ee3ng t\u1ef1 nhi\u00ean m\u1ed9t c\u00e1ch hi\u1ec7u qu\u1ea3.<\/p>\n<p>C\u00f2n ch\u1ea7n ch\u1edd g\u00ec n\u1eefa,\u00a0<a href=\"https:\/\/livinghome.vn\/\"><strong>Living Home Vi\u1ec7t Nam<\/strong><\/a><a href=\"http:\/\/livinghome.vn\/\">\u00a0<\/a>ch\u1eafc ch\u1eafn s\u1ebd l\u00e0m h\u00e0i l\u00f2ng nh\u1eefng t\u00edn \u0111\u1ed3 y\u00eau th\u00edch v\u00e0 \u0111am m\u00ea c\u00e1c thi\u1ebft b\u1ecb hi\u1ec7n \u0111\u1ea1i..<br \/>\n<strong>Th\u00f4ng tin li\u00ean h\u1ec7:<\/strong><\/p>\n<ul>\n<li>Showroom tr\u1ea3i nghi\u1ec7m v\u00e0 nh\u1eadn t\u1ef1 v\u1ea5n tr\u1ef1c ti\u1ebfp: 442A C\u1ed9ng H\u00f2a, Ph\u01b0\u1eddng 13, Qu\u1eadn T\u00e2n B\u00ecnh, H\u1ed3 Ch\u00ed Minh (c\u00f3 ch\u1ed7 \u0111\u1eadu \u00f4 t\u00f4 nh\u00e9)<\/li>\n<li>Google Maps d\u1eabn \u0111\u01b0\u1eddng:\u00a0<a href=\"https:\/\/maps.app.goo.gl\/RvTsXUvtt1QkdaQa9\" target=\"_blank\" rel=\"dofollow noopener\">XEM \u1ede \u0110\u00c2Y<\/a><\/li>\n<li>K\u00eanh Facebook th\u00f4ng tin c\u1eadp nh\u1eadt:\u00a0<a href=\"https:\/\/www.facebook.com\/noithatlivinghome\/\" target=\"_blank\" rel=\"dofollow noopener\">XEM \u1ede \u0110\u00c2Y<\/a><\/li>\n<li>K\u00eanh Youtube chuy\u00ean video s\u1ea3n ph\u1ea9m m\u1edbi nh\u1ea5t:\u00a0<a href=\"https:\/\/www.youtube.com\/channel\/UCi5ijFuCl-RA7xBGqPlfm4A\" target=\"_blank\" rel=\"dofollow noopener\">XEM \u1ede \u0110\u00c2Y<\/a><\/li>\n<li>K\u00eanh TikTok c\u1eadp nh\u1eadt xu h\u01b0\u1edbng m\u1edbi nh\u1ea5t:\u00a0<a href=\"https:\/\/www.tiktok.com\/@noithatlivinghome?_t=8rA3V9bAq8e&amp;_r=1\" target=\"_blank\" rel=\"dofollow noopener\">XEM \u1ede \u0110\u00c2Y<\/a><\/li>\n<\/ul>\n","protected":false},"excerpt":{"rendered":"<p>Gi\u1edbi thi\u1ec7u M\u00e1y N\u01b0\u1edbc N\u00f3ng N\u0103ng L\u01b0\u1ee3ng M\u1eb7t Tr\u1eddi Ariston KAIROS THERMO DR-2 Ng\u00e0y nay, vi\u1ec7c s\u1eed d\u1ee5ng m\u00e1y n\u01b0\u1edbc n\u00f3ng n\u0103ng l\u01b0\u1ee3ng m\u1eb7t tr\u1eddi kh\u00f4ng ch\u1ec9 gi\u00fap ti\u1ebft ki\u1ec7m chi ph\u00ed m\u00e0 c\u00f2n g\u00f3p ph\u1ea7n b\u1ea3o v\u1ec7 m\u00f4i tr\u01b0\u1eddng. M\u00e1y n\u01b0\u1edbc n\u00f3ng n\u0103ng l\u01b0\u1ee3ng m\u1eb7t tr\u1eddi Ariston KAIROS THERMO DR-2 l\u00e0 s\u1ea3n ph\u1ea9m ti\u00ean [&#8230;]\n","protected":false},"featured_media":22900,"comment_status":"open","ping_status":"closed","template":"","meta":[],"product_brand":[],"product_cat":[540,2054,1979,2052,71,2056],"product_tag":[1980,2053,542,2055],"class_list":{"0":"post-22897","1":"product","2":"type-product","3":"status-publish","4":"has-post-thumbnail","6":"product_cat-may-nong-lanh","7":"product_cat-may-nong-lanh-ariston","8":"product_cat-may-nuoc-nong","9":"product_cat-may-nuoc-nong-ariston","10":"product_cat-thuong-hieu","11":"product_cat-thuong-hieu-ariston","12":"product_tag-may-nuoc-nong","13":"product_tag-may-nuoc-nong-ariston","14":"product_tag-may-nuoc-nong-lanh","15":"product_tag-may-nuoc-nong-nang-luong-mat-troi","17":"first","18":"instock","19":"shipping-taxable","20":"product-type-simple"},"_links":{"self":[{"href":"https:\/\/livinghome.vn\/thiet-bi\/wp-json\/wp\/v2\/product\/22897","targetHints":{"allow":["GET"]}}],"collection":[{"href":"https:\/\/livinghome.vn\/thiet-bi\/wp-json\/wp\/v2\/product"}],"about":[{"href":"https:\/\/livinghome.vn\/thiet-bi\/wp-json\/wp\/v2\/types\/product"}],"replies":[{"embeddable":true,"href":"https:\/\/livinghome.vn\/thiet-bi\/wp-json\/wp\/v2\/comments?post=22897"}],"wp:featuredmedia":[{"embeddable":true,"href":"https:\/\/livinghome.vn\/thiet-bi\/wp-json\/wp\/v2\/media\/22900"}],"wp:attachment":[{"href":"https:\/\/livinghome.vn\/thiet-bi\/wp-json\/wp\/v2\/media?parent=22897"}],"wp:term":[{"taxonomy":"product_brand","embeddable":true,"href":"https:\/\/livinghome.vn\/thiet-bi\/wp-json\/wp\/v2\/product_brand?post=22897"},{"taxonomy":"product_cat","embeddable":true,"href":"https:\/\/livinghome.vn\/thiet-bi\/wp-json\/wp\/v2\/product_cat?post=22897"},{"taxonomy":"product_tag","embeddable":true,"href":"https:\/\/livinghome.vn\/thiet-bi\/wp-json\/wp\/v2\/product_tag?post=22897"}],"curies":[{"name":"wp","href":"https:\/\/api.w.org\/{rel}","templated":true}]}}