{"id":22893,"date":"2024-11-30T14:37:34","date_gmt":"2024-11-30T07:37:34","guid":{"rendered":"https:\/\/livinghome.vn\/thiet-bi\/?post_type=product&#038;p=22893"},"modified":"2024-12-11T11:40:08","modified_gmt":"2024-12-11T04:40:08","slug":"may-nuoc-nong-nang-luong-mat-troi-ariston-eco-tube","status":"publish","type":"product","link":"https:\/\/livinghome.vn\/thiet-bi\/may-nuoc-nong-nang-luong-mat-troi-ariston-eco-tube\/","title":{"rendered":"M\u00e1y N\u01b0\u1edbc N\u00f3ng N\u0103ng L\u01b0\u1ee3ng M\u1eb7t Tr\u1eddi Ariston ECO TUBE"},"content":{"rendered":"<h1><strong>Gi\u1edbi thi\u1ec7u s\u1ea3n ph\u1ea9m M\u00e1y N\u01b0\u1edbc N\u00f3ng N\u0103ng L\u01b0\u1ee3ng M\u1eb7t Tr\u1eddi Ariston ECO TUBE<\/strong><\/h1>\n<p>Trong b\u1ed1i c\u1ea3nh ng\u00e0y c\u00e0ng ch\u00fa tr\u1ecdng \u0111\u1ebfn vi\u1ec7c ti\u1ebft ki\u1ec7m n\u0103ng l\u01b0\u1ee3ng v\u00e0 b\u1ea3o v\u1ec7 m\u00f4i tr\u01b0\u1eddng, m\u00e1y n\u01b0\u1edbc n\u00f3ng n\u0103ng l\u01b0\u1ee3ng m\u1eb7t tr\u1eddi tr\u1edf th\u00e0nh l\u1ef1a ch\u1ecdn h\u00e0ng \u0111\u1ea7u cho nhi\u1ec1u gia \u0111\u00ecnh. <strong>M\u00e1y N\u01b0\u1edbc N\u00f3ng N\u0103ng L\u01b0\u1ee3ng M\u1eb7t Tr\u1eddi Ariston ECO TUBE<\/strong> kh\u00f4ng ch\u1ec9 gi\u00fap ti\u1ebft ki\u1ec7m chi ph\u00ed \u0111i\u1ec7n m\u00e0 c\u00f2n mang \u0111\u1ebfn hi\u1ec7u su\u1ea5t l\u00e0m n\u00f3ng n\u01b0\u1edbc t\u1ed1i \u01b0u v\u1edbi c\u00f4ng ngh\u1ec7 ti\u00ean ti\u1ebfn. D\u01b0\u1edbi \u0111\u00e2y l\u00e0 nh\u1eefng th\u00f4ng tin chi ti\u1ebft v\u1ec1 s\u1ea3n ph\u1ea9m \u0111\u1ec3 b\u1ea1n c\u00e2n nh\u1eafc l\u1ef1a ch\u1ecdn.<\/p>\n<h2>1. Thi\u1ebft K\u1ebf Ch\u1ea5t L\u01b0\u1ee3ng Cao, \u0110\u1ed9 B\u1ec1n V\u01b0\u1ee3t Tr\u1ed9i<\/h2>\n<p>M\u00e1y N\u01b0\u1edbc N\u00f3ng N\u0103ng L\u01b0\u1ee3ng M\u1eb7t Tr\u1eddi Ariston ECO TUBE \u0111\u01b0\u1ee3c ch\u1ebf t\u1ea1o t\u1eeb nh\u1eefng v\u1eadt li\u1ec7u cao c\u1ea5p, gi\u00fap n\u00e2ng cao \u0111\u1ed9 b\u1ec1n v\u00e0 kh\u1ea3 n\u0103ng ch\u1ecbu l\u1ef1c. <strong>B\u00ecnh ch\u1ee9a<\/strong> s\u1ea3n xu\u1ea5t b\u1eb1ng th\u00e9p kh\u00f4ng r\u1ec9 nh\u1eadp kh\u1ea9u, c\u00f3 \u0111\u1ed9 d\u00e0y 0.5mm, \u0111\u1ea3m b\u1ea3o kh\u1ea3 n\u0103ng ch\u1ed1ng \u0103n m\u00f2n v\u00e0 ch\u1ecbu nhi\u1ec7t t\u1ed1t. Ngo\u00e0i ra, <strong>b\u1ed9 ph\u1eadn c\u00e1ch nhi\u1ec7t<\/strong> v\u1edbi l\u1edbp d\u00e0y 55mm gi\u00fap gi\u1ea3m thi\u1ec3u th\u1ea5t tho\u00e1t nhi\u1ec7t, gi\u1eef n\u01b0\u1edbc n\u00f3ng l\u00e2u h\u01a1n m\u00e0 kh\u00f4ng t\u1ed1n nhi\u1ec1u n\u0103ng l\u01b0\u1ee3ng.<\/p>\n<p><strong>Gi\u00e1 \u0111\u1ee1<\/strong> c\u1ee7a m\u00e1y \u0111\u01b0\u1ee3c l\u00e0m t\u1eeb h\u1ee3p kim nh\u00f4m ch\u1ed1ng r\u1ec9 s\u00e9t, mang l\u1ea1i s\u1ef1 b\u1ec1n b\u1ec9 trong m\u1ecdi \u0111i\u1ec1u ki\u1ec7n th\u1eddi ti\u1ebft, ph\u00f9 h\u1ee3p v\u1edbi c\u00e1c lo\u1ea1i m\u00e1i b\u1eb1ng ho\u1eb7c m\u00e1i nghi\u00eang.<\/p>\n<figure id=\"attachment_22896\" aria-describedby=\"caption-attachment-22896\" style=\"width: 800px\" class=\"wp-caption alignnone\"><img loading=\"lazy\" decoding=\"async\" class=\"size-full wp-image-22896\" src=\"https:\/\/livinghome.vn\/thiet-bi\/wp-content\/uploads\/2024\/11\/eco-tube-avt.png\" alt=\"M\u00e1y N\u01b0\u1edbc N\u00f3ng N\u0103ng L\u01b0\u1ee3ng M\u1eb7t Tr\u1eddi Ariston ECO TUBE\" width=\"800\" height=\"800\" title=\"\" srcset=\"https:\/\/livinghome.vn\/thiet-bi\/wp-content\/uploads\/2024\/11\/eco-tube-avt.png 800w, https:\/\/livinghome.vn\/thiet-bi\/wp-content\/uploads\/2024\/11\/eco-tube-avt-400x400.png 400w, https:\/\/livinghome.vn\/thiet-bi\/wp-content\/uploads\/2024\/11\/eco-tube-avt-280x280.png 280w, https:\/\/livinghome.vn\/thiet-bi\/wp-content\/uploads\/2024\/11\/eco-tube-avt-768x768.png 768w, https:\/\/livinghome.vn\/thiet-bi\/wp-content\/uploads\/2024\/11\/eco-tube-avt-300x300.png 300w, https:\/\/livinghome.vn\/thiet-bi\/wp-content\/uploads\/2024\/11\/eco-tube-avt-600x600.png 600w, https:\/\/livinghome.vn\/thiet-bi\/wp-content\/uploads\/2024\/11\/eco-tube-avt-100x100.png 100w\" sizes=\"auto, (max-width: 800px) 100vw, 800px\" \/><figcaption id=\"caption-attachment-22896\" class=\"wp-caption-text\">M\u00e1y N\u01b0\u1edbc N\u00f3ng N\u0103ng L\u01b0\u1ee3ng M\u1eb7t Tr\u1eddi Ariston ECO TUBE<\/figcaption><\/figure>\n<h2>2. C\u00f4ng Ngh\u1ec7 \u1ed0ng Ch\u00e2n Kh\u00f4ng Hi\u1ec7n \u0110\u1ea1i<\/h2>\n<p>\u0110i\u1ec3m n\u1ed5i b\u1eadt c\u1ee7a Ariston ECO TUBE l\u00e0 <strong>h\u1ec7 th\u1ed1ng 16 \u1ed1ng thu nhi\u1ec7t<\/strong> c\u00f3 \u0111\u01b0\u1eddng k\u00ednh 47mm. C\u00e1c \u1ed1ng ch\u00e2n kh\u00f4ng n\u00e0y c\u00f3 kh\u1ea3 n\u0103ng h\u1ea5p th\u1ee5 nhi\u1ec7t t\u1ed1t, gi\u00fap n\u01b0\u1edbc n\u00f3ng nhanh h\u01a1n v\u00e0 hi\u1ec7u qu\u1ea3 h\u01a1n so v\u1edbi c\u00e1c d\u00f2ng m\u00e1y th\u00f4ng th\u01b0\u1eddng. Nh\u1edd \u0111\u00f3, b\u1ea1n c\u00f3 th\u1ec3 t\u1eadn h\u01b0\u1edfng ngu\u1ed3n n\u01b0\u1edbc n\u00f3ng li\u00ean t\u1ee5c m\u00e0 kh\u00f4ng lo gi\u00e1n \u0111o\u1ea1n, ngay c\u1ea3 trong \u0111i\u1ec1u ki\u1ec7n \u00e1nh s\u00e1ng y\u1ebfu.<\/p>\n<h2>3. Kh\u1ea3 N\u0103ng C\u00e1ch Nhi\u1ec7t T\u1ed1i \u01afu<\/h2>\n<p>S\u1ea3n ph\u1ea9m \u0111\u01b0\u1ee3c trang b\u1ecb <strong>b\u1ed9 ph\u1eadn c\u00e1ch nhi\u1ec7t m\u1eadt \u0111\u1ed9 cao<\/strong>, gi\u00fap gi\u1eef nhi\u1ec7t t\u1ed1i \u01b0u. V\u1edbi l\u1edbp c\u00e1ch nhi\u1ec7t d\u00e0y \u0111\u1ebfn 55mm, n\u01b0\u1edbc trong b\u00ecnh lu\u00f4n \u0111\u01b0\u1ee3c duy tr\u00ec \u1edf nhi\u1ec7t \u0111\u1ed9 l\u00fd t\u01b0\u1edfng, k\u1ec3 c\u1ea3 khi th\u1eddi ti\u1ebft l\u1ea1nh. \u0110i\u1ec1u n\u00e0y kh\u00f4ng ch\u1ec9 gi\u00fap ti\u1ebft ki\u1ec7m n\u0103ng l\u01b0\u1ee3ng m\u00e0 c\u00f2n \u0111\u1ea3m b\u1ea3o hi\u1ec7u su\u1ea5t s\u1eed d\u1ee5ng l\u00e2u d\u00e0i.<\/p>\n<h2>4. H\u1ec7 Th\u1ed1ng Ki\u1ec3m Tra Ch\u1ea5t L\u01b0\u1ee3ng Kh\u1eaft Khe<\/h2>\n<p>M\u00e1y N\u01b0\u1edbc N\u00f3ng N\u0103ng L\u01b0\u1ee3ng M\u1eb7t Tr\u1eddi Ariston ECO TUBE tr\u1ea3i qua quy tr\u00ecnh s\u1ea3n xu\u1ea5t v\u00e0 ki\u1ec3m tra ch\u1ea5t l\u01b0\u1ee3ng nghi\u00eam ng\u1eb7t, \u0111\u1ea3m b\u1ea3o t\u1eebng chi ti\u1ebft \u0111\u1ec1u \u0111\u1ea1t chu\u1ea9n. Nh\u1edd v\u1eady, s\u1ea3n ph\u1ea9m kh\u00f4ng ch\u1ec9 c\u00f3 tu\u1ed5i th\u1ecd cao m\u00e0 c\u00f2n ho\u1ea1t \u0111\u1ed9ng \u1ed5n \u0111\u1ecbnh, an to\u00e0n cho ng\u01b0\u1eddi d\u00f9ng.<\/p>\n<h2>5. T\u00ednh N\u0103ng An To\u00e0n v\u00e0 Ti\u1ebft Ki\u1ec7m N\u0103ng L\u01b0\u1ee3ng<\/h2>\n<p>M\u00e1y N\u01b0\u1edbc N\u00f3ng N\u0103ng L\u01b0\u1ee3ng M\u1eb7t Tr\u1eddi Ariston ECO TUBE kh\u00f4ng s\u1eed d\u1ee5ng \u0111i\u1ec7n \u0111\u1ec3 l\u00e0m n\u00f3ng n\u01b0\u1edbc, gi\u00fap gi\u1ea3m \u0111\u00e1ng k\u1ec3 chi ph\u00ed n\u0103ng l\u01b0\u1ee3ng. B\u00ean c\u1ea1nh \u0111\u00f3, h\u1ec7 th\u1ed1ng h\u1ea5p th\u1ee5 nhi\u1ec7t t\u1ed1i \u01b0u cho ph\u00e9p m\u00e1y v\u1eadn h\u00e0nh hi\u1ec7u qu\u1ea3 ngay c\u1ea3 khi \u00e1nh n\u1eafng kh\u00f4ng qu\u00e1 m\u1ea1nh. \u0110\u00e2y l\u00e0 gi\u1ea3i ph\u00e1p l\u00fd t\u01b0\u1edfng cho nh\u1eefng gia \u0111\u00ecnh mu\u1ed1n gi\u1ea3m thi\u1ec3u h\u00f3a \u0111\u01a1n \u0111i\u1ec7n h\u00e0ng th\u00e1ng m\u00e0 v\u1eabn \u0111\u1ea3m b\u1ea3o ngu\u1ed3n n\u01b0\u1edbc n\u00f3ng \u1ed5n \u0111\u1ecbnh.<\/p>\n<h3>6. Th\u00f4ng s\u1ed1 k\u1ef9 thu\u1eadt<\/h3>\n<figure id=\"attachment_22894\" aria-describedby=\"caption-attachment-22894\" style=\"width: 947px\" class=\"wp-caption alignnone\"><img loading=\"lazy\" decoding=\"async\" class=\"size-full wp-image-22894\" src=\"https:\/\/livinghome.vn\/thiet-bi\/wp-content\/uploads\/2024\/11\/eco-tube-kt.png\" alt=\"M\u00e1y N\u01b0\u1edbc N\u00f3ng N\u0103ng L\u01b0\u1ee3ng M\u1eb7t Tr\u1eddi Ariston ECO TUBE\" width=\"947\" height=\"816\" title=\"\" srcset=\"https:\/\/livinghome.vn\/thiet-bi\/wp-content\/uploads\/2024\/11\/eco-tube-kt.png 947w, https:\/\/livinghome.vn\/thiet-bi\/wp-content\/uploads\/2024\/11\/eco-tube-kt-464x400.png 464w, https:\/\/livinghome.vn\/thiet-bi\/wp-content\/uploads\/2024\/11\/eco-tube-kt-928x800.png 928w, https:\/\/livinghome.vn\/thiet-bi\/wp-content\/uploads\/2024\/11\/eco-tube-kt-768x662.png 768w, https:\/\/livinghome.vn\/thiet-bi\/wp-content\/uploads\/2024\/11\/eco-tube-kt-600x517.png 600w\" sizes=\"auto, (max-width: 947px) 100vw, 947px\" \/><figcaption id=\"caption-attachment-22894\" class=\"wp-caption-text\">M\u00e1y N\u01b0\u1edbc N\u00f3ng N\u0103ng L\u01b0\u1ee3ng M\u1eb7t Tr\u1eddi Ariston ECO TUBE<\/figcaption><\/figure>\n<p>L\u1ee3i \u00cdch Khi S\u1eed D\u1ee5ng M\u00e1y N\u01b0\u1edbc N\u00f3ng N\u0103ng L\u01b0\u1ee3ng M\u1eb7t Tr\u1eddi Ariston ECO TUBE<\/p>\n<ul>\n<li><strong>Ti\u1ebft ki\u1ec7m chi ph\u00ed \u0111i\u1ec7n n\u0103ng<\/strong> nh\u1edd s\u1eed d\u1ee5ng ho\u00e0n to\u00e0n n\u0103ng l\u01b0\u1ee3ng m\u1eb7t tr\u1eddi.<\/li>\n<li><strong>An to\u00e0n tuy\u1ec7t \u0111\u1ed1i<\/strong> v\u1edbi h\u1ec7 th\u1ed1ng v\u1eadn h\u00e0nh kh\u00f4ng d\u00f9ng \u0111i\u1ec7n.<\/li>\n<li><strong>B\u1ea3o v\u1ec7 m\u00f4i tr\u01b0\u1eddng<\/strong> nh\u1edd gi\u1ea3m thi\u1ec3u kh\u00ed th\u1ea3i carbon.<\/li>\n<li><strong>\u0110\u1ed9 b\u1ec1n cao<\/strong>, ch\u1ecbu \u0111\u01b0\u1ee3c m\u1ecdi \u0111i\u1ec1u ki\u1ec7n th\u1eddi ti\u1ebft kh\u1eafc nghi\u1ec7t.<\/li>\n<li><strong>Hi\u1ec7u su\u1ea5t cao<\/strong> v\u1edbi c\u00f4ng ngh\u1ec7 \u1ed1ng ch\u00e2n kh\u00f4ng, l\u00e0m n\u00f3ng n\u01b0\u1edbc nhanh ch\u00f3ng.<\/li>\n<\/ul>\n<h2>7. K\u1ebft Lu\u1eadn<\/h2>\n<p><strong>M\u00e1y N\u01b0\u1edbc N\u00f3ng N\u0103ng L\u01b0\u1ee3ng M\u1eb7t Tr\u1eddi Ariston ECO TUBE<\/strong> l\u00e0 s\u1ef1 l\u1ef1a ch\u1ecdn ho\u00e0n h\u1ea3o cho nh\u1eefng gia \u0111\u00ecnh mu\u1ed1n ti\u1ebft ki\u1ec7m chi ph\u00ed \u0111i\u1ec7n n\u0103ng v\u00e0 b\u1ea3o v\u1ec7 m\u00f4i tr\u01b0\u1eddng. V\u1edbi thi\u1ebft k\u1ebf ch\u1ea5t l\u01b0\u1ee3ng cao, c\u00f4ng ngh\u1ec7 hi\u1ec7n \u0111\u1ea1i v\u00e0 hi\u1ec7u su\u1ea5t l\u00e0m n\u00f3ng t\u1ed1i \u01b0u, s\u1ea3n ph\u1ea9m kh\u00f4ng ch\u1ec9 \u0111\u00e1p \u1ee9ng nhu c\u1ea7u s\u1eed d\u1ee5ng n\u01b0\u1edbc n\u00f3ng m\u00e0 c\u00f2n mang l\u1ea1i s\u1ef1 an to\u00e0n v\u00e0 b\u1ec1n b\u1ec9 v\u01b0\u1ee3t tr\u1ed9i. N\u1ebfu b\u1ea1n \u0111ang t\u00ecm ki\u1ebfm m\u1ed9t gi\u1ea3i ph\u00e1p ti\u1ebft ki\u1ec7m n\u0103ng l\u01b0\u1ee3ng hi\u1ec7u qu\u1ea3, h\u00e3y c\u00e2n nh\u1eafc Ariston ECO TUBE \u0111\u1ec3 t\u1eadn h\u01b0\u1edfng l\u1ee3i \u00edch l\u00e2u d\u00e0i cho gia \u0111\u00ecnh m\u00ecnh!<\/p>\n<p>C\u00f2n ch\u1ea7n ch\u1edd g\u00ec n\u1eefa,\u00a0<a href=\"https:\/\/livinghome.vn\/\"><strong>Living Home Vi\u1ec7t Nam<\/strong><\/a><a href=\"http:\/\/livinghome.vn\/\">\u00a0<\/a>ch\u1eafc ch\u1eafn s\u1ebd l\u00e0m h\u00e0i l\u00f2ng nh\u1eefng t\u00edn \u0111\u1ed3 y\u00eau th\u00edch v\u00e0 \u0111am m\u00ea c\u00e1c thi\u1ebft b\u1ecb hi\u1ec7n \u0111\u1ea1i..<br \/>\n<strong>Th\u00f4ng tin li\u00ean h\u1ec7:<\/strong><\/p>\n<ul>\n<li>Showroom tr\u1ea3i nghi\u1ec7m v\u00e0 nh\u1eadn t\u1ef1 v\u1ea5n tr\u1ef1c ti\u1ebfp: 442A C\u1ed9ng H\u00f2a, Ph\u01b0\u1eddng 13, Qu\u1eadn T\u00e2n B\u00ecnh, H\u1ed3 Ch\u00ed Minh (c\u00f3 ch\u1ed7 \u0111\u1eadu \u00f4 t\u00f4 nh\u00e9)<\/li>\n<li>Google Maps d\u1eabn \u0111\u01b0\u1eddng:\u00a0<a href=\"https:\/\/maps.app.goo.gl\/RvTsXUvtt1QkdaQa9\" target=\"_blank\" rel=\"dofollow noopener\">XEM \u1ede \u0110\u00c2Y<\/a><\/li>\n<li>K\u00eanh Facebook th\u00f4ng tin c\u1eadp nh\u1eadt:\u00a0<a href=\"https:\/\/www.facebook.com\/noithatlivinghome\/\" target=\"_blank\" rel=\"dofollow noopener\">XEM \u1ede \u0110\u00c2Y<\/a><\/li>\n<li>K\u00eanh Youtube chuy\u00ean video s\u1ea3n ph\u1ea9m m\u1edbi nh\u1ea5t:\u00a0<a href=\"https:\/\/www.youtube.com\/channel\/UCi5ijFuCl-RA7xBGqPlfm4A\" target=\"_blank\" rel=\"dofollow noopener\">XEM \u1ede \u0110\u00c2Y<\/a><\/li>\n<li>K\u00eanh TikTok c\u1eadp nh\u1eadt xu h\u01b0\u1edbng m\u1edbi nh\u1ea5t:\u00a0<a href=\"https:\/\/www.tiktok.com\/@noithatlivinghome?_t=8rA3V9bAq8e&amp;_r=1\" target=\"_blank\" rel=\"dofollow noopener\">XEM \u1ede \u0110\u00c2Y<\/a><\/li>\n<\/ul>\n","protected":false},"excerpt":{"rendered":"<p>Gi\u1edbi thi\u1ec7u s\u1ea3n ph\u1ea9m M\u00e1y N\u01b0\u1edbc N\u00f3ng N\u0103ng L\u01b0\u1ee3ng M\u1eb7t Tr\u1eddi Ariston ECO TUBE Trong b\u1ed1i c\u1ea3nh ng\u00e0y c\u00e0ng ch\u00fa tr\u1ecdng \u0111\u1ebfn vi\u1ec7c ti\u1ebft ki\u1ec7m n\u0103ng l\u01b0\u1ee3ng v\u00e0 b\u1ea3o v\u1ec7 m\u00f4i tr\u01b0\u1eddng, m\u00e1y n\u01b0\u1edbc n\u00f3ng n\u0103ng l\u01b0\u1ee3ng m\u1eb7t tr\u1eddi tr\u1edf th\u00e0nh l\u1ef1a ch\u1ecdn h\u00e0ng \u0111\u1ea7u cho nhi\u1ec1u gia \u0111\u00ecnh. M\u00e1y N\u01b0\u1edbc N\u00f3ng N\u0103ng L\u01b0\u1ee3ng M\u1eb7t [&#8230;]\n","protected":false},"featured_media":22896,"comment_status":"open","ping_status":"closed","template":"","meta":[],"product_brand":[],"product_cat":[540,2054,1979,2052,2056,585],"product_tag":[1980,2053,542,2055],"class_list":{"0":"post-22893","1":"product","2":"type-product","3":"status-publish","4":"has-post-thumbnail","6":"product_cat-may-nong-lanh","7":"product_cat-may-nong-lanh-ariston","8":"product_cat-may-nuoc-nong","9":"product_cat-may-nuoc-nong-ariston","10":"product_cat-thuong-hieu-ariston","11":"product_cat-thuong-hieu-pramie","12":"product_tag-may-nuoc-nong","13":"product_tag-may-nuoc-nong-ariston","14":"product_tag-may-nuoc-nong-lanh","15":"product_tag-may-nuoc-nong-nang-luong-mat-troi","17":"first","18":"instock","19":"shipping-taxable","20":"product-type-simple"},"_links":{"self":[{"href":"https:\/\/livinghome.vn\/thiet-bi\/wp-json\/wp\/v2\/product\/22893","targetHints":{"allow":["GET"]}}],"collection":[{"href":"https:\/\/livinghome.vn\/thiet-bi\/wp-json\/wp\/v2\/product"}],"about":[{"href":"https:\/\/livinghome.vn\/thiet-bi\/wp-json\/wp\/v2\/types\/product"}],"replies":[{"embeddable":true,"href":"https:\/\/livinghome.vn\/thiet-bi\/wp-json\/wp\/v2\/comments?post=22893"}],"wp:featuredmedia":[{"embeddable":true,"href":"https:\/\/livinghome.vn\/thiet-bi\/wp-json\/wp\/v2\/media\/22896"}],"wp:attachment":[{"href":"https:\/\/livinghome.vn\/thiet-bi\/wp-json\/wp\/v2\/media?parent=22893"}],"wp:term":[{"taxonomy":"product_brand","embeddable":true,"href":"https:\/\/livinghome.vn\/thiet-bi\/wp-json\/wp\/v2\/product_brand?post=22893"},{"taxonomy":"product_cat","embeddable":true,"href":"https:\/\/livinghome.vn\/thiet-bi\/wp-json\/wp\/v2\/product_cat?post=22893"},{"taxonomy":"product_tag","embeddable":true,"href":"https:\/\/livinghome.vn\/thiet-bi\/wp-json\/wp\/v2\/product_tag?post=22893"}],"curies":[{"name":"wp","href":"https:\/\/api.w.org\/{rel}","templated":true}]}}