{"id":22881,"date":"2024-11-30T14:17:43","date_gmt":"2024-11-30T07:17:43","guid":{"rendered":"https:\/\/livinghome.vn\/thiet-bi\/?post_type=product&#038;p=22881"},"modified":"2024-12-11T11:37:31","modified_gmt":"2024-12-11T04:37:31","slug":"may-nuoc-nong-truc-tiep-ariston-aures-premium-2","status":"publish","type":"product","link":"https:\/\/livinghome.vn\/thiet-bi\/may-nuoc-nong-truc-tiep-ariston-aures-premium-2\/","title":{"rendered":"M\u00e1y N\u01b0\u1edbc N\u00f3ng Tr\u1ef1c Ti\u1ebfp Ariston AURES PREMIUM"},"content":{"rendered":"<h1><strong>Gi\u1edbi thi\u1ec7u s\u1ea3n ph\u1ea9m M\u00e1y N\u01b0\u1edbc N\u00f3ng Tr\u1ef1c Ti\u1ebfp Ariston AURES PREMIUM<\/strong><\/h1>\n<p>Trong cu\u1ed9c s\u1ed1ng hi\u1ec7n \u0111\u1ea1i, m\u00e1y n\u01b0\u1edbc n\u00f3ng tr\u1ef1c ti\u1ebfp kh\u00f4ng ch\u1ec9 \u0111\u00e1p \u1ee9ng nhu c\u1ea7u cung c\u1ea5p n\u01b0\u1edbc n\u00f3ng t\u1ee9c th\u00ec m\u00e0 c\u00f2n \u0111\u00f2i h\u1ecfi s\u1ef1 an to\u00e0n v\u00e0 ti\u1ec7n nghi cao c\u1ea5p. <strong>M\u00e1y N\u01b0\u1edbc N\u00f3ng Tr\u1ef1c Ti\u1ebfp Ariston AURES PREMIUM<\/strong> l\u00e0 l\u1ef1a ch\u1ecdn h\u00e0ng \u0111\u1ea7u v\u1edbi nhi\u1ec1u t\u00ednh n\u0103ng th\u00f4ng minh, \u0111\u1ea3m b\u1ea3o tr\u1ea3i nghi\u1ec7m t\u1eafm tho\u1ea3i m\u00e1i v\u00e0 an to\u00e0n tuy\u1ec7t \u0111\u1ed1i cho ng\u01b0\u1eddi d\u00f9ng. C\u00f9ng t\u00ecm hi\u1ec3u nh\u1eefng \u0111i\u1ec3m n\u1ed5i b\u1eadt c\u1ee7a s\u1ea3n ph\u1ea9m n\u00e0y ngay d\u01b0\u1edbi \u0111\u00e2y.<\/p>\n<figure id=\"attachment_22884\" aria-describedby=\"caption-attachment-22884\" style=\"width: 800px\" class=\"wp-caption alignnone\"><img loading=\"lazy\" decoding=\"async\" class=\"size-full wp-image-22884\" src=\"https:\/\/livinghome.vn\/thiet-bi\/wp-content\/uploads\/2024\/11\/aures-premium-2-1.png\" alt=\"M\u00e1y N\u01b0\u1edbc N\u00f3ng Tr\u1ef1c Ti\u1ebfp Ariston AURES PREMIUM\" width=\"800\" height=\"800\" title=\"\" srcset=\"https:\/\/livinghome.vn\/thiet-bi\/wp-content\/uploads\/2024\/11\/aures-premium-2-1.png 800w, https:\/\/livinghome.vn\/thiet-bi\/wp-content\/uploads\/2024\/11\/aures-premium-2-1-400x400.png 400w, https:\/\/livinghome.vn\/thiet-bi\/wp-content\/uploads\/2024\/11\/aures-premium-2-1-280x280.png 280w, https:\/\/livinghome.vn\/thiet-bi\/wp-content\/uploads\/2024\/11\/aures-premium-2-1-768x768.png 768w, https:\/\/livinghome.vn\/thiet-bi\/wp-content\/uploads\/2024\/11\/aures-premium-2-1-300x300.png 300w, https:\/\/livinghome.vn\/thiet-bi\/wp-content\/uploads\/2024\/11\/aures-premium-2-1-600x600.png 600w, https:\/\/livinghome.vn\/thiet-bi\/wp-content\/uploads\/2024\/11\/aures-premium-2-1-100x100.png 100w\" sizes=\"auto, (max-width: 800px) 100vw, 800px\" \/><figcaption id=\"caption-attachment-22884\" class=\"wp-caption-text\">M\u00e1y N\u01b0\u1edbc N\u00f3ng Tr\u1ef1c Ti\u1ebfp Ariston AURES PREMIUM<\/figcaption><\/figure>\n<h2>1. Thi\u1ebft K\u1ebf Hi\u1ec7n \u0110\u1ea1i, Ti\u1ec7n D\u1ee5ng<\/h2>\n<p>M\u00e1y n\u01b0\u1edbc n\u00f3ng Ariston AURES PREMIUM s\u1edf h\u1eefu thi\u1ebft k\u1ebf g\u1ecdn g\u00e0ng, sang tr\u1ecdng, ph\u00f9 h\u1ee3p v\u1edbi m\u1ecdi kh\u00f4ng gian ph\u00f2ng t\u1eafm. <strong>N\u00fam v\u1eb7n \u0111i\u1ec1u khi\u1ec3n v\u00f4 c\u1ea5p<\/strong> cho ph\u00e9p ng\u01b0\u1eddi d\u00f9ng d\u1ec5 d\u00e0ng \u0111i\u1ec1u ch\u1ec9nh nhi\u1ec7t \u0111\u1ed9 n\u01b0\u1edbc theo \u00fd mu\u1ed1n, mang l\u1ea1i tr\u1ea3i nghi\u1ec7m t\u1eafm tho\u1ea3i m\u00e1i v\u00e0 linh ho\u1ea1t. B\u00ean c\u1ea1nh \u0111\u00f3, s\u1ea3n ph\u1ea9m \u0111\u01b0\u1ee3c trang b\u1ecb <strong>v\u00f2i sen cao c\u1ea5p<\/strong> v\u1edbi <strong>3 ch\u1ebf \u0111\u1ed9 phun n\u01b0\u1edbc<\/strong>, gi\u00fap b\u1ea1n t\u1eadn h\u01b0\u1edfng c\u1ea3m gi\u00e1c th\u01b0 gi\u00e3n tuy\u1ec7t \u0111\u1ed1i sau m\u1ed7i ng\u00e0y d\u00e0i l\u00e0m vi\u1ec7c c\u0103ng th\u1eb3ng.<\/p>\n<figure id=\"attachment_22883\" aria-describedby=\"caption-attachment-22883\" style=\"width: 800px\" class=\"wp-caption alignnone\"><img loading=\"lazy\" decoding=\"async\" class=\"size-full wp-image-22883\" src=\"https:\/\/livinghome.vn\/thiet-bi\/wp-content\/uploads\/2024\/11\/aures-premium-1-1.png\" alt=\"M\u00e1y N\u01b0\u1edbc N\u00f3ng Tr\u1ef1c Ti\u1ebfp Ariston AURES PREMIUM\" width=\"800\" height=\"800\" title=\"\" srcset=\"https:\/\/livinghome.vn\/thiet-bi\/wp-content\/uploads\/2024\/11\/aures-premium-1-1.png 800w, https:\/\/livinghome.vn\/thiet-bi\/wp-content\/uploads\/2024\/11\/aures-premium-1-1-400x400.png 400w, https:\/\/livinghome.vn\/thiet-bi\/wp-content\/uploads\/2024\/11\/aures-premium-1-1-280x280.png 280w, https:\/\/livinghome.vn\/thiet-bi\/wp-content\/uploads\/2024\/11\/aures-premium-1-1-768x768.png 768w, https:\/\/livinghome.vn\/thiet-bi\/wp-content\/uploads\/2024\/11\/aures-premium-1-1-300x300.png 300w, https:\/\/livinghome.vn\/thiet-bi\/wp-content\/uploads\/2024\/11\/aures-premium-1-1-600x600.png 600w, https:\/\/livinghome.vn\/thiet-bi\/wp-content\/uploads\/2024\/11\/aures-premium-1-1-100x100.png 100w\" sizes=\"auto, (max-width: 800px) 100vw, 800px\" \/><figcaption id=\"caption-attachment-22883\" class=\"wp-caption-text\">M\u00e1y N\u01b0\u1edbc N\u00f3ng Tr\u1ef1c Ti\u1ebfp Ariston AURES PREMIUM<\/figcaption><\/figure>\n<h2>2. Hi\u1ec7u Su\u1ea5t Cao v\u00e0 Ti\u1ebft Ki\u1ec7m N\u0103ng L\u01b0\u1ee3ng<\/h2>\n<p>V\u1edbi <strong>c\u00f4ng su\u1ea5t 4.5kW<\/strong>, m\u00e1y n\u01b0\u1edbc n\u00f3ng Ariston AURES PREMIUM cung c\u1ea5p n\u01b0\u1edbc n\u00f3ng t\u1ee9c th\u00ec m\u00e0 kh\u00f4ng t\u1ed1n qu\u00e1 nhi\u1ec1u \u0111i\u1ec7n n\u0103ng. S\u1ea3n ph\u1ea9m t\u00edch h\u1ee3p <strong>c\u00f4ng ngh\u1ec7 Residual Heat<\/strong>, gi\u00fap ch\u1ee7 \u0111\u1ed9ng gi\u1ea3i ph\u00f3ng nhi\u1ec7t th\u1eeba sau khi s\u1eed d\u1ee5ng, gi\u1ea3m thi\u1ec3u nguy c\u01a1 b\u1ecfng v\u00e0 t\u0103ng c\u01b0\u1eddng an to\u00e0n cho ng\u01b0\u1eddi d\u00f9ng.<\/p>\n<h2>3. H\u1ec7 Th\u1ed1ng An To\u00e0n \u0110\u1ed3ng B\u1ed9 TSS \u2013 B\u1ea3o V\u1ec7 To\u00e0n Di\u1ec7n<\/h2>\n<p>An to\u00e0n lu\u00f4n l\u00e0 \u01b0u ti\u00ean h\u00e0ng \u0111\u1ea7u c\u1ee7a Ariston, v\u00e0 <strong>h\u1ec7 th\u1ed1ng an to\u00e0n \u0111\u1ed3ng b\u1ed9 TSS<\/strong> l\u00e0 minh ch\u1ee9ng cho cam k\u1ebft n\u00e0y. H\u1ec7 th\u1ed1ng bao g\u1ed3m:<\/p>\n<ul>\n<li><strong>C\u1ea7u dao ch\u1ed1ng gi\u1eadt Auto ELCB l\u01b0\u1ee1ng c\u1ef1c<\/strong>: T\u1ef1 \u0111\u1ed9ng ng\u1eaft \u0111i\u1ec7n khi ph\u00e1t hi\u1ec7n r\u00f2 r\u1ec9 ho\u1eb7c s\u1ef1 c\u1ed1, b\u1ea3o v\u1ec7 ng\u01b0\u1eddi d\u00f9ng kh\u1ecfi c\u00e1c tai n\u1ea1n \u0111i\u1ec7n nguy hi\u1ec3m.<\/li>\n<li><strong>Chu\u1ea9n t\u01b0\u01a1ng th\u00edch \u0111i\u1ec7n t\u1eeb EMC<\/strong>: Ng\u0103n ng\u1eeba nhi\u1ec5u \u0111i\u1ec7n t\u1eeb, gi\u00fap m\u00e1y ho\u1ea1t \u0111\u1ed9ng \u1ed5n \u0111\u1ecbnh v\u00e0 an to\u00e0n h\u01a1n.<\/li>\n<li><strong>H\u1ec7 th\u1ed1ng Safety Check<\/strong>: T\u1ef1 \u0111\u1ed9ng ki\u1ec3m tra to\u00e0n di\u1ec7n tr\u01b0\u1edbc m\u1ed7i l\u1ea7n s\u1eed d\u1ee5ng, \u0111\u1ea3m b\u1ea3o m\u1ecdi b\u1ed9 ph\u1eadn \u0111\u1ec1u ho\u1ea1t \u0111\u1ed9ng t\u1ed1t nh\u1ea5t, mang l\u1ea1i s\u1ef1 an t\u00e2m tuy\u1ec7t \u0111\u1ed1i cho gia \u0111\u00ecnh b\u1ea1n.<\/li>\n<\/ul>\n<h2>4. M\u1ea1ch \u0110i\u1ec7n PCB B\u1ec1n B\u1ec9 v\u00e0 An To\u00e0n Tuy\u1ec7t \u0110\u1ed1i<\/h2>\n<p>M\u00e1y N\u01b0\u1edbc N\u00f3ng Tr\u1ef1c Ti\u1ebfp Ariston AURES PREMIUM \u0111\u01b0\u1ee3c trang b\u1ecb <strong>b\u1ea3ng m\u1ea1ch PCB<\/strong> v\u1edbi l\u1edbp ph\u1ee7 b\u1ea3o v\u1ec7 \u0111\u1eb7c bi\u1ec7t. L\u1edbp ph\u1ee7 n\u00e0y gi\u00fap c\u00e1ch \u0111i\u1ec7n v\u00e0 b\u1ea3o v\u1ec7 c\u00e1c linh ki\u1ec7n kh\u1ecfi \u0111\u1ed9 \u1ea9m v\u00e0 t\u00e1c \u0111\u1ed9ng t\u1eeb m\u00f4i tr\u01b0\u1eddng b\u00ean ngo\u00e0i, n\u00e2ng cao \u0111\u1ed9 b\u1ec1n v\u00e0 s\u1ef1 \u1ed5n \u0111\u1ecbnh cho s\u1ea3n ph\u1ea9m. Nh\u1edd \u0111\u00f3, b\u1ea1n ho\u00e0n to\u00e0n c\u00f3 th\u1ec3 y\u00ean t\u00e2m v\u1ec1 \u0111\u1ed9 an to\u00e0n v\u00e0 tu\u1ed5i th\u1ecd c\u1ee7a thi\u1ebft b\u1ecb.<\/p>\n<figure id=\"attachment_22885\" aria-describedby=\"caption-attachment-22885\" style=\"width: 800px\" class=\"wp-caption alignnone\"><img loading=\"lazy\" decoding=\"async\" class=\"size-full wp-image-22885\" src=\"https:\/\/livinghome.vn\/thiet-bi\/wp-content\/uploads\/2024\/11\/aures-premium-3-1.png\" alt=\"M\u00e1y N\u01b0\u1edbc N\u00f3ng Tr\u1ef1c Ti\u1ebfp Ariston AURES PREMIUM\" width=\"800\" height=\"800\" title=\"\" srcset=\"https:\/\/livinghome.vn\/thiet-bi\/wp-content\/uploads\/2024\/11\/aures-premium-3-1.png 800w, https:\/\/livinghome.vn\/thiet-bi\/wp-content\/uploads\/2024\/11\/aures-premium-3-1-400x400.png 400w, https:\/\/livinghome.vn\/thiet-bi\/wp-content\/uploads\/2024\/11\/aures-premium-3-1-280x280.png 280w, https:\/\/livinghome.vn\/thiet-bi\/wp-content\/uploads\/2024\/11\/aures-premium-3-1-768x768.png 768w, https:\/\/livinghome.vn\/thiet-bi\/wp-content\/uploads\/2024\/11\/aures-premium-3-1-300x300.png 300w, https:\/\/livinghome.vn\/thiet-bi\/wp-content\/uploads\/2024\/11\/aures-premium-3-1-600x600.png 600w, https:\/\/livinghome.vn\/thiet-bi\/wp-content\/uploads\/2024\/11\/aures-premium-3-1-100x100.png 100w\" sizes=\"auto, (max-width: 800px) 100vw, 800px\" \/><figcaption id=\"caption-attachment-22885\" class=\"wp-caption-text\">M\u00e1y N\u01b0\u1edbc N\u00f3ng Tr\u1ef1c Ti\u1ebfp Ariston AURES PREMIUM<\/figcaption><\/figure>\n<h2>5. C\u00f4ng Ngh\u1ec7 \u1ed4n \u0110\u1ecbnh Nhi\u1ec7t \u0110\u1ed9 \u2013 Tr\u00e1nh S\u1ed1c Nhi\u1ec7t<\/h2>\n<p>M\u1ed9t trong nh\u1eefng t\u00ednh n\u0103ng \u0111\u00e1ng ch\u00fa \u00fd nh\u1ea5t c\u1ee7a Ariston AURES PREMIUM l\u00e0 <strong>c\u00f4ng ngh\u1ec7 \u1ed5n \u0111\u1ecbnh nhi\u1ec7t \u0111\u1ed9<\/strong>. H\u1ec7 th\u1ed1ng n\u00e0y gi\u00fap duy tr\u00ec nhi\u1ec7t \u0111\u1ed9 n\u01b0\u1edbc \u1ed5n \u0111\u1ecbnh, tr\u00e1nh hi\u1ec7n t\u01b0\u1ee3ng n\u01b0\u1edbc qu\u00e1 n\u00f3ng ho\u1eb7c qu\u00e1 l\u1ea1nh \u0111\u1ed9t ng\u1ed9t, gi\u1ea3m thi\u1ec3u nguy c\u01a1 s\u1ed1c nhi\u1ec7t. \u0110i\u1ec1u n\u00e0y \u0111\u1eb7c bi\u1ec7t h\u1eefu \u00edch cho nh\u1eefng gia \u0111\u00ecnh c\u00f3 tr\u1ebb nh\u1ecf v\u00e0 ng\u01b0\u1eddi l\u1edbn tu\u1ed5i.<\/p>\n<h2>6. Th\u00f4ng s\u1ed1 k\u1ef9 thu\u1eadt<\/h2>\n<figure id=\"attachment_22882\" aria-describedby=\"caption-attachment-22882\" style=\"width: 1042px\" class=\"wp-caption alignnone\"><img loading=\"lazy\" decoding=\"async\" class=\"size-full wp-image-22882\" src=\"https:\/\/livinghome.vn\/thiet-bi\/wp-content\/uploads\/2024\/11\/aures-premium-kt-1.png\" alt=\"M\u00e1y N\u01b0\u1edbc N\u00f3ng Tr\u1ef1c Ti\u1ebfp Ariston AURES PREMIUM\" width=\"1042\" height=\"721\" title=\"\" srcset=\"https:\/\/livinghome.vn\/thiet-bi\/wp-content\/uploads\/2024\/11\/aures-premium-kt-1.png 1042w, https:\/\/livinghome.vn\/thiet-bi\/wp-content\/uploads\/2024\/11\/aures-premium-kt-1-578x400.png 578w, https:\/\/livinghome.vn\/thiet-bi\/wp-content\/uploads\/2024\/11\/aures-premium-kt-1-768x531.png 768w, https:\/\/livinghome.vn\/thiet-bi\/wp-content\/uploads\/2024\/11\/aures-premium-kt-1-600x415.png 600w\" sizes=\"auto, (max-width: 1042px) 100vw, 1042px\" \/><figcaption id=\"caption-attachment-22882\" class=\"wp-caption-text\">M\u00e1y N\u01b0\u1edbc N\u00f3ng Tr\u1ef1c Ti\u1ebfp Ariston AURES PREMIUM<\/figcaption><\/figure>\n<h2>7. K\u1ebft Lu\u1eadn<\/h2>\n<p><strong>M\u00e1y N\u01b0\u1edbc N\u00f3ng Tr\u1ef1c Ti\u1ebfp Ariston AURES PREMIUM<\/strong> l\u00e0 s\u1ef1 l\u1ef1a ch\u1ecdn ho\u00e0n h\u1ea3o cho nh\u1eefng gia \u0111\u00ecnh mu\u1ed1n s\u1edf h\u1eefu m\u1ed9t s\u1ea3n ph\u1ea9m v\u1eeba ti\u1ec7n nghi, v\u1eeba an to\u00e0n. V\u1edbi c\u00e1c c\u00f4ng ngh\u1ec7 ti\u00ean ti\u1ebfn v\u00e0 h\u1ec7 th\u1ed1ng b\u1ea3o v\u1ec7 to\u00e0n di\u1ec7n, s\u1ea3n ph\u1ea9m kh\u00f4ng ch\u1ec9 \u0111\u00e1p \u1ee9ng nhu c\u1ea7u s\u1eed d\u1ee5ng n\u01b0\u1edbc n\u00f3ng nhanh ch\u00f3ng m\u00e0 c\u00f2n \u0111\u1ea3m b\u1ea3o an to\u00e0n tuy\u1ec7t \u0111\u1ed1i cho ng\u01b0\u1eddi d\u00f9ng. H\u00e3y \u0111\u1ea7u t\u01b0 ngay h\u00f4m nay \u0111\u1ec3 tr\u1ea3i nghi\u1ec7m s\u1ef1 kh\u00e1c bi\u1ec7t t\u1eeb d\u00f2ng s\u1ea3n ph\u1ea9m cao c\u1ea5p n\u00e0y!<\/p>\n<p>C\u00f2n ch\u1ea7n ch\u1edd g\u00ec n\u1eefa,\u00a0<a href=\"https:\/\/livinghome.vn\/\"><strong>Living Home Vi\u1ec7t Nam<\/strong><\/a><a href=\"http:\/\/livinghome.vn\/\">\u00a0<\/a>ch\u1eafc ch\u1eafn s\u1ebd l\u00e0m h\u00e0i l\u00f2ng nh\u1eefng t\u00edn \u0111\u1ed3 y\u00eau th\u00edch v\u00e0 \u0111am m\u00ea c\u00e1c thi\u1ebft b\u1ecb hi\u1ec7n \u0111\u1ea1i..<br \/>\n<strong>Th\u00f4ng tin li\u00ean h\u1ec7:<\/strong><\/p>\n<ul>\n<li>Showroom tr\u1ea3i nghi\u1ec7m v\u00e0 nh\u1eadn t\u1ef1 v\u1ea5n tr\u1ef1c ti\u1ebfp: 442A C\u1ed9ng H\u00f2a, Ph\u01b0\u1eddng 13, Qu\u1eadn T\u00e2n B\u00ecnh, H\u1ed3 Ch\u00ed Minh (c\u00f3 ch\u1ed7 \u0111\u1eadu \u00f4 t\u00f4 nh\u00e9)<\/li>\n<li>Google Maps d\u1eabn \u0111\u01b0\u1eddng:\u00a0<a href=\"https:\/\/maps.app.goo.gl\/RvTsXUvtt1QkdaQa9\" target=\"_blank\" rel=\"dofollow noopener\">XEM \u1ede \u0110\u00c2Y<\/a><\/li>\n<li>K\u00eanh Facebook th\u00f4ng tin c\u1eadp nh\u1eadt:\u00a0<a href=\"https:\/\/www.facebook.com\/noithatlivinghome\/\" target=\"_blank\" rel=\"dofollow noopener\">XEM \u1ede \u0110\u00c2Y<\/a><\/li>\n<li>K\u00eanh Youtube chuy\u00ean video s\u1ea3n ph\u1ea9m m\u1edbi nh\u1ea5t:\u00a0<a href=\"https:\/\/www.youtube.com\/channel\/UCi5ijFuCl-RA7xBGqPlfm4A\" target=\"_blank\" rel=\"dofollow noopener\">XEM \u1ede \u0110\u00c2Y<\/a><\/li>\n<li>K\u00eanh TikTok c\u1eadp nh\u1eadt xu h\u01b0\u1edbng m\u1edbi nh\u1ea5t:\u00a0<a href=\"https:\/\/www.tiktok.com\/@noithatlivinghome?_t=8rA3V9bAq8e&amp;_r=1\" target=\"_blank\" rel=\"dofollow noopener\">XEM \u1ede \u0110\u00c2Y<\/a><\/li>\n<\/ul>\n","protected":false},"excerpt":{"rendered":"<p>Gi\u1edbi thi\u1ec7u s\u1ea3n ph\u1ea9m M\u00e1y N\u01b0\u1edbc N\u00f3ng Tr\u1ef1c Ti\u1ebfp Ariston AURES PREMIUM Trong cu\u1ed9c s\u1ed1ng hi\u1ec7n \u0111\u1ea1i, m\u00e1y n\u01b0\u1edbc n\u00f3ng tr\u1ef1c ti\u1ebfp kh\u00f4ng ch\u1ec9 \u0111\u00e1p \u1ee9ng nhu c\u1ea7u cung c\u1ea5p n\u01b0\u1edbc n\u00f3ng t\u1ee9c th\u00ec m\u00e0 c\u00f2n \u0111\u00f2i h\u1ecfi s\u1ef1 an to\u00e0n v\u00e0 ti\u1ec7n nghi cao c\u1ea5p. M\u00e1y N\u01b0\u1edbc N\u00f3ng Tr\u1ef1c Ti\u1ebfp Ariston AURES PREMIUM l\u00e0 [&#8230;]\n","protected":false},"featured_media":22886,"comment_status":"open","ping_status":"closed","template":"","meta":[],"product_brand":[],"product_cat":[540,2054,1979,2052,2056],"product_tag":[1980,2053,542,2004],"class_list":{"0":"post-22881","1":"product","2":"type-product","3":"status-publish","4":"has-post-thumbnail","6":"product_cat-may-nong-lanh","7":"product_cat-may-nong-lanh-ariston","8":"product_cat-may-nuoc-nong","9":"product_cat-may-nuoc-nong-ariston","10":"product_cat-thuong-hieu-ariston","11":"product_tag-may-nuoc-nong","12":"product_tag-may-nuoc-nong-ariston","13":"product_tag-may-nuoc-nong-lanh","14":"product_tag-may-nuoc-nong-truc-tiep","16":"first","17":"instock","18":"shipping-taxable","19":"product-type-simple"},"_links":{"self":[{"href":"https:\/\/livinghome.vn\/thiet-bi\/wp-json\/wp\/v2\/product\/22881","targetHints":{"allow":["GET"]}}],"collection":[{"href":"https:\/\/livinghome.vn\/thiet-bi\/wp-json\/wp\/v2\/product"}],"about":[{"href":"https:\/\/livinghome.vn\/thiet-bi\/wp-json\/wp\/v2\/types\/product"}],"replies":[{"embeddable":true,"href":"https:\/\/livinghome.vn\/thiet-bi\/wp-json\/wp\/v2\/comments?post=22881"}],"wp:featuredmedia":[{"embeddable":true,"href":"https:\/\/livinghome.vn\/thiet-bi\/wp-json\/wp\/v2\/media\/22886"}],"wp:attachment":[{"href":"https:\/\/livinghome.vn\/thiet-bi\/wp-json\/wp\/v2\/media?parent=22881"}],"wp:term":[{"taxonomy":"product_brand","embeddable":true,"href":"https:\/\/livinghome.vn\/thiet-bi\/wp-json\/wp\/v2\/product_brand?post=22881"},{"taxonomy":"product_cat","embeddable":true,"href":"https:\/\/livinghome.vn\/thiet-bi\/wp-json\/wp\/v2\/product_cat?post=22881"},{"taxonomy":"product_tag","embeddable":true,"href":"https:\/\/livinghome.vn\/thiet-bi\/wp-json\/wp\/v2\/product_tag?post=22881"}],"curies":[{"name":"wp","href":"https:\/\/api.w.org\/{rel}","templated":true}]}}