{"id":2287,"date":"2023-01-12T16:49:22","date_gmt":"2023-01-12T16:49:22","guid":{"rendered":"https:\/\/livinghome.vn\/thiet-bi\/?post_type=product&#038;p=2287"},"modified":"2024-11-29T14:20:31","modified_gmt":"2024-11-29T07:20:31","slug":"may-hut-mui-teka-cnl-9610-am-kim-loai-ben-bi-toi-gian","status":"publish","type":"product","link":"https:\/\/livinghome.vn\/thiet-bi\/may-hut-mui-teka-cnl-9610-am-kim-loai-ben-bi-toi-gian\/","title":{"rendered":"M\u00e1y h\u00fat m\u00f9i Teka CNL 9610 \u00e2m kim lo\u1ea1i b\u1ec1n b\u1ec9 t\u1ed1i gi\u1ea3n"},"content":{"rendered":"<h3>M\u00e1y h\u00fat m\u00f9i Teka CNL 9610 \u00e2m t\u1ee7 kim lo\u1ea1i b\u1ec1n b\u1ec9 t\u1ed1i gi\u1ea3n<\/h3>\n<figure id=\"attachment_66999\" aria-describedby=\"caption-attachment-66999\" style=\"width: 800px\" class=\"wp-caption alignnone\"><img loading=\"lazy\" decoding=\"async\" class=\"wp-image-66999 size-large\" src=\"https:\/\/livinghome.vn\/thiet-bi\/wp-content\/uploads\/nha-bep\/teka\/may-hut-mui\/may-hut-mui-teka-cnl-9610\/may-hut-mui-teka-cnl-9610-1-1-800x800.jpg\" alt=\"M\u00e1y h\u00fat m\u00f9i Teka CNL 9610 \u00e2m kim lo\u1ea1i b\u1ec1n b\u1ec9 t\u1ed1i gi\u1ea3n\" width=\"800\" height=\"800\" title=\"\"><figcaption id=\"caption-attachment-66999\" class=\"wp-caption-text\">M\u00e1y h\u00fat m\u00f9i Teka CNL 9610 \u00e2m kim lo\u1ea1i b\u1ec1n b\u1ec9 t\u1ed1i gi\u1ea3n<\/figcaption><\/figure>\n<p>V\u1edbi thi\u1ebft k\u1ebf \u0111\u1ed9c \u0111\u00e1o, s\u00e1ng t\u1ea1o v\u1ec1 h\u00ecnh d\u1ea1ng v\u00e0 k\u00edch th\u01b0\u1edbc m\u00e1y h\u00fat m\u00f9i Teka CNL 9610 s\u1ebd gi\u00fap b\u1ea1n ph\u00f9 h\u1ee3p v\u00e0 h\u00e0i h\u00f2a cho gian b\u1ebfp.<\/p>\n<h3>T\u00ednh n\u0103ng c\u01a1 b\u1ea3n<\/h3>\n<ul>\n<li><a href=\"https:\/\/livinghome.vn\/thiet-bi\/may-hut-mui\/\">M\u00e1y h\u00fat kh\u00f3i kh\u1eed m\u00f9i<\/a> \u2013 kh\u1eed m\u00f9i \u00e2m &#8211; d\u1ea1ng k\u00e9o<\/li>\n<li>Ch\u1ea5t li\u1ec7u th\u00e9p kh\u00f4ng g\u1ec9<\/li>\n<li>\u0110i\u1ec1u khi\u1ec3n \u0111i\u1ec7n t\u1eed<\/li>\n<li>2 m\u1ee9c t\u1ed1c \u0111\u1ed9 + 1 m\u1ee9c t\u0103ng c\u01b0\u1eddng<\/li>\n<li>C\u00f4ng su\u1ea5t h\u00fat t\u1ed1i \u0111a 694 m\u00b3\/h<\/li>\n<li>\u0110\u1ed9 \u1ed3n 60\/63dB<\/li>\n<li>3 \u0111\u00e8n LED<\/li>\n<li>4 l\u01b0\u1edbi l\u1ecdc b\u1eb1ng nh\u00f4m<\/li>\n<li>B\u1ea3ng \u0111i\u1ec1u khi\u1ec3n ph\u00eda tr\u01b0\u1edbc c\u00f3 th\u1ec3 ho\u00e1n \u0111\u1ed5i<\/li>\n<li>Ch\u1ee9c n\u0103ng h\u1eb9n gi\u1edd t\u1eaft m\u00e1y<\/li>\n<\/ul>\n<h3>Th\u00f4ng s\u1ed1 k\u1ef9 thu\u1eadt<\/h3>\n<ul>\n<li>Chi\u1ec1u cao(mm):\u00a0274<\/li>\n<li>Chi\u1ec1u r\u1ed9ng (mm):\u00a0900<\/li>\n<li>\u0110\u1ed9 s\u00e2u (mm):\u00a0300\/490<\/li>\n<li>Tr\u1ecdng l\u01b0\u1ee3ng (Kgs):\u00a09,58<\/li>\n<\/ul>\n<h3>\u0110\u1eb7c t\u00ednh s\u1ea3n ph\u1ea9m<\/h3>\n<ul>\n<li>Gi\u1ea5y ch\u1ee9ng nh\u1eadn:\u00a0CE; CB; Rohs<\/li>\n<li>\u1ed4 c\u1eafm (mm):\u00a0150<\/li>\n<li>\u0110i\u1ec7n n\u0103ng ti\u00eau th\u1ee5 \u0111\u00e8n b\u00ean trong (W):\u00a01,5<\/li>\n<li>Ph\u00edch c\u1eafm:\u00a0European plug<\/li>\n<li>C\u00f4ng su\u1ea5t (V):\u00a0230<\/li>\n<li>T\u1ea7n s\u1ed1 (Hz):\u00a050<\/li>\n<li>T\u1ed5ng c\u00f4ng su\u1ea5t h\u00fat (W):\u00a0235<\/li>\n<li>C\u00f4ng su\u1ea5t \u0111\u1ed9ng c\u01a1 (W):\u00a0230<\/li>\n<\/ul>\n<figure id=\"attachment_67000\" aria-describedby=\"caption-attachment-67000\" style=\"width: 800px\" class=\"wp-caption alignnone\"><img loading=\"lazy\" decoding=\"async\" class=\"wp-image-67000 size-large\" src=\"https:\/\/livinghome.vn\/thiet-bi\/wp-content\/uploads\/nha-bep\/teka\/may-hut-mui\/may-hut-mui-teka-cnl-9610\/may-hut-mui-teka-cnl-9610-2-1-800x800.jpg\" alt=\"M\u00e1y h\u00fat m\u00f9i Teka CNL 9610 \u00e2m kim lo\u1ea1i b\u1ec1n b\u1ec9 t\u1ed1i gi\u1ea3n\" width=\"800\" height=\"800\" title=\"\"><figcaption id=\"caption-attachment-67000\" class=\"wp-caption-text\">K\u00edch th\u01b0\u1edbc m\u00e1y h\u00fat m\u00f9i Teka CNL 9610 \u00e2m kim lo\u1ea1i b\u1ec1n b\u1ec9 t\u1ed1i gi\u1ea3n<\/figcaption><\/figure>\n<p>H\u00fat m\u00f9i \u0111\u01b0\u1ee3c thi\u1ebft k\u1ebf v\u1edbi \u0111\u1ed9ng c\u01a1 ti\u1ebft ki\u1ec7m n\u0103ng l\u01b0\u1ee3ng gi\u00fap gi\u1ea3m \u0111i\u1ec7n n\u0103ng ti\u00eau th\u1ee5 m\u00e0 v\u1eabn \u0111\u1ea3m b\u1ea3o hi\u1ec7u qu\u1ea3 l\u00e0m tho\u00e1ng cho gian b\u1ebfp.<\/p>\n<h3>Xu\u1ea5t x\u1ee9: B\u1ed3 \u0110\u00e0o Nha<\/h3>\n<div><\/div>\n","protected":false},"excerpt":{"rendered":"<div id=\"product-title\" class=\"et_pb_module et_pb_text et_pb_bg_layout_light et_pb_text_align_left\">\n<div class=\"et_pb_text_inner\">\n<div id=\"product-title\" class=\"et_pb_module et_pb_text et_pb_bg_layout_light et_pb_text_align_left\">\n<div class=\"et_pb_text_inner\">\n<h1>H\u00fat m\u00f9i l\u1eafp \u00e2m &#8211; d\u1ea1ng k\u00e9o 90cm<\/h1>\n<\/div>\n<\/div>\n<div class=\"et_pb_module et_pb_text et_pb_text_1 et_pb_bg_layout_light et_pb_text_align_left\">\n<div class=\"et_pb_text_inner\">\n<div id=\"product-content\">\n<ul>\n<li>\u0110i\u1ec1u khi\u1ec3n \u0111i\u1ec7n t\u1eed<\/li>\n<li>2 m\u1ee9c t\u1ed1c \u0111\u1ed9 + 1 m\u1ee9c t\u0103ng c\u01b0\u1eddng<\/li>\n<li>C\u00f4ng su\u1ea5t h\u00fat t\u1ed1i \u0111a 694 m\u00b3\/h<\/li>\n<li>\u0110\u1ed9 \u1ed3n 60\/63dB<\/li>\n<\/ul>\n<\/div>\n<\/div>\n<\/div>\n<\/div>\n<\/div>\n","protected":false},"featured_media":2423,"comment_status":"open","ping_status":"closed","template":"","meta":[],"product_brand":[],"product_cat":[84,130,344,311],"product_tag":[86,347,346,313],"class_list":{"0":"post-2287","1":"product","2":"type-product","3":"status-publish","4":"has-post-thumbnail","6":"product_cat-may-hut-mui","7":"product_cat-may-hut-mui-am-tu-keo","8":"product_cat-may-hut-mui-teka","9":"product_cat-thuong-hieu-teka","10":"product_tag-may-hut-mui","11":"product_tag-may-hut-mui-am-tu-keo","12":"product_tag-may-hut-mui-teka","13":"product_tag-teka","15":"first","16":"instock","17":"sale","18":"shipping-taxable","19":"purchasable","20":"product-type-simple"},"_links":{"self":[{"href":"https:\/\/livinghome.vn\/thiet-bi\/wp-json\/wp\/v2\/product\/2287","targetHints":{"allow":["GET"]}}],"collection":[{"href":"https:\/\/livinghome.vn\/thiet-bi\/wp-json\/wp\/v2\/product"}],"about":[{"href":"https:\/\/livinghome.vn\/thiet-bi\/wp-json\/wp\/v2\/types\/product"}],"replies":[{"embeddable":true,"href":"https:\/\/livinghome.vn\/thiet-bi\/wp-json\/wp\/v2\/comments?post=2287"}],"wp:featuredmedia":[{"embeddable":true,"href":"https:\/\/livinghome.vn\/thiet-bi\/wp-json\/wp\/v2\/media\/2423"}],"wp:attachment":[{"href":"https:\/\/livinghome.vn\/thiet-bi\/wp-json\/wp\/v2\/media?parent=2287"}],"wp:term":[{"taxonomy":"product_brand","embeddable":true,"href":"https:\/\/livinghome.vn\/thiet-bi\/wp-json\/wp\/v2\/product_brand?post=2287"},{"taxonomy":"product_cat","embeddable":true,"href":"https:\/\/livinghome.vn\/thiet-bi\/wp-json\/wp\/v2\/product_cat?post=2287"},{"taxonomy":"product_tag","embeddable":true,"href":"https:\/\/livinghome.vn\/thiet-bi\/wp-json\/wp\/v2\/product_tag?post=2287"}],"curies":[{"name":"wp","href":"https:\/\/api.w.org\/{rel}","templated":true}]}}