{"id":22862,"date":"2024-11-29T16:59:18","date_gmt":"2024-11-29T09:59:18","guid":{"rendered":"https:\/\/livinghome.vn\/thiet-bi\/?post_type=product&#038;p=22862"},"modified":"2024-12-11T11:31:42","modified_gmt":"2024-12-11T04:31:42","slug":"may-nuoc-nong-gian-tiep-ariston-pro-r-40-50-80-100","status":"publish","type":"product","link":"https:\/\/livinghome.vn\/thiet-bi\/may-nuoc-nong-gian-tiep-ariston-pro-r-40-50-80-100\/","title":{"rendered":"M\u00e1y N\u01b0\u1edbc N\u00f3ng Gi\u00e1n Ti\u1ebfp Ariston PRO R 40\/50\/80\/100"},"content":{"rendered":"<h1><strong>Gi\u1edbi thi\u1ec7u M\u00e1y N\u01b0\u1edbc N\u00f3ng Gi\u00e1n Ti\u1ebfp Ariston PRO R 40\/50\/80\/100<\/strong><\/h1>\n<p>M\u00e1y N\u01b0\u1edbc N\u00f3ng Gi\u00e1n Ti\u1ebfp Ariston PRO R 40\/50\/80\/100 l\u00e0 d\u00f2ng s\u1ea3n ph\u1ea9m cao c\u1ea5p c\u1ee7a th\u01b0\u01a1ng hi\u1ec7u Ariston, mang \u0111\u1ebfn s\u1ef1 l\u1ef1a ch\u1ecdn ho\u00e0n h\u1ea3o cho nh\u1eefng gia \u0111\u00ecnh c\u00f3 nhu c\u1ea7u s\u1eed d\u1ee5ng n\u01b0\u1edbc n\u00f3ng l\u1edbn. V\u1edbi dung t\u00edch \u0111a d\u1ea1ng, t\u1eeb 40 l\u00edt \u0111\u1ebfn 100 l\u00edt, m\u00e1y \u0111\u00e1p \u1ee9ng m\u1ecdi nhu c\u1ea7u t\u1eeb h\u1ed9 gia \u0111\u00ecnh nh\u1ecf \u0111\u1ebfn l\u1edbn. S\u1ea3n ph\u1ea9m kh\u00f4ng ch\u1ec9 n\u1ed5i b\u1eadt v\u1edbi thi\u1ebft k\u1ebf thanh l\u1ecbch m\u00e0 c\u00f2n \u0111\u01b0\u1ee3c t\u00edch h\u1ee3p nhi\u1ec1u c\u00f4ng ngh\u1ec7 ti\u00ean ti\u1ebfn, gi\u00fap n\u00e2ng cao hi\u1ec7u su\u1ea5t v\u00e0 \u0111\u1ea3m b\u1ea3o an to\u00e0n t\u1ed1i \u0111a cho ng\u01b0\u1eddi d\u00f9ng.<\/p>\n<h2>1. Thi\u1ebft k\u1ebf sang tr\u1ecdng, dung t\u00edch l\u1edbn<\/h2>\n<p>M\u00e1y N\u01b0\u1edbc N\u00f3ng Gi\u00e1n Ti\u1ebfp Ariston PRO R 40 \/ 50 \/ 80 \/ 100 c\u00f3 thi\u1ebft k\u1ebf treo t\u01b0\u1eddng hi\u1ec7n \u0111\u1ea1i, thanh l\u1ecbch, mang phong c\u00e1ch \u00dd \u0111\u1eb7c tr\u01b0ng. V\u1edbi dung t\u00edch \u0111a d\u1ea1ng <strong>40 l\u00edt, 50 l\u00edt, 80 l\u00edt v\u00e0 100 l\u00edt<\/strong>, s\u1ea3n ph\u1ea9m ph\u00f9 h\u1ee3p v\u1edbi nhi\u1ec1u kh\u00f4ng gian v\u00e0 nhu c\u1ea7u s\u1eed d\u1ee5ng kh\u00e1c nhau. Thi\u1ebft k\u1ebf nh\u1ecf g\u1ecdn v\u00e0 tinh t\u1ebf gi\u00fap ti\u1ebft ki\u1ec7m di\u1ec7n t\u00edch v\u00e0 t\u0103ng t\u00ednh th\u1ea9m m\u1ef9 cho kh\u00f4ng gian l\u1eafp \u0111\u1eb7t.<\/p>\n<figure id=\"attachment_22864\" aria-describedby=\"caption-attachment-22864\" style=\"width: 800px\" class=\"wp-caption alignnone\"><img loading=\"lazy\" decoding=\"async\" class=\"wp-image-22864 size-full\" src=\"https:\/\/livinghome.vn\/thiet-bi\/wp-content\/uploads\/2024\/11\/pro-r-40-50-80-100-avt.png\" alt=\"M\u00e1y N\u01b0\u1edbc N\u00f3ng Gi\u00e1n Ti\u1ebfp Ariston PRO R 40\/50\/80\/100\" width=\"800\" height=\"800\" title=\"\" srcset=\"https:\/\/livinghome.vn\/thiet-bi\/wp-content\/uploads\/2024\/11\/pro-r-40-50-80-100-avt.png 800w, https:\/\/livinghome.vn\/thiet-bi\/wp-content\/uploads\/2024\/11\/pro-r-40-50-80-100-avt-400x400.png 400w, https:\/\/livinghome.vn\/thiet-bi\/wp-content\/uploads\/2024\/11\/pro-r-40-50-80-100-avt-280x280.png 280w, https:\/\/livinghome.vn\/thiet-bi\/wp-content\/uploads\/2024\/11\/pro-r-40-50-80-100-avt-768x768.png 768w, https:\/\/livinghome.vn\/thiet-bi\/wp-content\/uploads\/2024\/11\/pro-r-40-50-80-100-avt-300x300.png 300w, https:\/\/livinghome.vn\/thiet-bi\/wp-content\/uploads\/2024\/11\/pro-r-40-50-80-100-avt-600x600.png 600w, https:\/\/livinghome.vn\/thiet-bi\/wp-content\/uploads\/2024\/11\/pro-r-40-50-80-100-avt-100x100.png 100w\" sizes=\"auto, (max-width: 800px) 100vw, 800px\" \/><figcaption id=\"caption-attachment-22864\" class=\"wp-caption-text\">M\u00e1y N\u01b0\u1edbc N\u00f3ng Gi\u00e1n Ti\u1ebfp Ariston PRO R 40\/50\/80\/100<\/figcaption><\/figure>\n<h2>2. B\u1ec1n v\u01b0\u1ee3t tr\u1ed9i v\u1edbi c\u00f4ng ngh\u1ec7 tr\u00e1ng men Titan<\/h2>\n<p>M\u00e1y N\u01b0\u1edbc N\u00f3ng Gi\u00e1n Ti\u1ebfp Ariston PRO R 40\/50\/80\/100 \u0111\u01b0\u1ee3c tr\u00e1ng men Titan si\u00eau b\u1ec1n, gi\u00fap:<\/p>\n<ul>\n<li><strong>Ch\u1ed1ng \u0103n m\u00f2n<\/strong>: Gi\u1ea3m thi\u1ec3u hi\u1ec7n t\u01b0\u1ee3ng r\u00f2 r\u1ec9 n\u01b0\u1edbc, n\u00e2ng cao tu\u1ed5i th\u1ecd s\u1ea3n ph\u1ea9m.<\/li>\n<li><strong>Ch\u1ecbu \u00e1p l\u1ef1c cao<\/strong>: B\u00ecnh ch\u1ee9a \u0111\u01b0\u1ee3c th\u1eed nghi\u1ec7m t\u1ea1i \u00e1p su\u1ea5t 16 bar, \u0111\u1ea3m b\u1ea3o \u0111\u1ed9 b\u1ec1n v\u01b0\u1ee3t tr\u1ed9i v\u00e0 kh\u1ea3 n\u0103ng ho\u1ea1t \u0111\u1ed9ng \u1ed5n \u0111\u1ecbnh trong m\u1ecdi \u0111i\u1ec1u ki\u1ec7n.<\/li>\n<\/ul>\n<h2>3. An to\u00e0n tuy\u1ec7t \u0111\u1ed1i v\u1edbi h\u1ec7 th\u1ed1ng b\u1ea3o v\u1ec7 \u0111\u1ed3ng b\u1ed9<\/h2>\n<p>S\u1ef1 an to\u00e0n c\u1ee7a ng\u01b0\u1eddi d\u00f9ng lu\u00f4n \u0111\u01b0\u1ee3c Ariston \u0111\u1eb7t l\u00ean h\u00e0ng \u0111\u1ea7u. M\u00e1y N\u01b0\u1edbc N\u00f3ng Gi\u00e1n Ti\u1ebfp Ariston PRO R 40\/50\/80\/100\u00a0\u0111\u01b0\u1ee3c trang b\u1ecb h\u1ec7 th\u1ed1ng an to\u00e0n \u0111\u1ed3ng b\u1ed9 v\u1edbi c\u00e1c t\u00ednh n\u0103ng n\u1ed5i b\u1eadt:<\/p>\n<ul>\n<li><strong>C\u1ea7u dao ch\u1ed1ng gi\u1eadt ELCB<\/strong>: T\u1ef1 \u0111\u1ed9ng ng\u1eaft ngu\u1ed3n \u0111i\u1ec7n khi ph\u00e1t hi\u1ec7n r\u00f2 r\u1ec9 \u0111i\u1ec7n, ng\u0103n ng\u1eeba nguy c\u01a1 \u0111i\u1ec7n gi\u1eadt v\u00e0 ch\u00e1y n\u1ed5.<\/li>\n<li><strong>Van \u00e1p su\u1ea5t an to\u00e0n<\/strong>: Gi\u1ea3i ph\u00f3ng \u00e1p su\u1ea5t khi v\u01b0\u1ee3t ng\u01b0\u1ee1ng 8 bar, b\u1ea3o v\u1ec7 b\u00ecnh ch\u1ee9a v\u00e0 ng\u01b0\u1eddi s\u1eed d\u1ee5ng.<\/li>\n<li><strong>B\u1ed9 \u1ed5n \u0111\u1ecbnh nhi\u1ec7t TBST<\/strong>: C\u1ea3m bi\u1ebfn nhi\u1ec7t \u0111\u1ed9 ch\u00ednh x\u00e1c, t\u1ef1 \u0111\u1ed9ng ng\u1eaft khi n\u01b0\u1edbc \u0111\u1ea1t nhi\u1ec7t \u0111\u1ed9 c\u00e0i \u0111\u1eb7t, tr\u00e1nh t\u00ecnh tr\u1ea1ng n\u01b0\u1edbc qu\u00e1 n\u00f3ng g\u00e2y b\u1ecfng.<\/li>\n<\/ul>\n<h2>4. Ti\u1ebft ki\u1ec7m \u0111i\u1ec7n n\u0103ng hi\u1ec7u qu\u1ea3<\/h2>\n<p>M\u00e1y N\u01b0\u1edbc N\u00f3ng Gi\u00e1n Ti\u1ebfp Ariston PRO R 40\/50\/80\/100 gi\u00fap ti\u1ebft ki\u1ec7m \u0111i\u1ec7n t\u1ed1i \u0111a nh\u1edd l\u1edbp c\u00e1ch nhi\u1ec7t m\u1eadt \u0111\u1ed9 cao HDI. L\u1edbp c\u00e1ch nhi\u1ec7t n\u00e0y gi\u1ea3m thi\u1ec3u th\u1ea5t tho\u00e1t nhi\u1ec7t, gi\u1eef n\u01b0\u1edbc n\u00f3ng l\u00e2u h\u01a1n, t\u1eeb \u0111\u00f3 gi\u1ea3m thi\u1ec3u l\u01b0\u1ee3ng \u0111i\u1ec7n ti\u00eau th\u1ee5.<\/p>\n<p>S\u1ea3n ph\u1ea9m c\u00f2n \u0111\u01b0\u1ee3c trang b\u1ecb c\u00f4ng ngh\u1ec7 <strong>Flexomix<\/strong>, t\u0103ng l\u01b0\u1ee3ng n\u01b0\u1edbc n\u00f3ng \u0111\u1ea7u v\u00e0o, n\u00e2ng cao hi\u1ec7u su\u1ea5t l\u00e0m n\u00f3ng, gi\u00fap ng\u01b0\u1eddi d\u00f9ng c\u00f3 nhi\u1ec1u n\u01b0\u1edbc n\u00f3ng s\u1eed d\u1ee5ng h\u01a1n m\u00e0 kh\u00f4ng c\u1ea7n t\u1ed1n th\u00eam \u0111i\u1ec7n.<\/p>\n<h2>5. Ti\u1ec7n \u00edch v\u00e0 hi\u1ec7u su\u1ea5t v\u01b0\u1ee3t tr\u1ed9i<\/h2>\n<ul>\n<li><strong>N\u00fam \u0111i\u1ec1u ch\u1ec9nh nhi\u1ec7t \u0111\u1ed9 l\u1edbn<\/strong>: Cho ph\u00e9p ng\u01b0\u1eddi d\u00f9ng d\u1ec5 d\u00e0ng l\u1ef1a ch\u1ecdn nhi\u1ec7t \u0111\u1ed9 n\u01b0\u1edbc ph\u00f9 h\u1ee3p v\u1edbi nhu c\u1ea7u s\u1eed d\u1ee5ng.<\/li>\n<li><strong>V\u1ecf ch\u1ed1ng th\u1ea5m n\u01b0\u1edbc<\/strong>: B\u1ea3o v\u1ec7 m\u00e1y kh\u1ecfi \u1ea9m \u01b0\u1edbt v\u00e0 b\u1ee5i b\u1ea9n, n\u00e2ng cao \u0111\u1ed9 b\u1ec1n v\u00e0 \u0111\u1ea3m b\u1ea3o an to\u00e0n khi s\u1eed d\u1ee5ng.<\/li>\n<li><strong>5 bu l\u00f4ng m\u1eb7t b\u00edch<\/strong>: T\u0103ng c\u01b0\u1eddng \u0111\u1ed9 ch\u1eafc ch\u1eafn, n\u00e2ng cao kh\u1ea3 n\u0103ng ch\u1ecbu l\u1ef1c v\u00e0 \u00e1p su\u1ea5t c\u1ee7a b\u00ecnh ch\u1ee9a.<\/li>\n<\/ul>\n<h2>6. Th\u00f4ng s\u1ed1 k\u1ef9 thu\u1eadt<\/h2>\n<figure id=\"attachment_22863\" aria-describedby=\"caption-attachment-22863\" style=\"width: 1048px\" class=\"wp-caption alignnone\"><img loading=\"lazy\" decoding=\"async\" class=\"wp-image-22863 size-full\" src=\"https:\/\/livinghome.vn\/thiet-bi\/wp-content\/uploads\/2024\/11\/pro-r-40-50-80-100-kt.png\" alt=\"M\u00e1y N\u01b0\u1edbc N\u00f3ng Gi\u00e1n Ti\u1ebfp Ariston PRO R 40\/50\/80\/100\" width=\"1048\" height=\"728\" title=\"\" srcset=\"https:\/\/livinghome.vn\/thiet-bi\/wp-content\/uploads\/2024\/11\/pro-r-40-50-80-100-kt.png 1048w, https:\/\/livinghome.vn\/thiet-bi\/wp-content\/uploads\/2024\/11\/pro-r-40-50-80-100-kt-576x400.png 576w, https:\/\/livinghome.vn\/thiet-bi\/wp-content\/uploads\/2024\/11\/pro-r-40-50-80-100-kt-768x533.png 768w, https:\/\/livinghome.vn\/thiet-bi\/wp-content\/uploads\/2024\/11\/pro-r-40-50-80-100-kt-600x417.png 600w\" sizes=\"auto, (max-width: 1048px) 100vw, 1048px\" \/><figcaption id=\"caption-attachment-22863\" class=\"wp-caption-text\">M\u00e1y N\u01b0\u1edbc N\u00f3ng Gi\u00e1n Ti\u1ebfp Ariston PRO R 40\/50\/80\/100<\/figcaption><\/figure>\n<p>C\u00f2n ch\u1ea7n ch\u1edd g\u00ec n\u1eefa,\u00a0<a href=\"https:\/\/livinghome.vn\/\"><strong>Living Home Vi\u1ec7t Nam<\/strong><\/a><a href=\"http:\/\/livinghome.vn\/\">\u00a0<\/a>ch\u1eafc ch\u1eafn s\u1ebd l\u00e0m h\u00e0i l\u00f2ng nh\u1eefng t\u00edn \u0111\u1ed3 y\u00eau th\u00edch v\u00e0 \u0111am m\u00ea c\u00e1c thi\u1ebft b\u1ecb hi\u1ec7n \u0111\u1ea1i..<br \/>\n<strong>Th\u00f4ng tin li\u00ean h\u1ec7:<\/strong><\/p>\n<ul>\n<li>Showroom tr\u1ea3i nghi\u1ec7m v\u00e0 nh\u1eadn t\u1ef1 v\u1ea5n tr\u1ef1c ti\u1ebfp: 442A C\u1ed9ng H\u00f2a, Ph\u01b0\u1eddng 13, Qu\u1eadn T\u00e2n B\u00ecnh, H\u1ed3 Ch\u00ed Minh (c\u00f3 ch\u1ed7 \u0111\u1eadu \u00f4 t\u00f4 nh\u00e9)<\/li>\n<li>Google Maps d\u1eabn \u0111\u01b0\u1eddng:\u00a0<a href=\"https:\/\/maps.app.goo.gl\/RvTsXUvtt1QkdaQa9\" target=\"_blank\" rel=\"dofollow noopener\">XEM \u1ede \u0110\u00c2Y<\/a><\/li>\n<li>K\u00eanh Facebook th\u00f4ng tin c\u1eadp nh\u1eadt:\u00a0<a href=\"https:\/\/www.facebook.com\/noithatlivinghome\/\" target=\"_blank\" rel=\"dofollow noopener\">XEM \u1ede \u0110\u00c2Y<\/a><\/li>\n<li>K\u00eanh Youtube chuy\u00ean video s\u1ea3n ph\u1ea9m m\u1edbi nh\u1ea5t:\u00a0<a href=\"https:\/\/www.youtube.com\/channel\/UCi5ijFuCl-RA7xBGqPlfm4A\" target=\"_blank\" rel=\"dofollow noopener\">XEM \u1ede \u0110\u00c2Y<\/a><\/li>\n<li>K\u00eanh TikTok c\u1eadp nh\u1eadt xu h\u01b0\u1edbng m\u1edbi nh\u1ea5t:\u00a0<a href=\"https:\/\/www.tiktok.com\/@noithatlivinghome?_t=8rA3V9bAq8e&amp;_r=1\" target=\"_blank\" rel=\"dofollow noopener\">XEM \u1ede \u0110\u00c2Y<\/a><\/li>\n<\/ul>\n","protected":false},"excerpt":{"rendered":"<p>Gi\u1edbi thi\u1ec7u M\u00e1y N\u01b0\u1edbc N\u00f3ng Gi\u00e1n Ti\u1ebfp Ariston PRO R 40\/50\/80\/100 M\u00e1y N\u01b0\u1edbc N\u00f3ng Gi\u00e1n Ti\u1ebfp Ariston PRO R 40\/50\/80\/100 l\u00e0 d\u00f2ng s\u1ea3n ph\u1ea9m cao c\u1ea5p c\u1ee7a th\u01b0\u01a1ng hi\u1ec7u Ariston, mang \u0111\u1ebfn s\u1ef1 l\u1ef1a ch\u1ecdn ho\u00e0n h\u1ea3o cho nh\u1eefng gia \u0111\u00ecnh c\u00f3 nhu c\u1ea7u s\u1eed d\u1ee5ng n\u01b0\u1edbc n\u00f3ng l\u1edbn. V\u1edbi dung t\u00edch \u0111a d\u1ea1ng, t\u1eeb [&#8230;]\n","protected":false},"featured_media":22864,"comment_status":"open","ping_status":"closed","template":"","meta":[],"product_brand":[],"product_cat":[540,2054,1979,2052,2056],"product_tag":[541,1980,2053,2006,542],"class_list":{"0":"post-22862","1":"product","2":"type-product","3":"status-publish","4":"has-post-thumbnail","6":"product_cat-may-nong-lanh","7":"product_cat-may-nong-lanh-ariston","8":"product_cat-may-nuoc-nong","9":"product_cat-may-nuoc-nong-ariston","10":"product_cat-thuong-hieu-ariston","11":"product_tag-may-nong-lanh","12":"product_tag-may-nuoc-nong","13":"product_tag-may-nuoc-nong-ariston","14":"product_tag-may-nuoc-nong-gian-tiep","15":"product_tag-may-nuoc-nong-lanh","17":"first","18":"instock","19":"shipping-taxable","20":"product-type-simple"},"_links":{"self":[{"href":"https:\/\/livinghome.vn\/thiet-bi\/wp-json\/wp\/v2\/product\/22862","targetHints":{"allow":["GET"]}}],"collection":[{"href":"https:\/\/livinghome.vn\/thiet-bi\/wp-json\/wp\/v2\/product"}],"about":[{"href":"https:\/\/livinghome.vn\/thiet-bi\/wp-json\/wp\/v2\/types\/product"}],"replies":[{"embeddable":true,"href":"https:\/\/livinghome.vn\/thiet-bi\/wp-json\/wp\/v2\/comments?post=22862"}],"wp:featuredmedia":[{"embeddable":true,"href":"https:\/\/livinghome.vn\/thiet-bi\/wp-json\/wp\/v2\/media\/22864"}],"wp:attachment":[{"href":"https:\/\/livinghome.vn\/thiet-bi\/wp-json\/wp\/v2\/media?parent=22862"}],"wp:term":[{"taxonomy":"product_brand","embeddable":true,"href":"https:\/\/livinghome.vn\/thiet-bi\/wp-json\/wp\/v2\/product_brand?post=22862"},{"taxonomy":"product_cat","embeddable":true,"href":"https:\/\/livinghome.vn\/thiet-bi\/wp-json\/wp\/v2\/product_cat?post=22862"},{"taxonomy":"product_tag","embeddable":true,"href":"https:\/\/livinghome.vn\/thiet-bi\/wp-json\/wp\/v2\/product_tag?post=22862"}],"curies":[{"name":"wp","href":"https:\/\/api.w.org\/{rel}","templated":true}]}}