{"id":22857,"date":"2024-11-29T16:45:05","date_gmt":"2024-11-29T09:45:05","guid":{"rendered":"https:\/\/livinghome.vn\/thiet-bi\/?post_type=product&#038;p=22857"},"modified":"2024-12-11T11:31:00","modified_gmt":"2024-12-11T04:31:00","slug":"may-nuoc-nong-gian-tiep-ariston-andris-lux-6ue-be","status":"publish","type":"product","link":"https:\/\/livinghome.vn\/thiet-bi\/may-nuoc-nong-gian-tiep-ariston-andris-lux-6ue-be\/","title":{"rendered":"M\u00e1y N\u01b0\u1edbc N\u00f3ng Gi\u00e1n Ti\u1ebfp Ariston ANDRIS LUX 6UE\/BE"},"content":{"rendered":"<h1><strong>Gi\u1edbi thi\u1ec7u M\u00e1y N\u01b0\u1edbc N\u00f3ng Gi\u00e1n Ti\u1ebfp Ariston ANDRIS LUX 6UE\/BE<\/strong><\/h1>\n<p>M\u00e1y N\u01b0\u1edbc N\u00f3ng Gi\u00e1n Ti\u1ebfp Ariston ANDRIS LUX 6UE\/BE\u00a0l\u00e0 s\u1ea3n ph\u1ea9m mini cao c\u1ea5p, \u0111\u00e1p \u1ee9ng nhu c\u1ea7u s\u1eed d\u1ee5ng n\u01b0\u1edbc n\u00f3ng t\u1ea1i c\u00e1c kh\u00f4ng gian nh\u1ecf nh\u01b0 nh\u00e0 b\u1ebfp ho\u1eb7c nh\u00e0 v\u1ec7 sinh ph\u1ee5. V\u1edbi thi\u1ebft k\u1ebf nh\u1ecf g\u1ecdn, hi\u1ec7n \u0111\u1ea1i v\u00e0 t\u00edch h\u1ee3p c\u00f4ng ngh\u1ec7 ti\u00ean ti\u1ebfn, m\u00e1y mang \u0111\u1ebfn s\u1ef1 ti\u1ec7n nghi t\u1ed1i \u0111a v\u00e0 an to\u00e0n tuy\u1ec7t \u0111\u1ed1i cho ng\u01b0\u1eddi d\u00f9ng.<\/p>\n<h2>1. Th\u01b0\u01a1ng hi\u1ec7u Ariston \u2013 Uy t\u00edn t\u1eeb \u00dd<\/h2>\n<p>Ariston l\u00e0 th\u01b0\u01a1ng hi\u1ec7u n\u1ed5i ti\u1ebfng \u0111\u1ebfn t\u1eeb \u00dd, v\u1edbi g\u1ea7n 100 n\u0103m ph\u00e1t tri\u1ec3n v\u00e0 hi\u1ec7n di\u1ec7n t\u1ea1i h\u01a1n 150 qu\u1ed1c gia. S\u1ea3n ph\u1ea9m c\u1ee7a Ariston lu\u00f4n \u0111\u01b0\u1ee3c \u0111\u00e1nh gi\u00e1 cao v\u1ec1 ch\u1ea5t l\u01b0\u1ee3ng v\u00e0 \u0111\u1ed9 b\u1ec1n, \u0111\u00e1p \u1ee9ng nhu c\u1ea7u \u0111a d\u1ea1ng c\u1ee7a ng\u01b0\u1eddi ti\u00eau d\u00f9ng. M\u00e1y N\u01b0\u1edbc N\u00f3ng Gi\u00e1n Ti\u1ebfp Ariston ANDRIS LUX 6UE\/BE\u00a0\u0111\u01b0\u1ee3c s\u1ea3n xu\u1ea5t t\u1ea1i Vi\u1ec7t Nam theo ti\u00eau chu\u1ea9n qu\u1ed1c t\u1ebf, \u0111\u1ea3m b\u1ea3o ch\u1ea5t l\u01b0\u1ee3ng cao v\u00e0 ph\u00f9 h\u1ee3p v\u1edbi \u0111i\u1ec1u ki\u1ec7n s\u1eed d\u1ee5ng trong n\u01b0\u1edbc.<\/p>\n<figure id=\"attachment_22861\" aria-describedby=\"caption-attachment-22861\" style=\"width: 800px\" class=\"wp-caption alignnone\"><img loading=\"lazy\" decoding=\"async\" class=\"wp-image-22861 size-full\" src=\"https:\/\/livinghome.vn\/thiet-bi\/wp-content\/uploads\/2024\/11\/andris-lux-6uebe-avt.png\" alt=\"M\u00e1y N\u01b0\u1edbc N\u00f3ng Gi\u00e1n Ti\u1ebfp Ariston ANDRIS LUX 6UE\/BE\" width=\"800\" height=\"800\" title=\"\" srcset=\"https:\/\/livinghome.vn\/thiet-bi\/wp-content\/uploads\/2024\/11\/andris-lux-6uebe-avt.png 800w, https:\/\/livinghome.vn\/thiet-bi\/wp-content\/uploads\/2024\/11\/andris-lux-6uebe-avt-400x400.png 400w, https:\/\/livinghome.vn\/thiet-bi\/wp-content\/uploads\/2024\/11\/andris-lux-6uebe-avt-280x280.png 280w, https:\/\/livinghome.vn\/thiet-bi\/wp-content\/uploads\/2024\/11\/andris-lux-6uebe-avt-768x768.png 768w, https:\/\/livinghome.vn\/thiet-bi\/wp-content\/uploads\/2024\/11\/andris-lux-6uebe-avt-300x300.png 300w, https:\/\/livinghome.vn\/thiet-bi\/wp-content\/uploads\/2024\/11\/andris-lux-6uebe-avt-600x600.png 600w, https:\/\/livinghome.vn\/thiet-bi\/wp-content\/uploads\/2024\/11\/andris-lux-6uebe-avt-100x100.png 100w\" sizes=\"auto, (max-width: 800px) 100vw, 800px\" \/><figcaption id=\"caption-attachment-22861\" class=\"wp-caption-text\">M\u00e1y N\u01b0\u1edbc N\u00f3ng Gi\u00e1n Ti\u1ebfp Ariston ANDRIS LUX 6UE\/BE<\/figcaption><\/figure>\n<h2>2. Thi\u1ebft k\u1ebf nh\u1ecf g\u1ecdn, tinh t\u1ebf<\/h2>\n<p><strong>ANDRIS LUX 6UE\/BE<\/strong> s\u1edf h\u1eefu thi\u1ebft k\u1ebf nh\u1ecf g\u1ecdn, thanh l\u1ecbch, d\u1ec5 d\u00e0ng l\u1eafp \u0111\u1eb7t \u1edf nhi\u1ec1u v\u1ecb tr\u00ed nh\u01b0 ph\u00eda tr\u00ean ho\u1eb7c d\u01b0\u1edbi b\u1ed3n r\u1eeda. V\u1edbi ki\u1ec3u d\u00e1ng hi\u1ec7n \u0111\u1ea1i v\u00e0 m\u00e0u s\u1eafc trang nh\u00e3, s\u1ea3n ph\u1ea9m kh\u00f4ng ch\u1ec9 \u0111\u00e1p \u1ee9ng nhu c\u1ea7u s\u1eed d\u1ee5ng n\u01b0\u1edbc n\u00f3ng m\u00e0 c\u00f2n t\u1ea1o \u0111i\u1ec3m nh\u1ea5n th\u1ea9m m\u1ef9 cho kh\u00f4ng gian n\u1ed9i th\u1ea5t.<\/p>\n<h2>3. Hi\u1ec7u su\u1ea5t l\u00e0m n\u00f3ng nhanh v\u00e0 gi\u1eef nhi\u1ec7t l\u00e2u<\/h2>\n<p>M\u00e1y \u0111\u01b0\u1ee3c trang b\u1ecb thanh \u0111\u1ed1t l\u00e0m t\u1eeb 100% \u0111\u1ed3ng nguy\u00ean ch\u1ea5t, gi\u00fap:<\/p>\n<ul>\n<li><strong>L\u00e0m n\u00f3ng nhanh<\/strong>: Thanh \u0111\u1ed1t \u0111\u1ed3ng c\u00f3 kh\u1ea3 n\u0103ng truy\u1ec1n nhi\u1ec7t t\u1ed1t, r\u00fat ng\u1eafn th\u1eddi gian l\u00e0m n\u00f3ng n\u01b0\u1edbc.<\/li>\n<li><strong>B\u1ec1n b\u1ec9 v\u1edbi th\u1eddi gian<\/strong>: Thanh \u0111\u1ed1t \u0111\u1ed3ng ch\u1ed1ng b\u00e1m c\u1eb7n, gi\u00fap duy tr\u00ec hi\u1ec7u su\u1ea5t l\u00e0m n\u00f3ng \u1ed5n \u0111\u1ecbnh v\u00e0 k\u00e9o d\u00e0i tu\u1ed5i th\u1ecd s\u1ea3n ph\u1ea9m.<\/li>\n<\/ul>\n<p>Ngo\u00e0i ra, b\u00ecnh ch\u1ee9a n\u01b0\u1edbc c\u1ee7a <strong>ANDRIS LUX 6UE\/BE<\/strong> \u0111\u01b0\u1ee3c tr\u00e1ng men Titan si\u00eau b\u1ec1n, gi\u00fap:<\/p>\n<ul>\n<li><strong>Ch\u1ed1ng \u0103n m\u00f2n<\/strong>: Gi\u1ea3m thi\u1ec3u t\u00ecnh tr\u1ea1ng r\u00f2 r\u1ec9 n\u01b0\u1edbc, n\u00e2ng cao \u0111\u1ed9 b\u1ec1n c\u1ee7a b\u00ecnh ch\u1ee9a.<\/li>\n<li><strong>Gi\u1eef n\u01b0\u1edbc n\u00f3ng l\u00e2u<\/strong>: L\u1edbp c\u00e1ch nhi\u1ec7t m\u1eadt \u0111\u1ed9 cao HDI gi\u00fap gi\u1eef nhi\u1ec7t hi\u1ec7u qu\u1ea3, gi\u1ea3m th\u1ea5t tho\u00e1t nhi\u1ec7t v\u00e0 ti\u1ebft ki\u1ec7m \u0111i\u1ec7n n\u0103ng t\u1ed1i \u01b0u.<\/li>\n<\/ul>\n<figure id=\"attachment_22860\" aria-describedby=\"caption-attachment-22860\" style=\"width: 800px\" class=\"wp-caption alignnone\"><img loading=\"lazy\" decoding=\"async\" class=\"wp-image-22860 size-full\" src=\"https:\/\/livinghome.vn\/thiet-bi\/wp-content\/uploads\/2024\/11\/andris-lux-6uebe-1.png\" alt=\"M\u00e1y N\u01b0\u1edbc N\u00f3ng Gi\u00e1n Ti\u1ebfp Ariston ANDRIS LUX 6UE\/BE\" width=\"800\" height=\"524\" title=\"\" srcset=\"https:\/\/livinghome.vn\/thiet-bi\/wp-content\/uploads\/2024\/11\/andris-lux-6uebe-1.png 800w, https:\/\/livinghome.vn\/thiet-bi\/wp-content\/uploads\/2024\/11\/andris-lux-6uebe-1-611x400.png 611w, https:\/\/livinghome.vn\/thiet-bi\/wp-content\/uploads\/2024\/11\/andris-lux-6uebe-1-768x503.png 768w, https:\/\/livinghome.vn\/thiet-bi\/wp-content\/uploads\/2024\/11\/andris-lux-6uebe-1-600x393.png 600w\" sizes=\"auto, (max-width: 800px) 100vw, 800px\" \/><figcaption id=\"caption-attachment-22860\" class=\"wp-caption-text\">M\u00e1y N\u01b0\u1edbc N\u00f3ng Gi\u00e1n Ti\u1ebfp Ariston ANDRIS LUX 6UE\/BE<\/figcaption><\/figure>\n<h2>4. An to\u00e0n tuy\u1ec7t \u0111\u1ed1i v\u1edbi h\u1ec7 th\u1ed1ng b\u1ea3o v\u1ec7 \u0111a l\u1edbp<\/h2>\n<p>An to\u00e0n cho ng\u01b0\u1eddi s\u1eed d\u1ee5ng lu\u00f4n l\u00e0 ti\u00eau ch\u00ed h\u00e0ng \u0111\u1ea7u c\u1ee7a Ariston. M\u00e1y N\u01b0\u1edbc N\u00f3ng Gi\u00e1n Ti\u1ebfp Ariston ANDRIS LUX 6UE\/BE\u00a0\u0111\u01b0\u1ee3c trang b\u1ecb c\u00e1c t\u00ednh n\u0103ng an to\u00e0n v\u01b0\u1ee3t tr\u1ed9i:<\/p>\n<ul>\n<li><strong>C\u1ea7u dao ch\u1ed1ng gi\u1eadt ELCB<\/strong>: ELCB t\u1ef1 \u0111\u1ed9ng ng\u1eaft k\u1ebft n\u1ed1i ngu\u1ed3n \u0111i\u1ec7n khi ph\u00e1t hi\u1ec7n r\u00f2 r\u1ec9, ng\u0103n ng\u1eeba nguy c\u01a1 \u0111i\u1ec7n gi\u1eadt v\u00e0 ch\u00e1y n\u1ed5.<\/li>\n<li><strong>B\u1ed9 \u1ed5n \u0111\u1ecbnh nhi\u1ec7t TBST<\/strong>: B\u1ed9 c\u1ea3m bi\u1ebfn nhi\u1ec7t TBST gi\u00fap ki\u1ec3m so\u00e1t nhi\u1ec7t \u0111\u1ed9 n\u01b0\u1edbc ch\u00ednh x\u00e1c. Khi n\u01b0\u1edbc \u0111\u1ea1t \u0111\u1ebfn nhi\u1ec7t \u0111\u1ed9 c\u00e0i \u0111\u1eb7t, h\u1ec7 th\u1ed1ng s\u1ebd t\u1ef1 \u0111\u1ed9ng ng\u1eaft, tr\u00e1nh t\u00ecnh tr\u1ea1ng n\u01b0\u1edbc qu\u00e1 n\u00f3ng, b\u1ea3o v\u1ec7 ng\u01b0\u1eddi d\u00f9ng kh\u1ecfi nguy c\u01a1 b\u1ecfng.<\/li>\n<\/ul>\n<p>Ngo\u00e0i ra, <strong>van an to\u00e0n<\/strong> c\u1ee7a m\u00e1y s\u1ebd gi\u1ea3i ph\u00f3ng \u00e1p su\u1ea5t trong b\u00ecnh khi \u00e1p su\u1ea5t v\u01b0\u1ee3t qu\u00e1 m\u1ee9c cho ph\u00e9p, \u0111\u1ea3m b\u1ea3o an to\u00e0n t\u1ed1i \u0111a cho ng\u01b0\u1eddi d\u00f9ng.<\/p>\n<h2>5. Ti\u1ebft ki\u1ec7m n\u0103ng l\u01b0\u1ee3ng hi\u1ec7u qu\u1ea3<\/h2>\n<p>M\u00e1y N\u01b0\u1edbc N\u00f3ng Gi\u00e1n Ti\u1ebfp Ariston ANDRIS LUX 6UE\/BE \u0111\u1ea1t chu\u1ea9n ti\u1ebft ki\u1ec7m n\u0103ng l\u01b0\u1ee3ng v\u1edbi kh\u1ea3 n\u0103ng gi\u1eef n\u01b0\u1edbc n\u00f3ng l\u00e2u d\u00e0i, gi\u1ea3m thi\u1ec3u hao ph\u00ed \u0111i\u1ec7n n\u0103ng. Nh\u1edd l\u1edbp c\u00e1ch nhi\u1ec7t HDI v\u00e0 c\u00f4ng ngh\u1ec7 hi\u1ec7n \u0111\u1ea1i, s\u1ea3n ph\u1ea9m gi\u00fap gia \u0111\u00ecnh b\u1ea1n ti\u1ebft ki\u1ec7m \u0111\u00e1ng k\u1ec3 chi ph\u00ed \u0111i\u1ec7n h\u00e0ng th\u00e1ng m\u00e0 v\u1eabn \u0111\u1ea3m b\u1ea3o nhu c\u1ea7u s\u1eed d\u1ee5ng n\u01b0\u1edbc n\u00f3ng.<\/p>\n<h2>6. Th\u00f4ng s\u1ed1 k\u1ef9 thu\u1eadt<\/h2>\n<figure id=\"attachment_22858\" aria-describedby=\"caption-attachment-22858\" style=\"width: 1043px\" class=\"wp-caption alignnone\"><img loading=\"lazy\" decoding=\"async\" class=\"wp-image-22858 size-full\" src=\"https:\/\/livinghome.vn\/thiet-bi\/wp-content\/uploads\/2024\/11\/andris-lux-6uebe-kt.png\" alt=\"M\u00e1y N\u01b0\u1edbc N\u00f3ng Gi\u00e1n Ti\u1ebfp Ariston ANDRIS LUX 6UE\/BE\" width=\"1043\" height=\"723\" title=\"\" srcset=\"https:\/\/livinghome.vn\/thiet-bi\/wp-content\/uploads\/2024\/11\/andris-lux-6uebe-kt.png 1043w, https:\/\/livinghome.vn\/thiet-bi\/wp-content\/uploads\/2024\/11\/andris-lux-6uebe-kt-577x400.png 577w, https:\/\/livinghome.vn\/thiet-bi\/wp-content\/uploads\/2024\/11\/andris-lux-6uebe-kt-768x532.png 768w, https:\/\/livinghome.vn\/thiet-bi\/wp-content\/uploads\/2024\/11\/andris-lux-6uebe-kt-600x416.png 600w\" sizes=\"auto, (max-width: 1043px) 100vw, 1043px\" \/><figcaption id=\"caption-attachment-22858\" class=\"wp-caption-text\">M\u00e1y N\u01b0\u1edbc N\u00f3ng Gi\u00e1n Ti\u1ebfp Ariston ANDRIS LUX 6UE\/BE<\/figcaption><\/figure>\n<p>C\u00f2n ch\u1ea7n ch\u1edd g\u00ec n\u1eefa,\u00a0<a href=\"https:\/\/livinghome.vn\/\"><strong>Living Home Vi\u1ec7t Nam<\/strong><\/a><a href=\"http:\/\/livinghome.vn\/\">\u00a0<\/a>ch\u1eafc ch\u1eafn s\u1ebd l\u00e0m h\u00e0i l\u00f2ng nh\u1eefng t\u00edn \u0111\u1ed3 y\u00eau th\u00edch v\u00e0 \u0111am m\u00ea c\u00e1c thi\u1ebft b\u1ecb hi\u1ec7n \u0111\u1ea1i..<br \/>\n<strong>Th\u00f4ng tin li\u00ean h\u1ec7:<\/strong><\/p>\n<ul>\n<li>Showroom tr\u1ea3i nghi\u1ec7m v\u00e0 nh\u1eadn t\u1ef1 v\u1ea5n tr\u1ef1c ti\u1ebfp: 442A C\u1ed9ng H\u00f2a, Ph\u01b0\u1eddng 13, Qu\u1eadn T\u00e2n B\u00ecnh, H\u1ed3 Ch\u00ed Minh (c\u00f3 ch\u1ed7 \u0111\u1eadu \u00f4 t\u00f4 nh\u00e9)<\/li>\n<li>Google Maps d\u1eabn \u0111\u01b0\u1eddng:\u00a0<a href=\"https:\/\/maps.app.goo.gl\/RvTsXUvtt1QkdaQa9\" target=\"_blank\" rel=\"dofollow noopener\">XEM \u1ede \u0110\u00c2Y<\/a><\/li>\n<li>K\u00eanh Facebook th\u00f4ng tin c\u1eadp nh\u1eadt:\u00a0<a href=\"https:\/\/www.facebook.com\/noithatlivinghome\/\" target=\"_blank\" rel=\"dofollow noopener\">XEM \u1ede \u0110\u00c2Y<\/a><\/li>\n<li>K\u00eanh Youtube chuy\u00ean video s\u1ea3n ph\u1ea9m m\u1edbi nh\u1ea5t:\u00a0<a href=\"https:\/\/www.youtube.com\/channel\/UCi5ijFuCl-RA7xBGqPlfm4A\" target=\"_blank\" rel=\"dofollow noopener\">XEM \u1ede \u0110\u00c2Y<\/a><\/li>\n<li>K\u00eanh TikTok c\u1eadp nh\u1eadt xu h\u01b0\u1edbng m\u1edbi nh\u1ea5t:\u00a0<a href=\"https:\/\/www.tiktok.com\/@noithatlivinghome?_t=8rA3V9bAq8e&amp;_r=1\" target=\"_blank\" rel=\"dofollow noopener\">XEM \u1ede \u0110\u00c2Y<\/a><\/li>\n<\/ul>\n","protected":false},"excerpt":{"rendered":"<p>Gi\u1edbi thi\u1ec7u M\u00e1y N\u01b0\u1edbc N\u00f3ng Gi\u00e1n Ti\u1ebfp Ariston ANDRIS LUX 6UE\/BE M\u00e1y N\u01b0\u1edbc N\u00f3ng Gi\u00e1n Ti\u1ebfp Ariston ANDRIS LUX 6UE\/BE\u00a0l\u00e0 s\u1ea3n ph\u1ea9m mini cao c\u1ea5p, \u0111\u00e1p \u1ee9ng nhu c\u1ea7u s\u1eed d\u1ee5ng n\u01b0\u1edbc n\u00f3ng t\u1ea1i c\u00e1c kh\u00f4ng gian nh\u1ecf nh\u01b0 nh\u00e0 b\u1ebfp ho\u1eb7c nh\u00e0 v\u1ec7 sinh ph\u1ee5. V\u1edbi thi\u1ebft k\u1ebf nh\u1ecf g\u1ecdn, hi\u1ec7n \u0111\u1ea1i v\u00e0 t\u00edch [&#8230;]\n","protected":false},"featured_media":22861,"comment_status":"open","ping_status":"closed","template":"","meta":[],"product_brand":[],"product_cat":[540,2054,1979,2052,2056],"product_tag":[541,1980,2053,2006,542],"class_list":{"0":"post-22857","1":"product","2":"type-product","3":"status-publish","4":"has-post-thumbnail","6":"product_cat-may-nong-lanh","7":"product_cat-may-nong-lanh-ariston","8":"product_cat-may-nuoc-nong","9":"product_cat-may-nuoc-nong-ariston","10":"product_cat-thuong-hieu-ariston","11":"product_tag-may-nong-lanh","12":"product_tag-may-nuoc-nong","13":"product_tag-may-nuoc-nong-ariston","14":"product_tag-may-nuoc-nong-gian-tiep","15":"product_tag-may-nuoc-nong-lanh","17":"first","18":"instock","19":"shipping-taxable","20":"product-type-simple"},"_links":{"self":[{"href":"https:\/\/livinghome.vn\/thiet-bi\/wp-json\/wp\/v2\/product\/22857","targetHints":{"allow":["GET"]}}],"collection":[{"href":"https:\/\/livinghome.vn\/thiet-bi\/wp-json\/wp\/v2\/product"}],"about":[{"href":"https:\/\/livinghome.vn\/thiet-bi\/wp-json\/wp\/v2\/types\/product"}],"replies":[{"embeddable":true,"href":"https:\/\/livinghome.vn\/thiet-bi\/wp-json\/wp\/v2\/comments?post=22857"}],"wp:featuredmedia":[{"embeddable":true,"href":"https:\/\/livinghome.vn\/thiet-bi\/wp-json\/wp\/v2\/media\/22861"}],"wp:attachment":[{"href":"https:\/\/livinghome.vn\/thiet-bi\/wp-json\/wp\/v2\/media?parent=22857"}],"wp:term":[{"taxonomy":"product_brand","embeddable":true,"href":"https:\/\/livinghome.vn\/thiet-bi\/wp-json\/wp\/v2\/product_brand?post=22857"},{"taxonomy":"product_cat","embeddable":true,"href":"https:\/\/livinghome.vn\/thiet-bi\/wp-json\/wp\/v2\/product_cat?post=22857"},{"taxonomy":"product_tag","embeddable":true,"href":"https:\/\/livinghome.vn\/thiet-bi\/wp-json\/wp\/v2\/product_tag?post=22857"}],"curies":[{"name":"wp","href":"https:\/\/api.w.org\/{rel}","templated":true}]}}