{"id":22845,"date":"2024-11-29T16:19:37","date_gmt":"2024-11-29T09:19:37","guid":{"rendered":"https:\/\/livinghome.vn\/thiet-bi\/?post_type=product&#038;p=22845"},"modified":"2024-12-11T11:28:46","modified_gmt":"2024-12-11T04:28:46","slug":"may-nuoc-nong-gian-tiep-ariston-vitaly","status":"publish","type":"product","link":"https:\/\/livinghome.vn\/thiet-bi\/may-nuoc-nong-gian-tiep-ariston-vitaly\/","title":{"rendered":"M\u00e1y N\u01b0\u1edbc N\u00f3ng Gi\u00e1n Ti\u1ebfp Ariston VITALY"},"content":{"rendered":"<h1><strong>Gi\u1edbi thi\u1ec7u M\u00e1y N\u01b0\u1edbc N\u00f3ng Gi\u00e1n Ti\u1ebfp Ariston VITALY<\/strong><\/h1>\n<p>M\u00e1y N\u01b0\u1edbc N\u00f3ng Gi\u00e1n Ti\u1ebfp Ariston VITALY\u00a0l\u00e0 l\u1ef1a ch\u1ecdn ho\u00e0n h\u1ea3o cho nh\u1eefng gia \u0111\u00ecnh t\u00ecm ki\u1ebfm s\u1ea3n ph\u1ea9m ch\u1ea5t l\u01b0\u1ee3ng cao, an to\u00e0n v\u00e0 ti\u1ebft ki\u1ec7m n\u0103ng l\u01b0\u1ee3ng. \u0110\u01b0\u1ee3c thi\u1ebft k\u1ebf b\u1edfi chuy\u00ean gia \u00dd n\u1ed5i ti\u1ebfng <strong>Uberto Palermo<\/strong>, s\u1ea3n ph\u1ea9m kh\u00f4ng ch\u1ec9 mang \u0111\u1ebfn s\u1ef1 ti\u1ec7n nghi m\u00e0 c\u00f2n \u0111\u00e1p \u1ee9ng ti\u00eau chu\u1ea9n th\u1ea9m m\u1ef9 tinh t\u1ebf, sang tr\u1ecdng cho kh\u00f4ng gian nh\u00e0 b\u1ea1n.<\/p>\n<h2>1. Kh\u1ea3 n\u0103ng l\u00e0m n\u00f3ng nhanh v\u00e0 hi\u1ec7u qu\u1ea3 v\u01b0\u1ee3t tr\u1ed9i<\/h2>\n<p>M\u1ed9t trong nh\u1eefng \u01b0u \u0111i\u1ec3m n\u1ed5i b\u1eadt c\u1ee7a M\u00e1y N\u01b0\u1edbc N\u00f3ng Gi\u00e1n Ti\u1ebfp Ariston VITALY\u00a0l\u00e0 thanh \u0111\u1ed1t \u0111\u01b0\u1ee3c l\u00e0m t\u1eeb 100% \u0111\u1ed3ng nguy\u00ean ch\u1ea5t. Thanh \u0111\u1ed1t n\u00e0y kh\u00f4ng ch\u1ec9 \u0111\u1ea3m b\u1ea3o kh\u1ea3 n\u0103ng l\u00e0m n\u00f3ng nhanh ch\u00f3ng m\u00e0 c\u00f2n c\u00f3 \u0111\u1ed9 b\u1ec1n v\u01b0\u1ee3t tr\u1ed9i, gi\u00fap gia \u0111\u00ecnh b\u1ea1n s\u1eed d\u1ee5ng l\u00e2u d\u00e0i m\u00e0 kh\u00f4ng lo h\u1ecfng h\u00f3c. \u0110\u1ed3ng th\u1eddi, dung t\u00edch b\u00ecnh ch\u1ee9a 15 l\u00edt \u0111\u00fang cam k\u1ebft mang l\u1ea1i s\u1ef1 y\u00ean t\u00e2m tuy\u1ec7t \u0111\u1ed1i v\u1ec1 ch\u1ea5t l\u01b0\u1ee3ng v\u00e0 hi\u1ec7u su\u1ea5t.<\/p>\n<figure id=\"attachment_22849\" aria-describedby=\"caption-attachment-22849\" style=\"width: 800px\" class=\"wp-caption alignnone\"><img loading=\"lazy\" decoding=\"async\" class=\"wp-image-22849 size-full\" src=\"https:\/\/livinghome.vn\/thiet-bi\/wp-content\/uploads\/2024\/11\/vitaly-1.png\" alt=\"M\u00e1y N\u01b0\u1edbc N\u00f3ng Gi\u00e1n Ti\u1ebfp Ariston VITALY\" width=\"800\" height=\"800\" title=\"\" srcset=\"https:\/\/livinghome.vn\/thiet-bi\/wp-content\/uploads\/2024\/11\/vitaly-1.png 800w, https:\/\/livinghome.vn\/thiet-bi\/wp-content\/uploads\/2024\/11\/vitaly-1-400x400.png 400w, https:\/\/livinghome.vn\/thiet-bi\/wp-content\/uploads\/2024\/11\/vitaly-1-280x280.png 280w, https:\/\/livinghome.vn\/thiet-bi\/wp-content\/uploads\/2024\/11\/vitaly-1-768x768.png 768w, https:\/\/livinghome.vn\/thiet-bi\/wp-content\/uploads\/2024\/11\/vitaly-1-300x300.png 300w, https:\/\/livinghome.vn\/thiet-bi\/wp-content\/uploads\/2024\/11\/vitaly-1-600x600.png 600w, https:\/\/livinghome.vn\/thiet-bi\/wp-content\/uploads\/2024\/11\/vitaly-1-100x100.png 100w\" sizes=\"auto, (max-width: 800px) 100vw, 800px\" \/><figcaption id=\"caption-attachment-22849\" class=\"wp-caption-text\">M\u00e1y N\u01b0\u1edbc N\u00f3ng Gi\u00e1n Ti\u1ebfp Ariston VITALY<\/figcaption><\/figure>\n<h2>2. L\u1edbp c\u00e1ch nhi\u1ec7t m\u1eadt \u0111\u1ed9 cao HDI gi\u1eef nhi\u1ec7t l\u00e2u d\u00e0i<\/h2>\n<p>S\u1ea3n ph\u1ea9m \u0111\u01b0\u1ee3c trang b\u1ecb l\u1edbp c\u00e1ch nhi\u1ec7t m\u1eadt \u0111\u1ed9 cao HDI, gi\u00fap gi\u1eef n\u01b0\u1edbc n\u00f3ng trong th\u1eddi gian d\u00e0i, h\u1ea1n ch\u1ebf th\u1ea5t tho\u00e1t nhi\u1ec7t v\u00e0 ti\u1ebft ki\u1ec7m \u0111i\u1ec7n n\u0103ng t\u1ed1i \u0111a. Nh\u1edd v\u1eady, M\u00e1y N\u01b0\u1edbc N\u00f3ng Gi\u00e1n Ti\u1ebfp Ariston VITALY\u00a0kh\u00f4ng ch\u1ec9 mang l\u1ea1i s\u1ef1 ti\u1ec7n l\u1ee3i m\u00e0 c\u00f2n gi\u00fap gi\u1ea3m chi ph\u00ed s\u1eed d\u1ee5ng \u0111i\u1ec7n h\u00e0ng th\u00e1ng.<\/p>\n<h2>3. H\u1ec7 th\u1ed1ng an to\u00e0n \u0111\u1ed3ng b\u1ed9 TSS \u2013 B\u1ea3o v\u1ec7 ng\u01b0\u1eddi d\u00f9ng tuy\u1ec7t \u0111\u1ed1i<\/h2>\n<p>An to\u00e0n l\u00e0 y\u1ebfu t\u1ed1 quan tr\u1ecdng h\u00e0ng \u0111\u1ea7u khi s\u1eed d\u1ee5ng m\u00e1y n\u01b0\u1edbc n\u00f3ng. M\u00e1y N\u01b0\u1edbc N\u00f3ng Gi\u00e1n Ti\u1ebfp Ariston VITALY\u00a0\u0111\u01b0\u1ee3c t\u00edch h\u1ee3p <strong>h\u1ec7 th\u1ed1ng an to\u00e0n \u0111\u1ed3ng b\u1ed9 TSS<\/strong>, bao g\u1ed3m:<\/p>\n<ul>\n<li><strong>C\u1ea7u dao ch\u1ed1ng gi\u1eadt ELCB<\/strong>: Ng\u1eaft ngu\u1ed3n \u0111i\u1ec7n ngay l\u1eadp t\u1ee9c khi ph\u00e1t hi\u1ec7n s\u1ef1 c\u1ed1 r\u00f2 r\u1ec9 \u0111i\u1ec7n, \u0111\u1ea3m b\u1ea3o an to\u00e0n cho ng\u01b0\u1eddi s\u1eed d\u1ee5ng.<\/li>\n<li><strong>B\u1ed9 \u0111i\u1ec1u ch\u1ec9nh nhi\u1ec7t TBSE<\/strong>: T\u1ef1 \u0111\u1ed9ng ng\u1eaft qu\u00e1 tr\u00ecnh gia nhi\u1ec7t khi n\u01b0\u1edbc \u0111\u1ea1t \u0111\u1ebfn nhi\u1ec7t \u0111\u1ed9 c\u00e0i \u0111\u1eb7t, tr\u00e1nh nguy c\u01a1 qu\u00e1 nhi\u1ec7t.<\/li>\n<li><strong>Van an to\u00e0n<\/strong>: Gi\u1ea3i ph\u00f3ng \u00e1p su\u1ea5t n\u01b0\u1edbc khi v\u01b0\u1ee3t qu\u00e1 m\u1ee9c cho ph\u00e9p, b\u1ea3o v\u1ec7 b\u00ecnh ch\u1ee9a v\u00e0 ng\u01b0\u1eddi d\u00f9ng kh\u1ecfi c\u00e1c s\u1ef1 c\u1ed1 do \u00e1p su\u1ea5t cao.<\/li>\n<\/ul>\n<p>H\u1ec7 th\u1ed1ng n\u00e0y gi\u00fap b\u1ea1n v\u00e0 gia \u0111\u00ecnh an t\u00e2m tuy\u1ec7t \u0111\u1ed1i khi s\u1eed d\u1ee5ng, t\u1eadn h\u01b0\u1edfng nh\u1eefng ph\u00fat gi\u00e2y th\u01b0 gi\u00e3n tho\u1ea3i m\u00e1i v\u1edbi n\u01b0\u1edbc n\u00f3ng m\u00e0 kh\u00f4ng lo l\u1eafng v\u1ec1 r\u1ee7i ro.<\/p>\n<figure id=\"attachment_22850\" aria-describedby=\"caption-attachment-22850\" style=\"width: 800px\" class=\"wp-caption alignnone\"><img loading=\"lazy\" decoding=\"async\" class=\"wp-image-22850 size-full\" src=\"https:\/\/livinghome.vn\/thiet-bi\/wp-content\/uploads\/2024\/11\/vitaly-avt.png\" alt=\"M\u00e1y N\u01b0\u1edbc N\u00f3ng Gi\u00e1n Ti\u1ebfp Ariston VITALY\" width=\"800\" height=\"800\" title=\"\" srcset=\"https:\/\/livinghome.vn\/thiet-bi\/wp-content\/uploads\/2024\/11\/vitaly-avt.png 800w, https:\/\/livinghome.vn\/thiet-bi\/wp-content\/uploads\/2024\/11\/vitaly-avt-400x400.png 400w, https:\/\/livinghome.vn\/thiet-bi\/wp-content\/uploads\/2024\/11\/vitaly-avt-280x280.png 280w, https:\/\/livinghome.vn\/thiet-bi\/wp-content\/uploads\/2024\/11\/vitaly-avt-768x768.png 768w, https:\/\/livinghome.vn\/thiet-bi\/wp-content\/uploads\/2024\/11\/vitaly-avt-300x300.png 300w, https:\/\/livinghome.vn\/thiet-bi\/wp-content\/uploads\/2024\/11\/vitaly-avt-600x600.png 600w, https:\/\/livinghome.vn\/thiet-bi\/wp-content\/uploads\/2024\/11\/vitaly-avt-100x100.png 100w\" sizes=\"auto, (max-width: 800px) 100vw, 800px\" \/><figcaption id=\"caption-attachment-22850\" class=\"wp-caption-text\">M\u00e1y N\u01b0\u1edbc N\u00f3ng Gi\u00e1n Ti\u1ebfp Ariston VITALY<\/figcaption><\/figure>\n<h2>4. C\u00f4ng ngh\u1ec7 b\u00ecnh ch\u1ee9a tr\u00e1ng men Titan \u2013 B\u1ec1n b\u1ec9 v\u00e0 ch\u1ea5t l\u01b0\u1ee3ng cao<\/h2>\n<p>B\u00ecnh ch\u1ee9a c\u1ee7a <strong>m\u00e1y n\u01b0\u1edbc n\u00f3ng gi\u00e1n ti\u1ebfp VITALY<\/strong> \u0111\u01b0\u1ee3c tr\u00e1ng men Titan cao c\u1ea5p, gi\u00fap ch\u1ed1ng \u0103n m\u00f2n hi\u1ec7u qu\u1ea3, gia t\u0103ng tu\u1ed5i th\u1ecd v\u00e0 \u0111\u1ea3m b\u1ea3o ngu\u1ed3n n\u01b0\u1edbc lu\u00f4n s\u1ea1ch s\u1ebd, an to\u00e0n cho s\u1ee9c kh\u1ecfe ng\u01b0\u1eddi d\u00f9ng. C\u00f4ng ngh\u1ec7 n\u00e0y c\u0169ng gi\u00fap b\u00ecnh ch\u1ee9a ch\u1ecbu \u0111\u01b0\u1ee3c \u00e1p l\u1ef1c n\u01b0\u1edbc l\u1edbn, mang l\u1ea1i \u0111\u1ed9 b\u1ec1n v\u01b0\u1ee3t tr\u1ed9i.<\/p>\n<h2>5. Thi\u1ebft k\u1ebf \u0111\u1eb3ng c\u1ea5p t\u1eeb chuy\u00ean gia \u00dd<\/h2>\n<p>S\u1ea3n ph\u1ea9m \u0111\u01b0\u1ee3c thi\u1ebft k\u1ebf b\u1edfi <strong>Uberto Palermo<\/strong>, mang phong c\u00e1ch hi\u1ec7n \u0111\u1ea1i v\u00e0 sang tr\u1ecdng. V\u1edbi ki\u1ec3u d\u00e1ng nh\u1ecf g\u1ecdn, tinh t\u1ebf, <strong>m\u00e1y n\u01b0\u1edbc n\u00f3ng gi\u00e1n ti\u1ebfp VITALY<\/strong> d\u1ec5 d\u00e0ng l\u1eafp \u0111\u1eb7t trong nhi\u1ec1u kh\u00f4ng gian kh\u00e1c nhau, t\u1eeb ph\u00f2ng t\u1eafm gia \u0111\u00ecnh \u0111\u1ebfn kh\u00e1ch s\u1ea1n, khu ngh\u1ec9 d\u01b0\u1ee1ng.<\/p>\n<h2>6. Ti\u1ebft ki\u1ec7m n\u0103ng l\u01b0\u1ee3ng v\u1edbi chu\u1ea9n 5 sao<\/h2>\n<p>M\u00e1y N\u01b0\u1edbc N\u00f3ng Gi\u00e1n Ti\u1ebfp Ariston VITALY \u0111\u1ea1t chu\u1ea9n ti\u1ebft ki\u1ec7m n\u0103ng l\u01b0\u1ee3ng 5 sao, gi\u00fap b\u1ea1n s\u1eed d\u1ee5ng n\u01b0\u1edbc n\u00f3ng tho\u1ea3i m\u00e1i m\u00e0 v\u1eabn gi\u1ea3m thi\u1ec3u chi ph\u00ed \u0111i\u1ec7n n\u0103ng. \u0110\u00e2y l\u00e0 \u0111i\u1ec3m c\u1ed9ng l\u1edbn cho nh\u1eefng ai quan t\u00e2m \u0111\u1ebfn v\u1ea5n \u0111\u1ec1 kinh t\u1ebf v\u00e0 b\u1ea3o v\u1ec7 m\u00f4i tr\u01b0\u1eddng.<\/p>\n<h2>7. Th\u00f4ng s\u1ed1 k\u1ef9 thu\u1eadt<\/h2>\n<figure id=\"attachment_22848\" aria-describedby=\"caption-attachment-22848\" style=\"width: 1042px\" class=\"wp-caption alignnone\"><img loading=\"lazy\" decoding=\"async\" class=\"wp-image-22848 size-full\" src=\"https:\/\/livinghome.vn\/thiet-bi\/wp-content\/uploads\/2024\/11\/vitaly-kt.png\" alt=\"M\u00e1y N\u01b0\u1edbc N\u00f3ng Gi\u00e1n Ti\u1ebfp Ariston VITALY\" width=\"1042\" height=\"728\" title=\"\" srcset=\"https:\/\/livinghome.vn\/thiet-bi\/wp-content\/uploads\/2024\/11\/vitaly-kt.png 1042w, https:\/\/livinghome.vn\/thiet-bi\/wp-content\/uploads\/2024\/11\/vitaly-kt-573x400.png 573w, https:\/\/livinghome.vn\/thiet-bi\/wp-content\/uploads\/2024\/11\/vitaly-kt-768x537.png 768w, https:\/\/livinghome.vn\/thiet-bi\/wp-content\/uploads\/2024\/11\/vitaly-kt-600x419.png 600w\" sizes=\"auto, (max-width: 1042px) 100vw, 1042px\" \/><figcaption id=\"caption-attachment-22848\" class=\"wp-caption-text\">M\u00e1y N\u01b0\u1edbc N\u00f3ng Gi\u00e1n Ti\u1ebfp Ariston VITALY<\/figcaption><\/figure>\n<p>C\u00f2n ch\u1ea7n ch\u1edd g\u00ec n\u1eefa,\u00a0<a href=\"https:\/\/livinghome.vn\/\"><strong>Living Home Vi\u1ec7t Nam<\/strong><\/a><a href=\"http:\/\/livinghome.vn\/\">\u00a0<\/a>ch\u1eafc ch\u1eafn s\u1ebd l\u00e0m h\u00e0i l\u00f2ng nh\u1eefng t\u00edn \u0111\u1ed3 y\u00eau th\u00edch v\u00e0 \u0111am m\u00ea c\u00e1c thi\u1ebft b\u1ecb hi\u1ec7n \u0111\u1ea1i..<br \/>\n<strong>Th\u00f4ng tin li\u00ean h\u1ec7:<\/strong><\/p>\n<ul>\n<li>Showroom tr\u1ea3i nghi\u1ec7m v\u00e0 nh\u1eadn t\u1ef1 v\u1ea5n tr\u1ef1c ti\u1ebfp: 442A C\u1ed9ng H\u00f2a, Ph\u01b0\u1eddng 13, Qu\u1eadn T\u00e2n B\u00ecnh, H\u1ed3 Ch\u00ed Minh (c\u00f3 ch\u1ed7 \u0111\u1eadu \u00f4 t\u00f4 nh\u00e9)<\/li>\n<li>Google Maps d\u1eabn \u0111\u01b0\u1eddng:\u00a0<a href=\"https:\/\/maps.app.goo.gl\/RvTsXUvtt1QkdaQa9\" target=\"_blank\" rel=\"dofollow noopener\">XEM \u1ede \u0110\u00c2Y<\/a><\/li>\n<li>K\u00eanh Facebook th\u00f4ng tin c\u1eadp nh\u1eadt:\u00a0<a href=\"https:\/\/www.facebook.com\/noithatlivinghome\/\" target=\"_blank\" rel=\"dofollow noopener\">XEM \u1ede \u0110\u00c2Y<\/a><\/li>\n<li>K\u00eanh Youtube chuy\u00ean video s\u1ea3n ph\u1ea9m m\u1edbi nh\u1ea5t:\u00a0<a href=\"https:\/\/www.youtube.com\/channel\/UCi5ijFuCl-RA7xBGqPlfm4A\" target=\"_blank\" rel=\"dofollow noopener\">XEM \u1ede \u0110\u00c2Y<\/a><\/li>\n<li>K\u00eanh TikTok c\u1eadp nh\u1eadt xu h\u01b0\u1edbng m\u1edbi nh\u1ea5t:\u00a0<a href=\"https:\/\/www.tiktok.com\/@noithatlivinghome?_t=8rA3V9bAq8e&amp;_r=1\" target=\"_blank\" rel=\"dofollow noopener\">XEM \u1ede \u0110\u00c2Y<\/a><\/li>\n<\/ul>\n","protected":false},"excerpt":{"rendered":"<p>Gi\u1edbi thi\u1ec7u M\u00e1y N\u01b0\u1edbc N\u00f3ng Gi\u00e1n Ti\u1ebfp Ariston VITALY M\u00e1y N\u01b0\u1edbc N\u00f3ng Gi\u00e1n Ti\u1ebfp Ariston VITALY\u00a0l\u00e0 l\u1ef1a ch\u1ecdn ho\u00e0n h\u1ea3o cho nh\u1eefng gia \u0111\u00ecnh t\u00ecm ki\u1ebfm s\u1ea3n ph\u1ea9m ch\u1ea5t l\u01b0\u1ee3ng cao, an to\u00e0n v\u00e0 ti\u1ebft ki\u1ec7m n\u0103ng l\u01b0\u1ee3ng. \u0110\u01b0\u1ee3c thi\u1ebft k\u1ebf b\u1edfi chuy\u00ean gia \u00dd n\u1ed5i ti\u1ebfng Uberto Palermo, s\u1ea3n ph\u1ea9m kh\u00f4ng ch\u1ec9 mang \u0111\u1ebfn [&#8230;]\n","protected":false},"featured_media":22850,"comment_status":"open","ping_status":"closed","template":"","meta":[],"product_brand":[],"product_cat":[540,2054,1979,2052,2056],"product_tag":[1980,2053,2006,542],"class_list":{"0":"post-22845","1":"product","2":"type-product","3":"status-publish","4":"has-post-thumbnail","6":"product_cat-may-nong-lanh","7":"product_cat-may-nong-lanh-ariston","8":"product_cat-may-nuoc-nong","9":"product_cat-may-nuoc-nong-ariston","10":"product_cat-thuong-hieu-ariston","11":"product_tag-may-nuoc-nong","12":"product_tag-may-nuoc-nong-ariston","13":"product_tag-may-nuoc-nong-gian-tiep","14":"product_tag-may-nuoc-nong-lanh","16":"first","17":"instock","18":"shipping-taxable","19":"product-type-simple"},"_links":{"self":[{"href":"https:\/\/livinghome.vn\/thiet-bi\/wp-json\/wp\/v2\/product\/22845","targetHints":{"allow":["GET"]}}],"collection":[{"href":"https:\/\/livinghome.vn\/thiet-bi\/wp-json\/wp\/v2\/product"}],"about":[{"href":"https:\/\/livinghome.vn\/thiet-bi\/wp-json\/wp\/v2\/types\/product"}],"replies":[{"embeddable":true,"href":"https:\/\/livinghome.vn\/thiet-bi\/wp-json\/wp\/v2\/comments?post=22845"}],"wp:featuredmedia":[{"embeddable":true,"href":"https:\/\/livinghome.vn\/thiet-bi\/wp-json\/wp\/v2\/media\/22850"}],"wp:attachment":[{"href":"https:\/\/livinghome.vn\/thiet-bi\/wp-json\/wp\/v2\/media?parent=22845"}],"wp:term":[{"taxonomy":"product_brand","embeddable":true,"href":"https:\/\/livinghome.vn\/thiet-bi\/wp-json\/wp\/v2\/product_brand?post=22845"},{"taxonomy":"product_cat","embeddable":true,"href":"https:\/\/livinghome.vn\/thiet-bi\/wp-json\/wp\/v2\/product_cat?post=22845"},{"taxonomy":"product_tag","embeddable":true,"href":"https:\/\/livinghome.vn\/thiet-bi\/wp-json\/wp\/v2\/product_tag?post=22845"}],"curies":[{"name":"wp","href":"https:\/\/api.w.org\/{rel}","templated":true}]}}