{"id":22796,"date":"2024-11-29T14:52:22","date_gmt":"2024-11-29T07:52:22","guid":{"rendered":"https:\/\/livinghome.vn\/thiet-bi\/?post_type=product&#038;p=22796"},"modified":"2024-12-11T11:25:00","modified_gmt":"2024-12-11T04:25:00","slug":"may-nuoc-nong-gian-tiep-ariston-andris2-lux-d","status":"publish","type":"product","link":"https:\/\/livinghome.vn\/thiet-bi\/may-nuoc-nong-gian-tiep-ariston-andris2-lux-d\/","title":{"rendered":"M\u00e1y N\u01b0\u1edbc N\u00f3ng Gi\u00e1n Ti\u1ebfp Ariston ANDRIS2 LUX-D"},"content":{"rendered":"<h1><strong>Gi\u1edbi thi\u1ec7u M\u00e1y N\u01b0\u1edbc N\u00f3ng Gi\u00e1n Ti\u1ebfp Ariston ANDRIS2 LUX-D<\/strong><\/h1>\n<p>N\u00e2ng c\u1ea5p h\u1ec7 th\u1ed1ng an to\u00e0n c\u00f9ng nh\u1eefng t\u00ednh n\u0103ng th\u00f4ng minh, t\u1ed1i \u01b0u h\u00f3a ti\u1ebft ki\u1ec7m \u0111i\u1ec7n n\u0103ng, b\u1ea3o v\u1ec7 s\u1ee9c kh\u1ecfe<\/p>\n<ul>\n<li>Thanh \u0111\u1ed1t 100% \u0111\u1ed3ng, cho \u0111\u1ed9 b\u1ec1n v\u01b0\u1ee3t tr\u1ed9i, kh\u1ea3 n\u0103ng l\u00e0m n\u00f3ng nhanh v\u00e0 hi\u1ec7u qu\u1ea3<\/li>\n<li>Vi m\u1ea1ch ch\u1ee7 \u0111\u1ed9ng ki\u1ec3m so\u00e1t\u00a0an to\u00e0n 3D\u00a0b\u1ea3o \u0111\u1ea3m an to\u00e0n tuy\u1ec7t \u0111\u1ed1i khi s\u1eed d\u1ee5ng<\/li>\n<li>C\u00f4ng ngh\u1ec7 ECO EVO &#8211; ph\u00e2n t\u00edch th\u00f3i quen v\u00e0 \u0111i\u1ec3u ch\u1ec9nh\u00a0nhi\u1ec7t \u0111\u1ed9 th\u00f4ng minh chu\u1ea9n ch\u00e2u \u00c2u, ti\u1ebft ki\u1ec7m 14% \u0111i\u1ec7n n\u0103ng<\/li>\n<li>N\u00fam v\u1eb7n \u0111i\u1ec1u ch\u1ec9nh nhi\u1ec7t \u0111\u1ed9 theo \u00fd mu\u1ed1n<\/li>\n<li>L\u1edbp c\u00e1ch nhi\u1ec7t m\u1eadt \u0111\u1ed9 cao HDI, gi\u1eef n\u01b0\u1edbc n\u00f3ng l\u00ean \u0111\u1ebfn 48 ti\u1ebfng<\/li>\n<li>Hi\u1ec3n th\u1ecb nhi\u1ec7t \u0111\u1ed9 an to\u00e0n khuy\u00ean d\u00f9ng<\/li>\n<li>B\u1ed9 \u1ed5n \u0111\u1ecbnh nhi\u1ec7t \u0111i\u1ec7n t\u1eed TBSE<\/li>\n<li>M\u00e1y N\u01b0\u1edbc N\u00f3ng Gi\u00e1n Ti\u1ebfp Ariston ANDRIS2 LUX-D Ti\u1ebft ki\u1ec7m n\u0103ng l\u01b0\u1ee3ng t\u1ed1i \u0111a v\u1edbi chu\u1ea9n 5 sao<\/li>\n<li>Dung t\u00edch th\u1eadt \u0111\u00fang cam k\u1ebft, \u0111\u1ea3m b\u1ea3o gi\u00e1 tr\u1ecb cho ng\u01b0\u1eddi ti\u00eau d\u00f9ng<\/li>\n<li>C\u00f4ng ngh\u1ec7 b\u00ecnh ch\u1ee9a tr\u00e1ng men Titan<\/li>\n<li>B\u1ea3o hi\u1ec3m an to\u00e0n cho ng\u01b0\u1eddi d\u00f9ng<\/li>\n<\/ul>\n<figure id=\"attachment_22798\" aria-describedby=\"caption-attachment-22798\" style=\"width: 800px\" class=\"wp-caption alignnone\"><img loading=\"lazy\" decoding=\"async\" class=\"wp-image-22798 size-full\" src=\"https:\/\/livinghome.vn\/thiet-bi\/wp-content\/uploads\/2024\/11\/andris2-lux-d-avt.png\" alt=\"M\u00e1y N\u01b0\u1edbc N\u00f3ng Gi\u00e1n Ti\u1ebfp Ariston ANDRIS2 LUX-D\" width=\"800\" height=\"800\" title=\"\" srcset=\"https:\/\/livinghome.vn\/thiet-bi\/wp-content\/uploads\/2024\/11\/andris2-lux-d-avt.png 800w, https:\/\/livinghome.vn\/thiet-bi\/wp-content\/uploads\/2024\/11\/andris2-lux-d-avt-400x400.png 400w, https:\/\/livinghome.vn\/thiet-bi\/wp-content\/uploads\/2024\/11\/andris2-lux-d-avt-280x280.png 280w, https:\/\/livinghome.vn\/thiet-bi\/wp-content\/uploads\/2024\/11\/andris2-lux-d-avt-768x768.png 768w, https:\/\/livinghome.vn\/thiet-bi\/wp-content\/uploads\/2024\/11\/andris2-lux-d-avt-300x300.png 300w, https:\/\/livinghome.vn\/thiet-bi\/wp-content\/uploads\/2024\/11\/andris2-lux-d-avt-600x600.png 600w, https:\/\/livinghome.vn\/thiet-bi\/wp-content\/uploads\/2024\/11\/andris2-lux-d-avt-100x100.png 100w\" sizes=\"auto, (max-width: 800px) 100vw, 800px\" \/><figcaption id=\"caption-attachment-22798\" class=\"wp-caption-text\">M\u00e1y N\u01b0\u1edbc N\u00f3ng Gi\u00e1n Ti\u1ebfp Ariston ANDRIS2 LUX-D<\/figcaption><\/figure>\n<h2><label for=\"ARISTON_icon-I18.jpg image1\">1.THANH \u0110\u1ed0T 100% \u0110\u1ed2NG<\/label><\/h2>\n<p>L\u00e0 chuy\u00ean gia h\u00e0ng \u0111\u1ea7u tr\u00ean th\u1ebf gi\u1edbi trong l\u0129nh v\u1ef1c gia nhi\u1ec7t, Ariston hi\u1ec3u r\u1eb1ng t\u1ea7m quan tr\u1ecdng c\u1ee7a thanh \u0111\u1ed1t \u0111\u01b0\u1ee3c v\u00ed nh\u01b0 tr\u00e1i tim c\u1ee7a con ng\u01b0\u1eddi. M\u00e1y N\u01b0\u1edbc N\u00f3ng Gi\u00e1n Ti\u1ebfp Ariston ANDRIS2 LUX-D s\u1eed d\u1ee5ng thanh \u0111\u1ed1t 100% \u0111\u1ed3ng, mang l\u1ea1i hi\u1ec7u qu\u1ea3 l\u00e0m n\u00f3ng nhanh v\u00e0 b\u1ec1n b\u1ec9 v\u1edbi th\u1eddi gian. B\u1ea1n ho\u00e0n to\u00e0n c\u00f3 th\u1ec3 y\u00ean t\u00e2m v\u1edbi \u0111\u1ed9 b\u1ec1n v\u01b0\u1ee3t tr\u1ed9i c\u1ee7a b\u00ecnh n\u01b0\u1edbc n\u00f3ng Ariston.<\/p>\n<h2><label for=\"ARISTON_icon-I26.jpg image2\">2. VI M\u1ea0CH CH\u1ee6 \u0110\u1ed8NG KI\u1ec2M SO\u00c1T AN TO\u00c0N 3D<\/label><\/h2>\n<p>Nh\u1eb1m t\u0103ng c\u01b0\u1eddng b\u1ea3o v\u1ec7 cho ng\u01b0\u1eddi ti\u00eau d\u00f9ng, Vi m\u1ea1ch ch\u1ee7 \u0111\u1ed9ng ki\u1ec3m so\u00e1t an to\u00e0n 3D \u0111\u01b0\u1ee3c g\u1eafn b\u00ean trong b\u00ecnh s\u1ebd t\u1ef1 \u0111\u1ed9ng r\u00e0 so\u00e1t t\u1ea5t c\u1ea3 m\u1ecdi b\u1ed9 ph\u1eadn trong b\u00ecnh n\u01b0\u1edbc n\u00f3ng tr\u01b0\u1edbc v\u00e0 trong khi ho\u1ea1t \u0111\u1ed9ng. N\u1ebfu ph\u00e1t hi\u1ec7n ra c\u00e1c d\u1ea5u hi\u1ec7u b\u1ea5t th\u01b0\u1eddng, m\u00e1y s\u1ebd nh\u01b0ng ho\u1ea1t \u0111\u1ed9ng, t\u1ef1 \u0111\u1ed9ng b\u00e1o l\u1ed7i tr\u00ean m\u00e0n h\u00ecnh hi\u1ec3n th\u1ecb v\u00e0 ng\u1eaft ngu\u1ed3n khi c\u1ea7n thi\u1ebft. Nh\u1edd v\u1eady mang l\u1ea1i s\u1ef1 an to\u00e0n t\u1ed1i \u0111a cho c\u00e1c th\u00e0nh vi\u00ean trong gia \u0111\u00ecnh khi t\u1eafm.<\/p>\n<h2><label for=\"ARISTON_icon-I28.jpg image3\">3. M\u00e1y N\u01b0\u1edbc N\u00f3ng Gi\u00e1n Ti\u1ebfp ANDRIS2 LUX-D ECO EVO TI\u1ebeT KI\u1ec6N \u0110I\u1ec6N 14%<\/label><\/h2>\n<p>C\u00f4ng ngh\u1ec7 ECO EVO chu\u1ea9n ch\u00e2u \u00c2u, c\u00f3 kh\u1ea3 n\u0103ng ghi nh\u1edb th\u00f3i quen s\u1eed d\u1ee5ng, t\u1ef1 \u0111\u1ed9ng t\u00ednh to\u00e1n l\u01b0\u1ee3ng n\u01b0\u1edbc n\u00f3ng &amp; nhi\u1ec7t \u0111\u1ed9 ph\u00f9 h\u1ee3p nh\u1ea5t, gi\u00fap ti\u1ebft ki\u1ec7m \u0111i\u1ec7n t\u1edbi 14%, v\u00e0 \u0111\u1ea1t chu\u1ea9n 5 sao ti\u1ebft ki\u1ec7m n\u0103ng l\u01b0\u1ee3ng.<\/p>\n<figure id=\"attachment_22797\" aria-describedby=\"caption-attachment-22797\" style=\"width: 800px\" class=\"wp-caption alignnone\"><img loading=\"lazy\" decoding=\"async\" class=\"wp-image-22797 size-full\" src=\"https:\/\/livinghome.vn\/thiet-bi\/wp-content\/uploads\/2024\/11\/andris2-lux-d-1.png\" alt=\"M\u00e1y N\u01b0\u1edbc N\u00f3ng Gi\u00e1n Ti\u1ebfp Ariston ANDRIS2 LUX-D\" width=\"800\" height=\"800\" title=\"\" srcset=\"https:\/\/livinghome.vn\/thiet-bi\/wp-content\/uploads\/2024\/11\/andris2-lux-d-1.png 800w, https:\/\/livinghome.vn\/thiet-bi\/wp-content\/uploads\/2024\/11\/andris2-lux-d-1-400x400.png 400w, https:\/\/livinghome.vn\/thiet-bi\/wp-content\/uploads\/2024\/11\/andris2-lux-d-1-280x280.png 280w, https:\/\/livinghome.vn\/thiet-bi\/wp-content\/uploads\/2024\/11\/andris2-lux-d-1-768x768.png 768w, https:\/\/livinghome.vn\/thiet-bi\/wp-content\/uploads\/2024\/11\/andris2-lux-d-1-300x300.png 300w, https:\/\/livinghome.vn\/thiet-bi\/wp-content\/uploads\/2024\/11\/andris2-lux-d-1-600x600.png 600w, https:\/\/livinghome.vn\/thiet-bi\/wp-content\/uploads\/2024\/11\/andris2-lux-d-1-100x100.png 100w\" sizes=\"auto, (max-width: 800px) 100vw, 800px\" \/><figcaption id=\"caption-attachment-22797\" class=\"wp-caption-text\">M\u00e1y N\u01b0\u1edbc N\u00f3ng Gi\u00e1n Ti\u1ebfp Ariston ANDRIS2 LUX-D<\/figcaption><\/figure>\n<h2><label for=\"ARISTON_icon-I50.png image4\">4. FLEXOMIX &#8211; TH\u00caM 10% N\u01af\u1edaC N\u00d3NG<\/label><\/h2>\n<p>M\u00e1y N\u01b0\u1edbc N\u00f3ng Gi\u00e1n Ti\u1ebfp Ariston ANDRIS2 LUX-D \u0111\u01b0\u1ee3c trang b\u1ecb c\u00f4ng ngh\u1ec7 Flexomix \u0111\u1ed9c \u0111\u00e1o. H\u1ec7 th\u1ed1ng d\u1eabn n\u01b0\u1edbc v\u00e0o \u0111\u01b0\u1ee3c c\u00e1c k\u1ef9 s\u01b0 Ariston thi\u1ebft k\u1ebf theo ti\u00eau chu\u1ea9n ch\u00e2u \u00c2u cho ph\u00e9p cung c\u1ea5p l\u01b0\u1ee3ng n\u01b0\u1edbc n\u00f3ng nhi\u1ec1u h\u01a1n 10% so v\u1edbi b\u00ecnh n\u01b0\u1edbc n\u00f3ng c\u00f9ng lo\u1ea1i, gi\u1ea3i t\u1ecfa n\u1ed7i lo thi\u1ebfu n\u01b0\u1edbc n\u00f3ng trong gi\u1edd cao \u0111i\u1ec3m cho gia \u0111\u00ecnh b\u1ea1n.<\/p>\n<h2>5. Th\u00f4ng s\u1ed1 k\u1ef9 thu\u1eadt<\/h2>\n<figure id=\"attachment_22835\" aria-describedby=\"caption-attachment-22835\" style=\"width: 1046px\" class=\"wp-caption alignnone\"><img loading=\"lazy\" decoding=\"async\" class=\"wp-image-22835 size-full\" src=\"https:\/\/livinghome.vn\/thiet-bi\/wp-content\/uploads\/2024\/11\/andris2-lux-d-kt.png\" alt=\"M\u00e1y N\u01b0\u1edbc N\u00f3ng Gi\u00e1n Ti\u1ebfp Ariston ANDRIS2 LUX-D\" width=\"1046\" height=\"727\" title=\"\" srcset=\"https:\/\/livinghome.vn\/thiet-bi\/wp-content\/uploads\/2024\/11\/andris2-lux-d-kt.png 1046w, https:\/\/livinghome.vn\/thiet-bi\/wp-content\/uploads\/2024\/11\/andris2-lux-d-kt-576x400.png 576w, https:\/\/livinghome.vn\/thiet-bi\/wp-content\/uploads\/2024\/11\/andris2-lux-d-kt-768x534.png 768w, https:\/\/livinghome.vn\/thiet-bi\/wp-content\/uploads\/2024\/11\/andris2-lux-d-kt-600x417.png 600w\" sizes=\"auto, (max-width: 1046px) 100vw, 1046px\" \/><figcaption id=\"caption-attachment-22835\" class=\"wp-caption-text\">M\u00e1y N\u01b0\u1edbc N\u00f3ng Gi\u00e1n Ti\u1ebfp Ariston ANDRIS2 LUX-D<\/figcaption><\/figure>\n<p>C\u00f2n ch\u1ea7n ch\u1edd g\u00ec n\u1eefa,\u00a0<a href=\"https:\/\/livinghome.vn\/\"><strong>Living Home Vi\u1ec7t Nam<\/strong><\/a><a href=\"http:\/\/livinghome.vn\/\">\u00a0<\/a>ch\u1eafc ch\u1eafn s\u1ebd l\u00e0m h\u00e0i l\u00f2ng nh\u1eefng t\u00edn \u0111\u1ed3 y\u00eau th\u00edch v\u00e0 \u0111am m\u00ea c\u00e1c thi\u1ebft b\u1ecb hi\u1ec7n \u0111\u1ea1i..<br \/>\n<strong>Th\u00f4ng tin li\u00ean h\u1ec7:<\/strong><\/p>\n<ul>\n<li>Showroom tr\u1ea3i nghi\u1ec7m v\u00e0 nh\u1eadn t\u1ef1 v\u1ea5n tr\u1ef1c ti\u1ebfp: 442A C\u1ed9ng H\u00f2a, Ph\u01b0\u1eddng 13, Qu\u1eadn T\u00e2n B\u00ecnh, H\u1ed3 Ch\u00ed Minh (c\u00f3 ch\u1ed7 \u0111\u1eadu \u00f4 t\u00f4 nh\u00e9)<\/li>\n<li>Google Maps d\u1eabn \u0111\u01b0\u1eddng:\u00a0<a href=\"https:\/\/maps.app.goo.gl\/RvTsXUvtt1QkdaQa9\" target=\"_blank\" rel=\"dofollow noopener\">XEM \u1ede \u0110\u00c2Y<\/a><\/li>\n<li>K\u00eanh Facebook th\u00f4ng tin c\u1eadp nh\u1eadt:\u00a0<a href=\"https:\/\/www.facebook.com\/noithatlivinghome\/\" target=\"_blank\" rel=\"dofollow noopener\">XEM \u1ede \u0110\u00c2Y<\/a><\/li>\n<li>K\u00eanh Youtube chuy\u00ean video s\u1ea3n ph\u1ea9m m\u1edbi nh\u1ea5t:\u00a0<a href=\"https:\/\/www.youtube.com\/channel\/UCi5ijFuCl-RA7xBGqPlfm4A\" target=\"_blank\" rel=\"dofollow noopener\">XEM \u1ede \u0110\u00c2Y<\/a><\/li>\n<li>K\u00eanh TikTok c\u1eadp nh\u1eadt xu h\u01b0\u1edbng m\u1edbi nh\u1ea5t:\u00a0<a href=\"https:\/\/www.tiktok.com\/@noithatlivinghome?_t=8rA3V9bAq8e&amp;_r=1\" target=\"_blank\" rel=\"dofollow noopener\">XEM \u1ede \u0110\u00c2Y<\/a><\/li>\n<\/ul>\n","protected":false},"excerpt":{"rendered":"<p>Gi\u1edbi thi\u1ec7u M\u00e1y N\u01b0\u1edbc N\u00f3ng Gi\u00e1n Ti\u1ebfp Ariston ANDRIS2 LUX-D N\u00e2ng c\u1ea5p h\u1ec7 th\u1ed1ng an to\u00e0n c\u00f9ng nh\u1eefng t\u00ednh n\u0103ng th\u00f4ng minh, t\u1ed1i \u01b0u h\u00f3a ti\u1ebft ki\u1ec7m \u0111i\u1ec7n n\u0103ng, b\u1ea3o v\u1ec7 s\u1ee9c kh\u1ecfe Thanh \u0111\u1ed1t 100% \u0111\u1ed3ng, cho \u0111\u1ed9 b\u1ec1n v\u01b0\u1ee3t tr\u1ed9i, kh\u1ea3 n\u0103ng l\u00e0m n\u00f3ng nhanh v\u00e0 hi\u1ec7u qu\u1ea3 Vi m\u1ea1ch ch\u1ee7 \u0111\u1ed9ng ki\u1ec3m [&#8230;]\n","protected":false},"featured_media":22797,"comment_status":"open","ping_status":"closed","template":"","meta":[],"product_brand":[],"product_cat":[540,2054,1979,2052,2056],"product_tag":[1980,2053,2006,542],"class_list":{"0":"post-22796","1":"product","2":"type-product","3":"status-publish","4":"has-post-thumbnail","6":"product_cat-may-nong-lanh","7":"product_cat-may-nong-lanh-ariston","8":"product_cat-may-nuoc-nong","9":"product_cat-may-nuoc-nong-ariston","10":"product_cat-thuong-hieu-ariston","11":"product_tag-may-nuoc-nong","12":"product_tag-may-nuoc-nong-ariston","13":"product_tag-may-nuoc-nong-gian-tiep","14":"product_tag-may-nuoc-nong-lanh","16":"first","17":"instock","18":"shipping-taxable","19":"product-type-simple"},"_links":{"self":[{"href":"https:\/\/livinghome.vn\/thiet-bi\/wp-json\/wp\/v2\/product\/22796","targetHints":{"allow":["GET"]}}],"collection":[{"href":"https:\/\/livinghome.vn\/thiet-bi\/wp-json\/wp\/v2\/product"}],"about":[{"href":"https:\/\/livinghome.vn\/thiet-bi\/wp-json\/wp\/v2\/types\/product"}],"replies":[{"embeddable":true,"href":"https:\/\/livinghome.vn\/thiet-bi\/wp-json\/wp\/v2\/comments?post=22796"}],"wp:featuredmedia":[{"embeddable":true,"href":"https:\/\/livinghome.vn\/thiet-bi\/wp-json\/wp\/v2\/media\/22797"}],"wp:attachment":[{"href":"https:\/\/livinghome.vn\/thiet-bi\/wp-json\/wp\/v2\/media?parent=22796"}],"wp:term":[{"taxonomy":"product_brand","embeddable":true,"href":"https:\/\/livinghome.vn\/thiet-bi\/wp-json\/wp\/v2\/product_brand?post=22796"},{"taxonomy":"product_cat","embeddable":true,"href":"https:\/\/livinghome.vn\/thiet-bi\/wp-json\/wp\/v2\/product_cat?post=22796"},{"taxonomy":"product_tag","embeddable":true,"href":"https:\/\/livinghome.vn\/thiet-bi\/wp-json\/wp\/v2\/product_tag?post=22796"}],"curies":[{"name":"wp","href":"https:\/\/api.w.org\/{rel}","templated":true}]}}