{"id":22791,"date":"2024-11-29T14:42:01","date_gmt":"2024-11-29T07:42:01","guid":{"rendered":"https:\/\/livinghome.vn\/thiet-bi\/?post_type=product&#038;p=22791"},"modified":"2024-12-11T11:24:31","modified_gmt":"2024-12-11T04:24:31","slug":"may-nuoc-nong-gian-tiep-ariston-slim3-top-wifi","status":"publish","type":"product","link":"https:\/\/livinghome.vn\/thiet-bi\/may-nuoc-nong-gian-tiep-ariston-slim3-top-wifi\/","title":{"rendered":"M\u00e1y N\u01b0\u1edbc N\u00f3ng Gi\u00e1n Ti\u1ebfp Ariston SLIM3 TOP WIFI"},"content":{"rendered":"<h1><strong>Gi\u1edbi thi\u1ec7u M\u00e1y N\u01b0\u1edbc N\u00f3ng Gi\u00e1n Ti\u1ebfp Ariston SLIM3 TOP WIFI<\/strong><\/h1>\n<h2>1. T\u1ed5ng quan M\u00e1y N\u01b0\u1edbc N\u00f3ng Gi\u00e1n Ti\u1ebfp Ariston SLIM3 TOP WIFI<\/h2>\n<p>S\u1edf h\u1eefu nh\u1eefng t\u00ednh n\u0103ng th\u00f4ng minh \u0111\u1ed9c \u0111\u00e1o nh\u1ea5t t\u1eebng c\u00f3. \u0110\u1ea1t ti\u00eau chu\u1ea9n cao nh\u1ea5t v\u1ec1 an to\u00e0n, b\u1ec1n b\u1ec9, ti\u1ebft ki\u1ec7m<\/p>\n<ul>\n<li>C\u00f4ng ngh\u1ec7 Wifi th\u00f4ng minh gi\u00fap c\u00e0i \u0111\u1eb7t th\u1eddi \u0111i\u1ec3m c\u1ea7n n\u01b0\u1edbc n\u00f3ng v\u00e0 nhi\u1ec7t \u0111\u1ed9 mong mu\u1ed1n d\u00f9 \u1edf b\u1ea5t c\u1ee9 \u0111\u00e2u , ti\u1ebft ki\u1ec7m th\u00eam 25% \u0111i\u1ec7n n\u0103ng ti\u00eau th\u1ee5<\/li>\n<li>Thanh \u0111\u1ed1t\u00a0 Titan b\u1ea3o h\u00e0nh tr\u1ecdn \u0111\u1eddi, cho \u0111\u1ed9 b\u1ec1n v\u01b0\u1ee3t tr\u1ed9i, kh\u1ea3 n\u0103ng l\u00e0m n\u00f3ng nhanh v\u00e0 hi\u1ec7u qu\u1ea3<\/li>\n<li>Vi m\u1ea1ch ch\u1ee7 \u0111\u1ed9ng ki\u1ec3m so\u00e1t\u00a0an to\u00e0n 3D\u00a0b\u1ea3o \u0111\u1ea3m an to\u00e0n tuy\u1ec7t \u0111\u1ed1i khi s\u1eed d\u1ee5ng<\/li>\n<li>C\u00f4ng ngh\u1ec7 ECO EVO &#8211; ph\u00e2n t\u00edch th\u00f3i quen v\u00e0 \u0111i\u1ec3u ch\u1ec9nh\u00a0nhi\u1ec7t \u0111\u1ed9 th\u00f4ng minh chu\u1ea9n ch\u00e2u \u00c2u, ti\u1ebft ki\u1ec7m 14% \u0111i\u1ec7n n\u0103ng<\/li>\n<li>L\u1edbp c\u00e1ch nhi\u1ec7t m\u1eadt \u0111\u1ed9 cao HDI, gi\u1eef n\u01b0\u1edbc n\u00f3ng l\u00ean \u0111\u1ebfn 48h<\/li>\n<li>C\u00f4ng ngh\u1ec7 ION B\u1ea1c Ag+ kh\u00e1ng khu\u1ea9n, b\u1ea3o v\u1ec7 s\u1ee9c kh\u1ecfe<\/li>\n<li>Hi\u1ec3n th\u1ecb nhi\u1ec7t \u0111\u1ed9 an to\u00e0n khuy\u00ean d\u00f9ng<\/li>\n<li>B\u1ed9 \u1ed5n \u0111\u1ecbnh nhi\u1ec7t \u0111i\u1ec7n t\u1eed TBSE<\/li>\n<li>C\u00f4ng ngh\u1ec7 Flexomix th\u00eam 10% n\u01b0\u1edbc n\u00f3ng<\/li>\n<li>C\u00f4ng ngh\u1ec7 b\u00ecnh ch\u1ee9a tr\u00e1ng men Titan<\/li>\n<\/ul>\n<figure id=\"attachment_22795\" aria-describedby=\"caption-attachment-22795\" style=\"width: 800px\" class=\"wp-caption alignnone\"><img loading=\"lazy\" decoding=\"async\" class=\"wp-image-22795 size-full\" src=\"https:\/\/livinghome.vn\/thiet-bi\/wp-content\/uploads\/2024\/11\/slim3-top-wifi-3.png\" alt=\"M\u00e1y N\u01b0\u1edbc N\u00f3ng Gi\u00e1n Ti\u1ebfp Ariston SLIM3 TOP WIFI\" width=\"800\" height=\"800\" title=\"\" srcset=\"https:\/\/livinghome.vn\/thiet-bi\/wp-content\/uploads\/2024\/11\/slim3-top-wifi-3.png 800w, https:\/\/livinghome.vn\/thiet-bi\/wp-content\/uploads\/2024\/11\/slim3-top-wifi-3-400x400.png 400w, https:\/\/livinghome.vn\/thiet-bi\/wp-content\/uploads\/2024\/11\/slim3-top-wifi-3-280x280.png 280w, https:\/\/livinghome.vn\/thiet-bi\/wp-content\/uploads\/2024\/11\/slim3-top-wifi-3-768x768.png 768w, https:\/\/livinghome.vn\/thiet-bi\/wp-content\/uploads\/2024\/11\/slim3-top-wifi-3-300x300.png 300w, https:\/\/livinghome.vn\/thiet-bi\/wp-content\/uploads\/2024\/11\/slim3-top-wifi-3-600x600.png 600w, https:\/\/livinghome.vn\/thiet-bi\/wp-content\/uploads\/2024\/11\/slim3-top-wifi-3-100x100.png 100w\" sizes=\"auto, (max-width: 800px) 100vw, 800px\" \/><figcaption id=\"caption-attachment-22795\" class=\"wp-caption-text\">M\u00e1y N\u01b0\u1edbc N\u00f3ng Gi\u00e1n Ti\u1ebfp Ariston SLIM3 TOP WIFI<\/figcaption><\/figure>\n<h2><label for=\"ARISTON_icon-AQUA-ARISTON-NET.png image1\">2. WIFI th\u00f4ng minh<\/label><\/h2>\n<p>M\u00e1y N\u01b0\u1edbc N\u00f3ng Gi\u00e1n Ti\u1ebfp Ariston SLIM3 TOP WIFI t\u1ef1 h\u00f2a l\u00e0 th\u01b0\u01a1ng hi\u1ec7u ti\u00ean phong mang c\u00f4ng ngh\u1ec7 WIFI th\u00f4ng minh \u0111\u1ebfn cho ng\u01b0\u1eddi ti\u00eau d\u00f9ng. Th\u00f4ng qua \u1ee9ng d\u1ee5ng Aqua Ariston NET, b\u1ea1n c\u00f3 th\u1ec3 ki\u1ec3m so\u00e1t b\u00ecnh n\u01b0\u1edbc n\u00f3ng c\u1ee7a m\u00ecnh v\u00f4 c\u00f9ng d\u1ec5 d\u00e0ng, ch\u1ec9 m\u1ed9t ch\u1ea1m \u0111\u1ebfn m\u1ecdi t\u00ednh n\u0103ng:<\/p>\n<p>\u2705 Ki\u1ec3m so\u00e1t v\u00e0 \u0111i\u1ec1u ch\u1ec9nh nhi\u1ec7t \u0111\u1ed9 mong mu\u1ed1n<\/p>\n<p>\u2705 B\u1eadt\/T\u1eaft m\u00e1y ch\u1ec9 b\u1eb1ng m\u1ed9t l\u1ea7n ch\u1ea1m<\/p>\n<p>\u2705 \u0110\u1eb7c bi\u1ec7t, ti\u1ebft ki\u1ec7m l\u00ean \u0111\u1ebfn 25% \u0111i\u1ec7n n\u0103ng ti\u00eau th\u1ee5 nh\u1edd k\u1ebft n\u1ed1i WIFI v\u00e0 c\u00f4ng ngh\u1ec7 ECO EVO chu\u1ea9n ch\u00e2u \u00c2u, ghi nh\u1edb th\u00f3i quen s\u1eed d\u1ee5ng, t\u1ef1 \u0111\u1ed9ng t\u00ednh to\u00e1n l\u01b0\u1ee3ng n\u01b0\u1edbc n\u00f3ng v\u00e0 nhi\u1ec7t \u0111\u1ed9 ph\u00f9 h\u1ee3p.<\/p>\n<figure id=\"attachment_22792\" aria-describedby=\"caption-attachment-22792\" style=\"width: 800px\" class=\"wp-caption alignnone\"><img loading=\"lazy\" decoding=\"async\" class=\"wp-image-22792 size-full\" src=\"https:\/\/livinghome.vn\/thiet-bi\/wp-content\/uploads\/2024\/11\/slim3-top-wifi-2.png\" alt=\"M\u00e1y N\u01b0\u1edbc N\u00f3ng Gi\u00e1n Ti\u1ebfp Ariston SLIM3 TOP WIFI\" width=\"800\" height=\"800\" title=\"\" srcset=\"https:\/\/livinghome.vn\/thiet-bi\/wp-content\/uploads\/2024\/11\/slim3-top-wifi-2.png 800w, https:\/\/livinghome.vn\/thiet-bi\/wp-content\/uploads\/2024\/11\/slim3-top-wifi-2-400x400.png 400w, https:\/\/livinghome.vn\/thiet-bi\/wp-content\/uploads\/2024\/11\/slim3-top-wifi-2-280x280.png 280w, https:\/\/livinghome.vn\/thiet-bi\/wp-content\/uploads\/2024\/11\/slim3-top-wifi-2-768x768.png 768w, https:\/\/livinghome.vn\/thiet-bi\/wp-content\/uploads\/2024\/11\/slim3-top-wifi-2-300x300.png 300w, https:\/\/livinghome.vn\/thiet-bi\/wp-content\/uploads\/2024\/11\/slim3-top-wifi-2-600x600.png 600w, https:\/\/livinghome.vn\/thiet-bi\/wp-content\/uploads\/2024\/11\/slim3-top-wifi-2-100x100.png 100w\" sizes=\"auto, (max-width: 800px) 100vw, 800px\" \/><figcaption id=\"caption-attachment-22792\" class=\"wp-caption-text\">M\u00e1y N\u01b0\u1edbc N\u00f3ng Gi\u00e1n Ti\u1ebfp Ariston SLIM3 TOP WIFI<\/figcaption><\/figure>\n<h2><label for=\"ARISTON_icon-I18.jpg image2\">3. Thanh \u0111\u1ed1t TITAN b\u1ea3o h\u00e0nh tr\u1ecdn \u0111\u1eddi<\/label><\/h2>\n<p>L\u00e0 chuy\u00ean gia h\u00e0ng \u0111\u1ea7u tr\u00ean th\u1ebf gi\u1edbi trong l\u0129nh v\u1ef1c gia nhi\u1ec7t, M\u00e1y N\u01b0\u1edbc N\u00f3ng Gi\u00e1n Ti\u1ebfp Ariston SLIM3 TOP WIFI hi\u1ec3u r\u1eb1ng t\u1ea7m quan tr\u1ecdng c\u1ee7a thanh \u0111\u1ed1t \u0111\u01b0\u1ee3c v\u00ed nh\u01b0 tr\u00e1i tim c\u1ee7a con ng\u01b0\u1eddi. M\u00e1y N\u01b0\u1edbc N\u00f3ng Gi\u00e1n Ti\u1ebfp SLIM3 TOP WIFI s\u1eed d\u1ee5ng thanh \u0111\u1ed1t Titan b\u1ea3o h\u00e0nh tr\u1ecdn \u0111\u1eddi, mang l\u1ea1i hi\u1ec7u qu\u1ea3 l\u00e0m n\u00f3ng nhanh v\u00e0 b\u1ec1n b\u1ec9 v\u1edbi th\u1eddi gian. B\u1ea1n ho\u00e0n to\u00e0n c\u00f3 th\u1ec3 y\u00ean t\u00e2m v\u1edbi \u0111\u1ed9 b\u1ec1n v\u01b0\u1ee3t tr\u1ed9i c\u1ee7a b\u00ecnh n\u01b0\u1edbc n\u00f3ng Ariston.<\/p>\n<figure id=\"attachment_22793\" aria-describedby=\"caption-attachment-22793\" style=\"width: 800px\" class=\"wp-caption alignnone\"><img loading=\"lazy\" decoding=\"async\" class=\"wp-image-22793 size-full\" src=\"https:\/\/livinghome.vn\/thiet-bi\/wp-content\/uploads\/2024\/11\/slim3-top-wifi-avt.png\" alt=\"M\u00e1y N\u01b0\u1edbc N\u00f3ng Gi\u00e1n Ti\u1ebfp Ariston SLIM3 TOP WIFI\" width=\"800\" height=\"800\" title=\"\" srcset=\"https:\/\/livinghome.vn\/thiet-bi\/wp-content\/uploads\/2024\/11\/slim3-top-wifi-avt.png 800w, https:\/\/livinghome.vn\/thiet-bi\/wp-content\/uploads\/2024\/11\/slim3-top-wifi-avt-400x400.png 400w, https:\/\/livinghome.vn\/thiet-bi\/wp-content\/uploads\/2024\/11\/slim3-top-wifi-avt-280x280.png 280w, https:\/\/livinghome.vn\/thiet-bi\/wp-content\/uploads\/2024\/11\/slim3-top-wifi-avt-768x768.png 768w, https:\/\/livinghome.vn\/thiet-bi\/wp-content\/uploads\/2024\/11\/slim3-top-wifi-avt-300x300.png 300w, https:\/\/livinghome.vn\/thiet-bi\/wp-content\/uploads\/2024\/11\/slim3-top-wifi-avt-600x600.png 600w, https:\/\/livinghome.vn\/thiet-bi\/wp-content\/uploads\/2024\/11\/slim3-top-wifi-avt-100x100.png 100w\" sizes=\"auto, (max-width: 800px) 100vw, 800px\" \/><figcaption id=\"caption-attachment-22793\" class=\"wp-caption-text\">M\u00e1y N\u01b0\u1edbc N\u00f3ng Gi\u00e1n Ti\u1ebfp Ariston SLIM3 TOP WIFI<\/figcaption><\/figure>\n<h2><label for=\"ARISTON_icon-I26.jpg image3\">4. Vi m\u1ea1ch ch\u1ee7 \u0111\u1ed9ng ki\u1ec3m so\u00e1t an to\u00e0n 3D<\/label><\/h2>\n<p>Nh\u1eb1m t\u0103ng c\u01b0\u1eddng b\u1ea3o v\u1ec7 cho ng\u01b0\u1eddi ti\u00eau d\u00f9ng, Vi m\u1ea1ch ch\u1ee7 \u0111\u1ed9ng ki\u1ec3m so\u00e1t an to\u00e0n 3D \u0111\u01b0\u1ee3c g\u1eafn b\u00ean trong b\u00ecnh s\u1ebd t\u1ef1 \u0111\u1ed9ng r\u00e0 so\u00e1t t\u1ea5t c\u1ea3 m\u1ecdi b\u1ed9 ph\u1eadn trong b\u00ecnh n\u01b0\u1edbc n\u00f3ng tr\u01b0\u1edbc v\u00e0 trong khi ho\u1ea1t \u0111\u1ed9ng. N\u1ebfu ph\u00e1t hi\u1ec7n ra c\u00e1c d\u1ea5u hi\u1ec7u b\u1ea5t th\u01b0\u1eddng, m\u00e1y s\u1ebd nh\u01b0ng ho\u1ea1t \u0111\u1ed9ng, t\u1ef1 \u0111\u1ed9ng b\u00e1o l\u1ed7i tr\u00ean m\u00e0n h\u00ecnh hi\u1ec3n th\u1ecb v\u00e0 ng\u1eaft ngu\u1ed3n khi c\u1ea7n thi\u1ebft. Nh\u1edd v\u1eady mang l\u1ea1i s\u1ef1 an to\u00e0n t\u1ed1i \u0111a cho c\u00e1c th\u00e0nh vi\u00ean trong gia \u0111\u00ecnh khi t\u1eafm.<\/p>\n<figure id=\"attachment_22794\" aria-describedby=\"caption-attachment-22794\" style=\"width: 1698px\" class=\"wp-caption alignnone\"><img loading=\"lazy\" decoding=\"async\" class=\"wp-image-22794 size-full\" src=\"https:\/\/livinghome.vn\/thiet-bi\/wp-content\/uploads\/2024\/11\/slim3-top-wifi-1.jpg\" alt=\"M\u00e1y N\u01b0\u1edbc N\u00f3ng Gi\u00e1n Ti\u1ebfp SLIM3 TOP WIFI\" width=\"1698\" height=\"1200\" title=\"\" srcset=\"https:\/\/livinghome.vn\/thiet-bi\/wp-content\/uploads\/2024\/11\/slim3-top-wifi-1.jpg 1698w, https:\/\/livinghome.vn\/thiet-bi\/wp-content\/uploads\/2024\/11\/slim3-top-wifi-1-566x400.jpg 566w, https:\/\/livinghome.vn\/thiet-bi\/wp-content\/uploads\/2024\/11\/slim3-top-wifi-1-1132x800.jpg 1132w, https:\/\/livinghome.vn\/thiet-bi\/wp-content\/uploads\/2024\/11\/slim3-top-wifi-1-768x543.jpg 768w, https:\/\/livinghome.vn\/thiet-bi\/wp-content\/uploads\/2024\/11\/slim3-top-wifi-1-1536x1086.jpg 1536w, https:\/\/livinghome.vn\/thiet-bi\/wp-content\/uploads\/2024\/11\/slim3-top-wifi-1-600x424.jpg 600w\" sizes=\"auto, (max-width: 1698px) 100vw, 1698px\" \/><figcaption id=\"caption-attachment-22794\" class=\"wp-caption-text\">M\u00e1y N\u01b0\u1edbc N\u00f3ng Gi\u00e1n Ti\u1ebfp Ariston SLIM3 TOP WIFI<\/figcaption><\/figure>\n<h2><label for=\"ARISTON_icon-I28.jpg image4\">5. ECO EVO ti\u1ebft ki\u1ec7m \u0111i\u1ec7n 14%<\/label><\/h2>\n<p>C\u00f4ng ngh\u1ec7 ECO EVO chu\u1ea9n ch\u00e2u \u00c2u, c\u00f3 kh\u1ea3 n\u0103ng ghi nh\u1edb th\u00f3i quen s\u1eed d\u1ee5ng, t\u1ef1 \u0111\u1ed9ng t\u00ednh to\u00e1n l\u01b0\u1ee3ng n\u01b0\u1edbc n\u00f3ng &amp; nhi\u1ec7t \u0111\u1ed9 ph\u00f9 h\u1ee3p nh\u1ea5t, gi\u00fap ti\u1ebft ki\u1ec7m \u0111i\u1ec7n t\u1edbi 14%, v\u00e0 \u0111\u1ea1t chu\u1ea9n 5 sao ti\u1ebft ki\u1ec7m n\u0103ng l\u01b0\u1ee3ng.<\/p>\n<h2><label for=\"ARISTON_icon-I15.jpg image5\">6. ION B\u1ea0C kh\u00e1ng khu\u1ea9n<\/label><\/h2>\n<p>Khi t\u1eafm, ngo\u00e0i vi\u1ec7c \u0111\u1ea3m b\u1ea3o m\u1ed9t ngu\u1ed3n n\u01b0\u1edbc n\u00f3ng \u1ea5m th\u00edch h\u1ee3p, b\u1ea1n c\u00f2n c\u1ea7n ch\u00fa \u00fd m\u1ee9c \u0111\u1ed9 an to\u00e0n, s\u1ea1ch s\u1ebd, v\u00ec n\u01b0\u1edbc \u1ea5m ch\u00ednh l\u00e0 m\u00f4i tr\u01b0\u1eddng m\u00e0 vi khu\u1ea9n d\u1ec5 d\u00e0ng sinh s\u00f4i v\u00e0 ph\u00e1t tri\u1ec3n. M\u00e1y N\u01b0\u1edbc N\u00f3ng Gi\u00e1n Ti\u1ebfp Ariston SLIM3 TOP WIFI v\u1edbi c\u00f4ng ngh\u1ec7 Ion b\u1ea1c kh\u00e1ng khu\u1ea9n l\u00e0m s\u1ea1ch n\u01b0\u1edbc gi\u00fap \u0111\u1ea3m b\u1ea3o s\u1ea1ch khu\u1ea9n, ng\u0103n ng\u1eeba s\u1ef1 \u1ea3nh h\u01b0\u1edfng c\u1ee7a c\u00e1c lo\u1ea1i vi khu\u1ea9n E.C coli, Salmonella, Legionella, n\u1ea5m m\u1ed1c v\u00e0 c\u00e1c lo\u1ea1i vi khu\u1ea9n kh\u00e1c\u2026 \u0111\u1ec3 b\u1ea1n v\u00e0 gia \u0111\u00ecnh an t\u00e2m t\u1eadn h\u01b0\u1edfng, th\u01b0 gi\u00e3n c\u00f9ng d\u00f2ng n\u01b0\u1edbc \u0111\u01b0\u1ee3c kh\u00e1ng khu\u1ea9n tuy\u1ec7t \u0111\u1ed1i.<\/p>\n<h2>7. Th\u00f4ng s\u1ed1 k\u1ef9 thu\u1eadt<\/h2>\n<figure id=\"attachment_22833\" aria-describedby=\"caption-attachment-22833\" style=\"width: 1040px\" class=\"wp-caption alignnone\"><img loading=\"lazy\" decoding=\"async\" class=\"wp-image-22833 size-full\" src=\"https:\/\/livinghome.vn\/thiet-bi\/wp-content\/uploads\/2024\/11\/slim3-top-wifi-kt.png\" alt=\"M\u00e1y N\u01b0\u1edbc N\u00f3ng Gi\u00e1n Ti\u1ebfp Ariston SLIM3 TOP WIFI\" width=\"1040\" height=\"520\" title=\"\" srcset=\"https:\/\/livinghome.vn\/thiet-bi\/wp-content\/uploads\/2024\/11\/slim3-top-wifi-kt.png 1040w, https:\/\/livinghome.vn\/thiet-bi\/wp-content\/uploads\/2024\/11\/slim3-top-wifi-kt-800x400.png 800w, https:\/\/livinghome.vn\/thiet-bi\/wp-content\/uploads\/2024\/11\/slim3-top-wifi-kt-768x384.png 768w, https:\/\/livinghome.vn\/thiet-bi\/wp-content\/uploads\/2024\/11\/slim3-top-wifi-kt-600x300.png 600w\" sizes=\"auto, (max-width: 1040px) 100vw, 1040px\" \/><figcaption id=\"caption-attachment-22833\" class=\"wp-caption-text\">M\u00e1y N\u01b0\u1edbc N\u00f3ng Gi\u00e1n Ti\u1ebfp Ariston SLIM3 TOP WIFI<\/figcaption><\/figure>\n<p>C\u00f2n ch\u1ea7n ch\u1edd g\u00ec n\u1eefa,\u00a0<a href=\"https:\/\/livinghome.vn\/\"><strong>Living Home Vi\u1ec7t Nam<\/strong><\/a><a href=\"http:\/\/livinghome.vn\/\">\u00a0<\/a>ch\u1eafc ch\u1eafn s\u1ebd l\u00e0m h\u00e0i l\u00f2ng nh\u1eefng t\u00edn \u0111\u1ed3 y\u00eau th\u00edch v\u00e0 \u0111am m\u00ea c\u00e1c thi\u1ebft b\u1ecb hi\u1ec7n \u0111\u1ea1i..<br \/>\n<strong>Th\u00f4ng tin li\u00ean h\u1ec7:<\/strong><\/p>\n<ul>\n<li>Showroom tr\u1ea3i nghi\u1ec7m v\u00e0 nh\u1eadn t\u1ef1 v\u1ea5n tr\u1ef1c ti\u1ebfp: 442A C\u1ed9ng H\u00f2a, Ph\u01b0\u1eddng 13, Qu\u1eadn T\u00e2n B\u00ecnh, H\u1ed3 Ch\u00ed Minh (c\u00f3 ch\u1ed7 \u0111\u1eadu \u00f4 t\u00f4 nh\u00e9)<\/li>\n<li>Google Maps d\u1eabn \u0111\u01b0\u1eddng:\u00a0<a href=\"https:\/\/maps.app.goo.gl\/RvTsXUvtt1QkdaQa9\" target=\"_blank\" rel=\"dofollow noopener\">XEM \u1ede \u0110\u00c2Y<\/a><\/li>\n<li>K\u00eanh Facebook th\u00f4ng tin c\u1eadp nh\u1eadt:\u00a0<a href=\"https:\/\/www.facebook.com\/noithatlivinghome\/\" target=\"_blank\" rel=\"dofollow noopener\">XEM \u1ede \u0110\u00c2Y<\/a><\/li>\n<li>K\u00eanh Youtube chuy\u00ean video s\u1ea3n ph\u1ea9m m\u1edbi nh\u1ea5t:\u00a0<a href=\"https:\/\/www.youtube.com\/channel\/UCi5ijFuCl-RA7xBGqPlfm4A\" target=\"_blank\" rel=\"dofollow noopener\">XEM \u1ede \u0110\u00c2Y<\/a><\/li>\n<li>K\u00eanh TikTok c\u1eadp nh\u1eadt xu h\u01b0\u1edbng m\u1edbi nh\u1ea5t:\u00a0<a href=\"https:\/\/www.tiktok.com\/@noithatlivinghome?_t=8rA3V9bAq8e&amp;_r=1\" target=\"_blank\" rel=\"dofollow noopener\">XEM \u1ede \u0110\u00c2Y<\/a><\/li>\n<\/ul>\n","protected":false},"excerpt":{"rendered":"<ul>\n<li>Dung t\u00edch : 20 l\u00edt<\/li>\n<li>B\u00ecnh ch\u1ee9a tr\u00e1ng men Titan<\/li>\n<li>B\u1ea3o h\u00e0nh : 10 n\u0103m<\/li>\n<li>Thanh \u0111\u1ed1t Titan b\u1ea3o h\u00e0nh tr\u1ecdn \u0111\u1eddi<\/li>\n<li>H\u1ec7 th\u1ed1ng\u00a0Safety check ki\u1ec3m so\u00e1t an to\u00e0n<\/li>\n<li>C\u00f4ng ngh\u1ec7 OFF ch\u1ee7 \u0111\u1ed9ng t\u1eaft m\u00e1y khi kh\u00f4ng s\u1eed d\u1ee5ng<\/li>\n<li>C\u00f4ng ngh\u1ec7 ECO EVO ti\u1ebft ki\u1ec7m \u0111i\u1ec7n th\u00f4ng minh<\/li>\n<li>C\u00f4ng ngh\u1ec7 Wifi th\u00f4ng minh, ch\u1ee7 \u0111\u1ed9ng ki\u1ec3m so\u00e1t m\u1ecdi l\u00fac m\u1ecdi n\u01a1i.<\/li>\n<li>\u0110i\u1ec3u khi\u1ec3n b\u1eb1ng gi\u1ecdng n\u00f3i, d\u1ec5 d\u00e0ng \u0111i\u1ec1u khi\u1ec3n qua \u1ee9ng d\u1ee5ng Ariston NET<\/li>\n<li>H\u1ec7 th\u1ed1ng an to\u00e0n \u0111\u1ed3ng b\u1ed9 t\u00edch h\u1ee3p ELCB ch\u1ed1ng gi\u1eadt<\/li>\n<li>C\u00f4ng ngh\u1ec7 ION B\u1ea1c Ag+ kh\u00e1ng khu\u1ea9n, b\u1ea3o v\u1ec7 s\u1ee9c kh\u1ecfe<\/li>\n<li>M\u00e0n h\u00ecnh \u0111i\u1ec1u khi\u1ec3n c\u1ea3m \u1ee9ng &#8211;\u00a0hi\u1ec3n th\u1ecb nhi\u1ec7t \u0111\u1ed9<\/li>\n<li>\u0110\u00e8n b\u00e1o n\u01b0\u1edbc n\u00f3ng s\u1eb5n s\u00e0ng<\/li>\n<li>K\u00edch th\u01b0\u1edbc\u00a0WxHxD : 702 x 291 x 292<\/li>\n<\/ul>\n","protected":false},"featured_media":22793,"comment_status":"open","ping_status":"closed","template":"","meta":[],"product_brand":[],"product_cat":[540,2054,1979,2052,2056],"product_tag":[1980,2053,2006,542],"class_list":{"0":"post-22791","1":"product","2":"type-product","3":"status-publish","4":"has-post-thumbnail","6":"product_cat-may-nong-lanh","7":"product_cat-may-nong-lanh-ariston","8":"product_cat-may-nuoc-nong","9":"product_cat-may-nuoc-nong-ariston","10":"product_cat-thuong-hieu-ariston","11":"product_tag-may-nuoc-nong","12":"product_tag-may-nuoc-nong-ariston","13":"product_tag-may-nuoc-nong-gian-tiep","14":"product_tag-may-nuoc-nong-lanh","16":"first","17":"instock","18":"shipping-taxable","19":"product-type-simple"},"_links":{"self":[{"href":"https:\/\/livinghome.vn\/thiet-bi\/wp-json\/wp\/v2\/product\/22791","targetHints":{"allow":["GET"]}}],"collection":[{"href":"https:\/\/livinghome.vn\/thiet-bi\/wp-json\/wp\/v2\/product"}],"about":[{"href":"https:\/\/livinghome.vn\/thiet-bi\/wp-json\/wp\/v2\/types\/product"}],"replies":[{"embeddable":true,"href":"https:\/\/livinghome.vn\/thiet-bi\/wp-json\/wp\/v2\/comments?post=22791"}],"wp:featuredmedia":[{"embeddable":true,"href":"https:\/\/livinghome.vn\/thiet-bi\/wp-json\/wp\/v2\/media\/22793"}],"wp:attachment":[{"href":"https:\/\/livinghome.vn\/thiet-bi\/wp-json\/wp\/v2\/media?parent=22791"}],"wp:term":[{"taxonomy":"product_brand","embeddable":true,"href":"https:\/\/livinghome.vn\/thiet-bi\/wp-json\/wp\/v2\/product_brand?post=22791"},{"taxonomy":"product_cat","embeddable":true,"href":"https:\/\/livinghome.vn\/thiet-bi\/wp-json\/wp\/v2\/product_cat?post=22791"},{"taxonomy":"product_tag","embeddable":true,"href":"https:\/\/livinghome.vn\/thiet-bi\/wp-json\/wp\/v2\/product_tag?post=22791"}],"curies":[{"name":"wp","href":"https:\/\/api.w.org\/{rel}","templated":true}]}}