{"id":22782,"date":"2024-11-29T14:23:46","date_gmt":"2024-11-29T07:23:46","guid":{"rendered":"https:\/\/livinghome.vn\/thiet-bi\/?post_type=product&#038;p=22782"},"modified":"2024-12-11T11:20:29","modified_gmt":"2024-12-11T04:20:29","slug":"may-nuoc-nong-gian-tiep-ariston-andris2-top-wifi","status":"publish","type":"product","link":"https:\/\/livinghome.vn\/thiet-bi\/may-nuoc-nong-gian-tiep-ariston-andris2-top-wifi\/","title":{"rendered":"M\u00e1y N\u01b0\u1edbc N\u00f3ng Gi\u00e1n Ti\u1ebfp Ariston ANDRIS2 TOP WIFI"},"content":{"rendered":"<h1><b>Gi\u1edbi thi\u1ec7u M\u00e1y N\u01b0\u1edbc N\u00f3ng Gi\u00e1n Ti\u1ebfp Ariston ANDRIS2 TOP WIFI<\/b><\/h1>\n<h2>1.WIFI th\u00f4ng minh<\/h2>\n<p>M\u00e1y N\u01b0\u1edbc N\u00f3ng Gi\u00e1n Ti\u1ebfp Ariston ANDRIS2 TOP WIFI v\u00f4 c\u00f9ng d\u1ec5 d\u00e0ng, ch\u1ec9 m\u1ed9t ch\u1ea1m \u0111\u1ebfn m\u1ecdi t\u00ednh n\u0103ng:<br \/>\n\u2705 Ki\u1ec3m so\u00e1t v\u00e0 \u0111i\u1ec1u ch\u1ec9nh nhi\u1ec7t \u0111\u1ed9 mong mu\u1ed1n<br \/>\n\u2705 B\u1eadt\/T\u1eaft m\u00e1y ch\u1ec9 b\u1eb1ng m\u1ed9t l\u1ea7n ch\u1ea1m<br \/>\n\u2705 \u0110\u1eb7c bi\u1ec7t, ti\u1ebft ki\u1ec7m l\u00ean \u0111\u1ebfn 25% \u0111i\u1ec7n n\u0103ng ti\u00eau th\u1ee5 nh\u1edd k\u1ebft n\u1ed1i WIFI v\u00e0 c\u00f4ng ngh\u1ec7 ECO EVO chu\u1ea9n ch\u00e2u \u00c2u, ghi nh\u1edb th\u00f3i quen s\u1eed d\u1ee5ng, t\u1ef1 \u0111\u1ed9ng t\u00ednh to\u00e1n l\u01b0\u1ee3ng n\u01b0\u1edbc n\u00f3ng v\u00e0 nhi\u1ec7t \u0111\u1ed9 ph\u00f9 h\u1ee3p.<\/p>\n<figure id=\"attachment_22784\" aria-describedby=\"caption-attachment-22784\" style=\"width: 800px\" class=\"wp-caption alignnone\"><img loading=\"lazy\" decoding=\"async\" class=\"wp-image-22784 size-full\" src=\"https:\/\/livinghome.vn\/thiet-bi\/wp-content\/uploads\/2024\/11\/andris-top2-wifi-1.png\" alt=\"M\u00e1y N\u01b0\u1edbc N\u00f3ng Gi\u00e1n Ti\u1ebfp ANDRIS2 TOP WIFI\" width=\"800\" height=\"800\" title=\"\" srcset=\"https:\/\/livinghome.vn\/thiet-bi\/wp-content\/uploads\/2024\/11\/andris-top2-wifi-1.png 800w, https:\/\/livinghome.vn\/thiet-bi\/wp-content\/uploads\/2024\/11\/andris-top2-wifi-1-400x400.png 400w, https:\/\/livinghome.vn\/thiet-bi\/wp-content\/uploads\/2024\/11\/andris-top2-wifi-1-280x280.png 280w, https:\/\/livinghome.vn\/thiet-bi\/wp-content\/uploads\/2024\/11\/andris-top2-wifi-1-768x768.png 768w, https:\/\/livinghome.vn\/thiet-bi\/wp-content\/uploads\/2024\/11\/andris-top2-wifi-1-300x300.png 300w, https:\/\/livinghome.vn\/thiet-bi\/wp-content\/uploads\/2024\/11\/andris-top2-wifi-1-600x600.png 600w, https:\/\/livinghome.vn\/thiet-bi\/wp-content\/uploads\/2024\/11\/andris-top2-wifi-1-100x100.png 100w\" sizes=\"auto, (max-width: 800px) 100vw, 800px\" \/><figcaption id=\"caption-attachment-22784\" class=\"wp-caption-text\">M\u00e1y N\u01b0\u1edbc N\u00f3ng Gi\u00e1n Ti\u1ebfp Ariston ANDRIS2 TOP WIFI<\/figcaption><\/figure>\n<h2>2. Thanh \u0111\u1ed1t 100% TITAN si\u00eau b\u1ec1n<\/h2>\n<p>Chuy\u00ean gia h\u00e0ng \u0111\u1ea7u tr\u00ean th\u1ebf gi\u1edbi trong l\u0129nh v\u1ef1c gia nhi\u1ec7t, Ariston hi\u1ec3u r\u1eb1ng t\u1ea7m quan tr\u1ecdng c\u1ee7a thanh \u0111\u1ed1t \u0111\u01b0\u1ee3c v\u00ed nh\u01b0 tr\u00e1i tim c\u1ee7a con ng\u01b0\u1eddi. M\u00e1y N\u01b0\u1edbc N\u00f3ng Gi\u00e1n Ti\u1ebfp ANDRIS2 TOP WIFI s\u1eed d\u1ee5ng thanh \u0111\u1ed1t 100% TITAN b\u1ea3o h\u00e0nh tr\u1ecdn \u0111\u1eddi, mang l\u1ea1i hi\u1ec7u qu\u1ea3 l\u00e0m n\u00f3ng nhanh, b\u1ec1n b\u1ec9 v\u1edbi th\u1eddi gian.<\/p>\n<h2>3. M\u00e1y N\u01b0\u1edbc N\u00f3ng Gi\u00e1n Ti\u1ebfp Ariston ANDRIS2 TOP WIFI Vi m\u1ea1ch ch\u1ee7 \u0111\u1ed9ng ki\u1ec3m so\u00e1t an to\u00e0n<\/h2>\n<p>\u0110\u1ec3 n\u00e2ng cao s\u1ef1 b\u1ea3o v\u1ec7 cho ng\u01b0\u1eddi ti\u00eau d\u00f9ng, vi m\u1ea1ch ki\u1ec3m so\u00e1t an to\u00e0n 3D \u0111\u01b0\u1ee3c l\u1eafp \u0111\u1eb7t b\u00ean trong b\u00ecnh n\u01b0\u1edbc n\u00f3ng s\u1ebd t\u1ef1 \u0111\u1ed9ng ki\u1ec3m tra t\u1ea5t c\u1ea3 c\u00e1c b\u1ed9 ph\u1eadn c\u1ee7a b\u00ecnh tr\u01b0\u1edbc v\u00e0 trong qu\u00e1 tr\u00ecnh ho\u1ea1t \u0111\u1ed9ng. N\u1ebfu ph\u00e1t hi\u1ec7n d\u1ea5u hi\u1ec7u b\u1ea5t th\u01b0\u1eddng, m\u00e1y s\u1ebd ng\u1eebng ho\u1ea1t \u0111\u1ed9ng, hi\u1ec3n th\u1ecb th\u00f4ng b\u00e1o l\u1ed7i l\u00ean m\u00e0n h\u00ecnh v\u00e0 t\u1ef1 \u0111\u1ed9ng c\u1eaft ngu\u1ed3n khi c\u1ea7n thi\u1ebft. \u0110i\u1ec1u n\u00e0y gi\u00fap \u0111\u1ea3m b\u1ea3o an to\u00e0n t\u1ed1i \u0111a cho c\u00e1c th\u00e0nh vi\u00ean trong gia \u0111\u00ecnh khi t\u1eafm<\/p>\n<figure id=\"attachment_22783\" aria-describedby=\"caption-attachment-22783\" style=\"width: 800px\" class=\"wp-caption alignnone\"><img loading=\"lazy\" decoding=\"async\" class=\"wp-image-22783 size-full\" src=\"https:\/\/livinghome.vn\/thiet-bi\/wp-content\/uploads\/2024\/11\/andris-top2-wifi-avt.png\" alt=\"M\u00e1y N\u01b0\u1edbc N\u00f3ng Gi\u00e1n Ti\u1ebfp ANDRIS2 TOP WIFI\" width=\"800\" height=\"800\" title=\"\" srcset=\"https:\/\/livinghome.vn\/thiet-bi\/wp-content\/uploads\/2024\/11\/andris-top2-wifi-avt.png 800w, https:\/\/livinghome.vn\/thiet-bi\/wp-content\/uploads\/2024\/11\/andris-top2-wifi-avt-400x400.png 400w, https:\/\/livinghome.vn\/thiet-bi\/wp-content\/uploads\/2024\/11\/andris-top2-wifi-avt-280x280.png 280w, https:\/\/livinghome.vn\/thiet-bi\/wp-content\/uploads\/2024\/11\/andris-top2-wifi-avt-768x768.png 768w, https:\/\/livinghome.vn\/thiet-bi\/wp-content\/uploads\/2024\/11\/andris-top2-wifi-avt-300x300.png 300w, https:\/\/livinghome.vn\/thiet-bi\/wp-content\/uploads\/2024\/11\/andris-top2-wifi-avt-600x600.png 600w, https:\/\/livinghome.vn\/thiet-bi\/wp-content\/uploads\/2024\/11\/andris-top2-wifi-avt-100x100.png 100w\" sizes=\"auto, (max-width: 800px) 100vw, 800px\" \/><figcaption id=\"caption-attachment-22783\" class=\"wp-caption-text\">M\u00e1y N\u01b0\u1edbc N\u00f3ng Gi\u00e1n Ti\u1ebfp Ariston ANDRIS2 TOP WIFI<\/figcaption><\/figure>\n<h2>4. C\u00f4ng ngh\u1ec7 th\u00f4ng minh ECO EVO<\/h2>\n<p>C\u00f4ng ngh\u1ec7 ECO EVO chu\u1ea9n ch\u00e2u \u00c2u c\u00f3 kh\u1ea3 n\u0103ng ghi nh\u1edb th\u00f3i quen s\u1eed d\u1ee5ng c\u1ee7a ng\u01b0\u1eddi d\u00f9ng, t\u1ef1 \u0111\u1ed9ng t\u00ednh to\u00e1n l\u01b0\u1ee3ng n\u01b0\u1edbc n\u00f3ng v\u00e0 nhi\u1ec7t \u0111\u1ed9 t\u1ed1i \u01b0u nh\u1ea5t, gi\u00fap ti\u1ebft ki\u1ec7m n\u0103ng l\u01b0\u1ee3ng.<\/p>\n<h2>5. C\u00f4ng ngh\u1ec7 ION b\u1ea1c kh\u00e1ng khu\u1ea9n AG+<\/h2>\n<p>Khi t\u1eafm, ngo\u00e0i vi\u1ec7c c\u1ea7n ngu\u1ed3n n\u01b0\u1edbc n\u00f3ng \u1ea5m ph\u00f9 h\u1ee3p, b\u1ea1n c\u0169ng c\u1ea7n ch\u00fa \u00fd \u0111\u1ebfn m\u1ee9c \u0111\u1ed9 an to\u00e0n v\u00e0 s\u1ea1ch s\u1ebd, v\u00ec n\u01b0\u1edbc \u1ea5m c\u00f3 th\u1ec3 t\u1ea1o \u0111i\u1ec1u ki\u1ec7n cho vi khu\u1ea9n ph\u00e1t tri\u1ec3n. M\u00e1y N\u01b0\u1edbc N\u00f3ng Gi\u00e1n Ti\u1ebfp Ariston ANDRIS2 TOP WIFI s\u1eed d\u1ee5ng c\u00f4ng ngh\u1ec7 Ion b\u1ea1c kh\u00e1ng khu\u1ea9n gi\u00fap l\u00e0m s\u1ea1ch n\u01b0\u1edbc, ng\u0103n ng\u1eeba s\u1ef1 \u1ea3nh h\u01b0\u1edfng c\u1ee7a c\u00e1c lo\u1ea1i vi khu\u1ea9n nh\u01b0 E. coli, Salmonella, Legionella, n\u1ea5m m\u1ed1c v\u00e0 nhi\u1ec1u lo\u1ea1i vi khu\u1ea9n kh\u00e1c, gi\u00fap b\u1ea1n v\u00e0 gia \u0111\u00ecnh an t\u00e2m th\u01b0 gi\u00e3n v\u1edbi d\u00f2ng n\u01b0\u1edbc s\u1ea1ch khu\u1ea9n.<\/p>\n<h2>6. Th\u00f4ng s\u1ed1 k\u1ef9 thu\u1eadt<\/h2>\n<figure id=\"attachment_22823\" aria-describedby=\"caption-attachment-22823\" style=\"width: 1042px\" class=\"wp-caption alignnone\"><img loading=\"lazy\" decoding=\"async\" class=\"wp-image-22823 size-full\" src=\"https:\/\/livinghome.vn\/thiet-bi\/wp-content\/uploads\/2024\/11\/andris2-top-wifi-kt.png\" alt=\"M\u00e1y N\u01b0\u1edbc N\u00f3ng Gi\u00e1n Ti\u1ebfp Ariston ANDRIS2 TOP WIFI\" width=\"1042\" height=\"521\" title=\"\" srcset=\"https:\/\/livinghome.vn\/thiet-bi\/wp-content\/uploads\/2024\/11\/andris2-top-wifi-kt.png 1042w, https:\/\/livinghome.vn\/thiet-bi\/wp-content\/uploads\/2024\/11\/andris2-top-wifi-kt-800x400.png 800w, https:\/\/livinghome.vn\/thiet-bi\/wp-content\/uploads\/2024\/11\/andris2-top-wifi-kt-768x384.png 768w, https:\/\/livinghome.vn\/thiet-bi\/wp-content\/uploads\/2024\/11\/andris2-top-wifi-kt-600x300.png 600w\" sizes=\"auto, (max-width: 1042px) 100vw, 1042px\" \/><figcaption id=\"caption-attachment-22823\" class=\"wp-caption-text\">M\u00e1y N\u01b0\u1edbc N\u00f3ng Gi\u00e1n Ti\u1ebfp Ariston ANDRIS2 TOP WIFI<\/figcaption><\/figure>\n<p>C\u00f2n ch\u1ea7n ch\u1edd g\u00ec n\u1eefa,\u00a0<a href=\"https:\/\/livinghome.vn\/\"><strong>Living Home Vi\u1ec7t Nam<\/strong><\/a><a href=\"http:\/\/livinghome.vn\/\">\u00a0<\/a>ch\u1eafc ch\u1eafn s\u1ebd l\u00e0m h\u00e0i l\u00f2ng nh\u1eefng t\u00edn \u0111\u1ed3 y\u00eau th\u00edch v\u00e0 \u0111am m\u00ea c\u00e1c thi\u1ebft b\u1ecb hi\u1ec7n \u0111\u1ea1i..<br \/>\n<strong>Th\u00f4ng tin li\u00ean h\u1ec7:<\/strong><\/p>\n<ul>\n<li>Showroom tr\u1ea3i nghi\u1ec7m v\u00e0 nh\u1eadn t\u1ef1 v\u1ea5n tr\u1ef1c ti\u1ebfp: 442A C\u1ed9ng H\u00f2a, Ph\u01b0\u1eddng 13, Qu\u1eadn T\u00e2n B\u00ecnh, H\u1ed3 Ch\u00ed Minh (c\u00f3 ch\u1ed7 \u0111\u1eadu \u00f4 t\u00f4 nh\u00e9)<\/li>\n<li>Google Maps d\u1eabn \u0111\u01b0\u1eddng:\u00a0<a href=\"https:\/\/maps.app.goo.gl\/RvTsXUvtt1QkdaQa9\" target=\"_blank\" rel=\"dofollow noopener\">XEM \u1ede \u0110\u00c2Y<\/a><\/li>\n<li>K\u00eanh Facebook th\u00f4ng tin c\u1eadp nh\u1eadt:\u00a0<a href=\"https:\/\/www.facebook.com\/noithatlivinghome\/\" target=\"_blank\" rel=\"dofollow noopener\">XEM \u1ede \u0110\u00c2Y<\/a><\/li>\n<li>K\u00eanh Youtube chuy\u00ean video s\u1ea3n ph\u1ea9m m\u1edbi nh\u1ea5t:\u00a0<a href=\"https:\/\/www.youtube.com\/channel\/UCi5ijFuCl-RA7xBGqPlfm4A\" target=\"_blank\" rel=\"dofollow noopener\">XEM \u1ede \u0110\u00c2Y<\/a><\/li>\n<li>K\u00eanh TikTok c\u1eadp nh\u1eadt xu h\u01b0\u1edbng m\u1edbi nh\u1ea5t:\u00a0<a href=\"https:\/\/www.tiktok.com\/@noithatlivinghome?_t=8rA3V9bAq8e&amp;_r=1\" target=\"_blank\" rel=\"dofollow noopener\">XEM \u1ede \u0110\u00c2Y<\/a><\/li>\n<\/ul>\n","protected":false},"excerpt":{"rendered":"<h3>M\u00e1y N\u01b0\u1edbc N\u00f3ng Gi\u00e1n Ti\u1ebfp Ariston ANDRIS2 TOP WIFI<\/h3>\n<ul>\n<li>WIFI th\u00f4ng minh &#8211; Ti\u1ebft ki\u1ec7m 25% \u0111i\u1ec7n n\u0103ng<\/li>\n<li>Thanh \u0111\u1ed1t 100% Titan &#8211; b\u1ea3o h\u00e0nh tr\u1ecdn \u0111\u1eddi<\/li>\n<li>C\u00f4ng ngh\u1ec7 Ion B\u1ea1c kh\u00e1ng khu\u1ea9n Ag+, b\u1ea3o v\u1ec7 s\u1ee9c kh\u1ecfe<\/li>\n<li>C\u00f4ng ngh\u1ec7 th\u00f4ng minh ECO EVO, ti\u1ebft ki\u1ec7m 14% \u0111i\u1ec7n n\u0103ng<\/li>\n<li>Vi m\u1ea1ch ch\u1ee7 \u0111\u1ed9ng ki\u1ec3m so\u00e1t an to\u00e0n 3D<\/li>\n<li>B\u00ecnh ch\u1ee9a tr\u00e1ng men Titan<\/li>\n<li>R\u01a1 le nhi\u1ec7t \u0111i\u1ec7n t\u1eed TBSE \u0111\u1ed9 ch\u00ednh x\u00e1c cao<\/li>\n<li>Khuy\u1ebfn c\u00e1o nhi\u1ec7t \u0111\u1ed9 an to\u00e0n<\/li>\n<li>H\u1ec7 th\u1ed1ng an to\u00e0n \u0111\u1ed3ng b\u1ed9 TSS<\/li>\n<li>B\u1ea3o hi\u1ec3m an to\u00e0n cho ng\u01b0\u1eddi d\u00f9ng<\/li>\n<li>M\u00e0n h\u00ecnh LED, \u0111i\u1ec1u ch\u1ec9nh b\u1eb1ng n\u00fat c\u1ea3m \u1ee9ng<\/li>\n<li>\u0110\u00e8n b\u00e1o n\u01b0\u1edbc n\u00f3ng \u0111\u00e3 s\u1eb5n s\u00e0ng<\/li>\n<li>C\u00f4ng ngh\u1ec7 Flexomix cho nhi\u1ec1u n\u01b0\u1edbc n\u00f3ng h\u01a1n 10%<\/li>\n<li>L\u1edbp c\u00e1ch nhi\u1ec7t m\u1eadt \u0111\u1ed9 cao- gi\u1eef n\u01b0\u1edbc n\u00f3ng l\u00ean \u0111\u1ebfn 48 gi\u1edd<\/li>\n<li>Dung t\u00edch th\u1ef1c b\u1eb1ng dung t\u00edch c\u00f4ng b\u1ed1<\/li>\n<\/ul>\n","protected":false},"featured_media":22784,"comment_status":"open","ping_status":"closed","template":"","meta":[],"product_brand":[],"product_cat":[540,1979,2052,2056],"product_tag":[1980,2053,2006,542],"class_list":{"0":"post-22782","1":"product","2":"type-product","3":"status-publish","4":"has-post-thumbnail","6":"product_cat-may-nong-lanh","7":"product_cat-may-nuoc-nong","8":"product_cat-may-nuoc-nong-ariston","9":"product_cat-thuong-hieu-ariston","10":"product_tag-may-nuoc-nong","11":"product_tag-may-nuoc-nong-ariston","12":"product_tag-may-nuoc-nong-gian-tiep","13":"product_tag-may-nuoc-nong-lanh","15":"first","16":"instock","17":"shipping-taxable","18":"product-type-simple"},"_links":{"self":[{"href":"https:\/\/livinghome.vn\/thiet-bi\/wp-json\/wp\/v2\/product\/22782","targetHints":{"allow":["GET"]}}],"collection":[{"href":"https:\/\/livinghome.vn\/thiet-bi\/wp-json\/wp\/v2\/product"}],"about":[{"href":"https:\/\/livinghome.vn\/thiet-bi\/wp-json\/wp\/v2\/types\/product"}],"replies":[{"embeddable":true,"href":"https:\/\/livinghome.vn\/thiet-bi\/wp-json\/wp\/v2\/comments?post=22782"}],"wp:featuredmedia":[{"embeddable":true,"href":"https:\/\/livinghome.vn\/thiet-bi\/wp-json\/wp\/v2\/media\/22784"}],"wp:attachment":[{"href":"https:\/\/livinghome.vn\/thiet-bi\/wp-json\/wp\/v2\/media?parent=22782"}],"wp:term":[{"taxonomy":"product_brand","embeddable":true,"href":"https:\/\/livinghome.vn\/thiet-bi\/wp-json\/wp\/v2\/product_brand?post=22782"},{"taxonomy":"product_cat","embeddable":true,"href":"https:\/\/livinghome.vn\/thiet-bi\/wp-json\/wp\/v2\/product_cat?post=22782"},{"taxonomy":"product_tag","embeddable":true,"href":"https:\/\/livinghome.vn\/thiet-bi\/wp-json\/wp\/v2\/product_tag?post=22782"}],"curies":[{"name":"wp","href":"https:\/\/api.w.org\/{rel}","templated":true}]}}