{"id":2266,"date":"2023-01-12T16:48:52","date_gmt":"2023-01-12T16:48:52","guid":{"rendered":"https:\/\/livinghome.vn\/thiet-bi\/?post_type=product&#038;p=2266"},"modified":"2024-11-29T14:20:32","modified_gmt":"2024-11-29T07:20:32","slug":"may-hut-mui-teka-ch-1070-bg-co-dien-ben-bi","status":"publish","type":"product","link":"https:\/\/livinghome.vn\/thiet-bi\/may-hut-mui-teka-ch-1070-bg-co-dien-ben-bi\/","title":{"rendered":"M\u00e1y h\u00fat m\u00f9i Teka CH 1070 BG c\u1ed5 \u0111i\u1ec3n b\u1ec1n b\u1ec9"},"content":{"rendered":"<h3>M\u00e1y h\u00fat m\u00f9i Teka CH 1070 BG c\u1ed5 \u0111i\u1ec3n b\u1ec1n b\u1ec9<\/h3>\n<p>Kh\u00f4ng ch\u1ec9 \u0111em l\u1ea1i m\u1ed9t kh\u00f4ng gian s\u1ea1ch m\u00e0 c\u00f2n gi\u00fap gian b\u1ebfp c\u1ee7a gia \u0111\u00ecnh b\u1ea1n tr\u1edf l\u00ean sang tr\u1ecdng, l\u00e0 1 m\u00f3n decor h\u01a1i b\u1ecb x\u1ecbn x\u00f2 gi\u00fap \u0111\u00f3 nha.<\/p>\n<figure id=\"attachment_66981\" aria-describedby=\"caption-attachment-66981\" style=\"width: 800px\" class=\"wp-caption alignnone\"><img loading=\"lazy\" decoding=\"async\" class=\"wp-image-66981 size-large\" src=\"https:\/\/livinghome.vn\/thiet-bi\/wp-content\/uploads\/nha-bep\/teka\/may-hut-mui\/may-hut-mui-teka-ch-1070-bg\/may-hut-mui-teka-ch-1070-bg-1-1-800x800.jpg\" alt=\"M\u00e1y h\u00fat m\u00f9i Teka CH 1070 BG c\u1ed5 \u0111i\u1ec3n b\u1ec1n b\u1ec9\" width=\"800\" height=\"800\" title=\"\"><figcaption id=\"caption-attachment-66981\" class=\"wp-caption-text\">M\u00e1y h\u00fat m\u00f9i Teka CH 1070 BG c\u1ed5 \u0111i\u1ec3n b\u1ec1n b\u1ec9<\/figcaption><\/figure>\n<p>Teka CH 1070 BG kh\u00f4ng ph\u1ea3i ch\u1ec9 d\u00f9ng \u0111\u1ec3 h\u00fat m\u00f9i, n\u00f3 c\u00f2n c\u00f3 t\u00e1c d\u1ee5ng r\u1ea5t t\u1ed1t trong vi\u1ec7c l\u00e0m s\u1ea1ch kh\u00f4ng kh\u00ed, lo\u1ea1i b\u1ecf kh\u00ed \u0111\u1ed9c t\u1ea1o kh\u00f4ng gian d\u1ec5 ch\u1ecbu, tho\u00e1ng m\u00e1t v\u00e0 s\u1ea1ch s\u1ebd cho c\u0103n b\u1ebfp c\u1ee7a b\u1ea1n.<\/p>\n<h3>T\u00ednh n\u0103ng c\u01a1 b\u1ea3n<\/h3>\n<ul>\n<li><a href=\"https:\/\/livinghome.vn\/thiet-bi\/may-hut-mui\/\">M\u00e1y h\u00fat kh\u00f3i kh\u1eed m\u00f9i<\/a> \u2013 kh\u1eed m\u00f9i c\u1ed5 \u0111i\u1ec3n<\/li>\n<li>\u0110i\u1ec1u khi\u1ec3n b\u1eb1ng n\u00fat nh\u1ea5n<\/li>\n<li>Ch\u1ea5t li\u1ec7u th\u00e9p kh\u00f4ng g\u1ec9<\/li>\n<li>2 m\u1ee9c c\u00f4ng su\u1ea5t h\u00fat<\/li>\n<li>C\u00f4ng su\u1ea5t h\u00fat t\u1ed1i \u0111a 400m3\/h<\/li>\n<li>\u0110\u1ed9 \u1ed3n t\u1ed1c \u0111\u1ed9 h\u00fat t\u1ed1i da 60dB<\/li>\n<li>02 l\u01b0\u1edbi l\u1ecdc nh\u00f4m.<\/li>\n<\/ul>\n<p>Teka CH 1070 BG l\u00e0 lo\u1ea1i m\u00e1y h\u00fat m\u00f9i c\u00f3 c\u00f4ng su\u1ea5t cao trong c\u00e1c lo\u1ea1i m\u00e1y h\u00fat m\u00f9i c\u1ed5 \u0111i\u1ec3n, c\u00f4ng su\u1ea5t t\u1ed1i \u0111a c\u1ee7a m\u00e1y l\u00ean \u0111\u1ebfn 400m3\/h v\u00e0 \u0111\u01b0\u1ee3c \u0111i\u1ec1u khi\u1ec3n b\u1eb1ng n\u00fat nh\u1ea5n d\u1ebf d\u00e0ng, c\u00f4ng d\u1ee5ng ch\u1ee7 y\u1ebfu c\u1ee7a s\u1ea3n ph\u1ea9m l\u00e0 h\u00fat v\u00e0 \u0111\u1ea9y m\u00f9i th\u1ee9c \u0103n ra kh\u00f4ng gian ngo\u00e0i ph\u00f2ng b\u1ebfp, ngo\u00e0i t\u00e1c d\u1ee5ng h\u00fat \u0111\u1ea9y m\u00f9i c\u00f2n c\u00f3 t\u00e1c d\u1ee5ng h\u00fat kh\u1eed m\u00f9i tr\u1ef1c ti\u1ebfp t\u1ea1o v\u00f2ng tu\u1ea7n ho\u00e0n kh\u00e9p k\u00edn, m\u00f9i \u0111\u01b0\u1ee3c h\u00fat qua b\u1ed9 l\u1ecdc than ho\u1ea1t t\u00ednh c\u1ee7a m\u00e1y, t\u1ea1i \u0111\u00e2y than ho\u1ea1t t\u00ednh c\u00f3 t\u00e1c d\u1ee5ng kh\u1eed tr\u1ef1c ti\u1ebfp m\u00f9i, sau \u0111\u00f3 kh\u00f4ng kh\u00ed s\u1ea1ch s\u1ebd \u0111\u01b0\u1ee3c \u0111\u1ea9y tr\u1ef1c ti\u1ebfp ra ngo\u00e0i ph\u00f2ng b\u1ebfp.<\/p>\n<h3>Th\u00f4ng s\u1ed1 k\u1ef9 thu\u1eadt<\/h3>\n<ul>\n<li>Chi\u1ec1u cao(mm): 135<\/li>\n<li>Chi\u1ec1u r\u1ed9ng (mm): 695<\/li>\n<li>\u0110\u1ed9 s\u00e2u (mm): 480<\/li>\n<\/ul>\n<h3>\u0110\u1eb7c t\u00ednh s\u1ea3n ph\u1ea9m<\/h3>\n<ul>\n<li>Gi\u1ea5y ch\u1ee9ng nh\u1eadn:\u00a0CE; CB<\/li>\n<li>\u1ed4 c\u1eafm (mm):\u00a0150<\/li>\n<li>\u0110i\u1ec7n n\u0103ng ti\u00eau th\u1ee5 \u0111\u00e8n b\u00ean trong (W):\u00a03<\/li>\n<li>Ph\u00edch c\u1eafm:\u00a0European plug<\/li>\n<li>C\u00f4ng su\u1ea5t (V):\u00a0220240<\/li>\n<li>T\u1ea7n s\u1ed1 (Hz):\u00a050<\/li>\n<\/ul>\n<p>M\u00e1y h\u00fat m\u00f9i gia \u0111\u00ecnh\u00a0Teka s\u1eed d\u1ee5ng motor \u0111\u00f4i c\u00f4ng su\u1ea5t ho\u1ea1t \u0111\u1ed9ng m\u1ea1nh m\u1ebd \u0111\u1ed9 \u1ed3n th\u1ea5p, \u0111\u1ed9 \u1ed3n t\u1ed1i \u0111a c\u1ee7a m\u00e1y khi ho\u1ea1t \u0111\u1ed9ng v\u1edbi c\u00f4ng su\u1ea5t cao nh\u1ea5t l\u00e0 \u1edf m\u1ee9c 60Db, v\u1edbi s\u1ea3n ph\u1ea9m b\u1ea1n d\u1ec5 d\u00e0ng l\u1ef1a ch\u1ecdn ch\u1ebf \u0111\u1ed9 h\u00fat kh\u1eed ph\u00f9 h\u1ee3p v\u1edbi kh\u00f4ng gian b\u1ebfp b\u1edfi m\u00e1y h\u00fat m\u00f9i n\u00e0y c\u00f3 2 ch\u1ebf \u0111\u1ed9 h\u00fat kh\u1eed m\u00f9i \u0111\u00f3 l\u00e0 ch\u1ebf \u0111\u1ed9 kh\u1eed b\u1eb1ng than ho\u1ea1t t\u00ednh t\u1ea1i ch\u1ed7 v\u00e0 ch\u1ebf \u0111\u1ed9 h\u00fat \u0111\u1ea9y ra ngo\u00e0i<\/p>\n<h3>Xu\u1ea5t x\u1ee9: PRC<\/h3>\n<div><\/div>\n","protected":false},"excerpt":{"rendered":"<div id=\"product-title\" class=\"et_pb_module et_pb_text et_pb_bg_layout_light et_pb_text_align_left\">\n<div class=\"et_pb_text_inner\">\n<h1>M\u00e1y h\u00fat m\u00f9i c\u1ed5 \u0111i\u1ec3n<\/h1>\n<\/div>\n<\/div>\n<div class=\"et_pb_module et_pb_text et_pb_text_1 et_pb_bg_layout_light et_pb_text_align_left\">\n<div class=\"et_pb_text_inner\">\n<div id=\"product-content\">\n<ul>\n<li>\u0110i\u1ec1u khi\u1ec3n b\u1eb1ng n\u00fat nh\u1ea5n<\/li>\n<li>Ch\u1ea5t li\u1ec7u th\u00e9p kh\u00f4ng g\u1ec9<\/li>\n<li>2 m\u1ee9c c\u00f4ng su\u1ea5t h\u00fat<\/li>\n<li>C\u00f4ng su\u1ea5t h\u00fat t\u1ed1i \u0111a 400m3\/h<\/li>\n<li>\u0110\u1ed9 \u1ed3n t\u1ed1c \u0111\u1ed9 h\u00fat t\u1ed1i da 60dB<\/li>\n<li>02 l\u01b0\u1edbi l\u1ecdc nh\u00f4m<\/li>\n<\/ul>\n<\/div>\n<\/div>\n<\/div>\n","protected":false},"featured_media":2413,"comment_status":"open","ping_status":"closed","template":"","meta":[],"product_brand":[],"product_cat":[84,132,344,311],"product_tag":[86,275,133,346,313],"class_list":{"0":"post-2266","1":"product","2":"type-product","3":"status-publish","4":"has-post-thumbnail","6":"product_cat-may-hut-mui","7":"product_cat-may-hut-mui-co-dien-classic","8":"product_cat-may-hut-mui-teka","9":"product_cat-thuong-hieu-teka","10":"product_tag-may-hut-mui","11":"product_tag-may-hut-mui-classic","12":"product_tag-may-hut-mui-co-dien","13":"product_tag-may-hut-mui-teka","14":"product_tag-teka","16":"first","17":"instock","18":"sale","19":"shipping-taxable","20":"purchasable","21":"product-type-simple"},"_links":{"self":[{"href":"https:\/\/livinghome.vn\/thiet-bi\/wp-json\/wp\/v2\/product\/2266","targetHints":{"allow":["GET"]}}],"collection":[{"href":"https:\/\/livinghome.vn\/thiet-bi\/wp-json\/wp\/v2\/product"}],"about":[{"href":"https:\/\/livinghome.vn\/thiet-bi\/wp-json\/wp\/v2\/types\/product"}],"replies":[{"embeddable":true,"href":"https:\/\/livinghome.vn\/thiet-bi\/wp-json\/wp\/v2\/comments?post=2266"}],"wp:featuredmedia":[{"embeddable":true,"href":"https:\/\/livinghome.vn\/thiet-bi\/wp-json\/wp\/v2\/media\/2413"}],"wp:attachment":[{"href":"https:\/\/livinghome.vn\/thiet-bi\/wp-json\/wp\/v2\/media?parent=2266"}],"wp:term":[{"taxonomy":"product_brand","embeddable":true,"href":"https:\/\/livinghome.vn\/thiet-bi\/wp-json\/wp\/v2\/product_brand?post=2266"},{"taxonomy":"product_cat","embeddable":true,"href":"https:\/\/livinghome.vn\/thiet-bi\/wp-json\/wp\/v2\/product_cat?post=2266"},{"taxonomy":"product_tag","embeddable":true,"href":"https:\/\/livinghome.vn\/thiet-bi\/wp-json\/wp\/v2\/product_tag?post=2266"}],"curies":[{"name":"wp","href":"https:\/\/api.w.org\/{rel}","templated":true}]}}