{"id":2249,"date":"2023-01-12T16:48:28","date_gmt":"2023-01-12T16:48:28","guid":{"rendered":"https:\/\/livinghome.vn\/thiet-bi\/?post_type=product&#038;p=2249"},"modified":"2024-11-29T14:20:32","modified_gmt":"2024-11-29T07:20:32","slug":"may-hut-mui-teka-cc-485-island-dao-sang-trong-doc-dao","status":"publish","type":"product","link":"https:\/\/livinghome.vn\/thiet-bi\/may-hut-mui-teka-cc-485-island-dao-sang-trong-doc-dao\/","title":{"rendered":"M\u00e1y h\u00fat m\u00f9i Teka CC 485 Island \u0111\u1ea3o sang tr\u1ecdng \u0111\u1ed9c \u0111\u00e1o"},"content":{"rendered":"<h3>M\u00e1y h\u00fat m\u00f9i Teka CC 485 Island \u0111\u1ea3o sang tr\u1ecdng \u0111\u1ed9c \u0111\u00e1o<\/h3>\n<p>M\u00e1y h\u00fat m\u00f9i \u0111\u1ea3o Teka CC 485 d\u00f2ng s\u1ea3n ph\u1ea9m m\u00e1y h\u00fat m\u00f9i d\u1ea1ng \u1ed1ng m\u1edbi nh\u1ea5t c\u1ee7a t\u1eadp \u0111o\u00e0n Teka, v\u1edbi thi\u1ebft k\u1ebf \u0111\u1eb7c bi\u1ec7t CC 485 \u0111em \u0111\u1ebfn cho b\u1ea1n m\u1ed9t kh\u00f4ng gian kh\u00e1c bi\u1ec7t.<\/p>\n<figure id=\"attachment_66974\" aria-describedby=\"caption-attachment-66974\" style=\"width: 900px\" class=\"wp-caption alignnone\"><img loading=\"lazy\" decoding=\"async\" class=\"wp-image-66974\" src=\"https:\/\/livinghome.vn\/thiet-bi\/wp-content\/uploads\/nha-bep\/teka\/may-hut-mui\/may-hut-mui-teka-cc-485-island\/may-hut-mui-teka-cc-485-island-5-1.jpg\" alt=\"M\u00e1y h\u00fat m\u00f9i Teka CC 485 Island \u0111\u1ea3o sang tr\u1ecdng \u0111\u1ed9c \u0111\u00e1o\" width=\"900\" height=\"506\" title=\"\"><figcaption id=\"caption-attachment-66974\" class=\"wp-caption-text\">M\u00e1y h\u00fat m\u00f9i Teka CC 485 Island \u0111\u1ea3o sang tr\u1ecdng \u0111\u1ed9c \u0111\u00e1o<\/figcaption><\/figure>\n<p>V\u1edbi thi\u1ebft k\u1ebf \u0111\u1ed9c \u0111\u00e1o, s\u00e1ng t\u1ea1o v\u1ec1 h\u00ecnh d\u1ea1ng v\u00e0 k\u00edch th\u01b0\u1edbc s\u1ebd gi\u00fap b\u1ea1n t\u00ecm \u0111\u01b0\u1ee3c m\u1ed9t s\u1ea3n ph\u1ea9m ph\u00f9 h\u1ee3p v\u00e0 h\u00e0i h\u00f2a cho gian b\u1ebfp.<\/p>\n<h3>T\u00ednh n\u0103ng c\u01a1 b\u1ea3n<\/h3>\n<ul>\n<li><a href=\"https:\/\/livinghome.vn\/thiet-bi\/may-hut-mui\/\">M\u00e1y h\u00fat kh\u00f3i kh\u1eed m\u00f9i<\/a> \u2013 kh\u1eed m\u00f9i \u1ed1c \u0111\u1ea3o<\/li>\n<li>C\u00f4ng su\u1ea5t t\u1ed1i \u0111a: 920 m\u00b3\/h<\/li>\n<li>3 m\u1ee9c t\u1ed1t \u0111\u1ed9 + 1 m\u1ee9c t\u0103ng c\u01b0\u1eddng h\u00fat<\/li>\n<li>\u0110\u1ed9 \u1ed3n 72 dB<\/li>\n<li>\u0110i\u1ec1u khi\u1ec3n c\u1ea3m \u1ee9ng v\u1edbi m\u00e0n h\u00ecnh \u0111i\u1ec7n t\u1eed<\/li>\n<li>\u0110\u1ed9ng c\u01a1 EcoPower c\u00f4ng su\u1ea5t m\u1ea1nh, ti\u1ebft ki\u1ec7m \u0111i\u1ec7n<\/li>\n<li>Ch\u1ee9c n\u0103ng h\u1eb9n gi\u1edd<\/li>\n<li>M\u1ee9c n\u0103ng l\u01b0\u1ee3ng A+<\/li>\n<\/ul>\n<p>H\u00fat m\u00f9i \u0111\u01b0\u1ee3c thi\u1ebft k\u1ebf v\u1edbi \u0111\u1ed9ng c\u01a1 ti\u1ebft ki\u1ec7m n\u0103ng l\u01b0\u1ee3ng gi\u00fap gi\u1ea3m \u0111i\u1ec7n n\u0103ng ti\u00eau th\u1ee5 m\u00e0 v\u1eabn \u0111\u1ea3m b\u1ea3o hi\u1ec7u qu\u1ea3 l\u00e0m tho\u00e1ng cho gian b\u1ebfp.<\/p>\n<figure id=\"attachment_66976\" aria-describedby=\"caption-attachment-66976\" style=\"width: 900px\" class=\"wp-caption alignnone\"><img loading=\"lazy\" decoding=\"async\" class=\"wp-image-66976\" src=\"https:\/\/livinghome.vn\/thiet-bi\/wp-content\/uploads\/nha-bep\/teka\/may-hut-mui\/may-hut-mui-teka-cc-485-island\/may-hut-mui-teka-cc-485-island-6-1.jpg\" alt=\"M\u00e1y h\u00fat m\u00f9i Teka CC 485 Island \u0111\u1ea3o sang tr\u1ecdng \u0111\u1ed9c \u0111\u00e1o\" width=\"900\" height=\"506\" title=\"\"><figcaption id=\"caption-attachment-66976\" class=\"wp-caption-text\">M\u00e1y h\u00fat m\u00f9i Teka CC 485 Island \u0111\u1ea3o sang tr\u1ecdng \u0111\u1ed9c \u0111\u00e1o<\/figcaption><\/figure>\n<h3>Th\u00f4ng s\u1ed1 k\u1ef9 thu\u1eadt<\/h3>\n<ul>\n<li>Chi\u1ec1u cao(mm):\u00a0900-1200<\/li>\n<li>Chi\u1ec1u r\u1ed9ng (mm):\u00a0400<\/li>\n<li>\u0110\u1ed9 s\u00e2u (mm):\u00a0400<\/li>\n<li>Tr\u1ecdng l\u01b0\u1ee3ng (Kgs):\u00a021,5<\/li>\n<\/ul>\n<h3>\u0110\u1eb7c t\u00ednh s\u1ea3n ph\u1ea9m<\/h3>\n<ul>\n<li>Gi\u1ea5y ch\u1ee9ng nh\u1eadn:\u00a0CE; CB<\/li>\n<li>\u1ed4 c\u1eafm (mm):\u00a0150<\/li>\n<li>\u0110i\u1ec7n n\u0103ng ti\u00eau th\u1ee5 \u0111\u00e8n b\u00ean trong (W):\u00a03<\/li>\n<li>Ph\u00edch c\u1eafm:\u00a0European plug<\/li>\n<li>C\u00f4ng su\u1ea5t (V):\u00a0220240<\/li>\n<li>T\u1ea7n s\u1ed1 (Hz):\u00a050<\/li>\n<li>T\u1ed5ng c\u00f4ng su\u1ea5t h\u00fat (W):\u00a0286<\/li>\n<li>C\u00f4ng su\u1ea5t \u0111\u1ed9ng c\u01a1 (W):\u00a0280<\/li>\n<\/ul>\n<figure id=\"attachment_66972\" aria-describedby=\"caption-attachment-66972\" style=\"width: 800px\" class=\"wp-caption alignnone\"><img loading=\"lazy\" decoding=\"async\" class=\"wp-image-66972 size-large\" src=\"https:\/\/livinghome.vn\/thiet-bi\/wp-content\/uploads\/nha-bep\/teka\/may-hut-mui\/may-hut-mui-teka-cc-485-island\/may-hut-mui-teka-cc-485-island-4-1-800x800.jpg\" alt=\"M\u00e1y h\u00fat m\u00f9i Teka CC 485 Island \u0111\u1ea3o sang tr\u1ecdng \u0111\u1ed9c \u0111\u00e1o\" width=\"800\" height=\"800\" title=\"\"><figcaption id=\"caption-attachment-66972\" class=\"wp-caption-text\">K\u00edch th\u01b0\u1edbc m\u00e1y h\u00fat m\u00f9i Teka CC 485 Island \u0111\u1ea3o sang tr\u1ecdng \u0111\u1ed9c \u0111\u00e1o<\/figcaption><\/figure>\n<p>C\u00e1c s\u1ea3n ph\u1ea9m c\u1ee7a Teka \u0111\u1ec1u \u0111\u1ea1t chu\u1ea9n v\u1ec1 ch\u1ea5t l\u01b0\u1ee3ng, m\u1eabu m\u00e3 \u0111\u1eb9p, c\u00f4ng ngh\u1ec7 th\u00f4ng minh nh\u1ea5t hi\u1ec7n nay.<\/p>\n<h3>Xu\u1ea5t x\u1ee9: T\u00e2y Ban Nha<\/h3>\n<div><\/div>\n","protected":false},"excerpt":{"rendered":"<div id=\"product-title\" class=\"et_pb_module et_pb_text et_pb_bg_layout_light et_pb_text_align_left\">\n<div class=\"et_pb_text_inner\">\n<h1>M\u00e1y h\u00fat m\u00f9i d\u1ea1ng \u0111\u1ea3o<\/h1>\n<\/div>\n<\/div>\n<div class=\"et_pb_module et_pb_text et_pb_text_1 et_pb_bg_layout_light et_pb_text_align_left\">\n<div class=\"et_pb_text_inner\">\n<div id=\"product-content\">\n<ul>\n<li>C\u00f4ng su\u1ea5t t\u1ed1i \u0111a : 920 m\u00b3\/h<\/li>\n<li>\u0110\u1ed9 \u1ed3n 72 dB<\/li>\n<li>\u0110i\u1ec1u khi\u1ec3n c\u1ea3m \u1ee9ng v\u1edbi m\u00e0n h\u00ecnh \u0111i\u1ec7n t\u1eed<\/li>\n<li>M\u1ee9c n\u0103ng l\u01b0\u1ee3ng A+<\/li>\n<li>Xu\u1ea5t x\u1ee9: T\u00e2y Ban Nha<\/li>\n<\/ul>\n<\/div>\n<\/div>\n<\/div>\n","protected":false},"featured_media":2404,"comment_status":"open","ping_status":"closed","template":"","meta":[],"product_brand":[],"product_cat":[84,134,344,311],"product_tag":[86,135,346,313],"class_list":{"0":"post-2249","1":"product","2":"type-product","3":"status-publish","4":"has-post-thumbnail","6":"product_cat-may-hut-mui","7":"product_cat-may-hut-mui-oc-dao","8":"product_cat-may-hut-mui-teka","9":"product_cat-thuong-hieu-teka","10":"product_tag-may-hut-mui","11":"product_tag-may-hut-mui-dao","12":"product_tag-may-hut-mui-teka","13":"product_tag-teka","15":"first","16":"instock","17":"sale","18":"shipping-taxable","19":"purchasable","20":"product-type-simple"},"_links":{"self":[{"href":"https:\/\/livinghome.vn\/thiet-bi\/wp-json\/wp\/v2\/product\/2249","targetHints":{"allow":["GET"]}}],"collection":[{"href":"https:\/\/livinghome.vn\/thiet-bi\/wp-json\/wp\/v2\/product"}],"about":[{"href":"https:\/\/livinghome.vn\/thiet-bi\/wp-json\/wp\/v2\/types\/product"}],"replies":[{"embeddable":true,"href":"https:\/\/livinghome.vn\/thiet-bi\/wp-json\/wp\/v2\/comments?post=2249"}],"wp:featuredmedia":[{"embeddable":true,"href":"https:\/\/livinghome.vn\/thiet-bi\/wp-json\/wp\/v2\/media\/2404"}],"wp:attachment":[{"href":"https:\/\/livinghome.vn\/thiet-bi\/wp-json\/wp\/v2\/media?parent=2249"}],"wp:term":[{"taxonomy":"product_brand","embeddable":true,"href":"https:\/\/livinghome.vn\/thiet-bi\/wp-json\/wp\/v2\/product_brand?post=2249"},{"taxonomy":"product_cat","embeddable":true,"href":"https:\/\/livinghome.vn\/thiet-bi\/wp-json\/wp\/v2\/product_cat?post=2249"},{"taxonomy":"product_tag","embeddable":true,"href":"https:\/\/livinghome.vn\/thiet-bi\/wp-json\/wp\/v2\/product_tag?post=2249"}],"curies":[{"name":"wp","href":"https:\/\/api.w.org\/{rel}","templated":true}]}}