{"id":2248,"date":"2023-01-12T16:48:28","date_gmt":"2023-01-12T16:48:28","guid":{"rendered":"https:\/\/livinghome.vn\/thiet-bi\/?post_type=product&#038;p=2248"},"modified":"2024-11-29T14:20:32","modified_gmt":"2024-11-29T07:20:32","slug":"may-hut-mui-teka-c-9420-co-dien-90cm","status":"publish","type":"product","link":"https:\/\/livinghome.vn\/thiet-bi\/may-hut-mui-teka-c-9420-co-dien-90cm\/","title":{"rendered":"M\u00e1y h\u00fat m\u00f9i Teka C 9420 C\u1ed5 \u0110i\u1ec3n 90cm Ph\u00edm C\u01a1 B\u1ec1n"},"content":{"rendered":"<h2>M\u00e1y h\u00fat m\u00f9i Teka C 9420 \u00e2m c\u1ed1 \u0111\u1ecbnh b\u1ec1n b\u1ec9 ti\u1ec7n l\u1ee3i<\/h2>\n<figure id=\"attachment_66963\" aria-describedby=\"caption-attachment-66963\" style=\"width: 800px\" class=\"wp-caption alignnone\"><img loading=\"lazy\" decoding=\"async\" class=\"wp-image-66963 size-large\" src=\"https:\/\/livinghome.vn\/thiet-bi\/wp-content\/uploads\/nha-bep\/teka\/may-hut-mui\/may-hut-mui-teka-c-9420\/may-hut-mui-teka-c-9420-3-1-800x800.jpg\" alt=\"M\u00e1y h\u00fat m\u00f9i Teka C 9420 \u00e2m c\u1ed1 \u0111\u1ecbnh b\u1ec1n b\u1ec9 ti\u1ec7n l\u1ee3i\" width=\"800\" height=\"800\" title=\"\"><figcaption id=\"caption-attachment-66963\" class=\"wp-caption-text\">M\u00e1y h\u00fat m\u00f9i Teka C 9420 \u00e2m c\u1ed1 \u0111\u1ecbnh b\u1ec1n b\u1ec9 ti\u1ec7n l\u1ee3i<\/figcaption><\/figure>\n<p>\u0110\u00e1p \u1ee9ng \u0111\u01b0\u1ee3c nhu c\u1ea7u c\u1ee7a ng\u01b0\u1eddi s\u1eed d\u1ee5ng, m\u00e1y h\u00fat m\u00f9i \u0111ang ng\u00e0y c\u00e0ng tr\u1edf n\u00ean ph\u1ed5 bi\u1ebfn, tr\u00ean th\u1ecb tr\u01b0\u1eddng hi\u1ec7n nay c\u00f3 v\u00f4 v\u00e0n ch\u1ee7ng lo\u1ea1i v\u00e0 th\u01b0\u01a1ng hi\u1ec7u m\u00e1y h\u00fat m\u00f9i. H\u00e3y c\u00f9ng t\u00ecm hi\u1ec3u xem\u00a0m\u00e1y h\u00fat m\u00f9i Teka C-9420.<\/p>\n<h3>T\u00ednh n\u0103ng c\u01a1 b\u1ea3n<\/h3>\n<ul>\n<li><a href=\"https:\/\/livinghome.vn\/thiet-bi\/may-hut-mui\/\">M\u00e1y h\u00fat kh\u00f3i kh\u1eed m\u00f9i<\/a> \u2013 kh\u1eed m\u00f9i \u00e2m t\u1ee7<\/li>\n<li>C\u00f4ng su\u1ea5t t\u1ed1i \u0111a: 375 m\u00b3\/h<\/li>\n<li>3 m\u1ee9c c\u00f4ng su\u1ea5t h\u00fat<\/li>\n<li>\u0110\u1ed9 \u1ed3n 72 dB<\/li>\n<li>\u0110i\u1ec1u khi\u1ec3n b\u1eb1ng n\u00fat nh\u1ea5n<\/li>\n<li>2 \u0111\u00e8n LED<\/li>\n<li>3 l\u01b0\u1edbi l\u1ecdc nh\u00f4m<\/li>\n<\/ul>\n<p>M\u00e1y h\u00fat m\u00f9i Teka C-9420\u00a0nh\u1eadp kh\u1ea9u nguy\u00ean chi\u1ebfc t\u1eeb Ch\u00e2u \u00c2u, c\u00f3 thi\u1ebft k\u1ebf h\u00fat m\u00f9i d\u1ea1ng truy\u1ec1n th\u1ed1ng v\u1edbi c\u00f4ng su\u1ea5t h\u00fat t\u1ed1i \u0111a 375m3\/h, 03 m\u1ee9c c\u00f4ng su\u1ea5t h\u00fat, \u0111\u00e1p \u1ee9ng c\u00e1c y\u00eau c\u1ea7u v\u1ec1 k\u1ef9 thu\u1eadt c\u1ee7a ng\u01b0\u1eddi ti\u00eau d\u00f9ng.<\/p>\n<h3>Th\u00f4ng s\u1ed1 k\u1ef9 thu\u1eadt<\/h3>\n<ul>\n<li><strong>Chi\u1ec1u cao(mm):\u00a0<\/strong>150<\/li>\n<li><strong>Chi\u1ec1u r\u1ed9ng (mm):\u00a0<\/strong>900<\/li>\n<li><strong>\u0110\u1ed9 s\u00e2u (mm):\u00a0<\/strong>500<\/li>\n<li><strong>Tr\u1ecdng l\u01b0\u1ee3ng (Kgs):\u00a0<\/strong>9,93<\/li>\n<\/ul>\n<h3>\u0110\u1eb7c t\u00ednh s\u1ea3n ph\u1ea9m<\/h3>\n<ul>\n<li><strong>Gi\u1ea5y ch\u1ee9ng nh\u1eadn:\u00a0<\/strong>CE; CB; Rohs<\/li>\n<li><strong>\u1ed4 c\u1eafm (mm):\u00a0<\/strong>120<\/li>\n<li><strong>\u0110i\u1ec7n n\u0103ng ti\u00eau th\u1ee5 \u0111\u00e8n b\u00ean trong (W):\u00a0<\/strong>6<\/li>\n<li><strong>Ph\u00edch c\u1eafm:\u00a0<\/strong>European plug<\/li>\n<li><strong>C\u00f4ng su\u1ea5t (V):\u00a0<\/strong>230<\/li>\n<li><strong>T\u1ea7n s\u1ed1 (Hz):\u00a0<\/strong>50<\/li>\n<li><strong>T\u1ed5ng c\u00f4ng su\u1ea5t h\u00fat (W):\u00a0<\/strong>200<\/li>\n<li><strong>C\u00f4ng su\u1ea5t \u0111\u1ed9ng c\u01a1 (W):\u00a0<\/strong>188<\/li>\n<\/ul>\n<p>&nbsp;<\/p>\n<p>&nbsp;<\/p>\n<figure id=\"attachment_66965\" aria-describedby=\"caption-attachment-66965\" style=\"width: 800px\" class=\"wp-caption alignnone\"><img loading=\"lazy\" decoding=\"async\" class=\"wp-image-66965 size-large\" src=\"https:\/\/livinghome.vn\/thiet-bi\/wp-content\/uploads\/nha-bep\/teka\/may-hut-mui\/may-hut-mui-teka-c-9420\/may-hut-mui-teka-c-9420-4-1-800x800.jpg\" alt=\"M\u00e1y h\u00fat m\u00f9i Teka C 9420 \u00e2m c\u1ed1 \u0111\u1ecbnh b\u1ec1n b\u1ec9 ti\u1ec7n l\u1ee3i\" width=\"800\" height=\"800\" title=\"\"><figcaption id=\"caption-attachment-66965\" class=\"wp-caption-text\">K\u00edch th\u01b0\u1edbc m\u00e1y h\u00fat m\u00f9i Teka C 9420 \u00e2m c\u1ed1 \u0111\u1ecbnh b\u1ec1n b\u1ec9 ti\u1ec7n l\u1ee3i<\/figcaption><\/figure>\n<p>M\u00e1y h\u00fat m\u00f9i Teka C-9420 c\u00f2n c\u00f3 thi\u1ebft k\u1ebf 02 \u0111\u00e8n halogen n\u1eb1m ch\u00ednh gi\u1eefa ch\u1ea1y d\u1ecdc th\u00e2n m\u00e1y. \u0110\u00e8n halogen c\u00f3 m\u1ee9c ti\u00eau th\u1ee5 \u0111i\u1ec7n n\u0103ng th\u1ea5p v\u00e0 tu\u1ed5i th\u1ecd cao h\u01a1n c\u00e1c d\u00f2ng b\u00f3ng \u0111\u00e8n th\u00f4ng th\u01b0\u1eddng, l\u00e0 s\u1ea3n ph\u1ea9m \u0111\u01b0\u1ee3c y\u00eau th\u00edch hi\u1ec7n nay.<\/p>\n<h3>Xu\u1ea5t x\u1ee9: B\u1ed3 \u0110\u00e0o Nha<\/h3>\n<div><\/div>\n","protected":false},"excerpt":{"rendered":"<div id=\"product-title\" class=\"et_pb_module et_pb_text et_pb_bg_layout_light et_pb_text_align_left\">\n<div class=\"et_pb_text_inner\">\n<h1>M\u00e1y h\u00fat m\u00f9i l\u1eafp \u00e2m &#8211; c\u1ed1 \u0111\u1ecbnh<\/h1>\n<\/div>\n<\/div>\n<div class=\"et_pb_module et_pb_text et_pb_text_1 et_pb_bg_layout_light et_pb_text_align_left\">\n<div class=\"et_pb_text_inner\">\n<div id=\"product-content\">\n<ul>\n<li>C\u00f4ng su\u1ea5t t\u1ed1i \u0111a: 375 m\u00b3\/h<\/li>\n<li>\u0110\u1ed9 \u1ed3n 72 dB<\/li>\n<li>3 m\u1ee9c c\u00f4ng su\u1ea5t h\u00fat<\/li>\n<li>2 \u0111\u00e8n LED<\/li>\n<li>Xu\u1ea5t x\u1ee9: B\u1ed3 \u0110\u00e0o Nha<\/li>\n<\/ul>\n<\/div>\n<\/div>\n<\/div>\n","protected":false},"featured_media":2400,"comment_status":"open","ping_status":"closed","template":"","meta":[],"product_brand":[],"product_cat":[84,132,311],"product_tag":[276,86,345,87,346,313],"class_list":{"0":"post-2248","1":"product","2":"type-product","3":"status-publish","4":"has-post-thumbnail","6":"product_cat-may-hut-mui","7":"product_cat-may-hut-mui-co-dien-classic","8":"product_cat-thuong-hieu-teka","9":"product_tag-may-hut-am-tu","10":"product_tag-may-hut-mui","11":"product_tag-may-hut-mui-am","12":"product_tag-may-hut-mui-am-tu","13":"product_tag-may-hut-mui-teka","14":"product_tag-teka","16":"first","17":"instock","18":"sale","19":"shipping-taxable","20":"purchasable","21":"product-type-simple"},"_links":{"self":[{"href":"https:\/\/livinghome.vn\/thiet-bi\/wp-json\/wp\/v2\/product\/2248","targetHints":{"allow":["GET"]}}],"collection":[{"href":"https:\/\/livinghome.vn\/thiet-bi\/wp-json\/wp\/v2\/product"}],"about":[{"href":"https:\/\/livinghome.vn\/thiet-bi\/wp-json\/wp\/v2\/types\/product"}],"replies":[{"embeddable":true,"href":"https:\/\/livinghome.vn\/thiet-bi\/wp-json\/wp\/v2\/comments?post=2248"}],"wp:featuredmedia":[{"embeddable":true,"href":"https:\/\/livinghome.vn\/thiet-bi\/wp-json\/wp\/v2\/media\/2400"}],"wp:attachment":[{"href":"https:\/\/livinghome.vn\/thiet-bi\/wp-json\/wp\/v2\/media?parent=2248"}],"wp:term":[{"taxonomy":"product_brand","embeddable":true,"href":"https:\/\/livinghome.vn\/thiet-bi\/wp-json\/wp\/v2\/product_brand?post=2248"},{"taxonomy":"product_cat","embeddable":true,"href":"https:\/\/livinghome.vn\/thiet-bi\/wp-json\/wp\/v2\/product_cat?post=2248"},{"taxonomy":"product_tag","embeddable":true,"href":"https:\/\/livinghome.vn\/thiet-bi\/wp-json\/wp\/v2\/product_tag?post=2248"}],"curies":[{"name":"wp","href":"https:\/\/api.w.org\/{rel}","templated":true}]}}