{"id":2234,"date":"2023-01-12T16:48:04","date_gmt":"2023-01-12T16:48:04","guid":{"rendered":"https:\/\/livinghome.vn\/thiet-bi\/?post_type=product&#038;p=2234"},"modified":"2024-11-29T14:20:32","modified_gmt":"2024-11-29T07:20:32","slug":"may-hut-mui-teka-c-6420-co-dien-60-cm-phim-co-ben","status":"publish","type":"product","link":"https:\/\/livinghome.vn\/thiet-bi\/may-hut-mui-teka-c-6420-co-dien-60-cm-phim-co-ben\/","title":{"rendered":"M\u00e1y h\u00fat m\u00f9i Teka C 6420 C\u1ed5 \u0110i\u1ec3n 60 cm Ph\u00edm C\u01a1 B\u1ec1n"},"content":{"rendered":"<h3>M\u00e1y h\u00fat m\u00f9i Teka C 6420 \u00e2m c\u1ed1 \u0111\u1ecbnh ti\u1ec7n l\u1ee3i h\u00e0i h\u00f2a<\/h3>\n<figure id=\"attachment_66931\" aria-describedby=\"caption-attachment-66931\" style=\"width: 800px\" class=\"wp-caption alignnone\"><img loading=\"lazy\" decoding=\"async\" class=\"wp-image-66931 size-large\" src=\"https:\/\/livinghome.vn\/thiet-bi\/wp-content\/uploads\/nha-bep\/teka\/may-hut-mui\/may-hut-mui-teka-c-6420\/may-hut-mui-teka-c-6420-3-1-800x800.jpg\" alt=\"M\u00e1y h\u00fat m\u00f9i Teka C 6420 \u00e2m c\u1ed1 \u0111\u1ecbnh ti\u1ec7n l\u1ee3i h\u00e0i h\u00f2a\" width=\"800\" height=\"800\" title=\"\"><figcaption id=\"caption-attachment-66931\" class=\"wp-caption-text\">M\u00e1y h\u00fat m\u00f9i Teka C 6420 \u00e2m c\u1ed1 \u0111\u1ecbnh ti\u1ec7n l\u1ee3i h\u00e0i h\u00f2a<\/figcaption><\/figure>\n<p>M\u00e1y h\u00fat m\u00f9i Teka C-6420\u00a0nh\u1eadp kh\u1ea9u nguy\u00ean chi\u1ebfc t\u1eeb Ch\u00e2u \u00c2u, c\u00f3 thi\u1ebft k\u1ebf h\u00fat m\u00f9i d\u1ea1ng truy\u1ec1n th\u1ed1ng v\u1edbi c\u00f4ng su\u1ea5t h\u00fat t\u1ed1i \u0111a 375m3\/h, 03 m\u1ee9c c\u00f4ng su\u1ea5t h\u00fat, \u0111\u00e1p \u1ee9ng c\u00e1c y\u00eau c\u1ea7u v\u1ec1 k\u1ef9 thu\u1eadt c\u1ee7a ng\u01b0\u1eddi ti\u00eau d\u00f9ng.<\/p>\n<h3>T\u00ednh n\u0103ng c\u01a1 b\u1ea3n<\/h3>\n<ul>\n<li><a href=\"https:\/\/livinghome.vn\/thiet-bi\/may-hut-mui\/\">M\u00e1y h\u00fat kh\u00f3i kh\u1eed m\u00f9i<\/a> \u2013 kh\u1eed m\u00f9i \u00e2m t\u1ee7<\/li>\n<li>C\u00f4ng su\u1ea5t t\u1ed1i \u0111a: 375 m\u00b3\/h<\/li>\n<li>3 m\u1ee9c c\u00f4ng su\u1ea5t h\u00fat<\/li>\n<li>\u0110\u1ed9 \u1ed3n 72 dB<\/li>\n<li>\u0110i\u1ec1u khi\u1ec3n b\u1eb1ng n\u00fat nh\u1ea5n<\/li>\n<li>2 \u0111\u00e8n LED<\/li>\n<li>2 l\u01b0\u1edbi l\u1ecdc nh\u00f4m<\/li>\n<\/ul>\n<p>S\u1ea3n ph\u1ea9m trang b\u1ecb \u0111\u00e8n Halogen, b\u1ed9 \u0111i\u1ec1u khi\u1ec3n n\u00fat b\u1ea5m, b\u1ea3ng \u0111i\u1ec1u khi\u1ec3n th\u00e9p kh\u00f4ng g\u1ec9 kh\u00f4ng in d\u1ea5u v\u00e2n tay.<\/p>\n<h3>Th\u00f4ng s\u1ed1 k\u1ef9 thu\u1eadt<\/h3>\n<ul>\n<li>Chi\u1ec1u cao(mm):\u00a0150<\/li>\n<li>Chi\u1ec1u r\u1ed9ng (mm):\u00a0600<\/li>\n<li>\u0110\u1ed9 s\u00e2u (mm):\u00a0500<\/li>\n<li>Tr\u1ecdng l\u01b0\u1ee3ng (Kgs):\u00a08,05<\/li>\n<\/ul>\n<h3>\u0110\u1eb7c t\u00ednh s\u1ea3n ph\u1ea9m<\/h3>\n<ul>\n<li>Gi\u1ea5y ch\u1ee9ng nh\u1eadn:\u00a0CE; CB; Rohs<\/li>\n<li>\u1ed4 c\u1eafm (mm):\u00a0120<\/li>\n<li>\u0110i\u1ec7n n\u0103ng ti\u00eau th\u1ee5 \u0111\u00e8n b\u00ean trong (W):\u00a06<\/li>\n<li>Ph\u00edch c\u1eafm:\u00a0European plug<\/li>\n<li>C\u00f4ng su\u1ea5t (V):\u00a0230<\/li>\n<li>T\u1ea7n s\u1ed1 (Hz):\u00a050<\/li>\n<li>T\u1ed5ng c\u00f4ng su\u1ea5t h\u00fat (W):\u00a0200<\/li>\n<li>C\u00f4ng su\u1ea5t \u0111\u1ed9ng c\u01a1 (W):\u00a0188<\/li>\n<\/ul>\n<p>&nbsp;<\/p>\n<p>&nbsp;<\/p>\n<figure id=\"attachment_66932\" aria-describedby=\"caption-attachment-66932\" style=\"width: 800px\" class=\"wp-caption alignnone\"><img loading=\"lazy\" decoding=\"async\" class=\"wp-image-66932 size-large\" src=\"https:\/\/livinghome.vn\/thiet-bi\/wp-content\/uploads\/nha-bep\/teka\/may-hut-mui\/may-hut-mui-teka-c-6420\/may-hut-mui-teka-c-6420-4-800x800.jpg\" alt=\"M\u00e1y h\u00fat m\u00f9i Teka C 6420 \u00e2m c\u1ed1 \u0111\u1ecbnh ti\u1ec7n l\u1ee3i h\u00e0i h\u00f2a\" width=\"800\" height=\"800\" title=\"\"><figcaption id=\"caption-attachment-66932\" class=\"wp-caption-text\">K\u00edch th\u01b0\u1edbc m\u00e1y h\u00fat m\u00f9i Teka C 6420 \u00e2m c\u1ed1 \u0111\u1ecbnh ti\u1ec7n l\u1ee3i h\u00e0i h\u00f2a<\/figcaption><\/figure>\n<p>Ngo\u00e0i ra\u00a0m\u00e1y h\u00fat m\u00f9i Teka C-6420\u00a0c\u00f2n \u0111\u01b0\u1ee3c thi\u1ebft k\u1ebf v\u1edbi c\u00e1c n\u00fat b\u1ea5m \u0111i\u1ec1u khi\u1ec3n \u0111\u01a1n gi\u1ea3n ngay tr\u00ean th\u00e2n m\u00e1y, g\u1ed3m n\u00fat b\u1ea5m kh\u1edfi \u0111\u1ed9ng, c\u00e1c m\u1ee9c c\u00f4ng su\u1ea5t, v\u00e0 \u0111\u00e8n b\u00e1o ho\u1ea1t \u0111\u1ed9ng.<\/p>\n<h3>Xu\u1ea5t x\u1ee9: B\u1ed3 \u0110\u00e0o Nha<\/h3>\n<div><\/div>\n","protected":false},"excerpt":{"rendered":"<div id=\"product-title\" class=\"et_pb_module et_pb_text et_pb_bg_layout_light et_pb_text_align_left\">\n<div class=\"et_pb_text_inner\">\n<h1>M\u00e1y h\u00fat m\u00f9i l\u1eafp \u00e2m &#8211; c\u1ed1 \u0111\u1ecbnh<\/h1>\n<\/div>\n<\/div>\n<div class=\"et_pb_module et_pb_text et_pb_text_1 et_pb_bg_layout_light et_pb_text_align_left\">\n<div class=\"et_pb_text_inner\">\n<div id=\"product-content\">\n<ul>\n<li>C\u00f4ng su\u1ea5t t\u1ed1i \u0111a: 375 m\u00b3\/h<\/li>\n<li>\u0110\u1ed9 \u1ed3n 72 dB<\/li>\n<li>3 m\u1ee9c c\u00f4ng su\u1ea5t h\u00fat<\/li>\n<li>2 \u0111\u00e8n LED<\/li>\n<li>Xu\u1ea5t x\u1ee9: B\u1ed3 \u0110\u00e0o Nha<\/li>\n<\/ul>\n<\/div>\n<\/div>\n<\/div>\n","protected":false},"featured_media":2396,"comment_status":"open","ping_status":"closed","template":"","meta":[],"product_brand":[],"product_cat":[84,132,344,311],"product_tag":[276,86,345,87,346,313],"class_list":{"0":"post-2234","1":"product","2":"type-product","3":"status-publish","4":"has-post-thumbnail","6":"product_cat-may-hut-mui","7":"product_cat-may-hut-mui-co-dien-classic","8":"product_cat-may-hut-mui-teka","9":"product_cat-thuong-hieu-teka","10":"product_tag-may-hut-am-tu","11":"product_tag-may-hut-mui","12":"product_tag-may-hut-mui-am","13":"product_tag-may-hut-mui-am-tu","14":"product_tag-may-hut-mui-teka","15":"product_tag-teka","17":"first","18":"instock","19":"sale","20":"shipping-taxable","21":"purchasable","22":"product-type-simple"},"_links":{"self":[{"href":"https:\/\/livinghome.vn\/thiet-bi\/wp-json\/wp\/v2\/product\/2234","targetHints":{"allow":["GET"]}}],"collection":[{"href":"https:\/\/livinghome.vn\/thiet-bi\/wp-json\/wp\/v2\/product"}],"about":[{"href":"https:\/\/livinghome.vn\/thiet-bi\/wp-json\/wp\/v2\/types\/product"}],"replies":[{"embeddable":true,"href":"https:\/\/livinghome.vn\/thiet-bi\/wp-json\/wp\/v2\/comments?post=2234"}],"wp:featuredmedia":[{"embeddable":true,"href":"https:\/\/livinghome.vn\/thiet-bi\/wp-json\/wp\/v2\/media\/2396"}],"wp:attachment":[{"href":"https:\/\/livinghome.vn\/thiet-bi\/wp-json\/wp\/v2\/media?parent=2234"}],"wp:term":[{"taxonomy":"product_brand","embeddable":true,"href":"https:\/\/livinghome.vn\/thiet-bi\/wp-json\/wp\/v2\/product_brand?post=2234"},{"taxonomy":"product_cat","embeddable":true,"href":"https:\/\/livinghome.vn\/thiet-bi\/wp-json\/wp\/v2\/product_cat?post=2234"},{"taxonomy":"product_tag","embeddable":true,"href":"https:\/\/livinghome.vn\/thiet-bi\/wp-json\/wp\/v2\/product_tag?post=2234"}],"curies":[{"name":"wp","href":"https:\/\/api.w.org\/{rel}","templated":true}]}}