{"id":2232,"date":"2023-01-12T16:48:04","date_gmt":"2023-01-12T16:48:04","guid":{"rendered":"https:\/\/livinghome.vn\/thiet-bi\/?post_type=product&#038;p=2232"},"modified":"2024-11-29T14:20:32","modified_gmt":"2024-11-29T07:20:32","slug":"may-pha-ca-phe-teka-clc-835-mc-am-dieu-khien-dien-tu-thong-minh","status":"publish","type":"product","link":"https:\/\/livinghome.vn\/thiet-bi\/may-pha-ca-phe-teka-clc-835-mc-am-dieu-khien-dien-tu-thong-minh\/","title":{"rendered":"M\u00e1y pha c\u00e0 ph\u00ea Teka CLC 835 MC \u00e2m \u0111i\u1ec1u khi\u1ec3n \u0111i\u1ec7n t\u1eed th\u00f4ng minh"},"content":{"rendered":"<h1>M\u00e1y pha c\u00e0 ph\u00ea Teka CLC 835 MC \u00e2m \u0111i\u1ec1u khi\u1ec3n \u0111i\u1ec7n t\u1eed th\u00f4ng minh<\/h1>\n<figure id=\"attachment_66922\" aria-describedby=\"caption-attachment-66922\" style=\"width: 900px\" class=\"wp-caption alignnone\"><img loading=\"lazy\" decoding=\"async\" class=\"wp-image-66922\" src=\"https:\/\/livinghome.vn\/thiet-bi\/wp-content\/uploads\/nha-bep\/teka\/may-pha-ca-phe\/may-pha-ca-phe-teka-clc-835-mc\/may-pha-ca-phe-teka-clc-835-mc-5-1.jpg\" alt=\"M\u00e1y pha c\u00e0 ph\u00ea Teka CLC 835 MC \u00e2m \u0111i\u1ec1u khi\u1ec3n \u0111i\u1ec7n t\u1eed th\u00f4ng minh\" width=\"900\" height=\"506\" title=\"\"><figcaption id=\"caption-attachment-66922\" class=\"wp-caption-text\">M\u00e1y pha c\u00e0 ph\u00ea Teka CLC 835 MC \u00e2m \u0111i\u1ec1u khi\u1ec3n \u0111i\u1ec7n t\u1eed th\u00f4ng minh<\/figcaption><\/figure>\n<p>M\u00e1y pha cafe gia \u0111\u00ecnh Teka CLC 835 MC\u00a0c\u00f3 thi\u1ebft k\u1ebf nh\u1ecf g\u1ecdn v\u00e0 c\u00f3 th\u1ec3 l\u1eafp \u0111\u1eb7t \u00e2m c\u00f9ng v\u1edbi m\u00e0u s\u1eafc hi\u1ec7n \u0111\u1ea1i, trang nh\u00e3 kh\u00f4ng nh\u1eefng gi\u00fap ti\u1ebft ki\u1ec7m kh\u00f4ng gian m\u00e0 c\u00f2n l\u00e0m cho n\u1ed9i th\u1ea5t b\u00ean trong ng\u00f4i nh\u00e0 b\u1ea1n th\u00eam ph\u1ea7n sang tr\u1ecdng, \u0111\u1eb3ng c\u1ea5p h\u01a1n.<\/p>\n<figure id=\"attachment_66921\" aria-describedby=\"caption-attachment-66921\" style=\"width: 900px\" class=\"wp-caption alignnone\"><img loading=\"lazy\" decoding=\"async\" class=\"wp-image-66921\" src=\"https:\/\/livinghome.vn\/thiet-bi\/wp-content\/uploads\/nha-bep\/teka\/may-pha-ca-phe\/may-pha-ca-phe-teka-clc-835-mc\/may-pha-ca-phe-teka-clc-835-mc-4-1.jpg\" alt=\"M\u00e1y pha c\u00e0 ph\u00ea Teka CLC 835 MC \u00e2m \u0111i\u1ec1u khi\u1ec3n \u0111i\u1ec7n t\u1eed th\u00f4ng minh\" width=\"900\" height=\"506\" title=\"\"><figcaption id=\"caption-attachment-66921\" class=\"wp-caption-text\">M\u00e1y pha c\u00e0 ph\u00ea Teka CLC 835 MC \u00e2m \u0111i\u1ec1u khi\u1ec3n \u0111i\u1ec7n t\u1eed th\u00f4ng minh<\/figcaption><\/figure>\n<p>M\u00e1y\u00a0th\u00edch h\u1ee3p pha ch\u1ebf cafe vi\u00ean v\u00e0 c\u00e1c lo\u1ea1i h\u1ed9t cafe kh\u00e1c, bao g\u1ed3m c\u1ea3 b\u1ed9t cafe c\u00f9ng\u00a03 ch\u1ee9c n\u0103ng \u0111\u01b0\u1ee3c\u00a0t\u00edch h\u1ee3p: cafe, h\u01a1i n\u01b0\u1edbc v\u00e0 \u0111\u1ed9 n\u00f3ng c\u1ee7a n\u01b0\u1edbc s\u1ebd mang \u0111\u1ebfn cho b\u1ea1n nh\u1eefng ly cafe kh\u00f4ng th\u1ec3 \u0111\u1eadm \u0111\u00e0, th\u01a1m ngon h\u01a1n. B\u00ean c\u1ea1nh \u0111\u00f3, m\u00e1y c\u00f2n c\u00f3 dung t\u00edch h\u1ed9c ch\u1ee9a n\u01b0\u1edbc l\u00ean \u0111\u1ebfn 1 l\u00edt, k\u1ebft h\u1ee3p v\u1edbi\u00a0th\u1eddi gian pha nhanh ch\u00f3ng v\u00e0 chuy\u00ean d\u1ee5ng\u00a0c\u00f2n c\u00f3 th\u1ec3 s\u1eed d\u1ee5ng cho qu\u00e1n cafe hay v\u0103n ph\u00f2ng,\u2026c\u0169ng r\u1ea5t th\u00edch h\u1ee3p.<\/p>\n<h3>T\u00ednh n\u0103ng c\u01a1 b\u1ea3n<\/h3>\n<ul>\n<li>C\u00f4ng su\u1ea5t b\u01a1m: 19 bar<\/li>\n<li>D\u00f9ng \u0111\u01b0\u1ee3c c\u00e0 ph\u00ea d\u1ea1ng b\u1ed9t v\u00e0 d\u1ea1ng vi\u00ean n\u00e9n<\/li>\n<li>Pha c\u00e0 ph\u00ea: \u0111\u1eadm, nh\u1ea1t, v\u1eeba v\u00e0 lo\u00e3ng<\/li>\n<li>Dung t\u00edch pha: 1 ly<\/li>\n<li>\u0110i\u1ec1u khi\u1ec3n \u0111i\u1ec7n t\u1eed m\u00e0n h\u00ecnh TFT<\/li>\n<li>\u0110\u00e8n LED t\u1ef1 \u0111\u1ed9ng chi\u1ebfu s\u00e1ng<\/li>\n<li>Khay ch\u1ee9a n\u01b0\u1edbc 1 l\u00edt<\/li>\n<li>V\u1ec7 sinh t\u1ea9y c\u1eb7n t\u1ef1 \u0111\u1ed9ng ho\u1eb7c th\u1ee7 c\u00f4ng<\/li>\n<li>Ng\u0103n \u0111\u1ec3 ly: 2<\/li>\n<\/ul>\n<h3>\u0110\u1eb7c t\u00ednh<\/h3>\n<ul>\n<li>Gi\u1ea5y ch\u1ee9ng nh\u1eadn:\u00a0CE\/CB<\/li>\n<li>Ch\u1ed1ng in d\u1ea5u v\u00e2n tay:\u00a0\u0110\u00fang<\/li>\n<li>S\u1ed1 l\u01b0\u1ee3ng c\u1ed1c:\u00a01<\/li>\n<li>\u1ed0ng c\u00f3 th\u1ec3 \u0111i\u1ec1u ch\u1ec9nh \u0111\u01b0\u1ee3c cho h\u01a1i n\u01b0\u1edbc v\u00e0 n\u01b0\u1edbc n\u00f3ng:\u00a0\u0110\u00fang<\/li>\n<li>C\u00e0 ph\u00ea xay:\u00a0\u0110\u00fang<\/li>\n<li>C\u00e0 ph\u00ea vi\u00ean n\u00e9n:\u00a0\u0110\u00fang<\/li>\n<li>B\u1eadt \/ T\u1eaft:\u00a0\u0110\u00fang<\/li>\n<li>H\u1ea5p:\u00a0\u0110\u00fang<\/li>\n<li>N\u01b0\u1edbc n\u00f3ng:\u00a0\u0110\u00fang<\/li>\n<li>Nhi\u1ec7t \u0111\u1ed9 c\u00e0 ph\u00ea:\u00a0\u0110\u00fang<\/li>\n<li>Ch\u1ee9c n\u0103ng \u0111\u01b0\u1ee3c ch\u1ecdn:\u00a0\u0110\u00fang<\/li>\n<\/ul>\n<h3>Th\u00f4ng s\u1ed1 k\u0129 thu\u1eadt<\/h3>\n<ul>\n<li>Chi\u1ec1u cao(mm):\u00a0455<\/li>\n<li>Chi\u1ec1u r\u1ed9ng (mm):\u00a0595<\/li>\n<li>\u0110\u1ed9 s\u00e2u (mm):\u00a0330<\/li>\n<li>Tr\u1ecdng l\u01b0\u1ee3ng (Kgs):\u00a018,7<\/li>\n<\/ul>\n<figure id=\"attachment_66925\" aria-describedby=\"caption-attachment-66925\" style=\"width: 800px\" class=\"wp-caption alignnone\"><img loading=\"lazy\" decoding=\"async\" class=\"wp-image-66925 size-large\" src=\"https:\/\/livinghome.vn\/thiet-bi\/wp-content\/uploads\/nha-bep\/teka\/may-pha-ca-phe\/may-pha-ca-phe-teka-clc-835-mc\/may-pha-ca-phe-teka-clc-835-mc-7-800x800.jpg\" alt=\"M\u00e1y pha c\u00e0 ph\u00ea Teka CLC 835 MC \u00e2m \u0111i\u1ec1u khi\u1ec3n \u0111i\u1ec7n t\u1eed th\u00f4ng minh\" width=\"800\" height=\"800\" title=\"\"><figcaption id=\"caption-attachment-66925\" class=\"wp-caption-text\">M\u00e1y pha c\u00e0 ph\u00ea Teka CLC 835 MC \u00e2m \u0111i\u1ec1u khi\u1ec3n \u0111i\u1ec7n t\u1eed th\u00f4ng minh<\/figcaption><\/figure>\n<p>M\u00e1y pha cafe Teka CLC 835 MC hi\u1ec7n \u0111ang l\u00e0 m\u1ed9t trong nh\u1eefng m\u00e1y pha cafe chuy\u00ean d\u1ee5ng t\u1ed1t nh\u1ea5t tr\u00ean th\u1ecb tr\u01b0\u1eddng hi\u1ec7n nay, \u0111\u01b0\u1ee3c r\u1ea5t nhi\u1ec1u ng\u01b0\u1eddi \u1ee7ng h\u1ed9 v\u00e0 tin d\u00f9ng tr\u00ean kh\u1eafp th\u1ebf gi\u1edbi.<\/p>\n<h3>Xu\u1ea5t x\u1ee9: B\u1ed3 \u0110\u00e0o Nha<\/h3>\n","protected":false},"excerpt":{"rendered":"<div id=\"product-title\" class=\"et_pb_module et_pb_text et_pb_bg_layout_light et_pb_text_align_left\">\n<div class=\"et_pb_text_inner\">\n<h1>M\u00e1y pha c\u00e0 ph\u00ea l\u1eafp \u00e2m<\/h1>\n<\/div>\n<\/div>\n<div class=\"et_pb_module et_pb_text et_pb_text_1 et_pb_bg_layout_light et_pb_text_align_left\">\n<div class=\"et_pb_text_inner\">\n<div id=\"product-content\">\n<ul>\n<li>C\u00f4ng su\u1ea5t b\u01a1m: 19 bar<\/li>\n<li>D\u00f9ng \u0111\u01b0\u1ee3c c\u00e0 ph\u00ea d\u1ea1ng b\u1ed9t v\u00e0 d\u1ea1ng vi\u00ean n\u00e9n<\/li>\n<li>\u0110i\u1ec1u khi\u1ec3n \u0111i\u1ec7n t\u1eed m\u00e0n h\u00ecnh TFT<\/li>\n<li>Khay ch\u1ee9a n\u01b0\u1edbc 1 l\u00edt<\/li>\n<li>V\u1ec7 sinh t\u1ea9y c\u1eb7n t\u1ef1 \u0111\u1ed9ng ho\u1eb7c th\u1ee7 c\u00f4ng<\/li>\n<li>Xu\u1ea5t x\u1ee9: B\u1ed3 \u0110\u00e0o Nha<\/li>\n<\/ul>\n<\/div>\n<\/div>\n<\/div>\n","protected":false},"featured_media":2381,"comment_status":"open","ping_status":"closed","template":"","meta":[],"product_brand":[],"product_cat":[340,311],"product_tag":[341,342,343,313],"class_list":{"0":"post-2232","1":"product","2":"type-product","3":"status-publish","4":"has-post-thumbnail","6":"product_cat-may-pha-cafe","7":"product_cat-thuong-hieu-teka","8":"product_tag-may-pha-ca-phe","9":"product_tag-may-pha-ca-phe-am","10":"product_tag-may-pha-ca-phe-teka","11":"product_tag-teka","13":"first","14":"instock","15":"sale","16":"shipping-taxable","17":"purchasable","18":"product-type-simple"},"_links":{"self":[{"href":"https:\/\/livinghome.vn\/thiet-bi\/wp-json\/wp\/v2\/product\/2232","targetHints":{"allow":["GET"]}}],"collection":[{"href":"https:\/\/livinghome.vn\/thiet-bi\/wp-json\/wp\/v2\/product"}],"about":[{"href":"https:\/\/livinghome.vn\/thiet-bi\/wp-json\/wp\/v2\/types\/product"}],"replies":[{"embeddable":true,"href":"https:\/\/livinghome.vn\/thiet-bi\/wp-json\/wp\/v2\/comments?post=2232"}],"wp:featuredmedia":[{"embeddable":true,"href":"https:\/\/livinghome.vn\/thiet-bi\/wp-json\/wp\/v2\/media\/2381"}],"wp:attachment":[{"href":"https:\/\/livinghome.vn\/thiet-bi\/wp-json\/wp\/v2\/media?parent=2232"}],"wp:term":[{"taxonomy":"product_brand","embeddable":true,"href":"https:\/\/livinghome.vn\/thiet-bi\/wp-json\/wp\/v2\/product_brand?post=2232"},{"taxonomy":"product_cat","embeddable":true,"href":"https:\/\/livinghome.vn\/thiet-bi\/wp-json\/wp\/v2\/product_cat?post=2232"},{"taxonomy":"product_tag","embeddable":true,"href":"https:\/\/livinghome.vn\/thiet-bi\/wp-json\/wp\/v2\/product_tag?post=2232"}],"curies":[{"name":"wp","href":"https:\/\/api.w.org\/{rel}","templated":true}]}}