{"id":22096,"date":"2024-06-03T13:00:17","date_gmt":"2024-06-03T06:00:17","guid":{"rendered":"https:\/\/livinghome.vn\/thiet-bi\/?post_type=product&#038;p=22096"},"modified":"2024-11-29T14:16:59","modified_gmt":"2024-11-29T07:16:59","slug":"bep-dien-tu-da-diem-kaff-kf-smart-848-vario","status":"publish","type":"product","link":"https:\/\/livinghome.vn\/thiet-bi\/bep-dien-tu-da-diem-kaff-kf-smart-848-vario\/","title":{"rendered":"B\u1ebeP \u0110I\u1ec6N T\u1eea \u0110A \u0110I\u1ec2M KAFF KF-Smart 848 Vario"},"content":{"rendered":"<p><em>B\u1ebfp T\u1eeb\u00a0<strong>KF-Smart848Vario D\u00f2ng B\u1ebfp T\u1eeb Th\u00f4ng Minh M\u1edbi 2022<\/strong>\u00a0\u0111\u1ebfn t\u1eeb th\u01b0\u01a1ng hi\u1ec7u n\u1ed5i ti\u1ebfng KAFF c\u1ee7a \u0110\u1ee9c, s\u1ea3n ph\u1ea9m \u0111\u01b0\u1ee3c s\u1ea3n xu\u1ea5t tr\u00ean d\u00e2y chuy\u1ec1n c\u00f4ng ngh\u1ec7 hi\u1ec7n \u0111\u1ea1i theo ti\u00eau chu\u1ea9n Ch\u00e2u \u00c2u. B\u1ebfp v\u1edbi thi\u1ebft k\u1ebf \u1ea5n t\u01b0\u1ee3ng v\u1edbi n\u1ea5u t\u1eeb<strong>\u00a0\u0111a \u0111i\u1ec3m si\u00eau r\u1ed9ng l\u00ean \u0111\u1ebfn 93,4cm<\/strong>\u00a0c\u00f9ng v\u1edbi c\u00f4ng ngh\u1ec7 Booster ti\u00ean ti\u1ebfn gi\u00fap r\u00fat ng\u1eafn \u0111\u01b0\u1ee3c nhi\u1ec1u th\u1eddi gian n\u1ea5u n\u01b0\u1edbng, ti\u1ebft ki\u1ec7m th\u1eddi gian cho ng\u01b0\u1eddi d\u00f9ng, v\u1edbi c\u00e1c t\u00ednh n\u0103ng an to\u00e0n, \u01b0u vi\u1ec7t d\u1ec5 s\u1eed d\u1ee5ng, thi\u1ebft k\u1ebf \u0111\u01a1n gi\u1ea3n nh\u01b0ng v\u1eabn mang l\u1ea1i s\u1ef1 sang tr\u1ecdng.<\/em><\/p>\n<p><img loading=\"lazy\" decoding=\"async\" class=\"alignnone size-full wp-image-22098\" src=\"https:\/\/livinghome.vn\/thiet-bi\/wp-content\/uploads\/2024\/06\/bep-dien-tu-da-diem-kaff-kf-smart-848-vario-1.jpg\" alt=\"B\u1ebeP \u0110I\u1ec6N T\u1eea \u0110A \u0110I\u1ec2M KAFF KF-Smart 848 Vario\" width=\"1200\" height=\"485\" title=\"\" srcset=\"https:\/\/livinghome.vn\/thiet-bi\/wp-content\/uploads\/2024\/06\/bep-dien-tu-da-diem-kaff-kf-smart-848-vario-1.jpg 1200w, https:\/\/livinghome.vn\/thiet-bi\/wp-content\/uploads\/2024\/06\/bep-dien-tu-da-diem-kaff-kf-smart-848-vario-1-800x323.jpg 800w, https:\/\/livinghome.vn\/thiet-bi\/wp-content\/uploads\/2024\/06\/bep-dien-tu-da-diem-kaff-kf-smart-848-vario-1-768x310.jpg 768w, https:\/\/livinghome.vn\/thiet-bi\/wp-content\/uploads\/2024\/06\/bep-dien-tu-da-diem-kaff-kf-smart-848-vario-1-600x243.jpg 600w\" sizes=\"auto, (max-width: 1200px) 100vw, 1200px\" \/><\/p>\n<p><em>B\u1ebfp T\u1eeb KAFF KF-Smart848Vario v\u1edbi thi\u1ebft k\u1ebf \u0111\u01b0\u1ee3c d\u00e1t m\u1ec1m c\u00e1c c\u1ea1nh mang l\u1ea1i c\u1ea3m gi\u00e1c hi\u1ec7n \u0111\u1ea1i, sang tr\u1ecdng c\u00f9ng v\u1edbi \u0111\u00f3 l\u00e0 an to\u00e0n cho ng\u01b0\u1eddi s\u1eed d\u1ee5ng, kh\u00f4ng s\u1ee3 b\u1ecb th\u01b0\u01a1ng khi l\u1ee1 va ch\u1ea1m v\u1edbi c\u00e1c c\u1ea1nh hay g\u00f3c c\u1ee7a b\u1ebfp.\u00a0B\u1ebfp T\u1eeb KAFF KF-Smart848Vario\u00a0n\u00e0y \u0111\u01b0\u1ee3c thi\u1ebft k\u1ebf m\u1eb7t k\u00ednh l\u00e0m b\u1eb1ng k\u00ednh Eurokera\u00a0sang tr\u1ecdng, ch\u1ed1ng tr\u01a1n tr\u01b0\u1ee3t v\u00e0 c\u00f3 kh\u1ea3 n\u0103ng ch\u1ecbu nhi\u1ec7t l\u00ean \u0111\u1ebfn 1000 \u0111\u1ed9 C, ch\u1ecbu s\u1ed1c nhi\u1ec7t t\u1ed1t, \u0111\u00e2y l\u00e0 m\u1eb7t k\u00ednh chuy\u00ean d\u1ee5ng d\u00e0nh cho b\u1ebfp \u0111i\u1ec7n, l\u00e0 m\u1ed9t lo\u1ea1i k\u00ednh c\u00f3 ch\u1ea5t l\u01b0\u1ee3ng cao, r\u1ea5t c\u1ee9ng, b\u1ec1n v\u00e0 c\u00f3 kh\u1ea3 n\u0103ng truy\u1ec1n nhi\u1ec7t v\u00e0 t\u1ea3n nhi\u1ec7t nhanh.<\/em><\/p>\n<h2>\u0110\u1eb7c \u0111i\u1ec3m<\/h2>\n<p><em>B\u1ebfp t\u1eeb\u00a0<strong>KF-KF-Smart 848 Vario<\/strong>\u00a0l\u00e0 d\u00f2ng s\u1ea3n ph\u1ea9m ph\u00e2n kh\u00fac Luxurious m\u1edbi nh\u1ea5t c\u1ee7a th\u01b0\u01a1ng hi\u1ec7u KAFF<\/em><\/p>\n<p><em>B\u1ebfp t\u1eeb c\u00f3 c\u00e1c n\u00fat \u0111i\u1ec1u khi\u1ec3n kh\u1edfi \u0111\u1ed9ng v\u1edbi 6 v\u00f9ng n\u1ea5u PowerFlex cho c\u00f4ng su\u1ea5t ph\u00e1t t\u1ed1i \u0111a<\/em><\/p>\n<p><em>L\u1ef1a ch\u1ecdn nhanh tr\u1ef1c quan th\u00f4ng qua chu\u1ed7i s\u1ed1 &#8211; Smart Select<\/em><\/p>\n<p><em>Bao g\u1ed3m 6 v\u00f9ng n\u1ea5u. 6 v\u00f9ng n\u1ea5u PowerFlex c\u00f4ng su\u1ea5t cao<\/em><\/p>\n<p><em>Chi\u1ec1u r\u1ed9ng 934 mm v\u1edbi khung th\u00e9p kh\u00f4ng g\u1ec9 \u0111\u1ec3 l\u1eafp \u0111\u1eb7t b\u1ec1 m\u1eb7t<\/em><\/p>\n<p><em>Th\u1eddi gian l\u00e0m n\u00f3ng ng\u1eafn nh\u1ea5t &#8211; TwinBooster<\/em><\/p>\n<p><em>K\u1ebft n\u1ed1i kh\u00f4ng d\u00e2y<\/em><\/p>\n","protected":false},"excerpt":{"rendered":"<ul class=\"short_pro_desc\">\n<li>Xu\u1ea5t x\u1ee9: Made In Germany<\/li>\n<li>Model b\u1ebfp: KF-Smart848Vario<\/li>\n<li>S\u1ed1 b\u1ebfp n\u1ea5u: 6 V\u00f9ng \u2013 Li\u00ean k\u1ebft th\u00e0nh 1 v\u00f9ng n\u1ea5u<\/li>\n<li>M\u1ee9c c\u00f4ng su\u1ea5t: C\u00f4ng ngh\u1ec7 \u0111i\u1ec1u khi\u1ec3n \u201d Directselect \u201d 12 m\u1ee9c c\u00f4ng su\u1ea5t [0; 1; 1.5; 2; 2.5; 3; 3.5; 4; 4.5; 5; 5.5; 6; 6.5; 7; 7.5; 8; 8.5; 9; 9.5; 10; 11 and 12]<\/li>\n<li>Di\u1ec7n t\u00edch v\u00f9ng n\u1ea5u: Area 1: 2x2100W, 3.3KW (c\u00f3 th\u1ec3 t\u0103ng l\u00ean 3.7KW); Area 2: 2x2100W, 3.3KW (c\u00f3 th\u1ec3 t\u0103ng l\u00ean 3.7KW); Area 3: 2x2100W, 3.3KW (c\u00f3 th\u1ec3 t\u0103ng l\u00ean 3.7KW); Area 4: 2x2100W, 3.3KW (c\u00f3 th\u1ec3 t\u0103ng l\u00ean 3.7KW); Area 5: 2x2100W, 3.3KW (c\u00f3 th\u1ec3 t\u0103ng l\u00ean 3.7KW); Area 6: 2x2100W, 3.3KW (c\u00f3 th\u1ec3 t\u0103ng l\u00ean 3.7KW)<\/li>\n<li>Ch\u1ee9c n\u0103ng n\u1ea5u nhanh Booster: c\u00f3<\/li>\n<li>Ch\u1ee9c n\u0103ng chuy\u1ec3n m\u1ee9c c\u00f4ng su\u1ea5t: C\u00e1c v\u00f9ng n\u1ea5u s\u1ebd t\u1ef1 chuy\u1ec3n \u0111\u1ed5i m\u1ee9c c\u00f4ng su\u1ea5t t\u1eeb m\u1ee9c 7 tr\u1edf l\u00ean<\/li>\n<li>M\u1eb7t k\u00ednh Schott Ceran, v\u00e1t c\u1ea1nh tr\u01b0\u1edbc, vi\u1ec1n inox 2 c\u1ea1nh b\u00ean v\u00e0 ph\u00eda d\u01b0\u1edbi ch\u1ecbu l\u1ef1c s\u1ed1c nhi\u1ec7t l\u00ean \u0111\u1ebfn 1000\u00b0C<\/li>\n<\/ul>\n","protected":false},"featured_media":22097,"comment_status":"open","ping_status":"closed","template":"","meta":[],"product_brand":[],"product_cat":[745,716,71,164],"product_tag":[81,2042,166],"class_list":{"0":"post-22096","1":"product","2":"type-product","3":"status-publish","4":"has-post-thumbnail","6":"product_cat-bep-dien-tu","7":"product_cat-bep-dien-tu-kaff","8":"product_cat-thuong-hieu","9":"product_cat-thuong-hieu-kaff","10":"product_tag-bep-dien-tu","11":"product_tag-bep-dien-tu-da-diem","12":"product_tag-bep-dien-tu-kaff","14":"first","15":"instock","16":"shipping-taxable","17":"purchasable","18":"product-type-simple"},"_links":{"self":[{"href":"https:\/\/livinghome.vn\/thiet-bi\/wp-json\/wp\/v2\/product\/22096","targetHints":{"allow":["GET"]}}],"collection":[{"href":"https:\/\/livinghome.vn\/thiet-bi\/wp-json\/wp\/v2\/product"}],"about":[{"href":"https:\/\/livinghome.vn\/thiet-bi\/wp-json\/wp\/v2\/types\/product"}],"replies":[{"embeddable":true,"href":"https:\/\/livinghome.vn\/thiet-bi\/wp-json\/wp\/v2\/comments?post=22096"}],"wp:featuredmedia":[{"embeddable":true,"href":"https:\/\/livinghome.vn\/thiet-bi\/wp-json\/wp\/v2\/media\/22097"}],"wp:attachment":[{"href":"https:\/\/livinghome.vn\/thiet-bi\/wp-json\/wp\/v2\/media?parent=22096"}],"wp:term":[{"taxonomy":"product_brand","embeddable":true,"href":"https:\/\/livinghome.vn\/thiet-bi\/wp-json\/wp\/v2\/product_brand?post=22096"},{"taxonomy":"product_cat","embeddable":true,"href":"https:\/\/livinghome.vn\/thiet-bi\/wp-json\/wp\/v2\/product_cat?post=22096"},{"taxonomy":"product_tag","embeddable":true,"href":"https:\/\/livinghome.vn\/thiet-bi\/wp-json\/wp\/v2\/product_tag?post=22096"}],"curies":[{"name":"wp","href":"https:\/\/api.w.org\/{rel}","templated":true}]}}