{"id":22093,"date":"2024-06-01T21:12:53","date_gmt":"2024-06-01T14:12:53","guid":{"rendered":"https:\/\/livinghome.vn\/thiet-bi\/?post_type=product&#038;p=22093"},"modified":"2024-11-29T14:16:59","modified_gmt":"2024-11-29T07:16:59","slug":"bep-dien-tu-da-diem-kaff-kf-smart734vario","status":"publish","type":"product","link":"https:\/\/livinghome.vn\/thiet-bi\/bep-dien-tu-da-diem-kaff-kf-smart734vario\/","title":{"rendered":"B\u1ebeP \u0110I\u1ec6N T\u1eea \u0110A \u0110I\u1ec2M KAFF KF-Smart734Vario"},"content":{"rendered":"<p>B\u1ebfp t\u1eeb \u0111a \u0111i\u1ec3m KAFF KF-SMART734 VARIO \u0111\u01b0\u1ee3c thi\u1ebft k\u1ebf v\u1edbi 4 c\u1ea1nh v\u00e1t sang tr\u1ecdng v\u00e0 hi\u1ec7n \u0111\u1ea1i. M\u1eb7t k\u00ednh b\u1ebfp \u0111\u01b0\u1ee3c ch\u1ebf t\u1ea1o t\u1eeb k\u00ednh Schott Ceran cao c\u1ea5p, c\u00f3 kh\u1ea3 n\u0103ng ch\u1ed1ng x\u01b0\u1edbc, ch\u1ecbu nhi\u1ec7t v\u00e0 ch\u1ed1ng s\u1ed1c nhi\u1ec7t v\u01b0\u1ee3t tr\u1ed9i, \u0111\u1ea3m b\u1ea3o an to\u00e0n khi s\u1eed d\u1ee5ng. S\u1ea3n ph\u1ea9m \u0111\u01b0\u1ee3c thi\u1ebft k\u1ebf \u0111a \u0111i\u1ec3m n\u1ea5u n\u01b0\u1edbng, mang l\u1ea1i s\u1ef1 ti\u1ec7n d\u1ee5ng t\u1ed1i \u0111a cho qu\u00e1 tr\u00ecnh n\u1ea5u \u0103n.<\/p>\n<p><img loading=\"lazy\" decoding=\"async\" class=\"alignnone size-full wp-image-22095\" src=\"https:\/\/livinghome.vn\/thiet-bi\/wp-content\/uploads\/2024\/06\/bep-dien-tu-da-diem-kaff-kf-smart734vario-2.jpg\" alt=\"\" width=\"1200\" height=\"485\" title=\"\" srcset=\"https:\/\/livinghome.vn\/thiet-bi\/wp-content\/uploads\/2024\/06\/bep-dien-tu-da-diem-kaff-kf-smart734vario-2.jpg 1200w, https:\/\/livinghome.vn\/thiet-bi\/wp-content\/uploads\/2024\/06\/bep-dien-tu-da-diem-kaff-kf-smart734vario-2-800x323.jpg 800w, https:\/\/livinghome.vn\/thiet-bi\/wp-content\/uploads\/2024\/06\/bep-dien-tu-da-diem-kaff-kf-smart734vario-2-768x310.jpg 768w, https:\/\/livinghome.vn\/thiet-bi\/wp-content\/uploads\/2024\/06\/bep-dien-tu-da-diem-kaff-kf-smart734vario-2-600x243.jpg 600w\" sizes=\"auto, (max-width: 1200px) 100vw, 1200px\" \/><\/p>\n<p>V\u1edbi k\u00edch th\u01b0\u1edbc m\u1eb7t k\u00ednh 821x529mm v\u00e0 k\u00edch th\u01b0\u1edbc m\u1eb7t kho\u00e9t \u0111\u00e1 771x479mm, b\u1ebfp t\u1eeb KAFF KF-SMART734 VARIO ph\u00f9 h\u1ee3p ho\u00e0n h\u1ea3o v\u1edbi kh\u00f4ng gian b\u1ebfp c\u1ee7a ng\u01b0\u1eddi ch\u00e2u \u00c1. Thi\u1ebft k\u1ebf n\u00e0y kh\u00f4ng ch\u1ec9 t\u0103ng hi\u1ec7u su\u1ea5t n\u1ea5u n\u01b0\u1edbng m\u00e0 c\u00f2n gi\u00fap c\u00e1c b\u00e0 n\u1ed9i tr\u1ee3 ti\u1ebft ki\u1ec7m th\u1eddi gian, r\u1ea3nh rang h\u01a1n trong c\u00f4ng vi\u1ec7c b\u1ebfp n\u00fac.<\/p>\n<p>S\u1ea3n ph\u1ea9m KAFF KF-SMART734 VARIO kh\u00f4ng ch\u1ec9 n\u1ed5i b\u1eadt b\u1edfi thi\u1ebft k\u1ebf tinh t\u1ebf m\u00e0 c\u00f2n b\u1edfi c\u00f4ng ngh\u1ec7 s\u1ea3n xu\u1ea5t hi\u1ec7n \u0111\u1ea1i nh\u1ea5t hi\u1ec7n nay, t\u00edch h\u1ee3p nhi\u1ec1u t\u00ednh n\u0103ng \u01b0u vi\u1ec7t v\u00e0 th\u00f4ng minh h\u01a1n so v\u1edbi c\u00e1c lo\u1ea1i b\u1ebfp th\u00f4ng th\u01b0\u1eddng. B\u1ebfp t\u1eeb \u0111a \u0111i\u1ec3m c\u1ea3m \u1ee9ng cao c\u1ea5p nh\u1eadp kh\u1ea9u KAFF s\u1ebd l\u00e0 tr\u1ee3 th\u1ee7 \u0111\u1eafc l\u1ef1c gi\u00fap b\u1ea1n ho\u00e0n thi\u1ec7n m\u00f3n \u0103n cho gia \u0111\u00ecnh m\u1ed9t c\u00e1ch nhanh ch\u00f3ng, \u0111\u1eb7c bi\u1ec7t ph\u00f9 h\u1ee3p cho c\u00e1c gia \u0111\u00ecnh \u0111\u00f4ng th\u00e0nh vi\u00ean v\u00e0 nh\u1eefng b\u00e0 n\u1ed9i tr\u1ee3 b\u1eadn r\u1ed9n.<\/p>\n<p>N\u1ebfu b\u1ea1n \u0111ang t\u00ecm ki\u1ebfm m\u1ed9t chi\u1ebfc b\u1ebfp t\u1eeb an to\u00e0n v\u00e0 hi\u1ec7n \u0111\u1ea1i, b\u1ebfp t\u1eeb \u0111a \u0111i\u1ec3m KAFF ch\u00ednh l\u00e0 s\u1ef1 l\u1ef1a ch\u1ecdn ho\u00e0n h\u1ea3o \u0111\u00e1p \u1ee9ng m\u1ecdi nhu c\u1ea7u c\u1ee7a b\u1ea1n v\u1edbi nh\u1eefng t\u00ednh n\u0103ng an to\u00e0n v\u00e0 ti\u1ec7n \u00edch h\u00e0ng \u0111\u1ea7u.<\/p>\n","protected":false},"excerpt":{"rendered":"<ul class=\"short_pro_desc\">\n<li>Xu\u1ea5t x\u1ee9: Made In Germany<\/li>\n<li>Model b\u1ebfp: KF-Smart734Vario<\/li>\n<li>S\u1ed1 b\u1ebfp n\u1ea5u: 6 V\u00f9ng \u2013 Li\u00ean k\u1ebft th\u00e0nh 1 v\u00f9ng n\u1ea5u<\/li>\n<li>M\u1ee9c c\u00f4ng su\u1ea5t: C\u00f4ng ngh\u1ec7 \u0111i\u1ec1u khi\u1ec3n \u201d Directselect \u201d 12 m\u1ee9c c\u00f4ng su\u1ea5t [0; 1; 1.5; 2; 2.5; 3; 3.5; 4; 4.5; 5; 5.5; 6; 6.5; 7; 7.5; 8; 8.5; 9; 9.5; 10; 11 and 12]<\/li>\n<li>Di\u1ec7n t\u00edch v\u00f9ng n\u1ea5u: Area 1: 2x2100W, 3.3KW (c\u00f3 th\u1ec3 t\u0103ng l\u00ean 3.7KW); Area 2: 2x2100W, 3.3KW (c\u00f3 th\u1ec3 t\u0103ng l\u00ean 3.7KW); Area 3: 2x2100W, 3.3KW (c\u00f3 th\u1ec3 t\u0103ng l\u00ean 3.7KW); Area 4: 2x2100W, 3.3KW (c\u00f3 th\u1ec3 t\u0103ng l\u00ean 3.7KW); Area 5: 2x2100W, 3.3KW (c\u00f3 th\u1ec3 t\u0103ng l\u00ean 3.7KW); Area 6: 2x2100W, 3.3KW (c\u00f3 th\u1ec3 t\u0103ng l\u00ean 3.7KW)<\/li>\n<li>Ch\u1ee9c n\u0103ng n\u1ea5u nhanh Booster: c\u00f3<\/li>\n<li>Ch\u1ee9c n\u0103ng chuy\u1ec3n m\u1ee9c c\u00f4ng su\u1ea5t: C\u00e1c v\u00f9ng n\u1ea5u s\u1ebd t\u1ef1 chuy\u1ec3n \u0111\u1ed5i m\u1ee9c c\u00f4ng su\u1ea5t t\u1eeb m\u1ee9c 7 tr\u1edf l\u00ean<\/li>\n<li>M\u1eb7t k\u00ednh Schott Ceran, v\u00e1t c\u1ea1nh tr\u01b0\u1edbc, vi\u1ec1n inox 2 c\u1ea1nh b\u00ean v\u00e0 ph\u00eda d\u01b0\u1edbi ch\u1ecbu l\u1ef1c s\u1ed1c nhi\u1ec7t l\u00ean \u0111\u1ebfn 1000\u00b0C<\/li>\n<\/ul>\n","protected":false},"featured_media":22094,"comment_status":"open","ping_status":"closed","template":"","meta":[],"product_brand":[],"product_cat":[745,71,164],"product_tag":[],"class_list":{"0":"post-22093","1":"product","2":"type-product","3":"status-publish","4":"has-post-thumbnail","6":"product_cat-bep-dien-tu","7":"product_cat-thuong-hieu","8":"product_cat-thuong-hieu-kaff","10":"first","11":"instock","12":"sale","13":"shipping-taxable","14":"purchasable","15":"product-type-simple"},"_links":{"self":[{"href":"https:\/\/livinghome.vn\/thiet-bi\/wp-json\/wp\/v2\/product\/22093","targetHints":{"allow":["GET"]}}],"collection":[{"href":"https:\/\/livinghome.vn\/thiet-bi\/wp-json\/wp\/v2\/product"}],"about":[{"href":"https:\/\/livinghome.vn\/thiet-bi\/wp-json\/wp\/v2\/types\/product"}],"replies":[{"embeddable":true,"href":"https:\/\/livinghome.vn\/thiet-bi\/wp-json\/wp\/v2\/comments?post=22093"}],"wp:featuredmedia":[{"embeddable":true,"href":"https:\/\/livinghome.vn\/thiet-bi\/wp-json\/wp\/v2\/media\/22094"}],"wp:attachment":[{"href":"https:\/\/livinghome.vn\/thiet-bi\/wp-json\/wp\/v2\/media?parent=22093"}],"wp:term":[{"taxonomy":"product_brand","embeddable":true,"href":"https:\/\/livinghome.vn\/thiet-bi\/wp-json\/wp\/v2\/product_brand?post=22093"},{"taxonomy":"product_cat","embeddable":true,"href":"https:\/\/livinghome.vn\/thiet-bi\/wp-json\/wp\/v2\/product_cat?post=22093"},{"taxonomy":"product_tag","embeddable":true,"href":"https:\/\/livinghome.vn\/thiet-bi\/wp-json\/wp\/v2\/product_tag?post=22093"}],"curies":[{"name":"wp","href":"https:\/\/api.w.org\/{rel}","templated":true}]}}