{"id":22083,"date":"2024-05-13T10:32:31","date_gmt":"2024-05-13T03:32:31","guid":{"rendered":"https:\/\/livinghome.vn\/thiet-bi\/?post_type=product&#038;p=22083"},"modified":"2024-11-29T15:57:52","modified_gmt":"2024-11-29T08:57:52","slug":"may-nuoc-nong-stiebel-eltron-esh-100-h-plus-t-vn","status":"publish","type":"product","link":"https:\/\/livinghome.vn\/thiet-bi\/may-nuoc-nong-stiebel-eltron-esh-100-h-plus-t-vn\/","title":{"rendered":"M\u00e1y N\u01b0\u1edbc N\u00f3ng Stiebel Eltron ESH 100 H Plus T-VN, 100 L\u00edt, Th\u00e1i Lan"},"content":{"rendered":"<p><span style=\"font-weight: 400;\">M\u00e1y n\u01b0\u1edbc n\u00f3ng Stiebel Eltron ESH 100 H Plus T-VN c\u00f3 ki\u1ec3u d\u00e1ng hi\u1ec7n \u0111\u1ea1i, c\u00f3 nh\u1eefng t\u00ednh n\u0103ng th\u00f4ng minh v\u00e0 hi\u1ec3n c\u00e1c m\u1ee9c nhi\u1ec7t \u0111\u1ed9 b\u1eb1ng \u0111\u00e8n Led d\u1ec5 quan s\u00e1t. B\u00ecnh ch\u1ee9a n\u01b0\u1edbc l\u00ean \u0111\u1ebfn 100 l\u00edt ph\u00f9 h\u1ee3p v\u1edbi nhu c\u1ea7u c\u1ee7a c\u00e1c th\u00e0nh vi\u00ean trong gia \u0111\u00ecnh.<\/span><\/p>\n<h2><span style=\"font-weight: 400;\">\u0110\u1eb7c \u0111i\u1ec3m n\u1ed5i b\u1eadt m\u00e1y n\u01b0\u1edbc n\u00f3ng gi\u00e1n ti\u1ebfp Stiebel Eltron ESH 100 H Plus T-VN<\/span><\/h2>\n<ul>\n<li><span style=\"font-weight: 400;\">Nhi\u1ec7t \u0111\u1ed9 n\u01b0\u1edbc n\u00f3ng t\u1ed1i \u0111a 75 \u0111\u1ed9 C, ph\u00f9 h\u1ee3p cho khu v\u1ef1c kh\u00ed h\u1eadu l\u1ea1nh.<\/span><\/li>\n<li><span style=\"font-weight: 400;\">Dung t\u00edch b\u00ecnh ch\u1ee9a 100 l\u00edt, \u0111\u00e1p \u1ee9ng nhu c\u1ea7u s\u1eed d\u1ee5ng cho 8-10 ng\u01b0\u1eddi.<\/span><\/li>\n<li><span style=\"font-weight: 400;\">Trang b\u1ecb c\u1ea7u dao ELCB an to\u00e0n.<\/span><\/li>\n<li><span style=\"font-weight: 400;\">V\u1ecf ch\u1ed1ng n\u01b0\u1edbc \u0111\u1ea1t chu\u1ea9n IP24.<\/span><\/li>\n<li><span style=\"font-weight: 400;\">L\u00f2ng b\u00ecnh b\u1eb1ng th\u00e9p tr\u00e1ng men ch\u1ed1ng r\u00f2 r\u1ec9 n\u01b0\u1edbc.<\/span><\/li>\n<li><span style=\"font-weight: 400;\">Thanh nhi\u1ec7t b\u1eb1ng \u0111\u1ed3ng gia nhi\u1ec7t nhanh, b\u1ec1n b\u1ec9.<\/span><\/li>\n<\/ul>\n<p><img loading=\"lazy\" decoding=\"async\" class=\"alignnone size-full wp-image-22085\" src=\"https:\/\/livinghome.vn\/thiet-bi\/wp-content\/uploads\/2024\/05\/may-nuoc-nong-stiebel-eltron-esh-100-h-plus-t-vn-2.jpg\" alt=\"M\u00e1y N\u01b0\u1edbc N\u00f3ng Stiebel Eltron ESH 100 H Plus T-VN\" width=\"1200\" height=\"900\" title=\"\" srcset=\"https:\/\/livinghome.vn\/thiet-bi\/wp-content\/uploads\/2024\/05\/may-nuoc-nong-stiebel-eltron-esh-100-h-plus-t-vn-2.jpg 1200w, https:\/\/livinghome.vn\/thiet-bi\/wp-content\/uploads\/2024\/05\/may-nuoc-nong-stiebel-eltron-esh-100-h-plus-t-vn-2-533x400.jpg 533w, https:\/\/livinghome.vn\/thiet-bi\/wp-content\/uploads\/2024\/05\/may-nuoc-nong-stiebel-eltron-esh-100-h-plus-t-vn-2-1067x800.jpg 1067w, https:\/\/livinghome.vn\/thiet-bi\/wp-content\/uploads\/2024\/05\/may-nuoc-nong-stiebel-eltron-esh-100-h-plus-t-vn-2-768x576.jpg 768w, https:\/\/livinghome.vn\/thiet-bi\/wp-content\/uploads\/2024\/05\/may-nuoc-nong-stiebel-eltron-esh-100-h-plus-t-vn-2-600x450.jpg 600w\" sizes=\"auto, (max-width: 1200px) 100vw, 1200px\" \/><\/p>\n<h2><span style=\"font-weight: 400;\">\u0110\u00e1nh gi\u00e1 chi ti\u1ebft<\/span><\/h2>\n<h3><span style=\"font-weight: 400;\">Thi\u1ebft k\u1ebf hi\u1ec7n \u0111\u1ea1i, sang tr\u1ecdng<\/span><\/h3>\n<p><span style=\"font-weight: 400;\">V\u1edbi ki\u1ec3u d\u00e1ng h\u00ecnh tr\u1ee5 ngang hi\u1ec7n \u0111\u1ea1i v\u00e0 b\u1ea3ng \u0111i\u1ec1u khi\u1ec3n d\u1ec5 s\u1eed d\u1ee5ng v\u1edbi m\u00e0n h\u00ecnh hi\u1ec3n th\u1ecb \u0111\u00e8n LED s\u1eafc n\u00e9t, gi\u00fap b\u1ea1n d\u1ec5 d\u00e0ng quan s\u00e1t nhi\u1ec7t \u0111\u1ed9 n\u01b0\u1edbc.\u00a0<\/span><\/p>\n<p><img loading=\"lazy\" decoding=\"async\" class=\"alignnone size-full wp-image-22086\" src=\"https:\/\/livinghome.vn\/thiet-bi\/wp-content\/uploads\/2024\/05\/may-nuoc-nong-stiebel-eltron-esh-100-h-plus-t-vn-1.jpg\" alt=\"M\u00e1y N\u01b0\u1edbc N\u00f3ng Stiebel Eltron ESH 100 H Plus T-VN\" width=\"1200\" height=\"900\" title=\"\" srcset=\"https:\/\/livinghome.vn\/thiet-bi\/wp-content\/uploads\/2024\/05\/may-nuoc-nong-stiebel-eltron-esh-100-h-plus-t-vn-1.jpg 1200w, https:\/\/livinghome.vn\/thiet-bi\/wp-content\/uploads\/2024\/05\/may-nuoc-nong-stiebel-eltron-esh-100-h-plus-t-vn-1-533x400.jpg 533w, https:\/\/livinghome.vn\/thiet-bi\/wp-content\/uploads\/2024\/05\/may-nuoc-nong-stiebel-eltron-esh-100-h-plus-t-vn-1-1067x800.jpg 1067w, https:\/\/livinghome.vn\/thiet-bi\/wp-content\/uploads\/2024\/05\/may-nuoc-nong-stiebel-eltron-esh-100-h-plus-t-vn-1-768x576.jpg 768w, https:\/\/livinghome.vn\/thiet-bi\/wp-content\/uploads\/2024\/05\/may-nuoc-nong-stiebel-eltron-esh-100-h-plus-t-vn-1-600x450.jpg 600w\" sizes=\"auto, (max-width: 1200px) 100vw, 1200px\" \/><\/p>\n<h3><span style=\"font-weight: 400;\">C\u00f4ng ngh\u1ec7 \u0110\u1ee9c ti\u00ean ti\u1ebfn<\/span><\/h3>\n<p><span style=\"font-weight: 400;\">C\u00f4ng ngh\u1ec7 l\u00e0m n\u00f3ng gi\u00e1n ti\u1ebfp an to\u00e0n, \u0111\u1ea3m b\u1ea3o n\u01b0\u1edbc n\u00f3ng kh\u00f4ng b\u1ecb nhi\u1ec5m b\u1ea9n b\u1edfi c\u1eb7n b\u1ea9n hay vi khu\u1ea9n. B\u00ecnh ch\u1ee9a b\u1eb1ng th\u00e9p tr\u00e1ng men cao c\u1ea5p, ch\u1ed1ng \u0103n m\u00f2n hi\u1ec7u qu\u1ea3, \u0111\u1ea3m b\u1ea3o v\u1ec7 sinh v\u00e0 \u0111\u1ed9 b\u1ec1n cao.<\/span><\/p>\n<h3><span style=\"font-weight: 400;\">Thanh gia nhi\u1ec7t b\u1eb1ng \u0111\u1ed3ng, nhi\u1ec7t \u0111\u1ed9 l\u00e0m n\u00f3ng n\u01b0\u1edbc t\u1ed1i \u0111a 75 \u0111\u1ed9 C<\/span><\/h3>\n<p><span style=\"font-weight: 400;\">Thanh nhi\u1ec7t \u0111\u01b0\u1ee3c l\u00e0m b\u1eb1ng \u0111\u1ed3ng cho tu\u1ed5i th\u1ecd cao s\u1ebd mang l\u1ea1i hi\u1ec7u qu\u1ea3 l\u00e0m n\u00f3ng n\u01b0\u1edbc nhanh v\u00e0 h\u1ea1n ch\u1ebf \u0103n m\u00f2n, s\u1eed d\u1ee5ng b\u1ec1n l\u00e2u.\u00a0\u00a0<\/span><\/p>\n<p><span style=\"font-weight: 400;\">M\u00e1y n\u01b0\u1edbc n\u00f3ng gi\u00e1n ti\u1ebfp trang b\u1ecb c\u00f4ng su\u1ea5t l\u00e0m n\u00f3ng 2.500W, s\u1eed d\u1ee5ng ngu\u1ed3n \u0111i\u1ec7n 1 pha 220V &#8211; 240V s\u1ebd cung c\u1ea5p n\u01b0\u1edbc n\u00f3ng \u0111\u1ea1t \u0111\u1ebfn m\u1ee9c nhi\u1ec7t \u0111\u1ed9 kho\u1ea3ng 75\u00b0C.<\/span><\/p>\n<p><img loading=\"lazy\" decoding=\"async\" class=\"alignnone size-full wp-image-22087\" src=\"https:\/\/livinghome.vn\/thiet-bi\/wp-content\/uploads\/2024\/05\/may-nuoc-nong-stiebel-eltron-esh-100-h-plus-t-vn-3.jpg\" alt=\"M\u00e1y N\u01b0\u1edbc N\u00f3ng Stiebel Eltron ESH 100 H Plus T-VN\" width=\"1200\" height=\"900\" title=\"\" srcset=\"https:\/\/livinghome.vn\/thiet-bi\/wp-content\/uploads\/2024\/05\/may-nuoc-nong-stiebel-eltron-esh-100-h-plus-t-vn-3.jpg 1200w, https:\/\/livinghome.vn\/thiet-bi\/wp-content\/uploads\/2024\/05\/may-nuoc-nong-stiebel-eltron-esh-100-h-plus-t-vn-3-533x400.jpg 533w, https:\/\/livinghome.vn\/thiet-bi\/wp-content\/uploads\/2024\/05\/may-nuoc-nong-stiebel-eltron-esh-100-h-plus-t-vn-3-1067x800.jpg 1067w, https:\/\/livinghome.vn\/thiet-bi\/wp-content\/uploads\/2024\/05\/may-nuoc-nong-stiebel-eltron-esh-100-h-plus-t-vn-3-768x576.jpg 768w, https:\/\/livinghome.vn\/thiet-bi\/wp-content\/uploads\/2024\/05\/may-nuoc-nong-stiebel-eltron-esh-100-h-plus-t-vn-3-600x450.jpg 600w\" sizes=\"auto, (max-width: 1200px) 100vw, 1200px\" \/><\/p>\n<h3><span style=\"font-weight: 400;\">Ch\u1ebf \u0111\u1ed9 an to\u00e0n v\u1ec1 \u0111i\u1ec7n<\/span><\/h3>\n<ul>\n<li style=\"font-weight: 400;\"><span style=\"font-weight: 400;\">C\u1ea7u dao ch\u1ed1ng r\u00f2 \u0111i\u1ec7n ELCB: S\u1ebd t\u1ef1 \u0111\u1ed9ng ng\u1eaft k\u1ebft n\u1ed1i gi\u1eefa b\u00ecnh n\u00f3ng l\u1ea1nh v\u1edbi m\u1ea1ch \u0111i\u1ec7n b\u1ea5t c\u1ee9 l\u00fac n\u00e0o x\u1ea3y ra hi\u1ec7n t\u01b0\u1ee3ng r\u00f2 \u0111i\u1ec7n khi c\u01a1 th\u1ec3 ng\u01b0\u1eddi ch\u1ea1m ph\u1ea3i nh\u1eefng ph\u1ea7n m\u1ea1ng \u0111i\u1ec7n c\u1ee7a m\u00e1y.\u00a0<\/span><\/li>\n<li style=\"font-weight: 400;\"><span style=\"font-weight: 400;\">C\u00f4ng ngh\u1ec7 gi\u1edbi h\u1ea1n r\u00f2 r\u1ec9 \u0111i\u1ec7n (CLL): H\u1ed7 tr\u1ee3 b\u1ea3o v\u1ec7 k\u00e9p cho m\u00e1y n\u01b0\u1edbc n\u00f3ng tr\u00e1nh kh\u1ecfi t\u00ecnh tr\u1ea1ng \u0111i\u1ec7n gi\u1eadt v\u1edbi kh\u1ea3 n\u0103ng c\u00e1ch nhi\u1ec7t ho\u00e0n to\u00e0n.<\/span><\/li>\n<li style=\"font-weight: 400;\"><span style=\"font-weight: 400;\">T\u00ednh n\u0103ng c\u00e1ch \u0111i\u1ec7n: Gi\u00fap t\u0103ng c\u01b0\u1eddng \u0111\u1ed9 an to\u00e0n cho c\u00e1c thi\u1ebft b\u1ecb \u0111i\u1ec7n trong nh\u00e0 khi xu\u1ea5t hi\u1ec7n s\u1ef1 c\u1ed1 r\u00f2 \u0111i\u1ec7n.<\/span><\/li>\n<\/ul>\n<p><img loading=\"lazy\" decoding=\"async\" class=\"alignnone size-full wp-image-22088\" src=\"https:\/\/livinghome.vn\/thiet-bi\/wp-content\/uploads\/2024\/05\/may-nuoc-nong-stiebel-eltron-esh-100-h-plus-t-vn-4.jpg\" alt=\"M\u00e1y N\u01b0\u1edbc N\u00f3ng Stiebel Eltron ESH 100 H Plus T-VN\" width=\"1200\" height=\"900\" title=\"\" srcset=\"https:\/\/livinghome.vn\/thiet-bi\/wp-content\/uploads\/2024\/05\/may-nuoc-nong-stiebel-eltron-esh-100-h-plus-t-vn-4.jpg 1200w, https:\/\/livinghome.vn\/thiet-bi\/wp-content\/uploads\/2024\/05\/may-nuoc-nong-stiebel-eltron-esh-100-h-plus-t-vn-4-533x400.jpg 533w, https:\/\/livinghome.vn\/thiet-bi\/wp-content\/uploads\/2024\/05\/may-nuoc-nong-stiebel-eltron-esh-100-h-plus-t-vn-4-1067x800.jpg 1067w, https:\/\/livinghome.vn\/thiet-bi\/wp-content\/uploads\/2024\/05\/may-nuoc-nong-stiebel-eltron-esh-100-h-plus-t-vn-4-768x576.jpg 768w, https:\/\/livinghome.vn\/thiet-bi\/wp-content\/uploads\/2024\/05\/may-nuoc-nong-stiebel-eltron-esh-100-h-plus-t-vn-4-600x450.jpg 600w\" sizes=\"auto, (max-width: 1200px) 100vw, 1200px\" \/><\/p>\n<h3><span style=\"font-weight: 400;\">V\u1ecf b\u00ecnh ch\u1ed1ng th\u1ea5m n\u01b0\u1edbc\u00a0<\/span><\/h3>\n<p><span style=\"font-weight: 400;\">V\u1ecf m\u00e1y n\u01b0\u1edbc n\u00f3ng c\u00f3 kh\u1ea3 n\u0103ng ch\u1ed1ng th\u1ea5m n\u01b0\u1edbc theo ti\u00eau chu\u1ea9n IP24, gi\u00fap h\u1ea1n ch\u1ebf b\u1ee5i b\u1ea9n, tia n\u01b0\u1edbc nh\u1ecf th\u1ea5m v\u00e0o trong, tr\u00e1nh l\u00e0m h\u01b0 h\u1ecfng v\u00e0 k\u00e9o d\u00e0i tu\u1ed5i th\u1ecd cho m\u00e1y.<\/span><\/p>\n<p><span style=\"font-weight: 400;\">V\u1ecf ngo\u00e0i c\u1ee7a m\u00e1y n\u01b0\u1edbc n\u00f3ng \u0111\u01b0\u1ee3c l\u00e0m t\u1eeb nh\u1ef1a PP b\u1ec1n b\u1ec9, c\u1ee9ng c\u00e1p, ch\u1ed1ng \u0103n m\u00f2n, cho hi\u1ec7u qu\u1ea3 c\u00e1ch nhi\u1ec7t t\u1ed1t.<\/span><\/p>\n<p><span style=\"font-weight: 400;\">B\u00ecnh ch\u1ee9a n\u01b0\u1edbc c\u00f3 l\u00f5i th\u00e9p tr\u00e1ng men v\u1edbi m\u1eb7t b\u00edch gia nhi\u1ec7t, t\u1ea1o \u0111\u1ed9 k\u00edn cho c\u00e1c \u0111\u01b0\u1eddng h\u00e0n t\u1ed1t h\u01a1n, n\u00e2ng cao tu\u1ed5i th\u1ecd cho b\u00ecnh ch\u1ee9a, kh\u00f4ng b\u1ecb t\u00ecnh tr\u1ea1ng r\u00f2 r\u1ec9 n\u01b0\u1edbc.\u00a0<\/span><\/p>\n<p><img loading=\"lazy\" decoding=\"async\" class=\"alignnone size-full wp-image-22089\" src=\"https:\/\/livinghome.vn\/thiet-bi\/wp-content\/uploads\/2024\/05\/may-nuoc-nong-stiebel-eltron-esh-100-h-plus-t-vn-5.jpg\" alt=\"M\u00e1y N\u01b0\u1edbc N\u00f3ng Stiebel Eltron ESH 100 H Plus T-VN\" width=\"1200\" height=\"671\" title=\"\" srcset=\"https:\/\/livinghome.vn\/thiet-bi\/wp-content\/uploads\/2024\/05\/may-nuoc-nong-stiebel-eltron-esh-100-h-plus-t-vn-5.jpg 1200w, https:\/\/livinghome.vn\/thiet-bi\/wp-content\/uploads\/2024\/05\/may-nuoc-nong-stiebel-eltron-esh-100-h-plus-t-vn-5-715x400.jpg 715w, https:\/\/livinghome.vn\/thiet-bi\/wp-content\/uploads\/2024\/05\/may-nuoc-nong-stiebel-eltron-esh-100-h-plus-t-vn-5-768x429.jpg 768w, https:\/\/livinghome.vn\/thiet-bi\/wp-content\/uploads\/2024\/05\/may-nuoc-nong-stiebel-eltron-esh-100-h-plus-t-vn-5-600x336.jpg 600w\" sizes=\"auto, (max-width: 1200px) 100vw, 1200px\" \/><\/p>\n<h3><span style=\"font-weight: 400;\">Dung t\u00edch b\u00ecnh ch\u1ee9a l\u1edbn 100 l\u00edt<\/span><\/h3>\n<p><span style=\"font-weight: 400;\">C\u00f3 dung t\u00edch b\u00ecnh ch\u1ee9a n\u01b0\u1edbc l\u00ean t\u1edbi 100 l\u00edt, ch\u1ec9 c\u1ea7n \u0111un m\u1ed9t l\u1ea7n l\u00e0 c\u00f3 th\u1ec3 s\u1eed d\u1ee5ng cho nhi\u1ec1u ng\u01b0\u1eddi t\u1eafm, ph\u1ee5c v\u1ee5 t\u1ed1t cho nhu c\u1ea7uc\u1ee7a gia \u0111\u00ecnh c\u00f3 t\u1eeb 8 &#8211; 10 th\u00e0nh vi\u00ean.<\/span><\/p>\n<h3><span style=\"font-weight: 400;\">T\u01b0\u01a1ng th\u00edch \u0111i\u1ec7n t\u1eeb EMC<\/span><\/h3>\n<p><span style=\"font-weight: 400;\">T\u00ednh n\u0103ng n\u00e0y s\u1ebd gi\u1eef cho b\u00ecnh n\u00f3ng l\u1ea1nh ho\u1ea1t \u0111\u1ed9ng b\u00ecnh th\u01b0\u1eddng trong m\u00f4i tr\u01b0\u1eddng \u0111i\u1ec7n t\u1eed, tr\u00e1nh g\u00e2y nhi\u1ec5u \u0111\u1ebfn nh\u1eefng thi\u1ebft b\u1ecb, h\u1ec7 th\u1ed1ng thi\u1ebft b\u1ecb b\u1ed1 tr\u00ed xung quanh.<\/span><\/p>\n<h3><span style=\"font-weight: 400;\">B\u00ecnh t\u00f9y ch\u1ec9nh \u0111\u01b0\u1ee3c nhi\u1ec7t \u0111\u1ed9 \u1edf nhi\u1ec1u m\u1ee9c<\/span><\/h3>\n<p><span style=\"font-weight: 400;\">M\u00e1y n\u01b0\u1edbc n\u00f3ng Stiebel Eltron s\u1edf h\u1eefu ki\u1ec3u d\u00e1ng h\u00ecnh tr\u1ee5 n\u1eb1m ngang, s\u1edf h\u1eefu gam m\u00e0u tr\u1eafng t\u01b0\u01a1i s\u00e1ng, t\u1ea1o \u0111i\u1ec3m nh\u1ea5n cho ph\u00f2ng t\u1eafm th\u00eam hi\u1ec7n \u0111\u1ea1i v\u00e0 \u0111\u1eb9p m\u1eaft h\u01a1n.\u00a0<\/span><\/p>\n<p><span style=\"font-weight: 400;\">B\u00ecnh n\u00f3ng l\u1ea1nh gi\u00e1n ti\u1ebfp c\u00f3 k\u00edch th\u01b0\u1edbc g\u1ecdn g\u00e0ng n\u00ean d\u1ec5 d\u00e0ng l\u1eafp \u0111\u1eb7t trong nhi\u1ec1u kh\u00f4ng gian ph\u00f2ng t\u1eafm kh\u00e1c nhau.<\/span><\/p>\n<p><span style=\"font-weight: 400;\">B\u1ea3ng \u0111i\u1ec1u khi\u1ec3n d\u1ea1ng n\u00fat v\u1eb7n k\u00e8m v\u1edbi ch\u1ebf \u0111\u1ed9 hi\u1ec3n th\u1ecb c\u00e1c m\u1ee9c nhi\u1ec7t \u0111\u1ed9 b\u1eb1ng \u0111\u00e8n Led d\u1ec5 quan s\u00e1t v\u00e0 \u0111i\u1ec1u ch\u1ec9nh m\u1ee9c nhi\u1ec7t mong mu\u1ed1n.\u00a0<\/span><\/p>\n<p><span style=\"font-weight: 400;\">L\u01b0u \u00fd: H\u00ecnh \u1ea3nh s\u1ea3n ph\u1ea9m ch\u1ec9 c\u00f3 t\u00ednh ch\u1ea5t minh h\u1ecda, chi ti\u1ebft s\u1ea3n ph\u1ea9m, m\u00e0u s\u1eafc, thi\u1ebft k\u1ebf v\u00e0 th\u00f4ng s\u1ed1 k\u1ef9 thu\u1eadt c\u00f3 th\u1ec3 thay \u0111\u1ed5i t\u00f9y theo s\u1ea3n ph\u1ea9m th\u1ef1c t\u1ebf m\u00e0 kh\u00f4ng c\u1ea7n th\u00f4ng b\u00e1o tr\u01b0\u1edbc.<\/span><\/p>\n","protected":false},"excerpt":{"rendered":"<p><span style=\"font-weight: 400;\">C\u00f4ng su\u1ea5t: 2500W<\/span><\/p>\n<p><span style=\"font-weight: 400;\">M\u00e0u: Tr\u1eafng<\/span><\/p>\n<p><span style=\"font-weight: 400;\">K\u00edch th\u01b0\u1edbc chi\u1ec1u ngang:<\/span><\/p>\n<p><span style=\"font-weight: 400;\">K\u00edch th\u01b0\u1edbc chi\u1ec1u cao:<\/span><\/p>\n<p><span style=\"font-weight: 400;\">K\u00edch th\u01b0\u1edbc chi\u1ec1u d\u00e0y:<\/span><\/p>\n<p><span style=\"font-weight: 400;\">C\u00f3 thanh ma gi\u00ea ch\u1ed1ng \u0103n m\u00f2n b\u00ecnh<\/span><\/p>\n<p><span style=\"font-weight: 400;\">Chu\u1ea9n ch\u1ed1ng n\u01b0\u1edbc: IP24<\/span><\/p>\n<p><span style=\"font-weight: 400;\">Ch\u1ed1ng gi\u1eadt ELCB: C\u00f3<\/span><\/p>\n<p><span style=\"font-weight: 400;\">Nhi\u1ec7t \u0111\u1ed9 t\u1ed1i \u0111a: 75 \u0111\u1ed9 C<\/span><\/p>\n<p><span style=\"font-weight: 400;\">N\u00fat \u0111i\u1ec1u ch\u1ec9nh: N\u00fam v\u1eb7n<\/span><\/p>\n<p><span style=\"font-weight: 400;\">Ch\u1ea5t li\u1ec7u v\u1ecf: Nh\u1ef1a PP<\/span><\/p>\n<p><span style=\"font-weight: 400;\">Ch\u1ea5t li\u1ec7u ru\u1ed9t b\u00ecnh: L\u00f5i th\u00e9p tr\u00e1ng men<\/span><\/p>\n<p><span style=\"font-weight: 400;\">Ngu\u1ed3n \u0111i\u1ec7n \u00e1p: 220V &#8211; 240V \/ 50Hz &#8211; 60Hz<\/span><\/p>\n<p><span style=\"font-weight: 400;\">Xu\u1ea5t x\u1ee9 th\u01b0\u01a1ng hi\u1ec7u: \u0110\u1ee9c<\/span><\/p>\n<p><span style=\"font-weight: 400;\">S\u1ea3n xu\u1ea5t t\u1ea1i: Th\u00e1i Lan<\/span><\/p>\n<p><span style=\"font-weight: 400;\">B\u1ea3o h\u00e0nh: 24 th\u00e1ng<\/span><\/p>\n","protected":false},"featured_media":22084,"comment_status":"open","ping_status":"closed","template":"","meta":[],"product_brand":[],"product_cat":[540,1986,1979,1987,71,1937],"product_tag":[541,2025,1980,2006,1993],"class_list":{"0":"post-22083","1":"product","2":"type-product","3":"status-publish","4":"has-post-thumbnail","6":"product_cat-may-nong-lanh","7":"product_cat-may-nong-lanh-stiebel-eltron","8":"product_cat-may-nuoc-nong","9":"product_cat-may-nuoc-nong-stiebel-eltron","10":"product_cat-thuong-hieu","11":"product_cat-thuong-hieu-stiebel-eltron","12":"product_tag-may-nong-lanh","13":"product_tag-may-nong-lanh-stiebel-eltron","14":"product_tag-may-nuoc-nong","15":"product_tag-may-nuoc-nong-gian-tiep","16":"product_tag-may-nuoc-nong-stiebel-eltron","18":"first","19":"instock","20":"sale","21":"shipping-taxable","22":"purchasable","23":"product-type-simple"},"_links":{"self":[{"href":"https:\/\/livinghome.vn\/thiet-bi\/wp-json\/wp\/v2\/product\/22083","targetHints":{"allow":["GET"]}}],"collection":[{"href":"https:\/\/livinghome.vn\/thiet-bi\/wp-json\/wp\/v2\/product"}],"about":[{"href":"https:\/\/livinghome.vn\/thiet-bi\/wp-json\/wp\/v2\/types\/product"}],"replies":[{"embeddable":true,"href":"https:\/\/livinghome.vn\/thiet-bi\/wp-json\/wp\/v2\/comments?post=22083"}],"wp:featuredmedia":[{"embeddable":true,"href":"https:\/\/livinghome.vn\/thiet-bi\/wp-json\/wp\/v2\/media\/22084"}],"wp:attachment":[{"href":"https:\/\/livinghome.vn\/thiet-bi\/wp-json\/wp\/v2\/media?parent=22083"}],"wp:term":[{"taxonomy":"product_brand","embeddable":true,"href":"https:\/\/livinghome.vn\/thiet-bi\/wp-json\/wp\/v2\/product_brand?post=22083"},{"taxonomy":"product_cat","embeddable":true,"href":"https:\/\/livinghome.vn\/thiet-bi\/wp-json\/wp\/v2\/product_cat?post=22083"},{"taxonomy":"product_tag","embeddable":true,"href":"https:\/\/livinghome.vn\/thiet-bi\/wp-json\/wp\/v2\/product_tag?post=22083"}],"curies":[{"name":"wp","href":"https:\/\/api.w.org\/{rel}","templated":true}]}}