{"id":22073,"date":"2024-05-08T15:01:06","date_gmt":"2024-05-08T08:01:06","guid":{"rendered":"https:\/\/livinghome.vn\/thiet-bi\/?post_type=product&#038;p=22073"},"modified":"2024-11-29T14:16:59","modified_gmt":"2024-11-29T07:16:59","slug":"may-nuoc-nong-truc-tiep-stiebel-eltron-xglp-45-ec-vn-4500w-co-bom","status":"publish","type":"product","link":"https:\/\/livinghome.vn\/thiet-bi\/may-nuoc-nong-truc-tiep-stiebel-eltron-xglp-45-ec-vn-4500w-co-bom\/","title":{"rendered":"M\u00e1y N\u01b0\u1edbc N\u00f3ng Tr\u1ef1c Ti\u1ebfp Stiebel Eltron XGLP 45 EC (VN) 4500W C\u00f3 B\u01a1m"},"content":{"rendered":"<h2><span style=\"font-weight: 400\">Th\u00f4ng s\u1ed1 m\u00e1y n\u01b0\u1edbc n\u00f3ng tr\u1ef1c ti\u1ebfp Stiebel Eltron XGLP 45 EC (VN)<\/span><\/h2>\n<ul>\n<li><span style=\"font-weight: 400\">M\u00e3 s\u1ea3n ph\u1ea9m: XGLP 45 EC (VN)<\/span><\/li>\n<li><span style=\"font-weight: 400\">T\u00ean s\u1ea3n ph\u1ea9m: M\u00e1y n\u01b0\u1edbc n\u00f3ng tr\u1ef1c ti\u1ebfp Stiebel Eltron<\/span><\/li>\n<li><span style=\"font-weight: 400\">C\u00f4ng su\u1ea5t: 4500W<\/span><\/li>\n<li><span style=\"font-weight: 400\">B\u01a1m tr\u1ee3 l\u1ef1c: C\u00f3<\/span><\/li>\n<li><span style=\"font-weight: 400\">Nhi\u1ec7t \u0111\u1ed9 l\u00e0m n\u00f3ng t\u1ed1i \u0111a:42\u00b0C<\/span><\/li>\n<li><span style=\"font-weight: 400\">\u00c1p l\u1ef1c n\u01b0\u1edbc ho\u1ea1t \u0111\u1ed9ng: 0.015 Mpa &#8211; 0.5 Mpa<\/span><\/li>\n<li><span style=\"font-weight: 400\">Ch\u1ea5t li\u1ec7u: Nh\u1ef1a ABS cao c\u1ea5p<\/span><\/li>\n<li><span style=\"font-weight: 400\">B\u1ea7u \u0111un: \u0110\u1ed3ng<\/span><\/li>\n<li><span style=\"font-weight: 400\">Thanh \u0111\u1ed1t: \u0110\u1ed3ng<\/span><\/li>\n<li><span style=\"font-weight: 400\">K\u00edch th\u01b0\u1edbc: 342x216x73\u00a0 mm<\/span><\/li>\n<li><span style=\"font-weight: 400\">Kh\u1ed1i l\u01b0\u1ee3ng: 2 kg<\/span><\/li>\n<li><span style=\"font-weight: 400\">D\u00f2ng s\u1ea3n ph\u1ea9m: 2022<\/span><\/li>\n<li><span style=\"font-weight: 400\">Th\u01b0\u01a1ng hi\u1ec7u: \u0110\u1ee9c<\/span><\/li>\n<li><span style=\"font-weight: 400\">S\u1ea3n xu\u1ea5t:Th\u00e1i Lan<\/span><\/li>\n<li><span style=\"font-weight: 400\">B\u1ea3o h\u00e0nh: 2 n\u0103m<\/span><\/li>\n<\/ul>\n<p><img loading=\"lazy\" decoding=\"async\" class=\"alignnone size-full wp-image-22074\" src=\"https:\/\/livinghome.vn\/thiet-bi\/wp-content\/uploads\/2024\/05\/may-nuoc-nong-stiebel-eltron-xglp-45-ec-1.jpg\" alt=\"M\u00e1y N\u01b0\u1edbc N\u00f3ng Tr\u1ef1c Ti\u1ebfp Stiebel Eltron XGLP 45 EC (VN) 4500W C\u00f3 B\u01a1m\" width=\"1200\" height=\"900\" title=\"\" srcset=\"https:\/\/livinghome.vn\/thiet-bi\/wp-content\/uploads\/2024\/05\/may-nuoc-nong-stiebel-eltron-xglp-45-ec-1.jpg 1200w, https:\/\/livinghome.vn\/thiet-bi\/wp-content\/uploads\/2024\/05\/may-nuoc-nong-stiebel-eltron-xglp-45-ec-1-533x400.jpg 533w, https:\/\/livinghome.vn\/thiet-bi\/wp-content\/uploads\/2024\/05\/may-nuoc-nong-stiebel-eltron-xglp-45-ec-1-1067x800.jpg 1067w, https:\/\/livinghome.vn\/thiet-bi\/wp-content\/uploads\/2024\/05\/may-nuoc-nong-stiebel-eltron-xglp-45-ec-1-768x576.jpg 768w, https:\/\/livinghome.vn\/thiet-bi\/wp-content\/uploads\/2024\/05\/may-nuoc-nong-stiebel-eltron-xglp-45-ec-1-600x450.jpg 600w\" sizes=\"auto, (max-width: 1200px) 100vw, 1200px\" \/><\/p>\n<h2><span style=\"font-weight: 400\">T\u00ednh n\u0103ng m\u00e1y n\u01b0\u1edbc n\u00f3ng t\u1ee9c th\u00ec XGLP 45 EC (VN) Stiebe c\u00f3 b\u01a1m<\/span><\/h2>\n<ul>\n<li><span style=\"font-weight: 400\">C\u00f3 k\u00e8m theo v\u00f2i sen 5 ch\u1ebf \u0111\u1ed9 phun, k\u00e8m thanh tr\u01b0\u1ee3t sen t\u1eafm<\/span><\/li>\n<li><span style=\"font-weight: 400\">B\u1ea3ng m\u1ea1ch \u0111i\u1ec7n t\u1eed ch\u1ed1ng ch\u00e1y<\/span><\/li>\n<li><span style=\"font-weight: 400\">B\u1ed9 \u1ed5n \u0111\u1ecbnh nhi\u1ec7t k\u00e9p<\/span><\/li>\n<li><span style=\"font-weight: 400\">C\u1ea3m bi\u1ebfn l\u01b0u l\u01b0\u1ee3ng n\u01b0\u1edbc<\/span><\/li>\n<li><span style=\"font-weight: 400\">C\u1ea7u dao ch\u1ed1ng r\u00f2 \u0111i\u1ec7n ELCB<\/span><\/li>\n<li><span style=\"font-weight: 400\">V\u1ecf ch\u1ed1ng th\u1ea5m n\u01b0\u1edbc IP25<\/span><\/li>\n<li><span style=\"font-weight: 400\">T\u01b0\u01a1ng th\u00edch \u0111i\u1ec7n t\u1eeb EMC<\/span><\/li>\n<li><span style=\"font-weight: 400\">Van \u0111i\u1ec1u ch\u1ec9nh l\u01b0u l\u01b0\u1ee3ng n\u01b0\u1edbc<\/span><\/li>\n<li><span style=\"font-weight: 400\">Ch\u1ec9nh nhi\u1ec7t \u0111\u1ed9 v\u00f4 c\u1ea5p<\/span><\/li>\n<li><span style=\"font-weight: 400\">L\u00e0m n\u00f3ng tr\u1ef1c ti\u1ebfp (ph\u00f9 h\u1ee3p mi\u1ec1n Nam ho\u1eb7c khu v\u1ef1c tr\u00ean 20\u00b0C)<\/span><\/li>\n<li><span style=\"font-weight: 400\">S\u1ea3n ph\u1ea9m ch\u00ednh h\u00e3ng \u0111\u01b0\u1ee3c cung c\u1ea5p t\u1ea1i \u0111\u1ea1i l\u00fd TDM Tu\u1ea5n \u0110\u1ee9c.<\/span><\/li>\n<\/ul>\n<p><img loading=\"lazy\" decoding=\"async\" class=\"alignnone size-full wp-image-22075\" src=\"https:\/\/livinghome.vn\/thiet-bi\/wp-content\/uploads\/2024\/05\/may-nuoc-nong-stiebel-eltron-xglp-45-ec-2.jpg\" alt=\"M\u00e1y N\u01b0\u1edbc N\u00f3ng Tr\u1ef1c Ti\u1ebfp Stiebel Eltron XGLP 45 EC (VN) 4500W C\u00f3 B\u01a1m\" width=\"1200\" height=\"900\" title=\"\" srcset=\"https:\/\/livinghome.vn\/thiet-bi\/wp-content\/uploads\/2024\/05\/may-nuoc-nong-stiebel-eltron-xglp-45-ec-2.jpg 1200w, https:\/\/livinghome.vn\/thiet-bi\/wp-content\/uploads\/2024\/05\/may-nuoc-nong-stiebel-eltron-xglp-45-ec-2-533x400.jpg 533w, https:\/\/livinghome.vn\/thiet-bi\/wp-content\/uploads\/2024\/05\/may-nuoc-nong-stiebel-eltron-xglp-45-ec-2-1067x800.jpg 1067w, https:\/\/livinghome.vn\/thiet-bi\/wp-content\/uploads\/2024\/05\/may-nuoc-nong-stiebel-eltron-xglp-45-ec-2-768x576.jpg 768w, https:\/\/livinghome.vn\/thiet-bi\/wp-content\/uploads\/2024\/05\/may-nuoc-nong-stiebel-eltron-xglp-45-ec-2-600x450.jpg 600w\" sizes=\"auto, (max-width: 1200px) 100vw, 1200px\" \/><\/p>\n<h2><span style=\"font-weight: 400\">T\u1ed5ng quan thi\u1ebft k\u1ebf<\/span><\/h2>\n<p><span style=\"font-weight: 400\">Stiebel Eltron 4500W XGLP 45 EC c\u00f3 thi\u1ebft k\u1ebf vu\u00f4ng v\u1ee9c \u1edf c\u00e1c c\u1ea1nh b\u00ean, ki\u1ec3u d\u00e1ng h\u00ecnh h\u1ed9p ch\u1eef nh\u1eadt thu\u00f4n g\u1ecdn, ph\u00f9 h\u1ee3p v\u1edbi h\u1ea7u h\u1ebft kh\u00f4ng gian ph\u00f2ng t\u1eafm.\u00a0<\/span><\/p>\n<p><span style=\"font-weight: 400\">V\u1ecf m\u00e1y n\u01b0\u1edbc n\u00f3ng \u0111\u01b0\u1ee3c l\u00e0m b\u1eb1ng nh\u1ef1a ABS cao c\u1ea5p b\u1ec1n b\u1ec9, c\u00e1ch nhi\u1ec7t v\u00e0 ch\u1ed1ng ch\u00e1y t\u1ed1t, \u0111\u1ea1t chu\u1ea9n ch\u1ed1ng th\u1ea5m n\u01b0\u1edbc IP25 b\u1ea3o v\u1ec7 an to\u00e0n cho ng\u01b0\u1eddi s\u1eed d\u1ee5ng.\u00a0<\/span><\/p>\n<p><span style=\"font-weight: 400\">B\u1ea3ng \u0111i\u1ec1u khi\u1ec3n d\u1ea1ng n\u00fam xoay d\u1ec5 d\u00e0ng thao t\u00e1c \u0111i\u1ec1u ch\u1ec9nh nhi\u1ec7t \u0111\u1ed9 n\u01b0\u1edbc theo nhu c\u1ea7u s\u1eed d\u1ee5ng, c\u00f3 m\u00e0n h\u00ecnh hi\u1ec3n th\u1ecb nhi\u1ec7t \u0111\u1ed9 ti\u1ec7n l\u1ee3i quan s\u00e1t.<\/span><\/p>\n<p><img loading=\"lazy\" decoding=\"async\" class=\"alignnone size-full wp-image-22076\" src=\"https:\/\/livinghome.vn\/thiet-bi\/wp-content\/uploads\/2024\/05\/may-nuoc-nong-stiebel-eltron-xglp-45-ec-3.jpg\" alt=\"M\u00e1y N\u01b0\u1edbc N\u00f3ng Tr\u1ef1c Ti\u1ebfp Stiebel Eltron XGLP 45 EC (VN) 4500W C\u00f3 B\u01a1m\" width=\"1200\" height=\"900\" title=\"\" srcset=\"https:\/\/livinghome.vn\/thiet-bi\/wp-content\/uploads\/2024\/05\/may-nuoc-nong-stiebel-eltron-xglp-45-ec-3.jpg 1200w, https:\/\/livinghome.vn\/thiet-bi\/wp-content\/uploads\/2024\/05\/may-nuoc-nong-stiebel-eltron-xglp-45-ec-3-533x400.jpg 533w, https:\/\/livinghome.vn\/thiet-bi\/wp-content\/uploads\/2024\/05\/may-nuoc-nong-stiebel-eltron-xglp-45-ec-3-1067x800.jpg 1067w, https:\/\/livinghome.vn\/thiet-bi\/wp-content\/uploads\/2024\/05\/may-nuoc-nong-stiebel-eltron-xglp-45-ec-3-768x576.jpg 768w, https:\/\/livinghome.vn\/thiet-bi\/wp-content\/uploads\/2024\/05\/may-nuoc-nong-stiebel-eltron-xglp-45-ec-3-600x450.jpg 600w\" sizes=\"auto, (max-width: 1200px) 100vw, 1200px\" \/><\/p>\n<h2><span style=\"font-weight: 400\">\u0110\u1eb7c \u0111i\u1ec3m l\u00e0m n\u00f3ng<\/span><\/h2>\n<p><span style=\"font-weight: 400\">Stiebel Eltron 4500W XGLP 45 EC thu\u1ed9c ki\u1ec3u m\u00e1y n\u01b0\u1edbc n\u00f3ng tr\u1ef1c ti\u1ebfp, l\u00e0m n\u00f3ng nhanh ngu\u1ed3n n\u01b0\u1edbc \u0111\u1ea7u v\u00e0o gi\u00fap ng\u01b0\u1eddi d\u00f9ng c\u00f3 th\u1ec3 s\u1eed d\u1ee5ng n\u01b0\u1edbc n\u00f3ng ngay l\u1eadp t\u1ee9c m\u00e0 kh\u00f4ng ph\u1ea3i ch\u1edd \u0111\u1ee3i l\u00e2u.<\/span><\/p>\n<p><span style=\"font-weight: 400\">Chi\u1ebfc m\u00e1y n\u01b0\u1edbc n\u00f3ng Stiebel Eltron n\u00e0y ph\u00f9 h\u1ee3p s\u1eed d\u1ee5ng \u1edf nh\u1eefng khu v\u1ef1c mi\u1ec1n Nam ho\u1eb7c nh\u1eefng n\u01a1i c\u00f3 nhi\u1ec7t \u0111\u1ed9 tr\u00ean 20\u00b0C.\u00a0<\/span><\/p>\n<p><span style=\"font-weight: 400\">M\u00e1y \u0111\u01b0\u1ee3c thi\u1ebft k\u1ebf v\u1edbi c\u00f4ng su\u1ea5t l\u00e0m n\u00f3ng 4500W, nhi\u1ec7t \u0111\u1ed9 l\u00e0m n\u00f3ng t\u1ed1i \u0111a kho\u1ea3ng 55\u00b0C, \u00e1p l\u1ef1c n\u01b0\u1edbc t\u1ed1i \u0111a 0.5 Mpa.<\/span><\/p>\n<h2><span style=\"font-weight: 400\">C\u00e1c ch\u1ebf \u0111\u1ed9 an to\u00e0n<\/span><\/h2>\n<p><span style=\"font-weight: 400\">B\u1ed9 \u1ed5n \u0111\u1ecbnh nhi\u1ec7t k\u00e9p: t\u1ef1 \u0111\u1ed9ng ng\u1eaft qu\u00e1 tr\u00ecnh l\u00e0m n\u00f3ng ngay khi ph\u00e1t hi\u1ec7n nhi\u1ec7t \u0111\u1ed9 n\u01b0\u1edbc \u0111\u1ea7u ra v\u01b0\u1ee3t m\u1ee9c cho ph\u00e9p, tr\u00e1nh g\u00e2y b\u1ecfng cho ng\u01b0\u1eddi d\u00f9ng.\u00a0<\/span><\/p>\n<p><span style=\"font-weight: 400\">C\u1ea7u dao ch\u1ed1ng r\u00f2 \u0111i\u1ec7n ELCB: c\u00f3 kh\u1ea3 n\u0103ng ng\u1eaft \u0111i\u1ec7n k\u1ecbp th\u1eddi khi ph\u00e1t hi\u1ec7n s\u1ef1 c\u1ed1 r\u00f2 r\u1ec9 \u0111i\u1ec7n, \u0111\u1ea3m b\u1ea3o an to\u00e0n t\u00ednh m\u1ea1ng cho ng\u01b0\u1eddi d\u00f9ng, \u0111\u1ed3ng th\u1eddi h\u1ea1n ch\u1ebf s\u1ef1 c\u1ed1 ch\u00e1y n\u1ed5 x\u1ea3y ra.<\/span><\/p>\n<p><span style=\"font-weight: 400\">C\u1ea3m bi\u1ebfn l\u01b0u l\u01b0\u1ee3ng n\u01b0\u1edbc: t\u1ef1 \u0111\u1ed9ng ng\u1eaft ngu\u1ed3n \u0111i\u1ec7n khi l\u01b0\u1ee3ng n\u01b0\u1edbc \u0111i qua qu\u00e1 y\u1ebfu (d\u01b0\u1edbi 2 l\u00edt\/ph\u00fat), m\u00e1y ng\u01b0ng l\u00e0m n\u00f3ng h\u1ea1n ch\u1ebf ch\u00e1y n\u1ed5, t\u1eeb \u0111\u00f3 n\u00e2ng cao tu\u1ed5i th\u1ecd c\u1ee7a m\u00e1y.\u00a0<\/span><\/p>\n<p><span style=\"font-weight: 400\">V\u1ecf ch\u1ed1ng th\u1ea5m n\u01b0\u1edbc IP25: thi\u1ebft b\u1ecb c\u00f3 kh\u1ea3 n\u0103ng ng\u0103n ch\u1eb7n \u0111\u01b0\u1ee3c b\u1ee5i b\u1ea9n, v\u1eadt r\u1eafn \u0111\u01b0\u1eddng k\u00ednh &gt; 12.5 mm x\u00e2m nh\u1eadp, ch\u1ed1ng th\u1ea5m hi\u1ec7u qu\u1ea3 v\u1edbi tia n\u01b0\u1edbc c\u00f3 \u00e1p su\u1ea5t th\u1ea5p (trong \u00edt nh\u1ea5t 3 ph\u00fat).<\/span><\/p>\n<h2><span style=\"font-weight: 400\">C\u00e1c ti\u1ec7n \u00edch \u0111i k\u00e8m<\/span><\/h2>\n<p><span style=\"font-weight: 400\">V\u00f2i sen 5 ch\u1ebf \u0111\u1ed9 phun gi\u00fap ng\u01b0\u1eddi d\u00f9ng tho\u1ea3i m\u00e1i s\u1eed d\u1ee5ng theo nhu c\u1ea7u c\u1ee7a m\u00ecnh.\u00a0<\/span><\/p>\n<p><span style=\"font-weight: 400\">T\u01b0\u01a1ng th\u00edch \u0111i\u1ec7n t\u1eeb EMC: s\u00f3ng \u0111i\u1ec7n t\u1eeb ph\u00e1t ra khi s\u1eed d\u1ee5ng m\u00e1y n\u01b0\u1edbc n\u00f3ng tr\u1ef1c ti\u1ebfp n\u00e0y s\u1ebd n\u1eb1m \u1edf m\u1ee9c c\u1ef1c th\u1ea5p, h\u1ea1n ch\u1ebf g\u00e2y nhi\u1ec5u s\u00f3ng cho c\u00e1c thi\u1ebft b\u1ecb \u0111i\u1ec7n, thi\u1ebft b\u1ecb y t\u1ebf trong gia \u0111\u00ecnh.<\/span><\/p>\n<p><img loading=\"lazy\" decoding=\"async\" class=\"alignnone size-full wp-image-22077\" src=\"https:\/\/livinghome.vn\/thiet-bi\/wp-content\/uploads\/2024\/05\/may-nuoc-nong-stiebel-eltron-xglp-45-ec-4.jpg\" alt=\"M\u00e1y N\u01b0\u1edbc N\u00f3ng Tr\u1ef1c Ti\u1ebfp Stiebel Eltron XGLP 45 EC (VN) 4500W C\u00f3 B\u01a1m\" width=\"1200\" height=\"900\" title=\"\" srcset=\"https:\/\/livinghome.vn\/thiet-bi\/wp-content\/uploads\/2024\/05\/may-nuoc-nong-stiebel-eltron-xglp-45-ec-4.jpg 1200w, https:\/\/livinghome.vn\/thiet-bi\/wp-content\/uploads\/2024\/05\/may-nuoc-nong-stiebel-eltron-xglp-45-ec-4-533x400.jpg 533w, https:\/\/livinghome.vn\/thiet-bi\/wp-content\/uploads\/2024\/05\/may-nuoc-nong-stiebel-eltron-xglp-45-ec-4-1067x800.jpg 1067w, https:\/\/livinghome.vn\/thiet-bi\/wp-content\/uploads\/2024\/05\/may-nuoc-nong-stiebel-eltron-xglp-45-ec-4-768x576.jpg 768w, https:\/\/livinghome.vn\/thiet-bi\/wp-content\/uploads\/2024\/05\/may-nuoc-nong-stiebel-eltron-xglp-45-ec-4-600x450.jpg 600w\" sizes=\"auto, (max-width: 1200px) 100vw, 1200px\" \/><\/p>\n","protected":false},"excerpt":{"rendered":"<p><span style=\"font-weight: 400\">M\u00e1y n\u01b0\u1edbc n\u00f3ng tr\u1ef1c ti\u1ebfp<\/span><\/p>\n<p><span style=\"font-weight: 400\">L\u00e0m n\u00f3ng n\u01b0\u1edbc nhanh ch\u00f3ng v\u1edbi c\u00f4ng su\u1ea5t m\u1ea1nh m\u1ebd 4500W, nhi\u1ec7t \u0111\u1ed9 n\u01b0\u1edbc n\u00f3ng \u0111\u1ea1t kho\u1ea3ng 55\u00b0C.<\/span><\/p>\n<p><span style=\"font-weight: 400\">\u0110i\u1ec1u khi\u1ec3n nhi\u1ec7t \u0111\u1ed9 b\u1eb1ng b\u1ed9 \u0111i\u1ec1u khi\u1ec3n \u0111i\u1ec7n n\u00fat xoay v\u00f4 c\u1ea5p<\/span><\/p>\n<p><span style=\"font-weight: 400\">To\u00e0n b\u1ed9 m\u00e1y \u0111\u01b0\u1ee3c thi\u1ebft k\u1ebf t\u1ed3i \u01b0u cho m\u00e1y t\u1eafm n\u01b0\u1edbc n\u00f3ng v\u00f2i sen<\/span><\/p>\n<p><span style=\"font-weight: 400\">B\u1ed9 l\u00e0m n\u00f3ng n\u01b0\u1edbc v\u00e0 b\u00ecnh b\u1eb1ng \u0111\u1ed3ng kh\u00f4ng b\u1ecb \u0103n m\u00f2n l\u00e0m t\u0103ng tu\u1ed5i th\u1ecd s\u1ea3n ph\u1ea9m<\/span><\/p>\n<p><span style=\"font-weight: 400\">V\u00f2i sen t\u1eafm 5 trong 1 c\u00f3 thanh tr\u01b0\u1ee3t \u0111i\u1ec1u ch\u1ec9nh \u0111\u1ed9 cao m\u1ed9t c\u00e1ch d\u1ec5 d\u00e0ng<\/span><\/p>\n<p><span style=\"font-weight: 400\">T\u00ednh n\u0103ng ch\u1ed3ng n\u01b0\u1edbc qu\u00e1 n\u00f3ng v\u00e0 b\u1ea3o v\u1ec7 qu\u00e1 nhi\u1ec7t v\u1edbi b\u1ed9 \u0111i\u1ec1u khi\u1ec1n nhi\u1ec7t \u0111\u1ed9 b\u1ea3o v\u1ec7 k\u00e9p<\/span><\/p>\n<p><span style=\"font-weight: 400\">B\u1ea3o v\u1ec7 kh\u1ecfi \u0111i\u1ec7n gi\u1eadt v\u1edbi b\u1ed9 c\u1ea7u dao ch\u1ed3ng r\u00f2 r\u1ec9 \u0111i\u1ec7n (ELCB)<\/span><\/p>\n<p><span style=\"font-weight: 400\">L\u1edbp b\u1ea3o v\u1ec7 IP25 (ch\u1ed3ng t\u1ec9a n\u01b0\u1edbc b\u1eafn)<\/span><\/p>\n<p><span style=\"font-weight: 400\">S\u1ea3n xu\u1ea5t t\u1ea1i: Th\u00e1i Lan<\/span><\/p>\n<p><span style=\"font-weight: 400\">B\u1ea3o h\u00e0nh: 2 n\u0103m<\/span><\/p>\n","protected":false},"featured_media":22078,"comment_status":"open","ping_status":"closed","template":"","meta":[],"product_brand":[],"product_cat":[540,1986,1979,1987,71,1937],"product_tag":[541,2025,1980,1993],"class_list":{"0":"post-22073","1":"product","2":"type-product","3":"status-publish","4":"has-post-thumbnail","6":"product_cat-may-nong-lanh","7":"product_cat-may-nong-lanh-stiebel-eltron","8":"product_cat-may-nuoc-nong","9":"product_cat-may-nuoc-nong-stiebel-eltron","10":"product_cat-thuong-hieu","11":"product_cat-thuong-hieu-stiebel-eltron","12":"product_tag-may-nong-lanh","13":"product_tag-may-nong-lanh-stiebel-eltron","14":"product_tag-may-nuoc-nong","15":"product_tag-may-nuoc-nong-stiebel-eltron","17":"first","18":"instock","19":"sale","20":"shipping-taxable","21":"purchasable","22":"product-type-simple"},"_links":{"self":[{"href":"https:\/\/livinghome.vn\/thiet-bi\/wp-json\/wp\/v2\/product\/22073","targetHints":{"allow":["GET"]}}],"collection":[{"href":"https:\/\/livinghome.vn\/thiet-bi\/wp-json\/wp\/v2\/product"}],"about":[{"href":"https:\/\/livinghome.vn\/thiet-bi\/wp-json\/wp\/v2\/types\/product"}],"replies":[{"embeddable":true,"href":"https:\/\/livinghome.vn\/thiet-bi\/wp-json\/wp\/v2\/comments?post=22073"}],"wp:featuredmedia":[{"embeddable":true,"href":"https:\/\/livinghome.vn\/thiet-bi\/wp-json\/wp\/v2\/media\/22078"}],"wp:attachment":[{"href":"https:\/\/livinghome.vn\/thiet-bi\/wp-json\/wp\/v2\/media?parent=22073"}],"wp:term":[{"taxonomy":"product_brand","embeddable":true,"href":"https:\/\/livinghome.vn\/thiet-bi\/wp-json\/wp\/v2\/product_brand?post=22073"},{"taxonomy":"product_cat","embeddable":true,"href":"https:\/\/livinghome.vn\/thiet-bi\/wp-json\/wp\/v2\/product_cat?post=22073"},{"taxonomy":"product_tag","embeddable":true,"href":"https:\/\/livinghome.vn\/thiet-bi\/wp-json\/wp\/v2\/product_tag?post=22073"}],"curies":[{"name":"wp","href":"https:\/\/api.w.org\/{rel}","templated":true}]}}