{"id":22065,"date":"2024-05-08T11:31:50","date_gmt":"2024-05-08T04:31:50","guid":{"rendered":"https:\/\/livinghome.vn\/thiet-bi\/?post_type=product&#038;p=22065"},"modified":"2024-11-29T14:16:59","modified_gmt":"2024-11-29T07:16:59","slug":"bo-noi-chao-kaff-3-mon-kf-st05304","status":"publish","type":"product","link":"https:\/\/livinghome.vn\/thiet-bi\/bo-noi-chao-kaff-3-mon-kf-st05304\/","title":{"rendered":"B\u1ed9 n\u1ed3i ch\u1ea3o Kaff 3 m\u00f3n KF-ST05304"},"content":{"rendered":"<p><strong>B\u1ed9 n\u1ed3i ch\u1ea3o Kaff 3 m\u00f3n KF-ST05304<\/strong> l\u00e0 s\u1ea3n ph\u1ea9m cao c\u1ea5p \u0111\u01b0\u1ee3c s\u1ea3n xu\u1ea5t theo c\u00f4ng ngh\u1ec7 hi\u1ec7n \u0111\u1ea1i c\u1ee7a \u0110\u1ee9c, mang \u0111\u1ebfn cho b\u1ea1n tr\u1ea3i nghi\u1ec7m n\u1ea5u n\u01b0\u1edbng ho\u00e0n h\u1ea3o v\u1edbi nh\u1eefng \u01b0u \u0111i\u1ec3m n\u1ed5i b\u1eadt<\/p>\n<p><img loading=\"lazy\" decoding=\"async\" class=\"size-full wp-image-22072 aligncenter\" src=\"https:\/\/livinghome.vn\/thiet-bi\/wp-content\/uploads\/2024\/05\/bo-noi-kaff-kf-st05304-1.jpg\" alt=\"\" width=\"800\" height=\"800\" title=\"\" srcset=\"https:\/\/livinghome.vn\/thiet-bi\/wp-content\/uploads\/2024\/05\/bo-noi-kaff-kf-st05304-1.jpg 800w, https:\/\/livinghome.vn\/thiet-bi\/wp-content\/uploads\/2024\/05\/bo-noi-kaff-kf-st05304-1-400x400.jpg 400w, https:\/\/livinghome.vn\/thiet-bi\/wp-content\/uploads\/2024\/05\/bo-noi-kaff-kf-st05304-1-280x280.jpg 280w, https:\/\/livinghome.vn\/thiet-bi\/wp-content\/uploads\/2024\/05\/bo-noi-kaff-kf-st05304-1-768x768.jpg 768w, https:\/\/livinghome.vn\/thiet-bi\/wp-content\/uploads\/2024\/05\/bo-noi-kaff-kf-st05304-1-300x300.jpg 300w, https:\/\/livinghome.vn\/thiet-bi\/wp-content\/uploads\/2024\/05\/bo-noi-kaff-kf-st05304-1-600x600.jpg 600w, https:\/\/livinghome.vn\/thiet-bi\/wp-content\/uploads\/2024\/05\/bo-noi-kaff-kf-st05304-1-100x100.jpg 100w\" sizes=\"auto, (max-width: 800px) 100vw, 800px\" \/><\/p>\n<p>\u2022 B\u1ed9 n\u1ed3i Inox 304 cao c\u1ea5p 3 m\u00f3n 5 th\u1ee9 :<br \/>\n+ N\u1ed3i cao c\u1ea5p c\u00f3 n\u1eafp k\u00edch th\u01b0\u1edbc 16&#215;8 cm<br \/>\n+ N\u1ed3i cao c\u1ea5p c\u00f3 n\u1eafp k\u00edch th\u01b0\u1edbc 24&#215;14 cm<br \/>\n+ Ch\u1ea3o cao c\u1ea5p kh\u00f4ng c\u00f3 n\u1eafp, c\u00f3 l\u1edbp b\u00f3ng ch\u1ed1ng d\u00ednh an to\u00e0n s\u1ee9c kh\u1ecfe k\u00edch th\u01b0\u1edbc 24\u00d77.5 cm<br \/>\n\u2022 Ch\u1ea5t li\u1ec7u th\u00e9p kh\u00f4ng g\u1ec9 SS304 &#8211; b\u1ec1n b\u1ec9 truy\u1ec1n gi\u1eef nhi\u1ec7t t\u1ed1t v\u00e0 an to\u00e0n cho s\u1ee9c kh\u1ecfe<br \/>\n\u2022 C\u00f4ng ngh\u1ec7 Superthermic v\u1edbi \u0111\u00e1y n\u1ed3i 5 l\u1edbp \u2013 S\u1eed d\u1ee5ng t\u1ed1t v\u1edbi m\u1ecdi lo\u1ea1i b\u1ebfp: BottomThickness 0.8 SS304 body + 1.0 Fe + 2.0 Al + 0.5 SS430 capsule<br \/>\n\u2022 N\u1eafp n\u1ed3i k\u00ednh &amp; trong su\u1ed1t d\u00e0y 4.0mm gi\u00fap d\u1ec5 d\u00e0ng quan s\u00e1t qu\u00e1 tr\u00ecnh n\u1ea5u \u0103n<br \/>\n\u2022 Tay c\u1ea7m ch\u1eafc ch\u1eafn, v\u00e0nh n\u1ed3i r\u1ed9ng d\u1ec5 d\u00e0ng r\u00f3t \u0111\u1ed5 th\u1ee9c \u0103n<br \/>\n\u2022 C\u00f4ng ngh\u1ec7 \u0111\u00e1nh b\u00f3ng hi\u1ec7n \u0111\u1ea1i gi\u00fap b\u1ed9 n\u1ed3i KAFF c\u00f3 t\u00ednh th\u1ea9m m\u1ef9 cao: Polish inside mirror, outside: mirror + sanding<\/p>\n","protected":false},"excerpt":{"rendered":"<p>\u2022 B\u1ed9 n\u1ed3i Inox 304 cao c\u1ea5p 3 m\u00f3n 5 chi ti\u1ebft :<br \/>\n+ N\u1ed3i cao c\u1ea5p c\u00f3 n\u1eafp k\u00edch th\u01b0\u1edbc 16\u00d78 cm<br \/>\n+ N\u1ed3i cao c\u1ea5p c\u00f3 n\u1eafp k\u00edch th\u01b0\u1edbc 24\u00d714 tcm<br \/>\n+ Ch\u1ea3o cao c\u1ea5p kh\u00f4ng c\u00f3 n\u1eafp, c\u00f3 l\u1edbp b\u00f3ng ch\u1ed1ng d\u00ednh an to\u00e0n s\u1ee9c kh\u1ecfe k\u00edch th\u01b0\u1edbc\u00a024\u00d77.5 cm<\/p>\n","protected":false},"featured_media":22072,"comment_status":"open","ping_status":"closed","template":"","meta":[],"product_brand":[],"product_cat":[15,71,164],"product_tag":[],"class_list":{"0":"post-22065","1":"product","2":"type-product","3":"status-publish","4":"has-post-thumbnail","6":"product_cat-khac","7":"product_cat-thuong-hieu","8":"product_cat-thuong-hieu-kaff","10":"first","11":"instock","12":"sale","13":"shipping-taxable","14":"purchasable","15":"product-type-simple"},"_links":{"self":[{"href":"https:\/\/livinghome.vn\/thiet-bi\/wp-json\/wp\/v2\/product\/22065","targetHints":{"allow":["GET"]}}],"collection":[{"href":"https:\/\/livinghome.vn\/thiet-bi\/wp-json\/wp\/v2\/product"}],"about":[{"href":"https:\/\/livinghome.vn\/thiet-bi\/wp-json\/wp\/v2\/types\/product"}],"replies":[{"embeddable":true,"href":"https:\/\/livinghome.vn\/thiet-bi\/wp-json\/wp\/v2\/comments?post=22065"}],"wp:featuredmedia":[{"embeddable":true,"href":"https:\/\/livinghome.vn\/thiet-bi\/wp-json\/wp\/v2\/media\/22072"}],"wp:attachment":[{"href":"https:\/\/livinghome.vn\/thiet-bi\/wp-json\/wp\/v2\/media?parent=22065"}],"wp:term":[{"taxonomy":"product_brand","embeddable":true,"href":"https:\/\/livinghome.vn\/thiet-bi\/wp-json\/wp\/v2\/product_brand?post=22065"},{"taxonomy":"product_cat","embeddable":true,"href":"https:\/\/livinghome.vn\/thiet-bi\/wp-json\/wp\/v2\/product_cat?post=22065"},{"taxonomy":"product_tag","embeddable":true,"href":"https:\/\/livinghome.vn\/thiet-bi\/wp-json\/wp\/v2\/product_tag?post=22065"}],"curies":[{"name":"wp","href":"https:\/\/api.w.org\/{rel}","templated":true}]}}