{"id":2206,"date":"2023-01-12T16:47:34","date_gmt":"2023-01-12T16:47:34","guid":{"rendered":"https:\/\/livinghome.vn\/thiet-bi\/?post_type=product&#038;p=2206"},"modified":"2024-11-29T14:20:32","modified_gmt":"2024-11-29T07:20:32","slug":"chau-rua-teka-stone-90-b-tg-2b-gr-lap-noi-da-thach-anh-mau-grey","status":"publish","type":"product","link":"https:\/\/livinghome.vn\/thiet-bi\/chau-rua-teka-stone-90-b-tg-2b-gr-lap-noi-da-thach-anh-mau-grey\/","title":{"rendered":"Ch\u1eadu r\u1eeda Teka STONE 90 B-TG 2B Gr l\u1eafp n\u1ed5i \u0111\u00e1 th\u1ea1ch anh m\u00e0u grey"},"content":{"rendered":"<h2>Ch\u1eadu r\u1eeda Teka STONE 90 B-TG 2B Gr l\u1eafp n\u1ed5i \u0111\u00e1 th\u1ea1ch anh 2 h\u1ed9c r\u1eeda<\/h2>\n<figure id=\"attachment_65611\" aria-describedby=\"caption-attachment-65611\" style=\"width: 800px\" class=\"wp-caption alignnone\"><img loading=\"lazy\" decoding=\"async\" class=\"size-large wp-image-65611\" src=\"https:\/\/livinghome.vn\/thiet-bi\/wp-content\/uploads\/nha-bep\/teka\/chau-rua\/chau-rua-teka-stone-90-b-tg-2b-grey\/chau-rua-teka-stone-90-b-tg-2b-grey-2-1-800x800.jpg\" alt=\"Ch\u1eadu r\u1eeda Teka STONE 90 B-TG 2B Gr l\u1eafp n\u1ed5i \u0111\u00e1 th\u1ea1ch anh m\u00e0u grey\" width=\"800\" height=\"800\" title=\"\"><figcaption id=\"caption-attachment-65611\" class=\"wp-caption-text\">Ch\u1eadu r\u1eeda Teka STONE 90 B-TG 2B Gr l\u1eafp n\u1ed5i \u0111\u00e1 th\u1ea1ch anh m\u00e0u grey<\/figcaption><\/figure>\n<h3><strong>T\u00ednh n\u0103ng c\u01a1 b\u1ea3n<\/strong><\/h3>\n<ul>\n<li><a href=\"https:\/\/livinghome.vn\/thiet-bi\/dung-cu-nha-bep\/chau-rua-chen\/\">Ch\u1eadu r\u1eeda<\/a> l\u1eafp n\u1ed5i<\/li>\n<li>Ki\u1ec3u d\u00e1ng 2 h\u1ed9c r\u1eeda<\/li>\n<li>Ch\u1ea5t li\u1ec7u \u0111\u00e1 th\u1ea1ch anh<\/li>\n<li>K\u00edch th\u01b0\u1edbc t\u1ed5ng qu\u00e1t 860x510x200mm<\/li>\n<li>K\u00edch th\u01b0\u1edbc h\u1ed9c r\u1eeda 347x414x200mm<\/li>\n<li>Kh\u1ea3 n\u0103ng ch\u1ecbu nhi\u1ec7t t\u1ed1t<\/li>\n<li>B\u1ec1 m\u1eb7t ch\u1ed1ng b\u00e1m khu\u1ea9n, d\u1ec5 v\u1ec7 sinh<\/li>\n<li>Gi\u1edbi h\u1ea1n h\u1ed9c t\u1ee7 d\u01b0\u1edbi &gt;90cm<\/li>\n<li>M\u00e0u s\u1eafc: m\u00e0u x\u00e1m<\/li>\n<li>Ph\u1ee5 ki\u1ec7n: n\u00fat nh\u1ea5n pop up<\/li>\n<\/ul>\n<figure id=\"attachment_65603\" aria-describedby=\"caption-attachment-65603\" style=\"width: 800px\" class=\"wp-caption alignnone\"><img loading=\"lazy\" decoding=\"async\" class=\"size-large wp-image-65603\" src=\"https:\/\/livinghome.vn\/thiet-bi\/wp-content\/uploads\/nha-bep\/teka\/chau-rua\/chau-rua-teka-stone-90-b-tg-2b-darkgrey\/chau-rua-teka-stone-90-b-tg-2b-darkgrey-2-800x800.jpg\" alt=\"Ch\u1eadu r\u1eeda Teka STONE 90 B-TG 2B Dg l\u1eafp n\u1ed5i \u0111\u00e1 th\u1ea1ch anh m\u00e0u Darkgrey\" width=\"800\" height=\"800\" title=\"\"><figcaption id=\"caption-attachment-65603\" class=\"wp-caption-text\">Ch\u1eadu r\u1eeda Teka STONE 90 B-TG 2B Dg l\u1eafp n\u1ed5i \u0111\u00e1 th\u1ea1ch anh m\u00e0u Darkgrey<\/figcaption><\/figure>\n<h3><strong>Th\u00f4ng s\u1ed1 k\u1ef9 thu\u1eadt<\/strong><\/h3>\n<ul>\n<li><strong>S\u1ed1 l\u01b0\u1ee3ng l\u1ed7 b\u00edt:\u00a0<\/strong>Pre-Drilled<\/li>\n<li><strong>Lo\u1ea1i van l\u1ed7:\u00a0<\/strong>3\u00bd&#8221;<\/li>\n<li><strong>Khoang l\u00f2 (cm): <\/strong>90<\/li>\n<\/ul>\n<h4 class=\"et_pb_toggle_title\">K\u00edch th\u01b0\u1edbc chung<\/h4>\n<div class=\"et_pb_toggle_content clearfix\">\n<ul>\n<li><strong>Chi\u1ec1u r\u1ed9ng (mm):\u00a0<\/strong>510<\/li>\n<li><strong>\u0110\u1ed9 s\u00e2u (mm):\u00a0<\/strong>200<\/li>\n<li><strong>Tr\u1ecdng l\u01b0\u1ee3ng (Kgs):\u00a0<\/strong>15,5<\/li>\n<\/ul>\n<p>K\u00edch th\u01b0\u1edbc 2 b\u00e1t ch\u00ednh<\/p>\n<div class=\"et_pb_toggle_content clearfix\">\n<ul>\n<li><strong>Chi\u1ec1u d\u00e0i b\u00e1t ch\u00ednh (mm):\u00a0<\/strong>347<\/li>\n<li><strong>Chi\u1ec1u r\u1ed9ng b\u00e1t ch\u00ednh (mm):\u00a0<\/strong>414<\/li>\n<li><strong>\u0110\u1ed9 s\u00e2u b\u00e1t ch\u00ednh (mm):\u00a0<\/strong>200<\/li>\n<\/ul>\n<figure id=\"attachment_65610\" aria-describedby=\"caption-attachment-65610\" style=\"width: 800px\" class=\"wp-caption alignnone\"><img loading=\"lazy\" decoding=\"async\" class=\"size-large wp-image-65610\" src=\"https:\/\/livinghome.vn\/thiet-bi\/wp-content\/uploads\/nha-bep\/teka\/chau-rua\/chau-rua-teka-stone-90-b-tg-2b-grey\/chau-rua-teka-stone-90-b-tg-2b-grey-3-1-800x800.jpg\" alt=\"Ch\u1eadu r\u1eeda Teka STONE 90 B-TG 2B Gr l\u1eafp n\u1ed5i \u0111\u00e1 th\u1ea1ch anh m\u00e0u grey\" width=\"800\" height=\"800\" title=\"\"><figcaption id=\"caption-attachment-65610\" class=\"wp-caption-text\">Th\u00f4ng s\u1ed1 k\u1ef9 thu\u1eadt ch\u1eadu r\u1eeda Teka STONE 90 B-TG 2B Gr<\/figcaption><\/figure>\n<\/div>\n<\/div>\n","protected":false},"excerpt":{"rendered":"<div id=\"product-title\" class=\"et_pb_module et_pb_text et_pb_bg_layout_light et_pb_text_align_left\">\n<div class=\"et_pb_text_inner\">\n<div id=\"product-title\" class=\"et_pb_module et_pb_text et_pb_bg_layout_light et_pb_text_align_left\">\n<div class=\"et_pb_text_inner\">\n<h2 style=\"text-align: center;\"><strong>Ch\u1eadu r\u1eeda Teka STONE 90 B-TG 2B Gr<\/strong><\/h2>\n<\/div>\n<\/div>\n<div class=\"et_pb_module et_pb_text et_pb_text_1 et_pb_bg_layout_light et_pb_text_align_left\">\n<div class=\"et_pb_text_inner\">\n<div id=\"product-content\">\n<p style=\"text-align: center;\">Ch\u1ea5t li\u1ec7u \u0111\u00e1 th\u1ea1ch anh<\/p>\n<p style=\"text-align: center;\">K\u00edch th\u01b0\u1edbc h\u1ed9c r\u1eeda 347x414x200mm<\/p>\n<p style=\"text-align: center;\">Kh\u1ea3 n\u0103ng ch\u1ecbu nhi\u1ec7t t\u1ed1t<\/p>\n<p style=\"text-align: center;\">B\u1ec1 m\u1eb7t ch\u1ed1ng b\u00e1m khu\u1ea9n, d\u1ec5 v\u1ec7 sinh<\/p>\n<p style=\"text-align: center;\">Gi\u1edbi h\u1ea1n h\u1ed9c t\u1ee7 d\u01b0\u1edbi &gt;90cm<\/p>\n<p style=\"text-align: center;\">Ph\u1ee5 ki\u1ec7n: n\u00fat nh\u1ea5n pop up<\/p>\n<\/div>\n<\/div>\n<\/div>\n<\/div>\n<\/div>\n","protected":false},"featured_media":2362,"comment_status":"open","ping_status":"closed","template":"","meta":[],"product_brand":[],"product_cat":[331,311],"product_tag":[148,288,335,332],"class_list":{"0":"post-2206","1":"product","2":"type-product","3":"status-publish","4":"has-post-thumbnail","6":"product_cat-chau-rua-chen-teka","7":"product_cat-thuong-hieu-teka","8":"product_tag-chau-rua-chen","9":"product_tag-chau-rua-chen-da","10":"product_tag-chau-rua-chen-lap-noi","11":"product_tag-chau-rua-chen-teka","13":"first","14":"instock","15":"sale","16":"shipping-taxable","17":"purchasable","18":"product-type-simple"},"_links":{"self":[{"href":"https:\/\/livinghome.vn\/thiet-bi\/wp-json\/wp\/v2\/product\/2206","targetHints":{"allow":["GET"]}}],"collection":[{"href":"https:\/\/livinghome.vn\/thiet-bi\/wp-json\/wp\/v2\/product"}],"about":[{"href":"https:\/\/livinghome.vn\/thiet-bi\/wp-json\/wp\/v2\/types\/product"}],"replies":[{"embeddable":true,"href":"https:\/\/livinghome.vn\/thiet-bi\/wp-json\/wp\/v2\/comments?post=2206"}],"wp:featuredmedia":[{"embeddable":true,"href":"https:\/\/livinghome.vn\/thiet-bi\/wp-json\/wp\/v2\/media\/2362"}],"wp:attachment":[{"href":"https:\/\/livinghome.vn\/thiet-bi\/wp-json\/wp\/v2\/media?parent=2206"}],"wp:term":[{"taxonomy":"product_brand","embeddable":true,"href":"https:\/\/livinghome.vn\/thiet-bi\/wp-json\/wp\/v2\/product_brand?post=2206"},{"taxonomy":"product_cat","embeddable":true,"href":"https:\/\/livinghome.vn\/thiet-bi\/wp-json\/wp\/v2\/product_cat?post=2206"},{"taxonomy":"product_tag","embeddable":true,"href":"https:\/\/livinghome.vn\/thiet-bi\/wp-json\/wp\/v2\/product_tag?post=2206"}],"curies":[{"name":"wp","href":"https:\/\/api.w.org\/{rel}","templated":true}]}}