{"id":2205,"date":"2023-01-12T16:47:34","date_gmt":"2023-01-12T16:47:34","guid":{"rendered":"https:\/\/livinghome.vn\/thiet-bi\/?post_type=product&#038;p=2205"},"modified":"2024-11-29T14:20:32","modified_gmt":"2024-11-29T07:20:32","slug":"may-giat-say-teka-tkd-1510-wd-eu-exp-22-chuong-trinh-giat-say-10kg","status":"publish","type":"product","link":"https:\/\/livinghome.vn\/thiet-bi\/may-giat-say-teka-tkd-1510-wd-eu-exp-22-chuong-trinh-giat-say-10kg\/","title":{"rendered":"M\u00e1y gi\u1eb7t s\u1ea5y Teka TKD 1510 WD EU EXP 22 ch\u01b0\u01a1ng tr\u00ecnh gi\u1eb7t s\u1ea5y 10kg"},"content":{"rendered":"<h2>M\u00e1y gi\u1eb7t s\u1ea5y Teka TKD 1510 WD EU EXP 22 ch\u01b0\u01a1ng tr\u00ecnh gi\u1eb7t s\u1ea5y 10kg<\/h2>\n<p>M\u00e1y gi\u1eb7t s\u1ea5y Teka TKD 1510 WD EU\u00a0EXP\u00a0l\u00e0 m\u1ed9t trong nh\u1eefng s\u1ea3n ph\u1ea9m ch\u1ea5t l\u01b0\u1ee3ng c\u1ee7a h\u00e3ng Teka c\u00f3 th\u1ec3 \u0111\u00e1p \u1ee9ng m\u1ecdi y\u00eau c\u1ea7u tr\u00ean, v\u1edbi ti\u00eau ch\u00ed cam k\u1ebft l\u1ee3i \u00edch nh\u1ea5t d\u00e0nh cho ng\u01b0\u1eddi ti\u00eau d\u00f9ng \u0111\u1ed3ng th\u1eddi ti\u1ebft ki\u1ec7m n\u0103ng l\u01b0\u1ee3ng qua \u0111\u00f3 b\u1ea3o v\u1ec7 m\u00f4i tr\u01b0\u1eddng s\u1ed1ng, Teka \u0111\u00e3 \u0111em \u0111\u1ebfn cho ch\u00fang ta m\u1ed9t s\u1ea3n ph\u1ea9m h\u1ed7 tr\u1ee3 gi\u1eb7t s\u1ea5y kh\u00f4ng th\u1ec3 ho\u00e0n h\u1ea3o h\u01a1n.<\/p>\n<figure id=\"attachment_66916\" aria-describedby=\"caption-attachment-66916\" style=\"width: 800px\" class=\"wp-caption alignnone\"><img loading=\"lazy\" decoding=\"async\" class=\"wp-image-66916 size-large\" src=\"https:\/\/livinghome.vn\/thiet-bi\/wp-content\/uploads\/nha-bep\/teka\/may-giat-say\/may-giat-say-teka-tkd-1510-wd-eu-exp\/may-giat-say-teka-tkd-1510-wd-eu-exp-2-800x800.jpg\" alt=\"M\u00e1y gi\u1eb7t s\u1ea5y Teka TKD 1510 WD EU EXP 22 ch\u01b0\u01a1ng tr\u00ecnh gi\u1eb7t s\u1ea5y 10kg\" width=\"800\" height=\"800\" title=\"\"><figcaption id=\"caption-attachment-66916\" class=\"wp-caption-text\">M\u00e1y gi\u1eb7t s\u1ea5y Teka TKD 1510 WD EU EXP 22 ch\u01b0\u01a1ng tr\u00ecnh gi\u1eb7t s\u1ea5y 10kg<\/figcaption><\/figure>\n<p>M\u00e1y gi\u1eb7t l\u1ed3ng ngang Teka\u00a0TKD 1510 WD EU\u00a0EXP\u00a0s\u1ee1 h\u1eefu thi\u1ebft k\u1ebf hi\u1ec7n \u0111\u1ea1i, k\u00edch th\u01b0\u1edbc g\u1ecdn g\u00e0ng v\u00e0 c\u00f3 m\u00e0u s\u1eafc trang nh\u00e3, tinh t\u1ebf kh\u00f4ng nh\u1eefng c\u00f3 th\u1ec3 d\u1ec5 d\u00e0ng l\u1eafp \u0111\u1eb7t m\u00e0 c\u00f2n l\u00e0m n\u1ed5i b\u1eadt th\u00eam cho kh\u00f4ng gian nh\u00e0 b\u1ea1n.<\/p>\n<p>M\u00e1y c\u00f3 t\u1ea3i tr\u1ecdng l\u1edbn v\u1edbi kh\u1ed1i l\u01b0\u1ee3ng gi\u1eb7t l\u00ean \u0111\u1ebfn 10 kg v\u00e0 kh\u1ed1i l\u01b0\u1ee3ng s\u1ea5y 7 kg cho ph\u00e9p c\u1ea3 gia \u0111\u00ecnh th\u1ecfa s\u1ee9c gi\u1eb7t l\u01b0\u1ee3ng l\u1edbn \u00e1o qu\u1ea7n m\u00e0 kh\u00f4ng c\u1ea7n ph\u1ea3i b\u1eadn t\u00e2m t\u1edbi vi\u1ec7c kh\u1ed1i l\u01b0\u1ee3ng gi\u1eb7t qu\u00e1 t\u1ea3i.<\/p>\n<p>B\u00ean c\u1ea1nh \u0111\u00f3 v\u1edbi c\u1ea3m \u1ee9ng t\u1ea3i tr\u1ecdng th\u00f4ng minh Load Sensor t\u00edch h\u1ee3p, Teka TKD 1510 WD EU s\u1ebd cho b\u1ea1n bi\u1ebft t\u1ea3i tr\u1ecdng t\u1ed1t nh\u1ea5t \u0111\u1ec3 c\u00f3 \u0111\u01b0\u1ee3c k\u1ebft qu\u1ea3 gi\u1eb7t s\u1ea1ch v\u00e0 ho\u00e0n h\u1ea3o nh\u1ea5t.<\/p>\n<h3>T\u00ednh n\u0103ng c\u01a1 b\u1ea3n<\/h3>\n<ul>\n<li>M\u00e0u <a href=\"https:\/\/livinghome.vn\/thiet-bi\/gia-dung-khac\/may-giat-say\/\">m\u00e1y gi\u1eb7t s\u1ea5y<\/a> &#8211;\u00a0M\u00e1y gi\u1eb7t s\u1ea5y \u0111\u1ee9ng \u0111\u1ed9c l\u1eadp<\/li>\n<li>B\u1ea3ng \u0111i\u1ec1u khi\u1ec3n v\u1edbi m\u00e0n h\u00ecnh \u0111i\u1ec7n t\u1eed<\/li>\n<li>Kh\u1ed1i l\u01b0\u1ee3ng gi\u1eb7t\/s\u1ea5y: 10kg\/7kg<\/li>\n<li>16 ch\u01b0\u01a1ng tr\u00ecnh gi\u1eb7t<\/li>\n<li>6 ch\u01b0\u01a1ng tr\u00ecnh s\u1ea5y<\/li>\n<li>Ch\u01b0\u01a1ng tr\u00ecnh s\u1ea5y nhanh 15 ph\u00fat<\/li>\n<li>C\u00e1c ch\u01b0\u01a1ng tr\u00ecnh \u0111\u1eb7c bi\u1ec7t: ch\u1ebf \u0111\u1ed9 ECO, gi\u1eb7t \u0111\u1ed3 len, ch\u01b0\u01a1ng tr\u00ecnh gi\u1eb7t nhanh v\u00e0 kh\u00f4<\/li>\n<li>H\u1eb9n gi\u1edd 1-24h<\/li>\n<li>\u0110i\u1ec1u ti\u1ebft n\u01b0\u1edbc t\u1ef1 \u0111\u1ed9ng<\/li>\n<li>H\u1ec7 th\u1ed1ng kh\u00f3a c\u1eeda t\u1ef1 \u0111\u1ed9ng<\/li>\n<li>Kh\u00f3a tr\u1ebb em<\/li>\n<\/ul>\n<figure id=\"attachment_66915\" aria-describedby=\"caption-attachment-66915\" style=\"width: 800px\" class=\"wp-caption alignnone\"><img loading=\"lazy\" decoding=\"async\" class=\"wp-image-66915 size-large\" src=\"https:\/\/livinghome.vn\/thiet-bi\/wp-content\/uploads\/nha-bep\/teka\/may-giat-say\/may-giat-say-teka-tkd-1510-wd-eu-exp\/may-giat-say-teka-tkd-1510-wd-eu-exp-1-1-800x800.jpg\" alt=\"M\u00e1y gi\u1eb7t s\u1ea5y Teka TKD 1510 WD EU EXP 22 ch\u01b0\u01a1ng tr\u00ecnh gi\u1eb7t s\u1ea5y 10kg\" width=\"800\" height=\"800\" title=\"\"><figcaption id=\"caption-attachment-66915\" class=\"wp-caption-text\">M\u00e1y gi\u1eb7t s\u1ea5y Teka TKD 1510 WD EU EXP 22 ch\u01b0\u01a1ng tr\u00ecnh gi\u1eb7t s\u1ea5y 10kg<\/figcaption><\/figure>\n<h3>Th\u00f4ng s\u1ed1 k\u1ef9 thu\u1eadt<\/h3>\n<h4 class=\"et_pb_toggle_title\">K\u00edch th\u01b0\u1edbc chung<\/h4>\n<ul>\n<li>Chi\u1ec1u cao(mm):\u00a0850<\/li>\n<li>Chi\u1ec1u r\u1ed9ng (mm):\u00a0595<\/li>\n<li>\u0110\u1ed9 s\u00e2u (mm):\u00a0565<\/li>\n<li>Tr\u1ecdng l\u01b0\u1ee3ng (Kgs):\u00a071<\/li>\n<\/ul>\n<h4 class=\"et_pb_toggle_title\">B\u1ea3ng s\u1ea3n ph\u1ea9m<\/h4>\n<ul>\n<li>T\u1ea7n s\u1ed1 (Hz):\u00a050<\/li>\n<li>C\u00f4ng su\u1ea5t (V):\u00a0220-240<\/li>\n<li>Ph\u00edch c\u1eafm:\u00a0EU<\/li>\n<li>Chi\u1ec1u d\u00e0i d\u00e2y c\u00e1p (cm):\u00a01,5<\/li>\n<li>C\u00f4ng su\u1ea5t ti\u00eau chu\u1ea9n t\u1ed1i \u0111a (W):\u00a01950<\/li>\n<\/ul>\n<h4 class=\"et_pb_toggle_title\">Cung c\u1ea5p \u0111i\u1ec7n n\u0103ng<\/h4>\n<ul>\n<li>T\u1ea7n s\u1ed1 (Hz):\u00a050<\/li>\n<li>C\u00f4ng su\u1ea5t (V):\u00a0220-240<\/li>\n<li>Ph\u00edch c\u1eafm:\u00a0EU<\/li>\n<li>Chi\u1ec1u d\u00e0i d\u00e2y c\u00e1p (cm):\u00a01,5<\/li>\n<li>C\u00f4ng su\u1ea5t ti\u00eau chu\u1ea9n t\u1ed1i \u0111a (W):\u00a01950<\/li>\n<\/ul>\n<p>M\u00e1y v\u1edbi nhi\u1ec1u t\u00ednh n\u0103ng v\u00e0 \u01b0u \u0111i\u1ec3m c\u1ee7a m\u00ecnh hi\u1ec7n \u0111ang \u0111\u01b0\u1ee3c r\u1ea5t nhi\u1ec1u ng\u01b0\u1eddi ti\u00eau d\u00f9ng y\u00eau th\u00edch v\u00e0 tin d\u00f9ng tr\u00ean kh\u1eafp th\u1ebf gi\u1edbi, l\u00e0 ng\u01b0\u1eddi b\u1ea1n \u0111\u1ed3ng h\u00e0nh kh\u00f4ng th\u1ec3 thi\u1ebfu trong nhi\u1ec1u gia \u0111\u00ecnh hi\u1ec7n nay.<\/p>\n<h3>Xu\u1ea5t x\u1ee9: PRC<\/h3>\n","protected":false},"excerpt":{"rendered":"<div id=\"product-title\" class=\"et_pb_module et_pb_text et_pb_bg_layout_light et_pb_text_align_left\">\n<div class=\"et_pb_text_inner\">\n<h1>M\u00e1y gi\u1eb7t s\u1ea5y \u0111\u1ee9ng \u0111\u1ed9c l\u1eadp<\/h1>\n<\/div>\n<\/div>\n<div class=\"et_pb_module et_pb_text et_pb_text_1 et_pb_bg_layout_light et_pb_text_align_left\">\n<div class=\"et_pb_text_inner\">\n<div id=\"product-content\">\n<ul>\n<li>B\u1ea3ng \u0111i\u1ec1u khi\u1ec3n v\u1edbi m\u00e0n h\u00ecnh \u0111i\u1ec7n t\u1eed<\/li>\n<li>16 ch\u01b0\u01a1ng tr\u00ecnh gi\u1eb7t<\/li>\n<li>6 ch\u01b0\u01a1ng tr\u00ecnh s\u1ea5y<\/li>\n<li>Kh\u1ed1i l\u01b0\u1ee3ng gi\u1eb7t\/s\u1ea5y: 10kg\/7kg<\/li>\n<li>Ch\u01b0\u01a1ng tr\u00ecnh s\u1ea5y nhanh 15 ph\u00fat<\/li>\n<li>H\u1eb9n gi\u1edd 1-24h<\/li>\n<\/ul>\n<\/div>\n<\/div>\n<\/div>\n","protected":false},"featured_media":2360,"comment_status":"open","ping_status":"closed","template":"","meta":[],"product_brand":[],"product_cat":[208,311],"product_tag":[210,339,313],"class_list":{"0":"post-2205","1":"product","2":"type-product","3":"status-publish","4":"has-post-thumbnail","6":"product_cat-may-giat-say","7":"product_cat-thuong-hieu-teka","8":"product_tag-may-giat-say","9":"product_tag-may-giat-say-teka","10":"product_tag-teka","12":"first","13":"instock","14":"sale","15":"shipping-taxable","16":"purchasable","17":"product-type-simple"},"_links":{"self":[{"href":"https:\/\/livinghome.vn\/thiet-bi\/wp-json\/wp\/v2\/product\/2205","targetHints":{"allow":["GET"]}}],"collection":[{"href":"https:\/\/livinghome.vn\/thiet-bi\/wp-json\/wp\/v2\/product"}],"about":[{"href":"https:\/\/livinghome.vn\/thiet-bi\/wp-json\/wp\/v2\/types\/product"}],"replies":[{"embeddable":true,"href":"https:\/\/livinghome.vn\/thiet-bi\/wp-json\/wp\/v2\/comments?post=2205"}],"wp:featuredmedia":[{"embeddable":true,"href":"https:\/\/livinghome.vn\/thiet-bi\/wp-json\/wp\/v2\/media\/2360"}],"wp:attachment":[{"href":"https:\/\/livinghome.vn\/thiet-bi\/wp-json\/wp\/v2\/media?parent=2205"}],"wp:term":[{"taxonomy":"product_brand","embeddable":true,"href":"https:\/\/livinghome.vn\/thiet-bi\/wp-json\/wp\/v2\/product_brand?post=2205"},{"taxonomy":"product_cat","embeddable":true,"href":"https:\/\/livinghome.vn\/thiet-bi\/wp-json\/wp\/v2\/product_cat?post=2205"},{"taxonomy":"product_tag","embeddable":true,"href":"https:\/\/livinghome.vn\/thiet-bi\/wp-json\/wp\/v2\/product_tag?post=2205"}],"curies":[{"name":"wp","href":"https:\/\/api.w.org\/{rel}","templated":true}]}}